{"id":21407,"date":"2025-09-22T12:53:18","date_gmt":"2025-09-22T12:53:18","guid":{"rendered":"https:\/\/steinemann-cvs.ch\/?page_id=21407"},"modified":"2025-11-05T12:40:36","modified_gmt":"2025-11-05T12:40:36","slug":"konfeksi%cc%87yon-cozumleri%cc%87","status":"publish","type":"page","link":"https:\/\/steinemann-cvs.ch\/tr\/confection-solutions\/","title":{"rendered":"Konfeksiyon \u00c7\u00f6z\u00fcmleri"},"content":{"rendered":"<div data-elementor-type=\"wp-page\" data-elementor-id=\"21407\" class=\"elementor elementor-21407\">\n\t\t\t\t\t\t\t<div class=\"elementor-element elementor-element-ea9237f e-flex e-con-boxed e-con e-parent\" data-id=\"ea9237f\" data-element_type=\"container\">\r\n\t\t\t\t\t\t\t<div class=\"e-con-inner\">\r\n\t\t\t\t\t\t<div class=\"elementor-element elementor-element-4299853 elementor-widget elementor-widget-udesign_widget_heading\" data-id=\"4299853\" data-element_type=\"widget\" data-widget_type=\"udesign_widget_heading.default\">\n\t\t\t\t\t<div class=\"title-wrapper  title-center\"><div class=\"title elementor-heading-title\">Neden Steinemann CVS'yi Se\u00e7melisiniz<\/div><\/div>\t\t\t\t<\/div>\n\t\t\t\t<div class=\"elementor-element elementor-element-10930eb elementor-widget__width-initial elementor-widget-mobile__width-initial elementor-widget-tablet__width-initial elementor-widget elementor-widget-udesign_widget_heading\" data-id=\"10930eb\" data-element_type=\"widget\" data-widget_type=\"udesign_widget_heading.default\">\n\t\t\t\t\t<div class=\"title-wrapper  title-center\"><h2 class=\"title elementor-heading-title\">Konfeksiyon \u00c7\u00f6z\u00fcmleri<\/h2><\/div>\t\t\t\t<\/div>\n\t\t\t\t<div class=\"elementor-element elementor-element-f6d0787 elementor-widget elementor-widget-text-editor\" data-id=\"f6d0787\" data-element_type=\"widget\" data-widget_type=\"text-editor.default\">\n\t\t\t\t\t\t\t\t\t<p data-start=\"403\" data-end=\"724\">Tekstil terbiye ve kapitone \u00fcretiminde, \u00fcr\u00fcnlerle birlikte \u00f6nemli miktarda at\u0131k ortaya \u00e7\u0131kar. Do\u011fru y\u00f6netilmezse, bu at\u0131klar yar\u0131 mamulleri kirletebilir, \u00fcretimi aksatabilir ve maliyetli duru\u015f s\u00fcrelerine yol a\u00e7abilir. At\u0131klar\u0131n elle ta\u015f\u0131nmas\u0131 verimsizdir ve \u00fcr\u00fcn kalitesi sorunlar\u0131 riskini art\u0131r\u0131r.<\/p><p data-start=\"726\" data-end=\"1054\">\u015eekerleme \u00e7\u00f6z\u00fcmlerine y\u00f6nelik Steinemann Merkezi Vakum Sistemleri (CVS) ile at\u0131klar otomatik olarak toplan\u0131r, ta\u015f\u0131n\u0131r, filtrelenir ve s\u0131k\u0131\u015ft\u0131r\u0131l\u0131r; b\u00f6ylece temiz, g\u00fcvenli ve g\u00fcvenilir bir \u00fcretim ortam\u0131 sa\u011flan\u0131r. Bu tam otomatik proses, manuel m\u00fcdahaleyi ortadan kald\u0131r\u0131r, kontaminasyon riskini en aza indirir ve genel verimlili\u011fi art\u0131r\u0131r.<\/p><p data-start=\"1056\" data-end=\"1278\">Temiz ve verimli \u00fcretim i\u00e7in Steinemann CVS Confection Solutions'\u0131n deste\u011fiyle tekstil diken i\u015f\u00e7i.<br data-start=\"1166\" data-end=\"1169\" \/>Tekstil at\u0131klar\u0131n\u0131n verimli bir \u015fekilde i\u015flenmesi i\u00e7in konfeksiyon \u00e7\u00f6z\u00fcmlerinde Steinemann Merkezi Vakum Sistemini kullanan i\u015f\u00e7i.<\/p>\t\t\t\t\t\t\t\t<\/div>\n\t\t\t\t<div class=\"elementor-element elementor-element-e5d2303 elementor-widget elementor-widget-udesign_widget_imagegallery\" data-id=\"e5d2303\" data-element_type=\"widget\" data-widget_type=\"udesign_widget_imagegallery.default\">\n\t\t\t\t<div class=\"elementor-widget-container\">\n\t\t\t\t\t\r\n<ul class=\"image-gallery use_lightbox row cols-lg-2 cols-md-2 cols-sm-1 cols-1\">\r\n\t<li class=\"\">\t\t<div class=\"image-gallery-item\">\r\n\t\t<a href=\"https:\/\/steinemann-cvs.ch\/wp-content\/uploads\/2025\/09\/Confection_Solutions.png\" aria-label=\"Galeri Gambar\" data-no-translation-aria-label=\"\"><\/a>\t\t<figure class=\"grid-item image-wrap\">\r\n\t\t\t<img fetchpriority=\"high\" decoding=\"async\" width=\"1200\" height=\"1200\" src=\"https:\/\/steinemann-cvs.ch\/wp-content\/uploads\/2025\/09\/Confection_Solutions.png\" class=\"attachment-full size-full\" alt=\"Temiz ve verimli \u00fcretim i\u00e7in Steinemann CVS Confection Solutions&#039;\u0131n deste\u011fiyle tekstil diken i\u015f\u00e7i.\" srcset=\"https:\/\/steinemann-cvs.ch\/wp-content\/uploads\/2025\/09\/Confection_Solutions.png 1200w, https:\/\/steinemann-cvs.ch\/wp-content\/uploads\/2025\/09\/Confection_Solutions-1024x1024.png 1024w, https:\/\/steinemann-cvs.ch\/wp-content\/uploads\/2025\/09\/Confection_Solutions-768x768.png 768w\" sizes=\"(max-width: 1200px) 100vw, 1200px\" \/>\t\t<\/figure>\r\n\t\t<\/div>\r\n\t\t<\/li><li class=\"\">\t\t<div class=\"image-gallery-item\">\r\n\t\t<a href=\"https:\/\/steinemann-cvs.ch\/wp-content\/uploads\/2025\/09\/Confection_Solutions_working.png\" aria-label=\"Galeri Gambar\" data-no-translation-aria-label=\"\"><\/a>\t\t<figure class=\"grid-item image-wrap\">\r\n\t\t\t<img decoding=\"async\" width=\"1200\" height=\"1200\" src=\"https:\/\/steinemann-cvs.ch\/wp-content\/uploads\/2025\/09\/Confection_Solutions_working.png\" class=\"attachment-full size-full\" alt=\"Tekstil at\u0131klar\u0131n\u0131n verimli bir \u015fekilde i\u015flenmesi i\u00e7in konfeksiyon \u00e7\u00f6z\u00fcmlerinde Steinemann Merkezi Vakum Sistemini kullanan i\u015f\u00e7i.\" srcset=\"https:\/\/steinemann-cvs.ch\/wp-content\/uploads\/2025\/09\/Confection_Solutions_working.png 1200w, https:\/\/steinemann-cvs.ch\/wp-content\/uploads\/2025\/09\/Confection_Solutions_working-1024x1024.png 1024w, https:\/\/steinemann-cvs.ch\/wp-content\/uploads\/2025\/09\/Confection_Solutions_working-768x768.png 768w\" sizes=\"(max-width: 1200px) 100vw, 1200px\" \/>\t\t<\/figure>\r\n\t\t<\/div>\r\n\t\t<\/li><\/ul>\r\n\r\n\t\t\t\t\t<\/div>\n\t\t\t\t<\/div>\n\t\t\t\t<div class=\"elementor-element elementor-element-d4c3ba8 elementor-widget elementor-widget-text-editor\" data-id=\"d4c3ba8\" data-element_type=\"widget\" data-widget_type=\"text-editor.default\">\n\t\t\t\t\t\t\t\t\t<h3 data-start=\"845\" data-end=\"876\">\u00a0<\/h3><h3 data-start=\"812\" data-end=\"842\">Kan\u0131tlanm\u0131\u015f m\u00fc\u015fteri sonu\u00e7lar\u0131:<\/h3><ul data-start=\"843\" data-end=\"1071\"><li data-start=\"843\" data-end=\"921\"><p data-start=\"845\" data-end=\"921\"><strong data-start=\"845\" data-end=\"878\">16%'ye kadar daha y\u00fcksek \u00fcretkenlik<\/strong> \u00fcretim kesintilerinin azalt\u0131lmas\u0131 yoluyla<\/p><\/li><li data-start=\"922\" data-end=\"1008\"><p data-start=\"924\" data-end=\"1008\"><strong data-start=\"924\" data-end=\"960\">Tam otomatik at\u0131k s\u00fcreci<\/strong>: toplama, ta\u015f\u0131ma, filtreleme, s\u0131k\u0131\u015ft\u0131rma<\/p><\/li><li data-start=\"1009\" data-end=\"1071\"><p data-start=\"1011\" data-end=\"1071\"><strong data-start=\"1011\" data-end=\"1033\">Daha temiz i\u015f yerleri<\/strong> geli\u015ftirilmi\u015f g\u00fcvenlik ve verimlilik ile<\/p><\/li><\/ul><h3 data-start=\"1073\" data-end=\"1097\">Sistem avantajlar\u0131:<\/h3><ul data-start=\"1098\" data-end=\"1256\"><li data-start=\"1098\" data-end=\"1148\"><p data-start=\"1100\" data-end=\"1148\">D\u00fc\u015f\u00fck enerji t\u00fcketimi ve minimum bak\u0131m<\/p><\/li><li data-start=\"1149\" data-end=\"1197\"><p data-start=\"1151\" data-end=\"1197\">Kompakt boru a\u011flar\u0131nda kolay kurulum<\/p><\/li><li data-start=\"1198\" data-end=\"1256\"><p data-start=\"1200\" data-end=\"1256\">Her zaman geni\u015fletilebilir ve m\u00fc\u015fteri ihtiya\u00e7lar\u0131na uyarlanabilir<\/p><\/li><\/ul><p>Buna ek olarak, Steinemann CVS konfeksiyon \u00e7\u00f6z\u00fcmleri, modern tekstil \u00fcretiminin artan taleplerini kar\u015f\u0131lamak \u00fczere tasarlanm\u0131\u015ft\u0131r. Mod\u00fcler sistem konfig\u00fcrasyonu, \u00f6l\u00e7ek veya yerle\u015fim d\u00fczeninden ba\u011f\u0131ms\u0131z olarak hem yeni hem de mevcut \u00fcretim hatlar\u0131na sorunsuz entegrasyon sa\u011flar. Geli\u015fmi\u015f kontrol \u00fcniteleri sistem performans\u0131n\u0131 s\u00fcrekli izleyerek istikrarl\u0131 emi\u015f bas\u0131nc\u0131 ve maksimum operasyonel g\u00fcvenilirlik sa\u011flar. Bu da daha ak\u0131c\u0131 i\u015f ak\u0131\u015flar\u0131, daha d\u00fc\u015f\u00fck g\u00fcr\u00fclt\u00fc seviyeleri ve s\u00fcrekli temiz \u00fcretim alanlar\u0131 sa\u011flar. Ayr\u0131ca, tekstil at\u0131klar\u0131n\u0131n verimli bir \u015fekilde ayr\u0131lmas\u0131 ve s\u0131k\u0131\u015ft\u0131r\u0131lmas\u0131, daha d\u00fc\u015f\u00fck bertaraf maliyetlerine ve daha iyi geri d\u00f6n\u00fc\u015ft\u00fcr\u00fclebilirli\u011fe katk\u0131da bulunarak s\u00fcrd\u00fcr\u00fclebilir \u00fcretim uygulamalar\u0131n\u0131 destekler. M\u00fc\u015fteriler yaln\u0131zca daha temiz ortamlardan de\u011fil, ayn\u0131 zamanda daha g\u00fcvenli, daha ergonomik i\u015f yerleri sayesinde daha uzun ekipman \u00f6mr\u00fc ve geli\u015fmi\u015f \u00e7al\u0131\u015fan memnuniyetinden de yararlan\u0131r.<\/p><p data-start=\"1378\" data-end=\"1548\">\ud83d\udc49 <a href=\"https:\/\/steinemann-cvs.ch\/tr\/bize-ulasin\/\"><strong data-start=\"1381\" data-end=\"1401\">Bug\u00fcn bize ula\u015f\u0131n<\/strong><\/a> ve Steinemann CVS \u015fekerleme \u00e7\u00f6z\u00fcmlerinin \u00fcretkenli\u011finizi nas\u0131l art\u0131rabilece\u011fini, \u00fcr\u00fcn kalitesini nas\u0131l sa\u011flayabilece\u011fini ve daha g\u00fcvenli bir \u00e7al\u0131\u015fma ortam\u0131 yaratabilece\u011fini \u00f6\u011frenin.<\/p>\t\t\t\t\t\t\t\t<\/div>\n\t\t\t\t<div class=\"elementor-element elementor-element-65f1339 elementor-widget elementor-widget-udesign_widget_button\" data-id=\"65f1339\" data-element_type=\"widget\" data-widget_type=\"udesign_widget_button.default\">\n\t\t\t\t\t<a class=\"btn btn-md btn-primary btn-icon btn-icon-left\" href=\"https:\/\/steinemann-cvs.ch\/tr\/urunler\/\" ><i class=\"fas fa-arrow-left\"><\/i><span >Geri d\u00f6n<\/span><\/a>\t\t\t\t<\/div>\n\t\t\t\t<div class=\"elementor-element elementor-element-02b5feb elementor-widget elementor-widget-spacer\" data-id=\"02b5feb\" data-element_type=\"widget\" data-widget_type=\"spacer.default\">\n\t\t\t\t\t\t\t<div class=\"elementor-spacer\">\n\t\t\t<div class=\"elementor-spacer-inner\"><\/div>\n\t\t<\/div>\n\t\t\t\t\t\t<\/div>\n\t\t\t\t\t\t<\/div>\r\n\t\t\t\t\r\n\t\t\t<\/div>\r\n\t\t\t\t\t\t<div class=\"elementor-element elementor-element-f400ee2 e-flex e-con-boxed e-con e-parent\" data-id=\"f400ee2\" data-element_type=\"container\">\r\n\t\t\t\t\t\t\t<div class=\"e-con-inner\">\r\n\t\t\t\t\t\t<div class=\"elementor-element elementor-element-016410d elementor-widget elementor-widget-udesign_widget_heading\" data-id=\"016410d\" data-element_type=\"widget\" data-widget_type=\"udesign_widget_heading.default\">\n\t\t\t\t\t<div class=\"title-wrapper  title-center\"><div class=\"title elementor-heading-title\">Sorular\u0131n\u0131z m\u0131 var?<\/div><\/div>\t\t\t\t<\/div>\n\t\t\t\t<div class=\"elementor-element elementor-element-b65cc68 elementor-widget__width-initial elementor-widget-mobile__width-initial elementor-widget-tablet__width-initial elementor-widget elementor-widget-udesign_widget_heading\" data-id=\"b65cc68\" data-element_type=\"widget\" data-widget_type=\"udesign_widget_heading.default\">\n\t\t\t\t\t<div class=\"title-wrapper  title-center\"><h2 class=\"title elementor-heading-title\">Yard\u0131m etmek i\u00e7in buraday\u0131z!<\/h2><\/div>\t\t\t\t<\/div>\n\t\t\t\t<div class=\"elementor-element elementor-element-2b2a434 elementor-widget elementor-widget-udesign_widget_contact_form\" data-id=\"2b2a434\" data-element_type=\"widget\" data-widget_type=\"udesign_widget_contact_form.default\">\n\t\t\t\t\t\n<div class=\"wpcf7 no-js\" id=\"wpcf7-f282-o1\" lang=\"en-US\" dir=\"ltr\" data-wpcf7-id=\"282\">\n<div class=\"screen-reader-response\"><p role=\"status\" aria-live=\"polite\" aria-atomic=\"true\"><\/p> <ul><\/ul><\/div>\n<form action=\"\/tr\/wp-json\/wp\/v2\/pages\/21407#wpcf7-f282-o1\" method=\"post\" class=\"wpcf7-form init\" aria-label=\"Contact form\" novalidate=\"novalidate\" data-status=\"init\" data-trp-original-action=\"\/tr\/wp-json\/wp\/v2\/pages\/21407#wpcf7-f282-o1\">\n<fieldset class=\"hidden-fields-container\"><input type=\"hidden\" name=\"_wpcf7\" value=\"282\" \/><input type=\"hidden\" name=\"_wpcf7_version\" value=\"6.1.5\" \/><input type=\"hidden\" name=\"_wpcf7_locale\" value=\"en_US\" \/><input type=\"hidden\" name=\"_wpcf7_unit_tag\" value=\"wpcf7-f282-o1\" \/><input type=\"hidden\" name=\"_wpcf7_container_post\" value=\"0\" \/><input type=\"hidden\" name=\"_wpcf7_posted_data_hash\" value=\"\" \/>\n<\/fieldset>\n<p><span class=\"wpcf7-form-control-wrap\" data-name=\"text-157\"><input size=\"40\" maxlength=\"400\" class=\"wpcf7-form-control wpcf7-text wpcf7-validates-as-required\" aria-required=\"true\" aria-invalid=\"false\" placeholder=\"Sizin ad\u0131n\u0131z\" value=\"\" type=\"text\" name=\"text-157\" \/><\/span>\n<\/p>\n<p><span class=\"wpcf7-form-control-wrap\" data-name=\"email-668\"><input size=\"40\" maxlength=\"400\" class=\"wpcf7-form-control wpcf7-email wpcf7-validates-as-required wpcf7-text wpcf7-validates-as-email\" aria-required=\"true\" aria-invalid=\"false\" placeholder=\"E-posta adresiniz\" value=\"\" type=\"email\" name=\"email-668\" \/><\/span>\n<\/p>\n<p class=\"mb-6\"><span class=\"wpcf7-form-control-wrap\" data-name=\"textarea-883\"><textarea cols=\"40\" rows=\"10\" maxlength=\"2000\" class=\"wpcf7-form-control wpcf7-textarea\" aria-invalid=\"false\" placeholder=\"Mesaj\u0131n\u0131z\" name=\"textarea-883\"><\/textarea><\/span>\n<\/p>\n<p><button type=\"submit\" class=\"btn\">Mesaj G\u00f6nder<i class=\"a-icon-long-arrow-right\"><\/i><\/button>\n<\/p><div class=\"wpcf7-response-output\" aria-hidden=\"true\"><\/div>\n<input type=\"hidden\" name=\"trp-form-language\" value=\"tr\"\/><\/form>\n<\/div>\n\t\t\t\t<\/div>\n\t\t\t\t\t\t<\/div>\r\n\t\t\t\t\r\n\t\t\t<\/div>\r\n\t\t\t\t\t\t<div class=\"elementor-element elementor-element-9ef5a6b e-flex e-con-boxed e-con e-parent\" data-id=\"9ef5a6b\" data-element_type=\"container\">\r\n\t\t\t\t\t\t\t<div class=\"e-con-inner\">\r\n\t\t\t\t\t\t\t\t<\/div>\r\n\t\t\t\t\r\n\t\t\t<\/div>\r\n\t\t\t\t\t<\/div>","protected":false},"excerpt":{"rendered":"<p>Why Choose Steinemann CVS Confection solutions In textile finishing and quilting production, significant amounts of waste are generated alongside products. If not managed correctly, this waste can contaminate semi-finished goods, disrupt production, and lead to costly downtime. Manual handling of waste is inefficient and increases the risk of product quality issues. With Steinemann Central Vacuum [&hellip;]<\/p>\n","protected":false},"author":1,"featured_media":0,"parent":0,"menu_order":0,"comment_status":"closed","ping_status":"closed","template":"","meta":{"footnotes":""},"class_list":["post-21407","page","type-page","status-publish","hentry"],"yoast_head":"<!-- This site is optimized with the Yoast SEO plugin v27.4 - https:\/\/yoast.com\/product\/yoast-seo-wordpress\/ -->\n<title>Confection waste management \u2013 Automated for Textile Finishing<\/title>\n<meta name=\"description\" content=\"Steinemann CVS confection solutions: automated waste management for textile finishing. Cleaner production, less contamination, higher output.\" \/>\n<meta name=\"robots\" content=\"index, follow, max-snippet:-1, max-image-preview:large, max-video-preview:-1\" \/>\n<link rel=\"canonical\" href=\"https:\/\/steinemann-cvs.ch\/tr\/konfeksi\u0307yon-cozumleri\u0307\/\" \/>\n<meta property=\"og:locale\" content=\"tr_TR\" \/>\n<meta property=\"og:type\" content=\"article\" \/>\n<meta property=\"og:title\" content=\"Confection waste management \u2013 Automated for Textile Finishing\" \/>\n<meta property=\"og:description\" content=\"Steinemann CVS confection solutions: automated waste management for textile finishing. Cleaner production, less contamination, higher output.\" \/>\n<meta property=\"og:url\" content=\"https:\/\/steinemann-cvs.ch\/tr\/konfeksi\u0307yon-cozumleri\u0307\/\" \/>\n<meta property=\"og:site_name\" content=\"Steinemann CVS\" \/>\n<meta property=\"article:modified_time\" content=\"2025-11-05T12:40:36+00:00\" \/>\n<meta property=\"og:image\" content=\"https:\/\/steinemann-cvs.ch\/wp-content\/uploads\/2025\/09\/Confection_Solutions.png\" \/>\n<meta name=\"twitter:card\" content=\"summary_large_image\" \/>\n<meta name=\"twitter:label1\" content=\"Tahmini okuma s\u00fcresi\" \/>\n\t<meta name=\"twitter:data1\" content=\"2 dakika\" \/>\n<script type=\"application\/ld+json\" class=\"yoast-schema-graph\">{\"@context\":\"https:\\\/\\\/schema.org\",\"@graph\":[{\"@type\":\"WebPage\",\"@id\":\"https:\\\/\\\/steinemann-cvs.ch\\\/confection-solutions\\\/\",\"url\":\"https:\\\/\\\/steinemann-cvs.ch\\\/confection-solutions\\\/\",\"name\":\"Confection waste management \u2013 Automated for Textile Finishing\",\"isPartOf\":{\"@id\":\"https:\\\/\\\/steinemann-cvs.ch\\\/#website\"},\"primaryImageOfPage\":{\"@id\":\"https:\\\/\\\/steinemann-cvs.ch\\\/confection-solutions\\\/#primaryimage\"},\"image\":{\"@id\":\"https:\\\/\\\/steinemann-cvs.ch\\\/confection-solutions\\\/#primaryimage\"},\"thumbnailUrl\":\"https:\\\/\\\/steinemann-cvs.ch\\\/wp-content\\\/uploads\\\/2025\\\/09\\\/Confection_Solutions.png\",\"datePublished\":\"2025-09-22T12:53:18+00:00\",\"dateModified\":\"2025-11-05T12:40:36+00:00\",\"description\":\"Steinemann CVS confection solutions: automated waste management for textile finishing. Cleaner production, less contamination, higher output.\",\"breadcrumb\":{\"@id\":\"https:\\\/\\\/steinemann-cvs.ch\\\/confection-solutions\\\/#breadcrumb\"},\"inLanguage\":\"tr\",\"potentialAction\":[{\"@type\":\"ReadAction\",\"target\":[\"https:\\\/\\\/steinemann-cvs.ch\\\/confection-solutions\\\/\"]}]},{\"@type\":\"ImageObject\",\"inLanguage\":\"tr\",\"@id\":\"https:\\\/\\\/steinemann-cvs.ch\\\/confection-solutions\\\/#primaryimage\",\"url\":\"https:\\\/\\\/steinemann-cvs.ch\\\/wp-content\\\/uploads\\\/2025\\\/09\\\/Confection_Solutions.png\",\"contentUrl\":\"https:\\\/\\\/steinemann-cvs.ch\\\/wp-content\\\/uploads\\\/2025\\\/09\\\/Confection_Solutions.png\"},{\"@type\":\"BreadcrumbList\",\"@id\":\"https:\\\/\\\/steinemann-cvs.ch\\\/confection-solutions\\\/#breadcrumb\",\"itemListElement\":[{\"@type\":\"ListItem\",\"position\":1,\"name\":\"Home\",\"item\":\"https:\\\/\\\/steinemann-cvs.ch\\\/\"},{\"@type\":\"ListItem\",\"position\":2,\"name\":\"Confection solutions\"}]},{\"@type\":\"WebSite\",\"@id\":\"https:\\\/\\\/steinemann-cvs.ch\\\/#website\",\"url\":\"https:\\\/\\\/steinemann-cvs.ch\\\/\",\"name\":\"Steinemann Central Vacuum Systems\",\"description\":\"\",\"publisher\":{\"@id\":\"https:\\\/\\\/steinemann-cvs.ch\\\/#organization\"},\"alternateName\":\"Steinemann CVS\",\"potentialAction\":[{\"@type\":\"SearchAction\",\"target\":{\"@type\":\"EntryPoint\",\"urlTemplate\":\"https:\\\/\\\/steinemann-cvs.ch\\\/?s={search_term_string}\"},\"query-input\":{\"@type\":\"PropertyValueSpecification\",\"valueRequired\":true,\"valueName\":\"search_term_string\"}}],\"inLanguage\":\"tr\"},{\"@type\":\"Organization\",\"@id\":\"https:\\\/\\\/steinemann-cvs.ch\\\/#organization\",\"name\":\"Steinemann Central Vacuum Systems\",\"alternateName\":\"Steinemann CVS\",\"url\":\"https:\\\/\\\/steinemann-cvs.ch\\\/\",\"logo\":{\"@type\":\"ImageObject\",\"inLanguage\":\"tr\",\"@id\":\"https:\\\/\\\/steinemann-cvs.ch\\\/#\\\/schema\\\/logo\\\/image\\\/\",\"url\":\"https:\\\/\\\/steinemann-cvs.ch\\\/wp-content\\\/uploads\\\/2025\\\/12\\\/CH_Steinemann_CSV_120_CMYK_POS.png\",\"contentUrl\":\"https:\\\/\\\/steinemann-cvs.ch\\\/wp-content\\\/uploads\\\/2025\\\/12\\\/CH_Steinemann_CSV_120_CMYK_POS.png\",\"width\":674,\"height\":114,\"caption\":\"Steinemann Central Vacuum Systems\"},\"image\":{\"@id\":\"https:\\\/\\\/steinemann-cvs.ch\\\/#\\\/schema\\\/logo\\\/image\\\/\"},\"sameAs\":[\"https:\\\/\\\/www.linkedin.com\\\/company\\\/steinemann-central-vacuum-systems-cvs\",\"https:\\\/\\\/www.youtube.com\\\/@steinemanncvs\"]}]}<\/script>\n<!-- \/ Yoast SEO plugin. -->","yoast_head_json":{"title":"Konfeksiyon at\u0131k y\u00f6netimi - Tekstil Terbiyesi i\u00e7in Otomatik","description":"Steinemann CVS konfeksiyon \u00e7\u00f6z\u00fcmleri: tekstil terbiyesi i\u00e7in otomatik at\u0131k y\u00f6netimi. Daha temiz \u00fcretim, daha az kontaminasyon, daha y\u00fcksek verim.","robots":{"index":"index","follow":"follow","max-snippet":"max-snippet:-1","max-image-preview":"max-image-preview:large","max-video-preview":"max-video-preview:-1"},"canonical":"https:\/\/steinemann-cvs.ch\/tr\/konfeksi\u0307yon-cozumleri\u0307\/","og_locale":"tr_TR","og_type":"article","og_title":"Confection waste management \u2013 Automated for Textile Finishing","og_description":"Steinemann CVS confection solutions: automated waste management for textile finishing. Cleaner production, less contamination, higher output.","og_url":"https:\/\/steinemann-cvs.ch\/tr\/konfeksi\u0307yon-cozumleri\u0307\/","og_site_name":"Steinemann CVS","article_modified_time":"2025-11-05T12:40:36+00:00","og_image":[{"url":"https:\/\/steinemann-cvs.ch\/wp-content\/uploads\/2025\/09\/Confection_Solutions.png","type":"","width":"","height":""}],"twitter_card":"summary_large_image","twitter_misc":{"Tahmini okuma s\u00fcresi":"2 dakika"},"schema":{"@context":"https:\/\/schema.org","@graph":[{"@type":"WebPage","@id":"https:\/\/steinemann-cvs.ch\/confection-solutions\/","url":"https:\/\/steinemann-cvs.ch\/confection-solutions\/","name":"Konfeksiyon at\u0131k y\u00f6netimi - Tekstil Terbiyesi i\u00e7in Otomatik","isPartOf":{"@id":"https:\/\/steinemann-cvs.ch\/#website"},"primaryImageOfPage":{"@id":"https:\/\/steinemann-cvs.ch\/confection-solutions\/#primaryimage"},"image":{"@id":"https:\/\/steinemann-cvs.ch\/confection-solutions\/#primaryimage"},"thumbnailUrl":"https:\/\/steinemann-cvs.ch\/wp-content\/uploads\/2025\/09\/Confection_Solutions.png","datePublished":"2025-09-22T12:53:18+00:00","dateModified":"2025-11-05T12:40:36+00:00","description":"Steinemann CVS konfeksiyon \u00e7\u00f6z\u00fcmleri: tekstil terbiyesi i\u00e7in otomatik at\u0131k y\u00f6netimi. Daha temiz \u00fcretim, daha az kontaminasyon, daha y\u00fcksek verim.","breadcrumb":{"@id":"https:\/\/steinemann-cvs.ch\/confection-solutions\/#breadcrumb"},"inLanguage":"tr","potentialAction":[{"@type":"ReadAction","target":["https:\/\/steinemann-cvs.ch\/confection-solutions\/"]}]},{"@type":"ImageObject","inLanguage":"tr","@id":"https:\/\/steinemann-cvs.ch\/confection-solutions\/#primaryimage","url":"https:\/\/steinemann-cvs.ch\/wp-content\/uploads\/2025\/09\/Confection_Solutions.png","contentUrl":"https:\/\/steinemann-cvs.ch\/wp-content\/uploads\/2025\/09\/Confection_Solutions.png"},{"@type":"BreadcrumbList","@id":"https:\/\/steinemann-cvs.ch\/confection-solutions\/#breadcrumb","itemListElement":[{"@type":"ListItem","position":1,"name":"Home","item":"https:\/\/steinemann-cvs.ch\/"},{"@type":"ListItem","position":2,"name":"Confection solutions"}]},{"@type":"WebSite","@id":"https:\/\/steinemann-cvs.ch\/#website","url":"https:\/\/steinemann-cvs.ch\/","name":"Steinemann Merkezi Vakum Sistemleri","description":"","publisher":{"@id":"https:\/\/steinemann-cvs.ch\/#organization"},"alternateName":"Steinemann CVS","potentialAction":[{"@type":"SearchAction","target":{"@type":"EntryPoint","urlTemplate":"https:\/\/steinemann-cvs.ch\/?s={search_term_string}"},"query-input":{"@type":"PropertyValueSpecification","valueRequired":true,"valueName":"search_term_string"}}],"inLanguage":"tr"},{"@type":"Organization","@id":"https:\/\/steinemann-cvs.ch\/#organization","name":"Steinemann Merkezi Vakum Sistemleri","alternateName":"Steinemann CVS","url":"https:\/\/steinemann-cvs.ch\/","logo":{"@type":"ImageObject","inLanguage":"tr","@id":"https:\/\/steinemann-cvs.ch\/#\/schema\/logo\/image\/","url":"https:\/\/steinemann-cvs.ch\/wp-content\/uploads\/2025\/12\/CH_Steinemann_CSV_120_CMYK_POS.png","contentUrl":"https:\/\/steinemann-cvs.ch\/wp-content\/uploads\/2025\/12\/CH_Steinemann_CSV_120_CMYK_POS.png","width":674,"height":114,"caption":"Steinemann Central Vacuum Systems"},"image":{"@id":"https:\/\/steinemann-cvs.ch\/#\/schema\/logo\/image\/"},"sameAs":["https:\/\/www.linkedin.com\/company\/steinemann-central-vacuum-systems-cvs","https:\/\/www.youtube.com\/@steinemanncvs"]}]}},"_links":{"self":[{"href":"https:\/\/steinemann-cvs.ch\/tr\/wp-json\/wp\/v2\/pages\/21407","targetHints":{"allow":["GET"]}}],"collection":[{"href":"https:\/\/steinemann-cvs.ch\/tr\/wp-json\/wp\/v2\/pages"}],"about":[{"href":"https:\/\/steinemann-cvs.ch\/tr\/wp-json\/wp\/v2\/types\/page"}],"author":[{"embeddable":true,"href":"https:\/\/steinemann-cvs.ch\/tr\/wp-json\/wp\/v2\/users\/1"}],"replies":[{"embeddable":true,"href":"https:\/\/steinemann-cvs.ch\/tr\/wp-json\/wp\/v2\/comments?post=21407"}],"version-history":[{"count":8,"href":"https:\/\/steinemann-cvs.ch\/tr\/wp-json\/wp\/v2\/pages\/21407\/revisions"}],"predecessor-version":[{"id":21622,"href":"https:\/\/steinemann-cvs.ch\/tr\/wp-json\/wp\/v2\/pages\/21407\/revisions\/21622"}],"wp:attachment":[{"href":"https:\/\/steinemann-cvs.ch\/tr\/wp-json\/wp\/v2\/media?parent=21407"}],"curies":[{"name":"wp","href":"https:\/\/api.w.org\/{rel}","templated":true}]}}