{"id":21399,"date":"2025-09-22T12:44:52","date_gmt":"2025-09-22T12:44:52","guid":{"rendered":"https:\/\/steinemann-cvs.ch\/?page_id=21399"},"modified":"2025-11-05T12:31:10","modified_gmt":"2025-11-05T12:31:10","slug":"otomatik-bertaraf","status":"publish","type":"page","link":"https:\/\/steinemann-cvs.ch\/tr\/automatic-disposal\/","title":{"rendered":"Otomatik Telef Bo\u015falt\u0131m\u0131"},"content":{"rendered":"<div data-elementor-type=\"wp-page\" data-elementor-id=\"21399\" class=\"elementor elementor-21399\">\n\t\t\t\t\t\t\t<div class=\"elementor-element elementor-element-ea9237f e-flex e-con-boxed e-con e-parent\" data-id=\"ea9237f\" data-element_type=\"container\">\r\n\t\t\t\t\t\t\t<div class=\"e-con-inner\">\r\n\t\t\t\t\t\t<div class=\"elementor-element elementor-element-4299853 elementor-widget elementor-widget-udesign_widget_heading\" data-id=\"4299853\" data-element_type=\"widget\" data-widget_type=\"udesign_widget_heading.default\">\n\t\t\t\t\t<div class=\"title-wrapper  title-center\"><div class=\"title elementor-heading-title\">Neden Steinemann CVS'yi Se\u00e7melisiniz<\/div><\/div>\t\t\t\t<\/div>\n\t\t\t\t<div class=\"elementor-element elementor-element-10930eb elementor-widget__width-initial elementor-widget-mobile__width-initial elementor-widget-tablet__width-initial elementor-widget elementor-widget-udesign_widget_heading\" data-id=\"10930eb\" data-element_type=\"widget\" data-widget_type=\"udesign_widget_heading.default\">\n\t\t\t\t\t<div class=\"title-wrapper  title-center\"><h2 class=\"title elementor-heading-title\">Otomatik Telef Bo\u015falt\u0131m\u0131<\/h2><\/div>\t\t\t\t<\/div>\n\t\t\t\t<div class=\"elementor-element elementor-element-f6d0787 elementor-widget elementor-widget-text-editor\" data-id=\"f6d0787\" data-element_type=\"widget\" data-widget_type=\"text-editor.default\">\n\t\t\t\t\t\t\t\t\t<p data-start=\"341\" data-end=\"689\">Modern iplikhaneler olduk\u00e7a sermaye yo\u011fundur, bu da maksimum makine kullan\u0131m\u0131n\u0131 gerekli k\u0131lar. Y\u00fcksek performansl\u0131 iplik e\u011firme makineleri, optimum \u00e7\u0131kt\u0131 sa\u011flamak i\u00e7in tutarl\u0131 \u00fcretim ko\u015fullar\u0131 gerektirir. Otomatik bertaraf i\u00e7in Steinemann Merkezi Vakum Sistemleri ile kesintisiz \u00fcretim, daha az duru\u015f s\u00fcresi ve g\u00fcvenilir telef lojisti\u011fi sa\u011flars\u0131n\u0131z.<\/p><p data-start=\"691\" data-end=\"925\">Manuel bo\u015faltma emek yo\u011fundur, tutars\u0131zd\u0131r ve iplik kopu\u015fu ve verimsizlik riskini art\u0131r\u0131r. \u00d6te yandan otomatik vakum ekstraksiyonu g\u00fcvenilirli\u011fi garanti eder, e\u011firme kalitesini art\u0131r\u0131r ve i\u015fletme maliyetlerini d\u00fc\u015f\u00fcr\u00fcr.<\/p><p data-start=\"927\" data-end=\"1029\">Entegre at\u0131k toplama ve uzakla\u015ft\u0131rma \u00e7\u00f6z\u00fcm\u00fcne sahip OE iplik e\u011firme makinesi bertaraf lojistik sistemi.<\/p>\t\t\t\t\t\t\t\t<\/div>\n\t\t\t\t<div class=\"elementor-element elementor-element-e5d2303 elementor-widget elementor-widget-udesign_widget_imagegallery\" data-id=\"e5d2303\" data-element_type=\"widget\" data-widget_type=\"udesign_widget_imagegallery.default\">\n\t\t\t\t<div class=\"elementor-widget-container\">\n\t\t\t\t\t\r\n<ul class=\"image-gallery use_lightbox row cols-lg-3 cols-md-3 cols-sm-2 cols-2\">\r\n\t<li class=\"\">\t\t<div class=\"image-gallery-item\">\r\n\t\t<a href=\"https:\/\/steinemann-cvs.ch\/wp-content\/uploads\/2025\/09\/Disposal_logistics_OE_Spinning.png\" aria-label=\"Galeri Gambar\" data-no-translation-aria-label=\"\"><\/a>\t\t<figure class=\"grid-item image-wrap\">\r\n\t\t\t<img fetchpriority=\"high\" decoding=\"async\" width=\"1080\" height=\"1080\" src=\"https:\/\/steinemann-cvs.ch\/wp-content\/uploads\/2025\/09\/Disposal_logistics_OE_Spinning.png\" class=\"attachment-full size-full\" alt=\"Entegre at\u0131k toplama ve uzakla\u015ft\u0131rma \u00e7\u00f6z\u00fcm\u00fcne sahip OE iplik e\u011firme makinesi bertaraf lojistik sistemi.\" srcset=\"https:\/\/steinemann-cvs.ch\/wp-content\/uploads\/2025\/09\/Disposal_logistics_OE_Spinning.png 1080w, https:\/\/steinemann-cvs.ch\/wp-content\/uploads\/2025\/09\/Disposal_logistics_OE_Spinning-1024x1024.png 1024w, https:\/\/steinemann-cvs.ch\/wp-content\/uploads\/2025\/09\/Disposal_logistics_OE_Spinning-768x768.png 768w\" sizes=\"(max-width: 1080px) 100vw, 1080px\" \/>\t\t<\/figure>\r\n\t\t<\/div>\r\n\t\t<\/li><\/ul>\r\n\r\n\t\t\t\t\t<\/div>\n\t\t\t\t<\/div>\n\t\t\t\t<div class=\"elementor-element elementor-element-d4c3ba8 elementor-widget elementor-widget-text-editor\" data-id=\"d4c3ba8\" data-element_type=\"widget\" data-widget_type=\"text-editor.default\">\n\t\t\t\t\t\t\t\t\t<h3 data-start=\"845\" data-end=\"876\">\u00a0<\/h3><h3 data-start=\"917\" data-end=\"948\">Kan\u0131tlanm\u0131\u015f m\u00fc\u015fteri faydalar\u0131:<\/h3><ul data-start=\"949\" data-end=\"1241\"><li data-start=\"949\" data-end=\"985\"><p data-start=\"951\" data-end=\"985\"><strong data-start=\"951\" data-end=\"983\">1%'ye kadar daha y\u00fcksek \u00fcretkenlik<\/strong><\/p><\/li><li data-start=\"986\" data-end=\"1048\"><p data-start=\"988\" data-end=\"1048\"><strong data-start=\"988\" data-end=\"1013\">20% daha az iplik kopu\u015fu<\/strong> ve geli\u015ftirilmi\u015f makine g\u00fcvenilirli\u011fi<\/p><\/li><li data-start=\"1049\" data-end=\"1097\"><p data-start=\"1051\" data-end=\"1097\"><strong data-start=\"1051\" data-end=\"1074\">Daha d\u00fc\u015f\u00fck enerji talebi<\/strong> iplik makinelerinde<\/p><\/li><li data-start=\"1098\" data-end=\"1152\"><p data-start=\"1100\" data-end=\"1152\"><strong data-start=\"1100\" data-end=\"1150\">\u0130yile\u015ftirilmi\u015f iplik kalitesi ve azalt\u0131lm\u0131\u015f dalgalanmalar<\/strong><\/p><\/li><li data-start=\"1153\" data-end=\"1204\"><p data-start=\"1155\" data-end=\"1204\"><strong data-start=\"1155\" data-end=\"1202\">Daha az ar\u0131za s\u00fcresi ve daha d\u00fc\u015f\u00fck bak\u0131m maliyetleri<\/strong><\/p><\/li><li data-start=\"1205\" data-end=\"1241\"><p data-start=\"1207\" data-end=\"1241\"><strong data-start=\"1207\" data-end=\"1239\">Uzat\u0131lm\u0131\u015f yedek par\u00e7a \u00f6mr\u00fc<\/strong><\/p><\/li><\/ul><h3 data-start=\"1243\" data-end=\"1267\">\u00a0<\/h3><h3 data-start=\"1243\" data-end=\"1267\">Sistem avantajlar\u0131:<\/h3><ul data-start=\"1268\" data-end=\"1526\"><li data-start=\"1268\" data-end=\"1312\"><p data-start=\"1270\" data-end=\"1312\">Tam otomatik ve s\u00fcrekli \u00e7al\u0131\u015fma<\/p><\/li><li data-start=\"1313\" data-end=\"1339\"><p data-start=\"1315\" data-end=\"1339\">D\u00fc\u015f\u00fck enerji t\u00fcketimi<\/p><\/li><li data-start=\"1340\" data-end=\"1395\"><p data-start=\"1342\" data-end=\"1395\">Minimum manuel m\u00fcdahale ve daha d\u00fc\u015f\u00fck i\u015f\u00e7ilik maliyetleri<\/p><\/li><li data-start=\"1396\" data-end=\"1434\"><p data-start=\"1398\" data-end=\"1434\">Kapsaml\u0131 temizlik performans\u0131<\/p><\/li><li data-start=\"1435\" data-end=\"1485\"><p data-start=\"1437\" data-end=\"1485\">Kompakt boru a\u011flar\u0131 ile basit kurulum<\/p><\/li><li data-start=\"1486\" data-end=\"1526\"><p data-start=\"1488\" data-end=\"1526\">Her zaman geni\u015fletilebilir ve uyarlanabilir<\/p><\/li><\/ul><p>Ayr\u0131ca Steinemann CVS sistemleri uzun vadeli g\u00fcvenilirlik ve s\u00fcrd\u00fcr\u00fclebilirlik i\u00e7in tasarlanm\u0131\u015ft\u0131r. Mod\u00fcler yap\u0131, \u00fcretim ihtiya\u00e7lar\u0131 artt\u0131k\u00e7a kolay y\u00fckseltmelere olanak tan\u0131yarak yat\u0131r\u0131m\u0131n\u0131z\u0131n gelece\u011fe d\u00f6n\u00fck kalmas\u0131n\u0131 sa\u011flar. Ak\u0131ll\u0131 kontrol teknolojisi, emi\u015f performans\u0131n\u0131 s\u00fcrekli olarak izler ve enerji kullan\u0131m\u0131n\u0131 optimize ederek hem \u00e7evresel hem de finansal faydalar sa\u011flar. Hassas m\u00fchendislik ve sa\u011flam malzemeler sayesinde bak\u0131m aral\u0131klar\u0131 uzar ve sistem \u00e7al\u0131\u015fma s\u00fcresi son derece y\u00fcksek kal\u0131r. \u0130ster k\u00fc\u00e7\u00fck bir e\u011firme \u00fcnitesi ister b\u00fcy\u00fck \u00f6l\u00e7ekli bir \u00fcretim tesisi i\u015fletiyor olun, otomatik bertaraf sistemi yerle\u015fim plan\u0131n\u0131za ve at\u0131k t\u00fcrlerinize uyacak \u015fekilde \u00f6zelle\u015ftirilebilir. Steinemann ile daha temiz iplikhaneler, tutarl\u0131 iplik kalitesi ve \u00f6l\u00e7\u00fclebilir bir yat\u0131r\u0131m getirisi elde edersiniz.<\/p><p data-start=\"1378\" data-end=\"1548\">\ud83d\udc49 <a href=\"https:\/\/steinemann-cvs.ch\/tr\/bize-ulasin\/\"><strong data-start=\"1381\" data-end=\"1401\">Bug\u00fcn bize ula\u015f\u0131n<\/strong><\/a> Steinemann CVS otomatik imha \u00e7\u00f6z\u00fcmlerinin \u00fcretim verimlili\u011finizi nas\u0131l art\u0131rabilece\u011fini ve temiz, g\u00fcvenilir ve uygun maliyetli bir e\u011firme s\u00fcrecini nas\u0131l sa\u011flayabilece\u011fini \u00f6\u011frenmek i\u00e7in.<\/p>\t\t\t\t\t\t\t\t<\/div>\n\t\t\t\t<div class=\"elementor-element elementor-element-65f1339 elementor-widget elementor-widget-udesign_widget_button\" data-id=\"65f1339\" data-element_type=\"widget\" data-widget_type=\"udesign_widget_button.default\">\n\t\t\t\t\t<a class=\"btn btn-md btn-primary btn-icon btn-icon-left\" href=\"https:\/\/steinemann-cvs.ch\/tr\/urunler\/\" ><i class=\"fas fa-arrow-left\"><\/i><span >Geri d\u00f6n<\/span><\/a>\t\t\t\t<\/div>\n\t\t\t\t<div class=\"elementor-element elementor-element-02b5feb elementor-widget elementor-widget-spacer\" data-id=\"02b5feb\" data-element_type=\"widget\" data-widget_type=\"spacer.default\">\n\t\t\t\t\t\t\t<div class=\"elementor-spacer\">\n\t\t\t<div class=\"elementor-spacer-inner\"><\/div>\n\t\t<\/div>\n\t\t\t\t\t\t<\/div>\n\t\t\t\t\t\t<\/div>\r\n\t\t\t\t\r\n\t\t\t<\/div>\r\n\t\t\t\t\t\t<div class=\"elementor-element elementor-element-f400ee2 e-flex e-con-boxed e-con e-parent\" data-id=\"f400ee2\" data-element_type=\"container\">\r\n\t\t\t\t\t\t\t<div class=\"e-con-inner\">\r\n\t\t\t\t\t\t<div class=\"elementor-element elementor-element-016410d elementor-widget elementor-widget-udesign_widget_heading\" data-id=\"016410d\" data-element_type=\"widget\" data-widget_type=\"udesign_widget_heading.default\">\n\t\t\t\t\t<div class=\"title-wrapper  title-center\"><div class=\"title elementor-heading-title\">Sorular\u0131n\u0131z m\u0131 var?<\/div><\/div>\t\t\t\t<\/div>\n\t\t\t\t<div class=\"elementor-element elementor-element-b65cc68 elementor-widget__width-initial elementor-widget-mobile__width-initial elementor-widget-tablet__width-initial elementor-widget elementor-widget-udesign_widget_heading\" data-id=\"b65cc68\" data-element_type=\"widget\" data-widget_type=\"udesign_widget_heading.default\">\n\t\t\t\t\t<div class=\"title-wrapper  title-center\"><h2 class=\"title elementor-heading-title\">Yard\u0131m etmek i\u00e7in buraday\u0131z!<\/h2><\/div>\t\t\t\t<\/div>\n\t\t\t\t<div class=\"elementor-element elementor-element-2b2a434 elementor-widget elementor-widget-udesign_widget_contact_form\" data-id=\"2b2a434\" data-element_type=\"widget\" data-widget_type=\"udesign_widget_contact_form.default\">\n\t\t\t\t\t\n<div class=\"wpcf7 no-js\" id=\"wpcf7-f282-o1\" lang=\"en-US\" dir=\"ltr\" data-wpcf7-id=\"282\">\n<div class=\"screen-reader-response\"><p role=\"status\" aria-live=\"polite\" aria-atomic=\"true\"><\/p> <ul><\/ul><\/div>\n<form action=\"\/tr\/wp-json\/wp\/v2\/pages\/21399#wpcf7-f282-o1\" method=\"post\" class=\"wpcf7-form init\" aria-label=\"Contact form\" novalidate=\"novalidate\" data-status=\"init\" data-trp-original-action=\"\/tr\/wp-json\/wp\/v2\/pages\/21399#wpcf7-f282-o1\">\n<fieldset class=\"hidden-fields-container\"><input type=\"hidden\" name=\"_wpcf7\" value=\"282\" \/><input type=\"hidden\" name=\"_wpcf7_version\" value=\"6.1.5\" \/><input type=\"hidden\" name=\"_wpcf7_locale\" value=\"en_US\" \/><input type=\"hidden\" name=\"_wpcf7_unit_tag\" value=\"wpcf7-f282-o1\" \/><input type=\"hidden\" name=\"_wpcf7_container_post\" value=\"0\" \/><input type=\"hidden\" name=\"_wpcf7_posted_data_hash\" value=\"\" \/>\n<\/fieldset>\n<p><span class=\"wpcf7-form-control-wrap\" data-name=\"text-157\"><input size=\"40\" maxlength=\"400\" class=\"wpcf7-form-control wpcf7-text wpcf7-validates-as-required\" aria-required=\"true\" aria-invalid=\"false\" placeholder=\"Sizin ad\u0131n\u0131z\" value=\"\" type=\"text\" name=\"text-157\" \/><\/span>\n<\/p>\n<p><span class=\"wpcf7-form-control-wrap\" data-name=\"email-668\"><input size=\"40\" maxlength=\"400\" class=\"wpcf7-form-control wpcf7-email wpcf7-validates-as-required wpcf7-text wpcf7-validates-as-email\" aria-required=\"true\" aria-invalid=\"false\" placeholder=\"E-posta adresiniz\" value=\"\" type=\"email\" name=\"email-668\" \/><\/span>\n<\/p>\n<p class=\"mb-6\"><span class=\"wpcf7-form-control-wrap\" data-name=\"textarea-883\"><textarea cols=\"40\" rows=\"10\" maxlength=\"2000\" class=\"wpcf7-form-control wpcf7-textarea\" aria-invalid=\"false\" placeholder=\"Mesaj\u0131n\u0131z\" name=\"textarea-883\"><\/textarea><\/span>\n<\/p>\n<p><button type=\"submit\" class=\"btn\">Mesaj G\u00f6nder<i class=\"a-icon-long-arrow-right\"><\/i><\/button>\n<\/p><div class=\"wpcf7-response-output\" aria-hidden=\"true\"><\/div>\n<input type=\"hidden\" name=\"trp-form-language\" value=\"tr\"\/><\/form>\n<\/div>\n\t\t\t\t<\/div>\n\t\t\t\t\t\t<\/div>\r\n\t\t\t\t\r\n\t\t\t<\/div>\r\n\t\t\t\t\t\t<div class=\"elementor-element elementor-element-9ef5a6b e-flex e-con-boxed e-con e-parent\" data-id=\"9ef5a6b\" data-element_type=\"container\">\r\n\t\t\t\t\t\t\t<div class=\"e-con-inner\">\r\n\t\t\t\t\t\t\t\t<\/div>\r\n\t\t\t\t\r\n\t\t\t<\/div>\r\n\t\t\t\t\t<\/div>","protected":false},"excerpt":{"rendered":"<p>Why Choose Steinemann CVS Automatic disposal Modern spinning mills are highly capital-intensive, making maximum machine utilization essential. High-performance spinning machines require consistent production conditions to deliver optimal output. With Steinemann Central Vacuum Systems for automatic disposal, you ensure uninterrupted production, reduced downtime, and reliable waste logistics. Manual emptying is labor-intensive, inconsistent, and increases the risk [&hellip;]<\/p>\n","protected":false},"author":1,"featured_media":0,"parent":0,"menu_order":0,"comment_status":"closed","ping_status":"closed","template":"","meta":{"footnotes":""},"class_list":["post-21399","page","type-page","status-publish","hentry"],"yoast_head":"<!-- This site is optimized with the Yoast SEO plugin v27.4 - https:\/\/yoast.com\/product\/yoast-seo-wordpress\/ -->\n<title>Automatic Disposal \u2013 Steinemann CVS Central Vacuum Systems<\/title>\n<meta name=\"description\" content=\"Automate textile waste handling with Steinemann CVS. Ensure continuous production, fewer yarn breaks, lower costs and cleaner spinning mills.\" \/>\n<meta name=\"robots\" content=\"index, follow, max-snippet:-1, max-image-preview:large, max-video-preview:-1\" \/>\n<link rel=\"canonical\" href=\"https:\/\/steinemann-cvs.ch\/tr\/otomatik-bertaraf\/\" \/>\n<meta property=\"og:locale\" content=\"tr_TR\" \/>\n<meta property=\"og:type\" content=\"article\" \/>\n<meta property=\"og:title\" content=\"Automatic Disposal \u2013 Steinemann CVS Central Vacuum Systems\" \/>\n<meta property=\"og:description\" content=\"Automate textile waste handling with Steinemann CVS. Ensure continuous production, fewer yarn breaks, lower costs and cleaner spinning mills.\" \/>\n<meta property=\"og:url\" content=\"https:\/\/steinemann-cvs.ch\/tr\/otomatik-bertaraf\/\" \/>\n<meta property=\"og:site_name\" content=\"Steinemann CVS\" \/>\n<meta property=\"article:modified_time\" content=\"2025-11-05T12:31:10+00:00\" \/>\n<meta property=\"og:image\" content=\"https:\/\/steinemann-cvs.ch\/wp-content\/uploads\/2025\/09\/Disposal_logistics_OE_Spinning.png\" \/>\n<meta name=\"twitter:card\" content=\"summary_large_image\" \/>\n<meta name=\"twitter:label1\" content=\"Tahmini okuma s\u00fcresi\" \/>\n\t<meta name=\"twitter:data1\" content=\"2 dakika\" \/>\n<script type=\"application\/ld+json\" class=\"yoast-schema-graph\">{\"@context\":\"https:\\\/\\\/schema.org\",\"@graph\":[{\"@type\":\"WebPage\",\"@id\":\"https:\\\/\\\/steinemann-cvs.ch\\\/automatic-disposal\\\/\",\"url\":\"https:\\\/\\\/steinemann-cvs.ch\\\/automatic-disposal\\\/\",\"name\":\"Automatic Disposal \u2013 Steinemann CVS Central Vacuum Systems\",\"isPartOf\":{\"@id\":\"https:\\\/\\\/steinemann-cvs.ch\\\/#website\"},\"primaryImageOfPage\":{\"@id\":\"https:\\\/\\\/steinemann-cvs.ch\\\/automatic-disposal\\\/#primaryimage\"},\"image\":{\"@id\":\"https:\\\/\\\/steinemann-cvs.ch\\\/automatic-disposal\\\/#primaryimage\"},\"thumbnailUrl\":\"https:\\\/\\\/steinemann-cvs.ch\\\/wp-content\\\/uploads\\\/2025\\\/09\\\/Disposal_logistics_OE_Spinning.png\",\"datePublished\":\"2025-09-22T12:44:52+00:00\",\"dateModified\":\"2025-11-05T12:31:10+00:00\",\"description\":\"Automate textile waste handling with Steinemann CVS. Ensure continuous production, fewer yarn breaks, lower costs and cleaner spinning mills.\",\"breadcrumb\":{\"@id\":\"https:\\\/\\\/steinemann-cvs.ch\\\/automatic-disposal\\\/#breadcrumb\"},\"inLanguage\":\"tr\",\"potentialAction\":[{\"@type\":\"ReadAction\",\"target\":[\"https:\\\/\\\/steinemann-cvs.ch\\\/automatic-disposal\\\/\"]}]},{\"@type\":\"ImageObject\",\"inLanguage\":\"tr\",\"@id\":\"https:\\\/\\\/steinemann-cvs.ch\\\/automatic-disposal\\\/#primaryimage\",\"url\":\"https:\\\/\\\/steinemann-cvs.ch\\\/wp-content\\\/uploads\\\/2025\\\/09\\\/Disposal_logistics_OE_Spinning.png\",\"contentUrl\":\"https:\\\/\\\/steinemann-cvs.ch\\\/wp-content\\\/uploads\\\/2025\\\/09\\\/Disposal_logistics_OE_Spinning.png\"},{\"@type\":\"BreadcrumbList\",\"@id\":\"https:\\\/\\\/steinemann-cvs.ch\\\/automatic-disposal\\\/#breadcrumb\",\"itemListElement\":[{\"@type\":\"ListItem\",\"position\":1,\"name\":\"Home\",\"item\":\"https:\\\/\\\/steinemann-cvs.ch\\\/\"},{\"@type\":\"ListItem\",\"position\":2,\"name\":\"Automatic disposal\"}]},{\"@type\":\"WebSite\",\"@id\":\"https:\\\/\\\/steinemann-cvs.ch\\\/#website\",\"url\":\"https:\\\/\\\/steinemann-cvs.ch\\\/\",\"name\":\"Steinemann Central Vacuum Systems\",\"description\":\"\",\"publisher\":{\"@id\":\"https:\\\/\\\/steinemann-cvs.ch\\\/#organization\"},\"alternateName\":\"Steinemann CVS\",\"potentialAction\":[{\"@type\":\"SearchAction\",\"target\":{\"@type\":\"EntryPoint\",\"urlTemplate\":\"https:\\\/\\\/steinemann-cvs.ch\\\/?s={search_term_string}\"},\"query-input\":{\"@type\":\"PropertyValueSpecification\",\"valueRequired\":true,\"valueName\":\"search_term_string\"}}],\"inLanguage\":\"tr\"},{\"@type\":\"Organization\",\"@id\":\"https:\\\/\\\/steinemann-cvs.ch\\\/#organization\",\"name\":\"Steinemann Central Vacuum Systems\",\"alternateName\":\"Steinemann CVS\",\"url\":\"https:\\\/\\\/steinemann-cvs.ch\\\/\",\"logo\":{\"@type\":\"ImageObject\",\"inLanguage\":\"tr\",\"@id\":\"https:\\\/\\\/steinemann-cvs.ch\\\/#\\\/schema\\\/logo\\\/image\\\/\",\"url\":\"https:\\\/\\\/steinemann-cvs.ch\\\/wp-content\\\/uploads\\\/2025\\\/12\\\/CH_Steinemann_CSV_120_CMYK_POS.png\",\"contentUrl\":\"https:\\\/\\\/steinemann-cvs.ch\\\/wp-content\\\/uploads\\\/2025\\\/12\\\/CH_Steinemann_CSV_120_CMYK_POS.png\",\"width\":674,\"height\":114,\"caption\":\"Steinemann Central Vacuum Systems\"},\"image\":{\"@id\":\"https:\\\/\\\/steinemann-cvs.ch\\\/#\\\/schema\\\/logo\\\/image\\\/\"},\"sameAs\":[\"https:\\\/\\\/www.linkedin.com\\\/company\\\/steinemann-central-vacuum-systems-cvs\",\"https:\\\/\\\/www.youtube.com\\\/@steinemanncvs\"]}]}<\/script>\n<!-- \/ Yoast SEO plugin. -->","yoast_head_json":{"title":"Otomatik \u00c7\u00f6p \u00d6\u011f\u00fct\u00fcc\u00fc - Steinemann CVS Merkezi Vakum Sistemleri","description":"Steinemann CVS ile tekstil telefi i\u015flemeyi otomatikle\u015ftirin. S\u00fcrekli \u00fcretim, daha az iplik kopu\u015fu, daha d\u00fc\u015f\u00fck maliyetler ve daha temiz iplikhaneler sa\u011flay\u0131n.","robots":{"index":"index","follow":"follow","max-snippet":"max-snippet:-1","max-image-preview":"max-image-preview:large","max-video-preview":"max-video-preview:-1"},"canonical":"https:\/\/steinemann-cvs.ch\/tr\/otomatik-bertaraf\/","og_locale":"tr_TR","og_type":"article","og_title":"Automatic Disposal \u2013 Steinemann CVS Central Vacuum Systems","og_description":"Automate textile waste handling with Steinemann CVS. Ensure continuous production, fewer yarn breaks, lower costs and cleaner spinning mills.","og_url":"https:\/\/steinemann-cvs.ch\/tr\/otomatik-bertaraf\/","og_site_name":"Steinemann CVS","article_modified_time":"2025-11-05T12:31:10+00:00","og_image":[{"url":"https:\/\/steinemann-cvs.ch\/wp-content\/uploads\/2025\/09\/Disposal_logistics_OE_Spinning.png","type":"","width":"","height":""}],"twitter_card":"summary_large_image","twitter_misc":{"Tahmini okuma s\u00fcresi":"2 dakika"},"schema":{"@context":"https:\/\/schema.org","@graph":[{"@type":"WebPage","@id":"https:\/\/steinemann-cvs.ch\/automatic-disposal\/","url":"https:\/\/steinemann-cvs.ch\/automatic-disposal\/","name":"Otomatik \u00c7\u00f6p \u00d6\u011f\u00fct\u00fcc\u00fc - Steinemann CVS Merkezi Vakum Sistemleri","isPartOf":{"@id":"https:\/\/steinemann-cvs.ch\/#website"},"primaryImageOfPage":{"@id":"https:\/\/steinemann-cvs.ch\/automatic-disposal\/#primaryimage"},"image":{"@id":"https:\/\/steinemann-cvs.ch\/automatic-disposal\/#primaryimage"},"thumbnailUrl":"https:\/\/steinemann-cvs.ch\/wp-content\/uploads\/2025\/09\/Disposal_logistics_OE_Spinning.png","datePublished":"2025-09-22T12:44:52+00:00","dateModified":"2025-11-05T12:31:10+00:00","description":"Steinemann CVS ile tekstil telefi i\u015flemeyi otomatikle\u015ftirin. S\u00fcrekli \u00fcretim, daha az iplik kopu\u015fu, daha d\u00fc\u015f\u00fck maliyetler ve daha temiz iplikhaneler sa\u011flay\u0131n.","breadcrumb":{"@id":"https:\/\/steinemann-cvs.ch\/automatic-disposal\/#breadcrumb"},"inLanguage":"tr","potentialAction":[{"@type":"ReadAction","target":["https:\/\/steinemann-cvs.ch\/automatic-disposal\/"]}]},{"@type":"ImageObject","inLanguage":"tr","@id":"https:\/\/steinemann-cvs.ch\/automatic-disposal\/#primaryimage","url":"https:\/\/steinemann-cvs.ch\/wp-content\/uploads\/2025\/09\/Disposal_logistics_OE_Spinning.png","contentUrl":"https:\/\/steinemann-cvs.ch\/wp-content\/uploads\/2025\/09\/Disposal_logistics_OE_Spinning.png"},{"@type":"BreadcrumbList","@id":"https:\/\/steinemann-cvs.ch\/automatic-disposal\/#breadcrumb","itemListElement":[{"@type":"ListItem","position":1,"name":"Home","item":"https:\/\/steinemann-cvs.ch\/"},{"@type":"ListItem","position":2,"name":"Automatic disposal"}]},{"@type":"WebSite","@id":"https:\/\/steinemann-cvs.ch\/#website","url":"https:\/\/steinemann-cvs.ch\/","name":"Steinemann Merkezi Vakum Sistemleri","description":"","publisher":{"@id":"https:\/\/steinemann-cvs.ch\/#organization"},"alternateName":"Steinemann CVS","potentialAction":[{"@type":"SearchAction","target":{"@type":"EntryPoint","urlTemplate":"https:\/\/steinemann-cvs.ch\/?s={search_term_string}"},"query-input":{"@type":"PropertyValueSpecification","valueRequired":true,"valueName":"search_term_string"}}],"inLanguage":"tr"},{"@type":"Organization","@id":"https:\/\/steinemann-cvs.ch\/#organization","name":"Steinemann Merkezi Vakum Sistemleri","alternateName":"Steinemann CVS","url":"https:\/\/steinemann-cvs.ch\/","logo":{"@type":"ImageObject","inLanguage":"tr","@id":"https:\/\/steinemann-cvs.ch\/#\/schema\/logo\/image\/","url":"https:\/\/steinemann-cvs.ch\/wp-content\/uploads\/2025\/12\/CH_Steinemann_CSV_120_CMYK_POS.png","contentUrl":"https:\/\/steinemann-cvs.ch\/wp-content\/uploads\/2025\/12\/CH_Steinemann_CSV_120_CMYK_POS.png","width":674,"height":114,"caption":"Steinemann Central Vacuum Systems"},"image":{"@id":"https:\/\/steinemann-cvs.ch\/#\/schema\/logo\/image\/"},"sameAs":["https:\/\/www.linkedin.com\/company\/steinemann-central-vacuum-systems-cvs","https:\/\/www.youtube.com\/@steinemanncvs"]}]}},"_links":{"self":[{"href":"https:\/\/steinemann-cvs.ch\/tr\/wp-json\/wp\/v2\/pages\/21399","targetHints":{"allow":["GET"]}}],"collection":[{"href":"https:\/\/steinemann-cvs.ch\/tr\/wp-json\/wp\/v2\/pages"}],"about":[{"href":"https:\/\/steinemann-cvs.ch\/tr\/wp-json\/wp\/v2\/types\/page"}],"author":[{"embeddable":true,"href":"https:\/\/steinemann-cvs.ch\/tr\/wp-json\/wp\/v2\/users\/1"}],"replies":[{"embeddable":true,"href":"https:\/\/steinemann-cvs.ch\/tr\/wp-json\/wp\/v2\/comments?post=21399"}],"version-history":[{"count":11,"href":"https:\/\/steinemann-cvs.ch\/tr\/wp-json\/wp\/v2\/pages\/21399\/revisions"}],"predecessor-version":[{"id":21618,"href":"https:\/\/steinemann-cvs.ch\/tr\/wp-json\/wp\/v2\/pages\/21399\/revisions\/21618"}],"wp:attachment":[{"href":"https:\/\/steinemann-cvs.ch\/tr\/wp-json\/wp\/v2\/media?parent=21399"}],"curies":[{"name":"wp","href":"https:\/\/api.w.org\/{rel}","templated":true}]}}