{"id":21390,"date":"2025-09-22T12:40:54","date_gmt":"2025-09-22T12:40:54","guid":{"rendered":"https:\/\/steinemann-cvs.ch\/?page_id=21390"},"modified":"2025-11-05T12:44:55","modified_gmt":"2025-11-05T12:44:55","slug":"manuel-temizlik","status":"publish","type":"page","link":"https:\/\/steinemann-cvs.ch\/tr\/manual-cleaning\/","title":{"rendered":"Manuel Temizlik"},"content":{"rendered":"<div data-elementor-type=\"wp-page\" data-elementor-id=\"21390\" class=\"elementor elementor-21390\">\n\t\t\t\t\t\t\t<div class=\"elementor-element elementor-element-ea9237f e-flex e-con-boxed e-con e-parent\" data-id=\"ea9237f\" data-element_type=\"container\">\r\n\t\t\t\t\t\t\t<div class=\"e-con-inner\">\r\n\t\t\t\t\t\t<div class=\"elementor-element elementor-element-4299853 elementor-widget elementor-widget-udesign_widget_heading\" data-id=\"4299853\" data-element_type=\"widget\" data-widget_type=\"udesign_widget_heading.default\">\n\t\t\t\t\t<div class=\"title-wrapper  title-center\"><div class=\"title elementor-heading-title\">Neden Steinemann CVS'yi Se\u00e7melisiniz<\/div><\/div>\t\t\t\t<\/div>\n\t\t\t\t<div class=\"elementor-element elementor-element-10930eb elementor-widget__width-initial elementor-widget-mobile__width-initial elementor-widget-tablet__width-initial elementor-widget elementor-widget-udesign_widget_heading\" data-id=\"10930eb\" data-element_type=\"widget\" data-widget_type=\"udesign_widget_heading.default\">\n\t\t\t\t\t<div class=\"title-wrapper  title-center\"><h2 class=\"title elementor-heading-title\">Manuel temizlik<\/h2><\/div>\t\t\t\t<\/div>\n\t\t\t\t<div class=\"elementor-element elementor-element-f6d0787 elementor-widget elementor-widget-text-editor\" data-id=\"f6d0787\" data-element_type=\"widget\" data-widget_type=\"text-editor.default\">\n\t\t\t\t\t\t\t\t\t<p data-start=\"360\" data-end=\"604\">Modern klima ve ek temizleme \u00fcniteleri olsa bile, tekstil \u00fcretim makineleri h\u0131zla toz, ve elyaf at\u0131\u011f\u0131 biriktirir. \u00dcr\u00fcn kalitesini, \u00fcretkenli\u011fi ve makine verimlili\u011fini korumak i\u00e7in d\u00fczenli manuel temizlik \u015fartt\u0131r.<\/p><p data-start=\"606\" data-end=\"881\">Pahal\u0131 bas\u0131n\u00e7l\u0131 hava temizli\u011fine g\u00fcvenmek s\u00fcrd\u00fcr\u00fclebilir bir alternatif de\u011fildir. Sadece at\u0131klar\u0131 bir yerden ba\u015fka bir yere ta\u015f\u0131r, kontaminasyon risklerini ve bak\u0131m maliyetlerini art\u0131r\u0131r. Verimli, g\u00fcvenli ve ekonomik \u00e7\u00f6z\u00fcm Steinemann CVS'nin Merkezi Vakum Sistemidir.<\/p><p data-start=\"883\" data-end=\"1227\">Elyaf ve toz giderimi i\u00e7in Steinemann Merkezi Vakum Sistemi ile tekstil makinesinin manuel temizli\u011fini yapan i\u015f\u00e7i.<br data-start=\"1001\" data-end=\"1004\" \/>\u0130plikhanede tekstil makinelerindeki toz ve elyaf\u0131 vakum ba\u015fl\u0131\u011f\u0131 ile temizleyen manuel temizleme sol\u00fcsyonunun yak\u0131n \u00e7ekimi.<br data-start=\"1125\" data-end=\"1128\" \/>Tekstil fabrikalar\u0131nda otomatik elyaf ve iplik telefi uzakla\u015ft\u0131rma i\u00e7in Steinemann CVS s\u00fcp\u00fcrme noktas\u0131 sistemi.<\/p>\t\t\t\t\t\t\t\t<\/div>\n\t\t\t\t<div class=\"elementor-element elementor-element-e5d2303 elementor-widget elementor-widget-udesign_widget_imagegallery\" data-id=\"e5d2303\" data-element_type=\"widget\" data-widget_type=\"udesign_widget_imagegallery.default\">\n\t\t\t\t<div class=\"elementor-widget-container\">\n\t\t\t\t\t\r\n<ul class=\"image-gallery use_lightbox row cols-lg-3 cols-md-3 cols-sm-2 cols-2\">\r\n\t<li class=\"\">\t\t<div class=\"image-gallery-item\">\r\n\t\t<a href=\"https:\/\/steinemann-cvs.ch\/wp-content\/uploads\/2025\/09\/Manual_Cleaning.png\" aria-label=\"\u0645\u0639\u0631\u0636 \u0627\u0644\u0635\u0648\u0631\" data-no-translation-aria-label=\"\"><\/a>\t\t<figure class=\"grid-item image-wrap\">\r\n\t\t\t<img fetchpriority=\"high\" decoding=\"async\" width=\"1200\" height=\"1200\" src=\"https:\/\/steinemann-cvs.ch\/wp-content\/uploads\/2025\/09\/Manual_Cleaning.png\" class=\"attachment-full size-full\" alt=\"Elyaf ve toz giderimi i\u00e7in Steinemann Merkezi Vakum Sistemi ile tekstil makinesinin manuel temizli\u011fini yapan i\u015f\u00e7i.\" srcset=\"https:\/\/steinemann-cvs.ch\/wp-content\/uploads\/2025\/09\/Manual_Cleaning.png 1200w, https:\/\/steinemann-cvs.ch\/wp-content\/uploads\/2025\/09\/Manual_Cleaning-1024x1024.png 1024w, https:\/\/steinemann-cvs.ch\/wp-content\/uploads\/2025\/09\/Manual_Cleaning-768x768.png 768w\" sizes=\"(max-width: 1200px) 100vw, 1200px\" \/>\t\t<\/figure>\r\n\t\t<\/div>\r\n\t\t<\/li><li class=\"\">\t\t<div class=\"image-gallery-item\">\r\n\t\t<a href=\"https:\/\/steinemann-cvs.ch\/wp-content\/uploads\/2025\/09\/manual_cleaning_solution_in_Spinning.png\" aria-label=\"\u0645\u0639\u0631\u0636 \u0627\u0644\u0635\u0648\u0631\" data-no-translation-aria-label=\"\"><\/a>\t\t<figure class=\"grid-item image-wrap\">\r\n\t\t\t<img decoding=\"async\" width=\"961\" height=\"961\" src=\"https:\/\/steinemann-cvs.ch\/wp-content\/uploads\/2025\/09\/manual_cleaning_solution_in_Spinning.png\" class=\"attachment-full size-full\" alt=\"\u0130plikhanede tekstil makinelerindeki toz ve elyaf\u0131 vakum ba\u015fl\u0131\u011f\u0131 ile temizleyen manuel temizleme sol\u00fcsyonunun yak\u0131n \u00e7ekimi.\" srcset=\"https:\/\/steinemann-cvs.ch\/wp-content\/uploads\/2025\/09\/manual_cleaning_solution_in_Spinning.png 961w, https:\/\/steinemann-cvs.ch\/wp-content\/uploads\/2025\/09\/manual_cleaning_solution_in_Spinning-768x768.png 768w\" sizes=\"(max-width: 961px) 100vw, 961px\" \/>\t\t<\/figure>\r\n\t\t<\/div>\r\n\t\t<\/li><li class=\"\">\t\t<div class=\"image-gallery-item\">\r\n\t\t<a href=\"https:\/\/steinemann-cvs.ch\/wp-content\/uploads\/2025\/09\/Sweeping-Point.png\" aria-label=\"\u0645\u0639\u0631\u0636 \u0627\u0644\u0635\u0648\u0631\" data-no-translation-aria-label=\"\"><\/a>\t\t<figure class=\"grid-item image-wrap\">\r\n\t\t\t<img decoding=\"async\" width=\"1200\" height=\"1200\" src=\"https:\/\/steinemann-cvs.ch\/wp-content\/uploads\/2025\/09\/Sweeping-Point.png\" class=\"attachment-full size-full\" alt=\"Tekstil fabrikalar\u0131nda otomatik elyaf ve iplik telefi uzakla\u015ft\u0131rma i\u00e7in Steinemann CVS s\u00fcp\u00fcrme noktas\u0131 sistemi.\" srcset=\"https:\/\/steinemann-cvs.ch\/wp-content\/uploads\/2025\/09\/Sweeping-Point.png 1200w, https:\/\/steinemann-cvs.ch\/wp-content\/uploads\/2025\/09\/Sweeping-Point-1024x1024.png 1024w, https:\/\/steinemann-cvs.ch\/wp-content\/uploads\/2025\/09\/Sweeping-Point-768x768.png 768w\" sizes=\"(max-width: 1200px) 100vw, 1200px\" \/>\t\t<\/figure>\r\n\t\t<\/div>\r\n\t\t<\/li><\/ul>\r\n\r\n\t\t\t\t\t<\/div>\n\t\t\t\t<\/div>\n\t\t\t\t<div class=\"elementor-element elementor-element-d4c3ba8 elementor-widget elementor-widget-text-editor\" data-id=\"d4c3ba8\" data-element_type=\"widget\" data-widget_type=\"text-editor.default\">\n\t\t\t\t\t\t\t\t\t<h3 data-start=\"845\" data-end=\"876\">\u00a0<\/h3><h3 data-start=\"845\" data-end=\"876\">Kan\u0131tlanm\u0131\u015f m\u00fc\u015fteri faydalar\u0131:<\/h3><ul data-start=\"877\" data-end=\"1073\"><li data-start=\"877\" data-end=\"910\"><p data-start=\"879\" data-end=\"910\"><strong data-start=\"879\" data-end=\"908\">+3-5% daha y\u00fcksek verimlilik<\/strong><\/p><\/li><li data-start=\"911\" data-end=\"943\"><p data-start=\"913\" data-end=\"943\"><strong data-start=\"913\" data-end=\"941\">Daha d\u00fc\u015f\u00fck enerji t\u00fcketimi<\/strong><\/p><\/li><li data-start=\"944\" data-end=\"995\"><p data-start=\"946\" data-end=\"995\"><strong data-start=\"946\" data-end=\"993\">Azalt\u0131lm\u0131\u015f \u00fcretim duru\u015f s\u00fcresi ve bak\u0131m<\/strong><\/p><\/li><li data-start=\"996\" data-end=\"1032\"><p data-start=\"998\" data-end=\"1032\"><strong data-start=\"998\" data-end=\"1030\">Uzat\u0131lm\u0131\u015f yedek par\u00e7a \u00f6mr\u00fc<\/strong><\/p><\/li><li data-start=\"1033\" data-end=\"1073\"><p data-start=\"1035\" data-end=\"1073\"><strong data-start=\"1035\" data-end=\"1071\">Geli\u015ftirilmi\u015f genel \u00fcr\u00fcn kalitesi<\/strong><\/p><\/li><\/ul><h3 data-start=\"1075\" data-end=\"1099\">\u00a0<\/h3><h3 data-start=\"1075\" data-end=\"1099\">Sistem avantajlar\u0131:<\/h3><ul data-start=\"1100\" data-end=\"1376\"><li data-start=\"1100\" data-end=\"1140\"><p data-start=\"1102\" data-end=\"1140\">Kolay kullan\u0131m ve g\u00fcvenilir \u00e7al\u0131\u015fma<\/p><\/li><li data-start=\"1141\" data-end=\"1185\"><p data-start=\"1143\" data-end=\"1185\">S\u00fcrekli kullan\u0131m i\u00e7in geni\u015f filtre kapasitesi<\/p><\/li><li data-start=\"1186\" data-end=\"1212\"><p data-start=\"1188\" data-end=\"1212\">D\u00fc\u015f\u00fck enerji t\u00fcketimi<\/p><\/li><li data-start=\"1213\" data-end=\"1249\"><p data-start=\"1215\" data-end=\"1249\">Minimum bak\u0131m gereksinimi<\/p><\/li><li data-start=\"1250\" data-end=\"1284\"><p data-start=\"1252\" data-end=\"1284\">Optimize edilmi\u015f temizlik performans\u0131<\/p><\/li><li data-start=\"1285\" data-end=\"1335\"><p data-start=\"1287\" data-end=\"1335\">Kompakt boru a\u011flar\u0131 ile basit kurulum<\/p><\/li><li data-start=\"1336\" data-end=\"1376\"><p data-start=\"1338\" data-end=\"1376\">Her zaman geni\u015fletilebilir ve uyarlanabilir<\/p><\/li><\/ul><p>Ayr\u0131ca Steinemann CVS manuel temizlik sistemleri, en zorlu \u00fcretim ortamlar\u0131nda bile tutarl\u0131 performans sa\u011flamak \u00fczere tasarlanm\u0131\u015ft\u0131r. Y\u00fcksek emi\u015f g\u00fcc\u00fc ve sa\u011flam yap\u0131s\u0131, operat\u00f6rlerin \u00fcretim ak\u0131\u015f\u0131n\u0131 aksatmadan makinelerden, zeminlerden ve ula\u015f\u0131lmas\u0131 zor alanlardan toz ve lifleri etkili bir \u015fekilde temizlemesini sa\u011flar. Ergonomik olarak tasarlanm\u0131\u015f temizlik aletleri, uzun vardiyalar s\u0131ras\u0131nda konfor ve verimlilik sa\u011flar. Sistemin mod\u00fcler yap\u0131s\u0131, ister tek bir i\u015f istasyonu ister t\u00fcm \u00fcretim holleri i\u00e7in olsun, esnek geni\u015fletmeye olanak tan\u0131r. Havadaki liflerin ve toz birikiminin azalt\u0131lmas\u0131yla hava kalitesi iyile\u015ftirilerek daha sa\u011fl\u0131kl\u0131 ve g\u00fcvenli bir \u00e7al\u0131\u015fma ortam\u0131na katk\u0131da bulunulur. Dahas\u0131, daha az kirlenme daha az kusur, daha temiz bitmi\u015f \u00fcr\u00fcnler ve hassas bile\u015fenler ve sens\u00f6rler i\u00e7in daha uzun hizmet \u00f6mr\u00fc anlam\u0131na gelir. Steinemann CVS ile manuel temizlik daha h\u0131zl\u0131, daha g\u00fcvenli ve daha s\u00fcrd\u00fcr\u00fclebilir hale gelir ve uzun vadeli \u00fcretim verimlili\u011fi i\u00e7in ak\u0131ll\u0131 bir yat\u0131r\u0131md\u0131r.<\/p><p data-start=\"1378\" data-end=\"1548\">\ud83d\udc49 <a href=\"https:\/\/steinemann-cvs.ch\/tr\/bize-ulasin\/\"><strong data-start=\"1381\" data-end=\"1401\">Bug\u00fcn bize ula\u015f\u0131n<\/strong><\/a> ihtiya\u00e7lar\u0131n\u0131z\u0131 g\u00f6r\u00fc\u015fmek i\u00e7in. Bir Steinemann CVS \u00e7\u00f6z\u00fcm\u00fc \u00fcretiminizi optimize edebilir ve fabrikan\u0131z\u0131 temiz, verimli ve uygun maliyetli tutabilir.<\/p>\t\t\t\t\t\t\t\t<\/div>\n\t\t\t\t<div class=\"elementor-element elementor-element-65f1339 elementor-widget elementor-widget-udesign_widget_button\" data-id=\"65f1339\" data-element_type=\"widget\" data-widget_type=\"udesign_widget_button.default\">\n\t\t\t\t\t<a class=\"btn btn-md btn-primary btn-icon btn-icon-left\" href=\"https:\/\/steinemann-cvs.ch\/tr\/urunler\/\" ><i class=\"fas fa-arrow-left\"><\/i><span >Geri d\u00f6n<\/span><\/a>\t\t\t\t<\/div>\n\t\t\t\t<div class=\"elementor-element elementor-element-02b5feb elementor-widget elementor-widget-spacer\" data-id=\"02b5feb\" data-element_type=\"widget\" data-widget_type=\"spacer.default\">\n\t\t\t\t\t\t\t<div class=\"elementor-spacer\">\n\t\t\t<div class=\"elementor-spacer-inner\"><\/div>\n\t\t<\/div>\n\t\t\t\t\t\t<\/div>\n\t\t\t\t\t\t<\/div>\r\n\t\t\t\t\r\n\t\t\t<\/div>\r\n\t\t\t\t\t\t<div class=\"elementor-element elementor-element-f400ee2 e-flex e-con-boxed e-con e-parent\" data-id=\"f400ee2\" data-element_type=\"container\">\r\n\t\t\t\t\t\t\t<div class=\"e-con-inner\">\r\n\t\t\t\t\t\t<div class=\"elementor-element elementor-element-016410d elementor-widget elementor-widget-udesign_widget_heading\" data-id=\"016410d\" data-element_type=\"widget\" data-widget_type=\"udesign_widget_heading.default\">\n\t\t\t\t\t<div class=\"title-wrapper  title-center\"><div class=\"title elementor-heading-title\">Sorular\u0131n\u0131z m\u0131 var?<\/div><\/div>\t\t\t\t<\/div>\n\t\t\t\t<div class=\"elementor-element elementor-element-b65cc68 elementor-widget__width-initial elementor-widget-mobile__width-initial elementor-widget-tablet__width-initial elementor-widget elementor-widget-udesign_widget_heading\" data-id=\"b65cc68\" data-element_type=\"widget\" data-widget_type=\"udesign_widget_heading.default\">\n\t\t\t\t\t<div class=\"title-wrapper  title-center\"><h2 class=\"title elementor-heading-title\">Yard\u0131m etmek i\u00e7in buraday\u0131z!<\/h2><\/div>\t\t\t\t<\/div>\n\t\t\t\t<div class=\"elementor-element elementor-element-2b2a434 elementor-widget elementor-widget-udesign_widget_contact_form\" data-id=\"2b2a434\" data-element_type=\"widget\" data-widget_type=\"udesign_widget_contact_form.default\">\n\t\t\t\t\t\n<div class=\"wpcf7 no-js\" id=\"wpcf7-f282-o1\" lang=\"en-US\" dir=\"ltr\" data-wpcf7-id=\"282\">\n<div class=\"screen-reader-response\"><p role=\"status\" aria-live=\"polite\" aria-atomic=\"true\"><\/p> <ul><\/ul><\/div>\n<form action=\"\/tr\/wp-json\/wp\/v2\/pages\/21390#wpcf7-f282-o1\" method=\"post\" class=\"wpcf7-form init\" aria-label=\"Contact form\" novalidate=\"novalidate\" data-status=\"init\" data-trp-original-action=\"\/tr\/wp-json\/wp\/v2\/pages\/21390#wpcf7-f282-o1\">\n<fieldset class=\"hidden-fields-container\"><input type=\"hidden\" name=\"_wpcf7\" value=\"282\" \/><input type=\"hidden\" name=\"_wpcf7_version\" value=\"6.1.5\" \/><input type=\"hidden\" name=\"_wpcf7_locale\" value=\"en_US\" \/><input type=\"hidden\" name=\"_wpcf7_unit_tag\" value=\"wpcf7-f282-o1\" \/><input type=\"hidden\" name=\"_wpcf7_container_post\" value=\"0\" \/><input type=\"hidden\" name=\"_wpcf7_posted_data_hash\" value=\"\" \/>\n<\/fieldset>\n<p><span class=\"wpcf7-form-control-wrap\" data-name=\"text-157\"><input size=\"40\" maxlength=\"400\" class=\"wpcf7-form-control wpcf7-text wpcf7-validates-as-required\" aria-required=\"true\" aria-invalid=\"false\" placeholder=\"Sizin ad\u0131n\u0131z\" value=\"\" type=\"text\" name=\"text-157\" \/><\/span>\n<\/p>\n<p><span class=\"wpcf7-form-control-wrap\" data-name=\"email-668\"><input size=\"40\" maxlength=\"400\" class=\"wpcf7-form-control wpcf7-email wpcf7-validates-as-required wpcf7-text wpcf7-validates-as-email\" aria-required=\"true\" aria-invalid=\"false\" placeholder=\"E-posta adresiniz\" value=\"\" type=\"email\" name=\"email-668\" \/><\/span>\n<\/p>\n<p class=\"mb-6\"><span class=\"wpcf7-form-control-wrap\" data-name=\"textarea-883\"><textarea cols=\"40\" rows=\"10\" maxlength=\"2000\" class=\"wpcf7-form-control wpcf7-textarea\" aria-invalid=\"false\" placeholder=\"Mesaj\u0131n\u0131z\" name=\"textarea-883\"><\/textarea><\/span>\n<\/p>\n<p><button type=\"submit\" class=\"btn\">Mesaj G\u00f6nder<i class=\"a-icon-long-arrow-right\"><\/i><\/button>\n<\/p><div class=\"wpcf7-response-output\" aria-hidden=\"true\"><\/div>\n<input type=\"hidden\" name=\"trp-form-language\" value=\"tr\"\/><\/form>\n<\/div>\n\t\t\t\t<\/div>\n\t\t\t\t\t\t<\/div>\r\n\t\t\t\t\r\n\t\t\t<\/div>\r\n\t\t\t\t\t\t<div class=\"elementor-element elementor-element-9ef5a6b e-flex e-con-boxed e-con e-parent\" data-id=\"9ef5a6b\" data-element_type=\"container\">\r\n\t\t\t\t\t\t\t<div class=\"e-con-inner\">\r\n\t\t\t\t\t\t\t\t<\/div>\r\n\t\t\t\t\r\n\t\t\t<\/div>\r\n\t\t\t\t\t<\/div>","protected":false},"excerpt":{"rendered":"<p>Why Choose Steinemann CVS Manual cleaning Even with modern air conditioning and additional cleaning units, textile production machines quickly accumulate dust, lint, and fiber waste. Regular manual cleaning is essential to maintain product quality, productivity, and machine efficiency. Relying on expensive compressed air cleaning is not a sustainable alternative. It only shifts the waste from [&hellip;]<\/p>\n","protected":false},"author":1,"featured_media":0,"parent":0,"menu_order":0,"comment_status":"closed","ping_status":"closed","template":"","meta":{"footnotes":""},"class_list":["post-21390","page","type-page","status-publish","hentry"],"yoast_head":"<!-- This site is optimized with the Yoast SEO plugin v27.4 - https:\/\/yoast.com\/product\/yoast-seo-wordpress\/ -->\n<title>Manual Cleaning textile production | Steinemann CVS<\/title>\n<meta name=\"description\" content=\"Steinemann Central Vacuum Systems manual cleaning keeps textile mills efficient - less downtime, lower costs and cleaner production.\" \/>\n<meta name=\"robots\" content=\"index, follow, max-snippet:-1, max-image-preview:large, max-video-preview:-1\" \/>\n<link rel=\"canonical\" href=\"https:\/\/steinemann-cvs.ch\/tr\/manuel-temizlik\/\" \/>\n<meta property=\"og:locale\" content=\"tr_TR\" \/>\n<meta property=\"og:type\" content=\"article\" \/>\n<meta property=\"og:title\" content=\"Manual Cleaning textile production | Steinemann CVS\" \/>\n<meta property=\"og:description\" content=\"Steinemann Central Vacuum Systems manual cleaning keeps textile mills efficient - less downtime, lower costs and cleaner production.\" \/>\n<meta property=\"og:url\" content=\"https:\/\/steinemann-cvs.ch\/tr\/manuel-temizlik\/\" \/>\n<meta property=\"og:site_name\" content=\"Steinemann CVS\" \/>\n<meta property=\"article:modified_time\" content=\"2025-11-05T12:44:55+00:00\" \/>\n<meta property=\"og:image\" content=\"https:\/\/steinemann-cvs.ch\/wp-content\/uploads\/2025\/09\/Manual_Cleaning.png\" \/>\n<meta name=\"twitter:card\" content=\"summary_large_image\" \/>\n<meta name=\"twitter:label1\" content=\"Tahmini okuma s\u00fcresi\" \/>\n\t<meta name=\"twitter:data1\" content=\"3 dakika\" \/>\n<script type=\"application\/ld+json\" class=\"yoast-schema-graph\">{\"@context\":\"https:\\\/\\\/schema.org\",\"@graph\":[{\"@type\":\"WebPage\",\"@id\":\"https:\\\/\\\/steinemann-cvs.ch\\\/manual-cleaning\\\/\",\"url\":\"https:\\\/\\\/steinemann-cvs.ch\\\/manual-cleaning\\\/\",\"name\":\"Manual Cleaning textile production | Steinemann CVS\",\"isPartOf\":{\"@id\":\"https:\\\/\\\/steinemann-cvs.ch\\\/#website\"},\"primaryImageOfPage\":{\"@id\":\"https:\\\/\\\/steinemann-cvs.ch\\\/manual-cleaning\\\/#primaryimage\"},\"image\":{\"@id\":\"https:\\\/\\\/steinemann-cvs.ch\\\/manual-cleaning\\\/#primaryimage\"},\"thumbnailUrl\":\"https:\\\/\\\/steinemann-cvs.ch\\\/wp-content\\\/uploads\\\/2025\\\/09\\\/Manual_Cleaning.png\",\"datePublished\":\"2025-09-22T12:40:54+00:00\",\"dateModified\":\"2025-11-05T12:44:55+00:00\",\"description\":\"Steinemann Central Vacuum Systems manual cleaning keeps textile mills efficient - less downtime, lower costs and cleaner production.\",\"breadcrumb\":{\"@id\":\"https:\\\/\\\/steinemann-cvs.ch\\\/manual-cleaning\\\/#breadcrumb\"},\"inLanguage\":\"tr\",\"potentialAction\":[{\"@type\":\"ReadAction\",\"target\":[\"https:\\\/\\\/steinemann-cvs.ch\\\/manual-cleaning\\\/\"]}]},{\"@type\":\"ImageObject\",\"inLanguage\":\"tr\",\"@id\":\"https:\\\/\\\/steinemann-cvs.ch\\\/manual-cleaning\\\/#primaryimage\",\"url\":\"https:\\\/\\\/steinemann-cvs.ch\\\/wp-content\\\/uploads\\\/2025\\\/09\\\/Manual_Cleaning.png\",\"contentUrl\":\"https:\\\/\\\/steinemann-cvs.ch\\\/wp-content\\\/uploads\\\/2025\\\/09\\\/Manual_Cleaning.png\"},{\"@type\":\"BreadcrumbList\",\"@id\":\"https:\\\/\\\/steinemann-cvs.ch\\\/manual-cleaning\\\/#breadcrumb\",\"itemListElement\":[{\"@type\":\"ListItem\",\"position\":1,\"name\":\"Home\",\"item\":\"https:\\\/\\\/steinemann-cvs.ch\\\/\"},{\"@type\":\"ListItem\",\"position\":2,\"name\":\"Manual Cleaning\"}]},{\"@type\":\"WebSite\",\"@id\":\"https:\\\/\\\/steinemann-cvs.ch\\\/#website\",\"url\":\"https:\\\/\\\/steinemann-cvs.ch\\\/\",\"name\":\"Steinemann Central Vacuum Systems\",\"description\":\"\",\"publisher\":{\"@id\":\"https:\\\/\\\/steinemann-cvs.ch\\\/#organization\"},\"alternateName\":\"Steinemann CVS\",\"potentialAction\":[{\"@type\":\"SearchAction\",\"target\":{\"@type\":\"EntryPoint\",\"urlTemplate\":\"https:\\\/\\\/steinemann-cvs.ch\\\/?s={search_term_string}\"},\"query-input\":{\"@type\":\"PropertyValueSpecification\",\"valueRequired\":true,\"valueName\":\"search_term_string\"}}],\"inLanguage\":\"tr\"},{\"@type\":\"Organization\",\"@id\":\"https:\\\/\\\/steinemann-cvs.ch\\\/#organization\",\"name\":\"Steinemann Central Vacuum Systems\",\"alternateName\":\"Steinemann CVS\",\"url\":\"https:\\\/\\\/steinemann-cvs.ch\\\/\",\"logo\":{\"@type\":\"ImageObject\",\"inLanguage\":\"tr\",\"@id\":\"https:\\\/\\\/steinemann-cvs.ch\\\/#\\\/schema\\\/logo\\\/image\\\/\",\"url\":\"https:\\\/\\\/steinemann-cvs.ch\\\/wp-content\\\/uploads\\\/2025\\\/12\\\/CH_Steinemann_CSV_120_CMYK_POS.png\",\"contentUrl\":\"https:\\\/\\\/steinemann-cvs.ch\\\/wp-content\\\/uploads\\\/2025\\\/12\\\/CH_Steinemann_CSV_120_CMYK_POS.png\",\"width\":674,\"height\":114,\"caption\":\"Steinemann Central Vacuum Systems\"},\"image\":{\"@id\":\"https:\\\/\\\/steinemann-cvs.ch\\\/#\\\/schema\\\/logo\\\/image\\\/\"},\"sameAs\":[\"https:\\\/\\\/www.linkedin.com\\\/company\\\/steinemann-central-vacuum-systems-cvs\",\"https:\\\/\\\/www.youtube.com\\\/@steinemanncvs\"]}]}<\/script>\n<!-- \/ Yoast SEO plugin. -->","yoast_head_json":{"title":"Manuel Temizleme tekstil \u00fcretimi | Steinemann CVS","description":"Steinemann Merkezi Vakum Sistemleri manuel temizlik, tekstil fabrikalar\u0131n\u0131n verimli olmas\u0131n\u0131 sa\u011flar - daha az duru\u015f s\u00fcresi, daha d\u00fc\u015f\u00fck maliyet ve daha temiz \u00fcretim.","robots":{"index":"index","follow":"follow","max-snippet":"max-snippet:-1","max-image-preview":"max-image-preview:large","max-video-preview":"max-video-preview:-1"},"canonical":"https:\/\/steinemann-cvs.ch\/tr\/manuel-temizlik\/","og_locale":"tr_TR","og_type":"article","og_title":"Manual Cleaning textile production | Steinemann CVS","og_description":"Steinemann Central Vacuum Systems manual cleaning keeps textile mills efficient - less downtime, lower costs and cleaner production.","og_url":"https:\/\/steinemann-cvs.ch\/tr\/manuel-temizlik\/","og_site_name":"Steinemann CVS","article_modified_time":"2025-11-05T12:44:55+00:00","og_image":[{"url":"https:\/\/steinemann-cvs.ch\/wp-content\/uploads\/2025\/09\/Manual_Cleaning.png","type":"","width":"","height":""}],"twitter_card":"summary_large_image","twitter_misc":{"Tahmini okuma s\u00fcresi":"3 dakika"},"schema":{"@context":"https:\/\/schema.org","@graph":[{"@type":"WebPage","@id":"https:\/\/steinemann-cvs.ch\/manual-cleaning\/","url":"https:\/\/steinemann-cvs.ch\/manual-cleaning\/","name":"Manuel Temizleme tekstil \u00fcretimi | Steinemann CVS","isPartOf":{"@id":"https:\/\/steinemann-cvs.ch\/#website"},"primaryImageOfPage":{"@id":"https:\/\/steinemann-cvs.ch\/manual-cleaning\/#primaryimage"},"image":{"@id":"https:\/\/steinemann-cvs.ch\/manual-cleaning\/#primaryimage"},"thumbnailUrl":"https:\/\/steinemann-cvs.ch\/wp-content\/uploads\/2025\/09\/Manual_Cleaning.png","datePublished":"2025-09-22T12:40:54+00:00","dateModified":"2025-11-05T12:44:55+00:00","description":"Steinemann Merkezi Vakum Sistemleri manuel temizlik, tekstil fabrikalar\u0131n\u0131n verimli olmas\u0131n\u0131 sa\u011flar - daha az duru\u015f s\u00fcresi, daha d\u00fc\u015f\u00fck maliyet ve daha temiz \u00fcretim.","breadcrumb":{"@id":"https:\/\/steinemann-cvs.ch\/manual-cleaning\/#breadcrumb"},"inLanguage":"tr","potentialAction":[{"@type":"ReadAction","target":["https:\/\/steinemann-cvs.ch\/manual-cleaning\/"]}]},{"@type":"ImageObject","inLanguage":"tr","@id":"https:\/\/steinemann-cvs.ch\/manual-cleaning\/#primaryimage","url":"https:\/\/steinemann-cvs.ch\/wp-content\/uploads\/2025\/09\/Manual_Cleaning.png","contentUrl":"https:\/\/steinemann-cvs.ch\/wp-content\/uploads\/2025\/09\/Manual_Cleaning.png"},{"@type":"BreadcrumbList","@id":"https:\/\/steinemann-cvs.ch\/manual-cleaning\/#breadcrumb","itemListElement":[{"@type":"ListItem","position":1,"name":"Home","item":"https:\/\/steinemann-cvs.ch\/"},{"@type":"ListItem","position":2,"name":"Manual Cleaning"}]},{"@type":"WebSite","@id":"https:\/\/steinemann-cvs.ch\/#website","url":"https:\/\/steinemann-cvs.ch\/","name":"Steinemann Merkezi Vakum Sistemleri","description":"","publisher":{"@id":"https:\/\/steinemann-cvs.ch\/#organization"},"alternateName":"Steinemann CVS","potentialAction":[{"@type":"SearchAction","target":{"@type":"EntryPoint","urlTemplate":"https:\/\/steinemann-cvs.ch\/?s={search_term_string}"},"query-input":{"@type":"PropertyValueSpecification","valueRequired":true,"valueName":"search_term_string"}}],"inLanguage":"tr"},{"@type":"Organization","@id":"https:\/\/steinemann-cvs.ch\/#organization","name":"Steinemann Merkezi Vakum Sistemleri","alternateName":"Steinemann CVS","url":"https:\/\/steinemann-cvs.ch\/","logo":{"@type":"ImageObject","inLanguage":"tr","@id":"https:\/\/steinemann-cvs.ch\/#\/schema\/logo\/image\/","url":"https:\/\/steinemann-cvs.ch\/wp-content\/uploads\/2025\/12\/CH_Steinemann_CSV_120_CMYK_POS.png","contentUrl":"https:\/\/steinemann-cvs.ch\/wp-content\/uploads\/2025\/12\/CH_Steinemann_CSV_120_CMYK_POS.png","width":674,"height":114,"caption":"Steinemann Central Vacuum Systems"},"image":{"@id":"https:\/\/steinemann-cvs.ch\/#\/schema\/logo\/image\/"},"sameAs":["https:\/\/www.linkedin.com\/company\/steinemann-central-vacuum-systems-cvs","https:\/\/www.youtube.com\/@steinemanncvs"]}]}},"_links":{"self":[{"href":"https:\/\/steinemann-cvs.ch\/tr\/wp-json\/wp\/v2\/pages\/21390","targetHints":{"allow":["GET"]}}],"collection":[{"href":"https:\/\/steinemann-cvs.ch\/tr\/wp-json\/wp\/v2\/pages"}],"about":[{"href":"https:\/\/steinemann-cvs.ch\/tr\/wp-json\/wp\/v2\/types\/page"}],"author":[{"embeddable":true,"href":"https:\/\/steinemann-cvs.ch\/tr\/wp-json\/wp\/v2\/users\/1"}],"replies":[{"embeddable":true,"href":"https:\/\/steinemann-cvs.ch\/tr\/wp-json\/wp\/v2\/comments?post=21390"}],"version-history":[{"count":7,"href":"https:\/\/steinemann-cvs.ch\/tr\/wp-json\/wp\/v2\/pages\/21390\/revisions"}],"predecessor-version":[{"id":21625,"href":"https:\/\/steinemann-cvs.ch\/tr\/wp-json\/wp\/v2\/pages\/21390\/revisions\/21625"}],"wp:attachment":[{"href":"https:\/\/steinemann-cvs.ch\/tr\/wp-json\/wp\/v2\/media?parent=21390"}],"curies":[{"name":"wp","href":"https:\/\/api.w.org\/{rel}","templated":true}]}}