{"id":21375,"date":"2025-09-22T12:23:44","date_gmt":"2025-09-22T12:23:44","guid":{"rendered":"https:\/\/steinemann-cvs.ch\/?page_id=21375"},"modified":"2025-11-05T12:56:23","modified_gmt":"2025-11-05T12:56:23","slug":"urunler","status":"publish","type":"page","link":"https:\/\/steinemann-cvs.ch\/tr\/products\/","title":{"rendered":"\u00dcr\u00fcnler"},"content":{"rendered":"<div data-elementor-type=\"wp-page\" data-elementor-id=\"21375\" class=\"elementor elementor-21375\">\n\t\t\t\t\t\t\t<div class=\"elementor-element elementor-element-ea9237f e-flex e-con-boxed e-con e-parent\" data-id=\"ea9237f\" data-element_type=\"container\">\r\n\t\t\t\t\t\t\t<div class=\"e-con-inner\">\r\n\t\t\t\t\t\t<div class=\"elementor-element elementor-element-4299853 elementor-widget elementor-widget-udesign_widget_heading\" data-id=\"4299853\" data-element_type=\"widget\" data-widget_type=\"udesign_widget_heading.default\">\n\t\t\t\t\t<div class=\"title-wrapper  title-center\"><div class=\"title elementor-heading-title\">Neden Steinemann CVS'yi Se\u00e7melisiniz<\/div><\/div>\t\t\t\t<\/div>\n\t\t\t\t<div class=\"elementor-element elementor-element-10930eb elementor-widget__width-initial elementor-widget-mobile__width-initial elementor-widget-tablet__width-initial elementor-widget elementor-widget-udesign_widget_heading\" data-id=\"10930eb\" data-element_type=\"widget\" data-widget_type=\"udesign_widget_heading.default\">\n\t\t\t\t\t<div class=\"title-wrapper  title-center\"><h2 class=\"title elementor-heading-title\">Her tekstil at\u0131\u011f\u0131 sorunu i\u00e7in \u00f6zel \u00e7\u00f6z\u00fcmler<\/h2><\/div>\t\t\t\t<\/div>\n\t\t\t\t<div class=\"elementor-element elementor-element-02b5feb elementor-widget elementor-widget-spacer\" data-id=\"02b5feb\" data-element_type=\"widget\" data-widget_type=\"spacer.default\">\n\t\t\t\t\t\t\t<div class=\"elementor-spacer\">\n\t\t\t<div class=\"elementor-spacer-inner\"><\/div>\n\t\t<\/div>\n\t\t\t\t\t\t<\/div>\n\t\t\t\t\t<div class=\"elementor-element elementor-element-1d4a344 e-grid e-con-full e-con e-child\" data-id=\"1d4a344\" data-element_type=\"container\">\r\n\t\t\t\t\t<div class=\"elementor-element elementor-element-20898c7 elementor-widget elementor-widget-udesign_widget_imagebox\" data-id=\"20898c7\" data-element_type=\"widget\" data-widget_type=\"udesign_widget_imagebox.default\">\n\t\t\t\t\t<div class=\"image-box position-top\"><figure class=\"has-link\"><img fetchpriority=\"high\" decoding=\"async\" width=\"1200\" height=\"1200\" src=\"https:\/\/steinemann-cvs.ch\/wp-content\/uploads\/2025\/09\/Manual_Cleaning.png\" class=\"attachment-full size-full wp-image-21378\" alt=\"Elyaf ve toz giderimi i\u00e7in Steinemann Merkezi Vakum Sistemi ile tekstil makinesinin manuel temizli\u011fini yapan i\u015f\u00e7i.\" srcset=\"https:\/\/steinemann-cvs.ch\/wp-content\/uploads\/2025\/09\/Manual_Cleaning.png 1200w, https:\/\/steinemann-cvs.ch\/wp-content\/uploads\/2025\/09\/Manual_Cleaning-1024x1024.png 1024w, https:\/\/steinemann-cvs.ch\/wp-content\/uploads\/2025\/09\/Manual_Cleaning-768x768.png 768w\" sizes=\"(max-width: 1200px) 100vw, 1200px\" \/><a href=\"https:\/\/steinemann-cvs.ch\/tr\/manuel-temizlik\/\" aria-label=\"Imagem\" data-no-translation-aria-label=\"\"><\/a><\/figure><div class=\"image-box-content\"><h3 class=\"title\"><a href=\"https:\/\/steinemann-cvs.ch\/tr\/manuel-temizlik\/\" aria-label=\"Imagem\" data-no-translation-aria-label=\"\">Manuel temizlik<\/a><\/h3><p class=\"content\">Basit, pratik ve verimli: manuel toz ve at\u0131k giderme i\u00e7in g\u00fcvenilir \u00e7\u00f6z\u00fcmler.<\/p><a class=\"btn btn-md btn-primary\" href=\"https:\/\/steinemann-cvs.ch\/tr\/manuel-temizlik\/\" ><span >Daha fazla bilgi edinin<\/span><\/a><\/div><\/div>\t\t\t\t<\/div>\n\t\t\t\t<div class=\"elementor-element elementor-element-282ac5f elementor-widget elementor-widget-udesign_widget_imagebox\" data-id=\"282ac5f\" data-element_type=\"widget\" data-widget_type=\"udesign_widget_imagebox.default\">\n\t\t\t\t\t<div class=\"image-box position-top\"><figure class=\"has-link\"><img decoding=\"async\" width=\"1200\" height=\"1200\" src=\"https:\/\/steinemann-cvs.ch\/wp-content\/uploads\/2025\/09\/Automatic_Disposal.png\" class=\"attachment-full size-full wp-image-21379\" alt=\"Steinemann Merkezi Vakum Sistemi ba\u011flant\u0131s\u0131 ile tekstil makinesine entegre otomatik bertaraf \u00fcnitesi.\" srcset=\"https:\/\/steinemann-cvs.ch\/wp-content\/uploads\/2025\/09\/Automatic_Disposal.png 1200w, https:\/\/steinemann-cvs.ch\/wp-content\/uploads\/2025\/09\/Automatic_Disposal-1024x1024.png 1024w, https:\/\/steinemann-cvs.ch\/wp-content\/uploads\/2025\/09\/Automatic_Disposal-768x768.png 768w\" sizes=\"(max-width: 1200px) 100vw, 1200px\" \/><a href=\"https:\/\/steinemann-cvs.ch\/tr\/otomatik-bertaraf\/\" aria-label=\"Imagem\" data-no-translation-aria-label=\"\"><\/a><\/figure><div class=\"image-box-content\"><h3 class=\"title\"><a href=\"https:\/\/steinemann-cvs.ch\/tr\/otomatik-bertaraf\/\" aria-label=\"Imagem\" data-no-translation-aria-label=\"\">Otomatik Telef Bo\u015falt\u0131m\u0131<\/a><\/h3><p class=\"content\">Uygun maliyetli ve verimli: s\u00fcrekli \u00fcretim i\u00e7in tam otomatik at\u0131k lojisti\u011fi.<\/p><a class=\"btn btn-md btn-primary\" href=\"https:\/\/steinemann-cvs.ch\/tr\/otomatik-bertaraf\/\" ><span >Daha fazla bilgi edinin<\/span><\/a><\/div><\/div>\t\t\t\t<\/div>\n\t\t\t\t<div class=\"elementor-element elementor-element-f24e4ac elementor-widget elementor-widget-udesign_widget_imagebox\" data-id=\"f24e4ac\" data-element_type=\"widget\" data-widget_type=\"udesign_widget_imagebox.default\">\n\t\t\t\t\t<div class=\"image-box position-top\"><figure class=\"has-link\"><img decoding=\"async\" width=\"1200\" height=\"1200\" src=\"https:\/\/steinemann-cvs.ch\/wp-content\/uploads\/2025\/09\/Confection_Solutions.png\" class=\"attachment-full size-full wp-image-21380\" alt=\"Temiz ve verimli \u00fcretim i\u00e7in Steinemann CVS Confection Solutions&#039;\u0131n deste\u011fiyle tekstil diken i\u015f\u00e7i.\" srcset=\"https:\/\/steinemann-cvs.ch\/wp-content\/uploads\/2025\/09\/Confection_Solutions.png 1200w, https:\/\/steinemann-cvs.ch\/wp-content\/uploads\/2025\/09\/Confection_Solutions-1024x1024.png 1024w, https:\/\/steinemann-cvs.ch\/wp-content\/uploads\/2025\/09\/Confection_Solutions-768x768.png 768w\" sizes=\"(max-width: 1200px) 100vw, 1200px\" \/><a href=\"https:\/\/steinemann-cvs.ch\/tr\/konfeksi%cc%87yon-cozumleri%cc%87\/\" aria-label=\"Imagem\" data-no-translation-aria-label=\"\"><\/a><\/figure><div class=\"image-box-content\"><h3 class=\"title\"><a href=\"https:\/\/steinemann-cvs.ch\/tr\/konfeksi%cc%87yon-cozumleri%cc%87\/\" aria-label=\"Imagem\" data-no-translation-aria-label=\"\">Konfeksiyon \u00c7\u00f6z\u00fcmleri<\/a><\/h3><p class=\"content\">Tekstil terbiyesine y\u00f6nelik \u00f6zel CVS \u00e7\u00f6z\u00fcmleri ile \u00fcretkenli\u011fi ve g\u00fcvenli\u011fi art\u0131r\u0131n.<\/p><a class=\"btn btn-md btn-primary\" href=\"https:\/\/steinemann-cvs.ch\/tr\/konfeksi%cc%87yon-cozumleri%cc%87\/\" ><span >Daha fazla bilgi edinin<\/span><\/a><\/div><\/div>\t\t\t\t<\/div>\n\t\t\r\n\t\t\t<\/div>\r\n\t\t\t\t\t<div class=\"elementor-element elementor-element-91f3d56 elementor-widget elementor-widget-spacer\" data-id=\"91f3d56\" data-element_type=\"widget\" data-widget_type=\"spacer.default\">\n\t\t\t\t\t\t\t<div class=\"elementor-spacer\">\n\t\t\t<div class=\"elementor-spacer-inner\"><\/div>\n\t\t<\/div>\n\t\t\t\t\t\t<\/div>\n\t\t\t\t<div class=\"elementor-element elementor-element-d4c3ba8 elementor-widget elementor-widget-text-editor\" data-id=\"d4c3ba8\" data-element_type=\"widget\" data-widget_type=\"text-editor.default\">\n\t\t\t\t\t\t\t\t\t<p data-start=\"383\" data-end=\"835\">Steinemann CVS, her t\u00fcrl\u00fc tekstil at\u0131k y\u00f6netimi sorununu \u00e7\u00f6zmek i\u00e7in tasarlanm\u0131\u015f \u00f6zelle\u015ftirilmi\u015f Merkezi Vakum Sistemleri sa\u011flar. Tekstil \u00fcretimine y\u00f6nelik geli\u015fmi\u015f emi\u015f sistemlerimiz e\u011firme, dokuma ve terbiye i\u015flemlerinde kesintisiz, temiz ve enerji tasarruflu s\u00fcre\u00e7ler sa\u011flar. Tekstil \u00fcretim hatlar\u0131 i\u00e7in her bir vakumlu temizleme \u00e7\u00f6z\u00fcm\u00fc, m\u00fc\u015fteriye \u00f6zel ihtiya\u00e7lara g\u00f6re uyarlan\u0131r, ar\u0131za s\u00fcresini azalt\u0131r ve \u00fcretim g\u00fcvenilirli\u011fini art\u0131r\u0131r.<\/p><p data-start=\"837\" data-end=\"1262\">Tekstil end\u00fcstrisi i\u00e7in Steinemann toz emme sistemi, makinelerden ve \u00e7al\u0131\u015fma alanlar\u0131ndan tiftik, iplik telefi ve tozu verimli bir \u015fekilde temizler. Tekstil makinelerinin manuel temizli\u011finden tam otomatik elyaf bertaraf\u0131na kadar, her b\u00fcy\u00fckl\u00fckteki fabrika i\u00e7in \u00f6l\u00e7eklenebilir \u00e7\u00f6z\u00fcmler sunuyoruz. Operat\u00f6rler, tekstil tesislerinde iyile\u015ftirilmi\u015f i\u015fyeri g\u00fcvenli\u011fi toz giderme, azalt\u0131lm\u0131\u015f temizlik s\u00fcresi ve geli\u015fmi\u015f \u00fcr\u00fcn kalitesinden yararlan\u0131r.<\/p><p data-start=\"1264\" data-end=\"1700\">Tekstil fabrikalar\u0131 i\u00e7in enerji tasarruflu merkezi vakum sistemimiz uzun vadeli maliyet tasarrufu ve \u00e7evresel performans i\u00e7in tasarlanm\u0131\u015ft\u0131r. Sistem, verimsiz bas\u0131n\u00e7l\u0131 hava temizleme y\u00f6ntemlerinin yerini alarak emi\u015f - bas\u0131n\u00e7l\u0131 hava tasarrufu sa\u011flar. \u0130ster dokuma makinelerinin temizlenmesi, ister iplik makinelerinin temizlenmesi veya ram filtrelerinin temizlenmesi i\u00e7in olsun, Steinemann CVS tutarl\u0131 emi\u015f g\u00fcc\u00fc ve g\u00fcvenilir performans sunar.<\/p><p data-start=\"1702\" data-end=\"2057\">Entegre mod\u00fcller otomatik tiftik ve elyaf temizleme sistemlerini, iplik ve dokuma fabrikalar\u0131 i\u00e7in telef toplama ve sar\u0131c\u0131 &amp; O\/E makinelerinden otomatik iplik atma i\u015flemlerini destekler. Ak\u0131ll\u0131 kontroller, sar\u0131c\u0131 ve O\/E makinelerinde, Airjet makinelerinde ve toz toplay\u0131c\u0131larda hassas telef ayr\u0131m\u0131 sa\u011flayarak \u00fcretim alanlar\u0131n\u0131 daha temiz ve daha verimli tutar.<\/p><p data-start=\"2059\" data-end=\"2426\">Steinemann'\u0131n iplik ve elyaf i\u015fleme i\u00e7in end\u00fcstriyel vakum sistemleri ile sadece verimlilik de\u011fil, ayn\u0131 zamanda s\u00fcrd\u00fcr\u00fclebilirlik ve g\u00fcvenlik de kazan\u0131rs\u0131n\u0131z. Tekstil fabrikalar\u0131 i\u00e7in merkezi emi\u015f sistemlerimiz ve tekstil makineleri i\u00e7in entegre at\u0131k bertaraf\u0131, temiz, modern ve s\u00fcrd\u00fcr\u00fclebilir tekstil operasyonlar\u0131n\u0131 desteklerken optimum \u00fcretim ko\u015fullar\u0131n\u0131n korunmas\u0131na yard\u0131mc\u0131 olur.<\/p>\t\t\t\t\t\t\t\t<\/div>\n\t\t\t\t<div class=\"elementor-element elementor-element-9bd349e elementor-widget elementor-widget-spacer\" data-id=\"9bd349e\" data-element_type=\"widget\" data-widget_type=\"spacer.default\">\n\t\t\t\t\t\t\t<div class=\"elementor-spacer\">\n\t\t\t<div class=\"elementor-spacer-inner\"><\/div>\n\t\t<\/div>\n\t\t\t\t\t\t<\/div>\n\t\t\t\t\t\t<\/div>\r\n\t\t\t\t\r\n\t\t\t<\/div>\r\n\t\t\t\t\t\t<div class=\"elementor-element elementor-element-f400ee2 e-flex e-con-boxed e-con e-parent\" data-id=\"f400ee2\" data-element_type=\"container\">\r\n\t\t\t\t\t\t\t<div class=\"e-con-inner\">\r\n\t\t\t\t\t\t<div class=\"elementor-element elementor-element-016410d elementor-widget elementor-widget-udesign_widget_heading\" data-id=\"016410d\" data-element_type=\"widget\" data-widget_type=\"udesign_widget_heading.default\">\n\t\t\t\t\t<div class=\"title-wrapper  title-center\"><div class=\"title elementor-heading-title\">Sorular\u0131n\u0131z m\u0131 var?<\/div><\/div>\t\t\t\t<\/div>\n\t\t\t\t<div class=\"elementor-element elementor-element-b65cc68 elementor-widget__width-initial elementor-widget-mobile__width-initial elementor-widget-tablet__width-initial elementor-widget elementor-widget-udesign_widget_heading\" data-id=\"b65cc68\" data-element_type=\"widget\" data-widget_type=\"udesign_widget_heading.default\">\n\t\t\t\t\t<div class=\"title-wrapper  title-center\"><h2 class=\"title elementor-heading-title\">Yard\u0131m etmek i\u00e7in buraday\u0131z!<\/h2><\/div>\t\t\t\t<\/div>\n\t\t\t\t<div class=\"elementor-element elementor-element-2b2a434 elementor-widget elementor-widget-udesign_widget_contact_form\" data-id=\"2b2a434\" data-element_type=\"widget\" data-widget_type=\"udesign_widget_contact_form.default\">\n\t\t\t\t\t\n<div class=\"wpcf7 no-js\" id=\"wpcf7-f282-o1\" lang=\"en-US\" dir=\"ltr\" data-wpcf7-id=\"282\">\n<div class=\"screen-reader-response\"><p role=\"status\" aria-live=\"polite\" aria-atomic=\"true\"><\/p> <ul><\/ul><\/div>\n<form action=\"\/tr\/wp-json\/wp\/v2\/pages\/21375#wpcf7-f282-o1\" method=\"post\" class=\"wpcf7-form init\" aria-label=\"Contact form\" novalidate=\"novalidate\" data-status=\"init\" data-trp-original-action=\"\/tr\/wp-json\/wp\/v2\/pages\/21375#wpcf7-f282-o1\">\n<fieldset class=\"hidden-fields-container\"><input type=\"hidden\" name=\"_wpcf7\" value=\"282\" \/><input type=\"hidden\" name=\"_wpcf7_version\" value=\"6.1.5\" \/><input type=\"hidden\" name=\"_wpcf7_locale\" value=\"en_US\" \/><input type=\"hidden\" name=\"_wpcf7_unit_tag\" value=\"wpcf7-f282-o1\" \/><input type=\"hidden\" name=\"_wpcf7_container_post\" value=\"0\" \/><input type=\"hidden\" name=\"_wpcf7_posted_data_hash\" value=\"\" \/>\n<\/fieldset>\n<p><span class=\"wpcf7-form-control-wrap\" data-name=\"text-157\"><input size=\"40\" maxlength=\"400\" class=\"wpcf7-form-control wpcf7-text wpcf7-validates-as-required\" aria-required=\"true\" aria-invalid=\"false\" placeholder=\"Sizin ad\u0131n\u0131z\" value=\"\" type=\"text\" name=\"text-157\" \/><\/span>\n<\/p>\n<p><span class=\"wpcf7-form-control-wrap\" data-name=\"email-668\"><input size=\"40\" maxlength=\"400\" class=\"wpcf7-form-control wpcf7-email wpcf7-validates-as-required wpcf7-text wpcf7-validates-as-email\" aria-required=\"true\" aria-invalid=\"false\" placeholder=\"E-posta adresiniz\" value=\"\" type=\"email\" name=\"email-668\" \/><\/span>\n<\/p>\n<p class=\"mb-6\"><span class=\"wpcf7-form-control-wrap\" data-name=\"textarea-883\"><textarea cols=\"40\" rows=\"10\" maxlength=\"2000\" class=\"wpcf7-form-control wpcf7-textarea\" aria-invalid=\"false\" placeholder=\"Mesaj\u0131n\u0131z\" name=\"textarea-883\"><\/textarea><\/span>\n<\/p>\n<p><button type=\"submit\" class=\"btn\">Mesaj G\u00f6nder<i class=\"a-icon-long-arrow-right\"><\/i><\/button>\n<\/p><div class=\"wpcf7-response-output\" aria-hidden=\"true\"><\/div>\n<input type=\"hidden\" name=\"trp-form-language\" value=\"tr\"\/><\/form>\n<\/div>\n\t\t\t\t<\/div>\n\t\t\t\t\t\t<\/div>\r\n\t\t\t\t\r\n\t\t\t<\/div>\r\n\t\t\t\t\t<\/div>","protected":false},"excerpt":{"rendered":"<p>Why Choose Steinemann CVS Tailored solutions for every textile waste challenge Manual cleaning Simple, practical, and efficient: reliable solutions for manual dust and waste removal. Read More Automatic disposal Cost-effective and efficient: fully automated waste logistics for continuous production. Read More Confection Solutions Boost productivity and safety with specialized CVS solutions for textile finishing. Read [&hellip;]<\/p>\n","protected":false},"author":1,"featured_media":0,"parent":0,"menu_order":0,"comment_status":"closed","ping_status":"closed","template":"","meta":{"footnotes":""},"class_list":["post-21375","page","type-page","status-publish","hentry"],"yoast_head":"<!-- This site is optimized with the Yoast SEO plugin v27.4 - https:\/\/yoast.com\/product\/yoast-seo-wordpress\/ -->\n<title>Textile Waste Management Solutions \u2013 Steinemann CVS<\/title>\n<meta name=\"description\" content=\"Discover Steinemann CVS textile waste management solutions \u2013 cleaner production, reduced costs, improved efficiency.\" \/>\n<meta name=\"robots\" content=\"index, follow, max-snippet:-1, max-image-preview:large, max-video-preview:-1\" \/>\n<link rel=\"canonical\" href=\"https:\/\/steinemann-cvs.ch\/tr\/urunler\/\" \/>\n<meta property=\"og:locale\" content=\"tr_TR\" \/>\n<meta property=\"og:type\" content=\"article\" \/>\n<meta property=\"og:title\" content=\"Textile Waste Management Solutions \u2013 Steinemann CVS\" \/>\n<meta property=\"og:description\" content=\"Discover Steinemann CVS textile waste management solutions \u2013 cleaner production, reduced costs, improved efficiency.\" \/>\n<meta property=\"og:url\" content=\"https:\/\/steinemann-cvs.ch\/tr\/urunler\/\" \/>\n<meta property=\"og:site_name\" content=\"Steinemann CVS\" \/>\n<meta property=\"article:modified_time\" content=\"2025-11-05T12:56:23+00:00\" \/>\n<meta property=\"og:image\" content=\"https:\/\/steinemann-cvs.ch\/wp-content\/uploads\/2025\/09\/Manual_Cleaning.png\" \/>\n<meta name=\"twitter:card\" content=\"summary_large_image\" \/>\n<meta name=\"twitter:label1\" content=\"Tahmini okuma s\u00fcresi\" \/>\n\t<meta name=\"twitter:data1\" content=\"3 dakika\" \/>\n<script type=\"application\/ld+json\" class=\"yoast-schema-graph\">{\"@context\":\"https:\\\/\\\/schema.org\",\"@graph\":[{\"@type\":\"WebPage\",\"@id\":\"https:\\\/\\\/steinemann-cvs.ch\\\/products\\\/\",\"url\":\"https:\\\/\\\/steinemann-cvs.ch\\\/products\\\/\",\"name\":\"Textile Waste Management Solutions \u2013 Steinemann CVS\",\"isPartOf\":{\"@id\":\"https:\\\/\\\/steinemann-cvs.ch\\\/#website\"},\"primaryImageOfPage\":{\"@id\":\"https:\\\/\\\/steinemann-cvs.ch\\\/products\\\/#primaryimage\"},\"image\":{\"@id\":\"https:\\\/\\\/steinemann-cvs.ch\\\/products\\\/#primaryimage\"},\"thumbnailUrl\":\"https:\\\/\\\/steinemann-cvs.ch\\\/wp-content\\\/uploads\\\/2025\\\/09\\\/Manual_Cleaning.png\",\"datePublished\":\"2025-09-22T12:23:44+00:00\",\"dateModified\":\"2025-11-05T12:56:23+00:00\",\"description\":\"Discover Steinemann CVS textile waste management solutions \u2013 cleaner production, reduced costs, improved efficiency.\",\"breadcrumb\":{\"@id\":\"https:\\\/\\\/steinemann-cvs.ch\\\/products\\\/#breadcrumb\"},\"inLanguage\":\"tr\",\"potentialAction\":[{\"@type\":\"ReadAction\",\"target\":[\"https:\\\/\\\/steinemann-cvs.ch\\\/products\\\/\"]}]},{\"@type\":\"ImageObject\",\"inLanguage\":\"tr\",\"@id\":\"https:\\\/\\\/steinemann-cvs.ch\\\/products\\\/#primaryimage\",\"url\":\"https:\\\/\\\/steinemann-cvs.ch\\\/wp-content\\\/uploads\\\/2025\\\/09\\\/Manual_Cleaning.png\",\"contentUrl\":\"https:\\\/\\\/steinemann-cvs.ch\\\/wp-content\\\/uploads\\\/2025\\\/09\\\/Manual_Cleaning.png\"},{\"@type\":\"BreadcrumbList\",\"@id\":\"https:\\\/\\\/steinemann-cvs.ch\\\/products\\\/#breadcrumb\",\"itemListElement\":[{\"@type\":\"ListItem\",\"position\":1,\"name\":\"Home\",\"item\":\"https:\\\/\\\/steinemann-cvs.ch\\\/\"},{\"@type\":\"ListItem\",\"position\":2,\"name\":\"Products\"}]},{\"@type\":\"WebSite\",\"@id\":\"https:\\\/\\\/steinemann-cvs.ch\\\/#website\",\"url\":\"https:\\\/\\\/steinemann-cvs.ch\\\/\",\"name\":\"Steinemann Central Vacuum Systems\",\"description\":\"\",\"publisher\":{\"@id\":\"https:\\\/\\\/steinemann-cvs.ch\\\/#organization\"},\"alternateName\":\"Steinemann CVS\",\"potentialAction\":[{\"@type\":\"SearchAction\",\"target\":{\"@type\":\"EntryPoint\",\"urlTemplate\":\"https:\\\/\\\/steinemann-cvs.ch\\\/?s={search_term_string}\"},\"query-input\":{\"@type\":\"PropertyValueSpecification\",\"valueRequired\":true,\"valueName\":\"search_term_string\"}}],\"inLanguage\":\"tr\"},{\"@type\":\"Organization\",\"@id\":\"https:\\\/\\\/steinemann-cvs.ch\\\/#organization\",\"name\":\"Steinemann Central Vacuum Systems\",\"alternateName\":\"Steinemann CVS\",\"url\":\"https:\\\/\\\/steinemann-cvs.ch\\\/\",\"logo\":{\"@type\":\"ImageObject\",\"inLanguage\":\"tr\",\"@id\":\"https:\\\/\\\/steinemann-cvs.ch\\\/#\\\/schema\\\/logo\\\/image\\\/\",\"url\":\"https:\\\/\\\/steinemann-cvs.ch\\\/wp-content\\\/uploads\\\/2025\\\/12\\\/CH_Steinemann_CSV_120_CMYK_POS.png\",\"contentUrl\":\"https:\\\/\\\/steinemann-cvs.ch\\\/wp-content\\\/uploads\\\/2025\\\/12\\\/CH_Steinemann_CSV_120_CMYK_POS.png\",\"width\":674,\"height\":114,\"caption\":\"Steinemann Central Vacuum Systems\"},\"image\":{\"@id\":\"https:\\\/\\\/steinemann-cvs.ch\\\/#\\\/schema\\\/logo\\\/image\\\/\"},\"sameAs\":[\"https:\\\/\\\/www.linkedin.com\\\/company\\\/steinemann-central-vacuum-systems-cvs\",\"https:\\\/\\\/www.youtube.com\\\/@steinemanncvs\"]}]}<\/script>\n<!-- \/ Yoast SEO plugin. -->","yoast_head_json":{"title":"Tekstil At\u0131k Y\u00f6netimi \u00c7\u00f6z\u00fcmleri - Steinemann CVS","description":"Steinemann CVS tekstil at\u0131k y\u00f6netimi \u00e7\u00f6z\u00fcmlerini ke\u015ffedin - daha temiz \u00fcretim, daha d\u00fc\u015f\u00fck maliyetler, daha y\u00fcksek verimlilik.","robots":{"index":"index","follow":"follow","max-snippet":"max-snippet:-1","max-image-preview":"max-image-preview:large","max-video-preview":"max-video-preview:-1"},"canonical":"https:\/\/steinemann-cvs.ch\/tr\/urunler\/","og_locale":"tr_TR","og_type":"article","og_title":"Textile Waste Management Solutions \u2013 Steinemann CVS","og_description":"Discover Steinemann CVS textile waste management solutions \u2013 cleaner production, reduced costs, improved efficiency.","og_url":"https:\/\/steinemann-cvs.ch\/tr\/urunler\/","og_site_name":"Steinemann CVS","article_modified_time":"2025-11-05T12:56:23+00:00","og_image":[{"url":"https:\/\/steinemann-cvs.ch\/wp-content\/uploads\/2025\/09\/Manual_Cleaning.png","type":"","width":"","height":""}],"twitter_card":"summary_large_image","twitter_misc":{"Tahmini okuma s\u00fcresi":"3 dakika"},"schema":{"@context":"https:\/\/schema.org","@graph":[{"@type":"WebPage","@id":"https:\/\/steinemann-cvs.ch\/products\/","url":"https:\/\/steinemann-cvs.ch\/products\/","name":"Tekstil At\u0131k Y\u00f6netimi \u00c7\u00f6z\u00fcmleri - Steinemann CVS","isPartOf":{"@id":"https:\/\/steinemann-cvs.ch\/#website"},"primaryImageOfPage":{"@id":"https:\/\/steinemann-cvs.ch\/products\/#primaryimage"},"image":{"@id":"https:\/\/steinemann-cvs.ch\/products\/#primaryimage"},"thumbnailUrl":"https:\/\/steinemann-cvs.ch\/wp-content\/uploads\/2025\/09\/Manual_Cleaning.png","datePublished":"2025-09-22T12:23:44+00:00","dateModified":"2025-11-05T12:56:23+00:00","description":"Steinemann CVS tekstil at\u0131k y\u00f6netimi \u00e7\u00f6z\u00fcmlerini ke\u015ffedin - daha temiz \u00fcretim, daha d\u00fc\u015f\u00fck maliyetler, daha y\u00fcksek verimlilik.","breadcrumb":{"@id":"https:\/\/steinemann-cvs.ch\/products\/#breadcrumb"},"inLanguage":"tr","potentialAction":[{"@type":"ReadAction","target":["https:\/\/steinemann-cvs.ch\/products\/"]}]},{"@type":"ImageObject","inLanguage":"tr","@id":"https:\/\/steinemann-cvs.ch\/products\/#primaryimage","url":"https:\/\/steinemann-cvs.ch\/wp-content\/uploads\/2025\/09\/Manual_Cleaning.png","contentUrl":"https:\/\/steinemann-cvs.ch\/wp-content\/uploads\/2025\/09\/Manual_Cleaning.png"},{"@type":"BreadcrumbList","@id":"https:\/\/steinemann-cvs.ch\/products\/#breadcrumb","itemListElement":[{"@type":"ListItem","position":1,"name":"Home","item":"https:\/\/steinemann-cvs.ch\/"},{"@type":"ListItem","position":2,"name":"Products"}]},{"@type":"WebSite","@id":"https:\/\/steinemann-cvs.ch\/#website","url":"https:\/\/steinemann-cvs.ch\/","name":"Steinemann Merkezi Vakum Sistemleri","description":"","publisher":{"@id":"https:\/\/steinemann-cvs.ch\/#organization"},"alternateName":"Steinemann CVS","potentialAction":[{"@type":"SearchAction","target":{"@type":"EntryPoint","urlTemplate":"https:\/\/steinemann-cvs.ch\/?s={search_term_string}"},"query-input":{"@type":"PropertyValueSpecification","valueRequired":true,"valueName":"search_term_string"}}],"inLanguage":"tr"},{"@type":"Organization","@id":"https:\/\/steinemann-cvs.ch\/#organization","name":"Steinemann Merkezi Vakum Sistemleri","alternateName":"Steinemann CVS","url":"https:\/\/steinemann-cvs.ch\/","logo":{"@type":"ImageObject","inLanguage":"tr","@id":"https:\/\/steinemann-cvs.ch\/#\/schema\/logo\/image\/","url":"https:\/\/steinemann-cvs.ch\/wp-content\/uploads\/2025\/12\/CH_Steinemann_CSV_120_CMYK_POS.png","contentUrl":"https:\/\/steinemann-cvs.ch\/wp-content\/uploads\/2025\/12\/CH_Steinemann_CSV_120_CMYK_POS.png","width":674,"height":114,"caption":"Steinemann Central Vacuum Systems"},"image":{"@id":"https:\/\/steinemann-cvs.ch\/#\/schema\/logo\/image\/"},"sameAs":["https:\/\/www.linkedin.com\/company\/steinemann-central-vacuum-systems-cvs","https:\/\/www.youtube.com\/@steinemanncvs"]}]}},"_links":{"self":[{"href":"https:\/\/steinemann-cvs.ch\/tr\/wp-json\/wp\/v2\/pages\/21375","targetHints":{"allow":["GET"]}}],"collection":[{"href":"https:\/\/steinemann-cvs.ch\/tr\/wp-json\/wp\/v2\/pages"}],"about":[{"href":"https:\/\/steinemann-cvs.ch\/tr\/wp-json\/wp\/v2\/types\/page"}],"author":[{"embeddable":true,"href":"https:\/\/steinemann-cvs.ch\/tr\/wp-json\/wp\/v2\/users\/1"}],"replies":[{"embeddable":true,"href":"https:\/\/steinemann-cvs.ch\/tr\/wp-json\/wp\/v2\/comments?post=21375"}],"version-history":[{"count":23,"href":"https:\/\/steinemann-cvs.ch\/tr\/wp-json\/wp\/v2\/pages\/21375\/revisions"}],"predecessor-version":[{"id":21629,"href":"https:\/\/steinemann-cvs.ch\/tr\/wp-json\/wp\/v2\/pages\/21375\/revisions\/21629"}],"wp:attachment":[{"href":"https:\/\/steinemann-cvs.ch\/tr\/wp-json\/wp\/v2\/media?parent=21375"}],"curies":[{"name":"wp","href":"https:\/\/api.w.org\/{rel}","templated":true}]}}