{"id":21329,"date":"2025-09-17T14:24:25","date_gmt":"2025-09-17T14:24:25","guid":{"rendered":"https:\/\/steinemann-cvs.ch\/?page_id=21329"},"modified":"2025-09-23T12:33:53","modified_gmt":"2025-09-23T12:33:53","slug":"baski","status":"publish","type":"page","link":"https:\/\/steinemann-cvs.ch\/tr\/imprint\/","title":{"rendered":"K\u00fcnye"},"content":{"rendered":"<p><strong>ConVacc AG<\/strong><br>Wilerstrasse 2180<br>CH-9230 Flawil<br>\u0130svi\u00e7re<\/p>\n\n\n\n<p>Tel. +41 71 394 14 14<br><a>cvs@steinemanngroup.com<\/a><\/p>\n\n\n\n<p><\/p>\n\n\n\n<p><\/p>\n\n\n\n<p><strong>Ticari Kay\u0131t Giri\u015fi<\/strong><br>Kay\u0131tl\u0131 \u015firket ad\u0131: ConVacc AG<br>\u015eirket kimlik numaras\u0131: CHE-477.881.214<br>Ticaret Sicil Dairesi: Flawil<\/p>\n\n\n\n<p><\/p>","protected":false},"excerpt":{"rendered":"<p>ConVacc AGWilerstrasse 2180CH-9230 FlawilSwitzerland Tel. +41 71 394 14 14cvs@steinemanngroup.com Ticaret Sicil Kayd\u0131Kay\u0131tl\u0131 \u015firket ad\u0131: ConVacc AG\u015eirket kimlik numaras\u0131: CHE-477.881.214Ticaret Sicil Dairesi: Flawil<\/p>","protected":false},"author":1,"featured_media":0,"parent":0,"menu_order":0,"comment_status":"closed","ping_status":"closed","template":"","meta":{"footnotes":""},"class_list":["post-21329","page","type-page","status-publish","hentry"],"yoast_head":"<!-- This site is optimized with the Yoast SEO plugin v27.4 - https:\/\/yoast.com\/product\/yoast-seo-wordpress\/ -->\n<title>Imprint - Steinemann CVS<\/title>\n<meta name=\"robots\" content=\"noindex, nofollow\" \/>\n<meta property=\"og:locale\" content=\"tr_TR\" \/>\n<meta property=\"og:type\" content=\"article\" \/>\n<meta property=\"og:title\" content=\"Imprint - Steinemann CVS\" \/>\n<meta property=\"og:description\" content=\"ConVacc AGWilerstrasse 2180CH-9230 FlawilSwitzerland Tel. +41 71 394 14 14cvs@steinemanngroup.com Commercial Register EntryRegistered company name: ConVacc AGCompany identification number: CHE-477.881.214Commercial Register Office: Flawil\" \/>\n<meta property=\"og:url\" content=\"https:\/\/steinemann-cvs.ch\/tr\/baski\/\" \/>\n<meta property=\"og:site_name\" content=\"Steinemann CVS\" \/>\n<meta property=\"article:modified_time\" content=\"2025-09-23T12:33:53+00:00\" \/>\n<meta property=\"og:image\" content=\"https:\/\/steinemann-cvs.ch\/wp-content\/uploads\/2025\/09\/STE_CVS_CH_RGB_POS-1.png\" \/>\n\t<meta property=\"og:image:width\" content=\"2101\" \/>\n\t<meta property=\"og:image:height\" content=\"2101\" \/>\n\t<meta property=\"og:image:type\" content=\"image\/png\" \/>\n<meta name=\"twitter:card\" content=\"summary_large_image\" \/>\n<meta name=\"twitter:label1\" content=\"Tahmini okuma s\u00fcresi\" \/>\n\t<meta name=\"twitter:data1\" content=\"1 dakika\" \/>\n<script type=\"application\/ld+json\" class=\"yoast-schema-graph\">{\"@context\":\"https:\\\/\\\/schema.org\",\"@graph\":[{\"@type\":\"WebPage\",\"@id\":\"https:\\\/\\\/steinemann-cvs.ch\\\/imprint\\\/\",\"url\":\"https:\\\/\\\/steinemann-cvs.ch\\\/imprint\\\/\",\"name\":\"Imprint - Steinemann CVS\",\"isPartOf\":{\"@id\":\"https:\\\/\\\/steinemann-cvs.ch\\\/#website\"},\"datePublished\":\"2025-09-17T14:24:25+00:00\",\"dateModified\":\"2025-09-23T12:33:53+00:00\",\"breadcrumb\":{\"@id\":\"https:\\\/\\\/steinemann-cvs.ch\\\/imprint\\\/#breadcrumb\"},\"inLanguage\":\"tr\",\"potentialAction\":[{\"@type\":\"ReadAction\",\"target\":[\"https:\\\/\\\/steinemann-cvs.ch\\\/imprint\\\/\"]}]},{\"@type\":\"BreadcrumbList\",\"@id\":\"https:\\\/\\\/steinemann-cvs.ch\\\/imprint\\\/#breadcrumb\",\"itemListElement\":[{\"@type\":\"ListItem\",\"position\":1,\"name\":\"Home\",\"item\":\"https:\\\/\\\/steinemann-cvs.ch\\\/\"},{\"@type\":\"ListItem\",\"position\":2,\"name\":\"Imprint\"}]},{\"@type\":\"WebSite\",\"@id\":\"https:\\\/\\\/steinemann-cvs.ch\\\/#website\",\"url\":\"https:\\\/\\\/steinemann-cvs.ch\\\/\",\"name\":\"Steinemann Central Vacuum Systems\",\"description\":\"\",\"publisher\":{\"@id\":\"https:\\\/\\\/steinemann-cvs.ch\\\/#organization\"},\"alternateName\":\"Steinemann CVS\",\"potentialAction\":[{\"@type\":\"SearchAction\",\"target\":{\"@type\":\"EntryPoint\",\"urlTemplate\":\"https:\\\/\\\/steinemann-cvs.ch\\\/?s={search_term_string}\"},\"query-input\":{\"@type\":\"PropertyValueSpecification\",\"valueRequired\":true,\"valueName\":\"search_term_string\"}}],\"inLanguage\":\"tr\"},{\"@type\":\"Organization\",\"@id\":\"https:\\\/\\\/steinemann-cvs.ch\\\/#organization\",\"name\":\"Steinemann Central Vacuum Systems\",\"alternateName\":\"Steinemann CVS\",\"url\":\"https:\\\/\\\/steinemann-cvs.ch\\\/\",\"logo\":{\"@type\":\"ImageObject\",\"inLanguage\":\"tr\",\"@id\":\"https:\\\/\\\/steinemann-cvs.ch\\\/#\\\/schema\\\/logo\\\/image\\\/\",\"url\":\"https:\\\/\\\/steinemann-cvs.ch\\\/wp-content\\\/uploads\\\/2025\\\/12\\\/CH_Steinemann_CSV_120_CMYK_POS.png\",\"contentUrl\":\"https:\\\/\\\/steinemann-cvs.ch\\\/wp-content\\\/uploads\\\/2025\\\/12\\\/CH_Steinemann_CSV_120_CMYK_POS.png\",\"width\":674,\"height\":114,\"caption\":\"Steinemann Central Vacuum Systems\"},\"image\":{\"@id\":\"https:\\\/\\\/steinemann-cvs.ch\\\/#\\\/schema\\\/logo\\\/image\\\/\"},\"sameAs\":[\"https:\\\/\\\/www.linkedin.com\\\/company\\\/steinemann-central-vacuum-systems-cvs\",\"https:\\\/\\\/www.youtube.com\\\/@steinemanncvs\"]}]}<\/script>\n<!-- \/ Yoast SEO plugin. -->","yoast_head_json":{"title":"K\u00fcnye - Steinemann CVS","robots":{"index":"noindex","follow":"nofollow"},"og_locale":"tr_TR","og_type":"article","og_title":"Imprint - Steinemann CVS","og_description":"ConVacc AGWilerstrasse 2180CH-9230 FlawilSwitzerland Tel. +41 71 394 14 14cvs@steinemanngroup.com Commercial Register EntryRegistered company name: ConVacc AGCompany identification number: CHE-477.881.214Commercial Register Office: Flawil","og_url":"https:\/\/steinemann-cvs.ch\/tr\/baski\/","og_site_name":"Steinemann CVS","article_modified_time":"2025-09-23T12:33:53+00:00","og_image":[{"width":2101,"height":2101,"url":"https:\/\/steinemann-cvs.ch\/wp-content\/uploads\/2025\/09\/STE_CVS_CH_RGB_POS-1.png","type":"image\/png"}],"twitter_card":"summary_large_image","twitter_misc":{"Tahmini okuma s\u00fcresi":"1 dakika"},"schema":{"@context":"https:\/\/schema.org","@graph":[{"@type":"WebPage","@id":"https:\/\/steinemann-cvs.ch\/imprint\/","url":"https:\/\/steinemann-cvs.ch\/imprint\/","name":"K\u00fcnye - Steinemann CVS","isPartOf":{"@id":"https:\/\/steinemann-cvs.ch\/#website"},"datePublished":"2025-09-17T14:24:25+00:00","dateModified":"2025-09-23T12:33:53+00:00","breadcrumb":{"@id":"https:\/\/steinemann-cvs.ch\/imprint\/#breadcrumb"},"inLanguage":"tr","potentialAction":[{"@type":"ReadAction","target":["https:\/\/steinemann-cvs.ch\/imprint\/"]}]},{"@type":"BreadcrumbList","@id":"https:\/\/steinemann-cvs.ch\/imprint\/#breadcrumb","itemListElement":[{"@type":"ListItem","position":1,"name":"Home","item":"https:\/\/steinemann-cvs.ch\/"},{"@type":"ListItem","position":2,"name":"Imprint"}]},{"@type":"WebSite","@id":"https:\/\/steinemann-cvs.ch\/#website","url":"https:\/\/steinemann-cvs.ch\/","name":"Steinemann Merkezi Vakum Sistemleri","description":"","publisher":{"@id":"https:\/\/steinemann-cvs.ch\/#organization"},"alternateName":"Steinemann CVS","potentialAction":[{"@type":"SearchAction","target":{"@type":"EntryPoint","urlTemplate":"https:\/\/steinemann-cvs.ch\/?s={search_term_string}"},"query-input":{"@type":"PropertyValueSpecification","valueRequired":true,"valueName":"search_term_string"}}],"inLanguage":"tr"},{"@type":"Organization","@id":"https:\/\/steinemann-cvs.ch\/#organization","name":"Steinemann Merkezi Vakum Sistemleri","alternateName":"Steinemann CVS","url":"https:\/\/steinemann-cvs.ch\/","logo":{"@type":"ImageObject","inLanguage":"tr","@id":"https:\/\/steinemann-cvs.ch\/#\/schema\/logo\/image\/","url":"https:\/\/steinemann-cvs.ch\/wp-content\/uploads\/2025\/12\/CH_Steinemann_CSV_120_CMYK_POS.png","contentUrl":"https:\/\/steinemann-cvs.ch\/wp-content\/uploads\/2025\/12\/CH_Steinemann_CSV_120_CMYK_POS.png","width":674,"height":114,"caption":"Steinemann Central Vacuum Systems"},"image":{"@id":"https:\/\/steinemann-cvs.ch\/#\/schema\/logo\/image\/"},"sameAs":["https:\/\/www.linkedin.com\/company\/steinemann-central-vacuum-systems-cvs","https:\/\/www.youtube.com\/@steinemanncvs"]}]}},"_links":{"self":[{"href":"https:\/\/steinemann-cvs.ch\/tr\/wp-json\/wp\/v2\/pages\/21329","targetHints":{"allow":["GET"]}}],"collection":[{"href":"https:\/\/steinemann-cvs.ch\/tr\/wp-json\/wp\/v2\/pages"}],"about":[{"href":"https:\/\/steinemann-cvs.ch\/tr\/wp-json\/wp\/v2\/types\/page"}],"author":[{"embeddable":true,"href":"https:\/\/steinemann-cvs.ch\/tr\/wp-json\/wp\/v2\/users\/1"}],"replies":[{"embeddable":true,"href":"https:\/\/steinemann-cvs.ch\/tr\/wp-json\/wp\/v2\/comments?post=21329"}],"version-history":[{"count":2,"href":"https:\/\/steinemann-cvs.ch\/tr\/wp-json\/wp\/v2\/pages\/21329\/revisions"}],"predecessor-version":[{"id":21331,"href":"https:\/\/steinemann-cvs.ch\/tr\/wp-json\/wp\/v2\/pages\/21329\/revisions\/21331"}],"wp:attachment":[{"href":"https:\/\/steinemann-cvs.ch\/tr\/wp-json\/wp\/v2\/media?parent=21329"}],"curies":[{"name":"wp","href":"https:\/\/api.w.org\/{rel}","templated":true}]}}