{"id":21407,"date":"2025-09-22T12:53:18","date_gmt":"2025-09-22T12:53:18","guid":{"rendered":"https:\/\/steinemann-cvs.ch\/?page_id=21407"},"modified":"2025-11-05T12:40:36","modified_gmt":"2025-11-05T12:40:36","slug":"solucoes-de-confeccao","status":"publish","type":"page","link":"https:\/\/steinemann-cvs.ch\/pt\/confection-solutions\/","title":{"rendered":"Solu\u00e7\u00f5es de confeitaria"},"content":{"rendered":"<div data-elementor-type=\"wp-page\" data-elementor-id=\"21407\" class=\"elementor elementor-21407\">\n\t\t\t\t\t\t\t<div class=\"elementor-element elementor-element-ea9237f e-flex e-con-boxed e-con e-parent\" data-id=\"ea9237f\" data-element_type=\"container\">\r\n\t\t\t\t\t\t\t<div class=\"e-con-inner\">\r\n\t\t\t\t\t\t<div class=\"elementor-element elementor-element-4299853 elementor-widget elementor-widget-udesign_widget_heading\" data-id=\"4299853\" data-element_type=\"widget\" data-widget_type=\"udesign_widget_heading.default\">\n\t\t\t\t\t<div class=\"title-wrapper  title-center\"><div class=\"title elementor-heading-title\">Por que escolher a Steinemann CVS<\/div><\/div>\t\t\t\t<\/div>\n\t\t\t\t<div class=\"elementor-element elementor-element-10930eb elementor-widget__width-initial elementor-widget-mobile__width-initial elementor-widget-tablet__width-initial elementor-widget elementor-widget-udesign_widget_heading\" data-id=\"10930eb\" data-element_type=\"widget\" data-widget_type=\"udesign_widget_heading.default\">\n\t\t\t\t\t<div class=\"title-wrapper  title-center\"><h2 class=\"title elementor-heading-title\">Solu\u00e7\u00f5es de confeitaria<\/h2><\/div>\t\t\t\t<\/div>\n\t\t\t\t<div class=\"elementor-element elementor-element-f6d0787 elementor-widget elementor-widget-text-editor\" data-id=\"f6d0787\" data-element_type=\"widget\" data-widget_type=\"text-editor.default\">\n\t\t\t\t\t\t\t\t\t<p data-start=\"403\" data-end=\"724\">Na produ\u00e7\u00e3o de acabamento t\u00eaxtil e acolchoamento, quantidades significativas de res\u00edduos s\u00e3o geradas juntamente com os produtos. Se n\u00e3o forem gerenciados corretamente, esses res\u00edduos podem contaminar os produtos semiacabados, interromper a produ\u00e7\u00e3o e levar a um tempo de inatividade dispendioso. O manuseio manual de res\u00edduos \u00e9 ineficiente e aumenta o risco de problemas de qualidade do produto.<\/p><p data-start=\"726\" data-end=\"1054\">Com os sistemas de v\u00e1cuo central (CVS) da Steinemann para solu\u00e7\u00f5es de confeitaria, os res\u00edduos s\u00e3o automaticamente coletados, transportados, filtrados e compactados, garantindo um ambiente de produ\u00e7\u00e3o limpo, seguro e confi\u00e1vel. Esse processo totalmente automatizado elimina a interven\u00e7\u00e3o manual, minimiza o risco de contamina\u00e7\u00e3o e aumenta a produtividade geral.<\/p><p data-start=\"1056\" data-end=\"1278\">Trabalhador costurando tecidos com o apoio da Steinemann CVS Confection Solutions para uma produ\u00e7\u00e3o limpa e eficiente.<br data-start=\"1166\" data-end=\"1169\" \/>Trabalhador usando o Sistema de V\u00e1cuo Central Steinemann em solu\u00e7\u00f5es de confec\u00e7\u00e3o para manuseio eficiente de res\u00edduos t\u00eaxteis.<\/p>\t\t\t\t\t\t\t\t<\/div>\n\t\t\t\t<div class=\"elementor-element elementor-element-e5d2303 elementor-widget elementor-widget-udesign_widget_imagegallery\" data-id=\"e5d2303\" data-element_type=\"widget\" data-widget_type=\"udesign_widget_imagegallery.default\">\n\t\t\t\t<div class=\"elementor-widget-container\">\n\t\t\t\t\t\r\n<ul class=\"image-gallery use_lightbox row cols-lg-2 cols-md-2 cols-sm-1 cols-1\">\r\n\t<li class=\"\">\t\t<div class=\"image-gallery-item\">\r\n\t\t<a href=\"https:\/\/steinemann-cvs.ch\/wp-content\/uploads\/2025\/09\/Confection_Solutions.png\" aria-label=\"Galeri Gambar\" data-no-translation-aria-label=\"\"><\/a>\t\t<figure class=\"grid-item image-wrap\">\r\n\t\t\t<img fetchpriority=\"high\" decoding=\"async\" width=\"1200\" height=\"1200\" src=\"https:\/\/steinemann-cvs.ch\/wp-content\/uploads\/2025\/09\/Confection_Solutions.png\" class=\"attachment-full size-full\" alt=\"Trabalhador costurando tecidos com o apoio da Steinemann CVS Confection Solutions para uma produ\u00e7\u00e3o limpa e eficiente.\" srcset=\"https:\/\/steinemann-cvs.ch\/wp-content\/uploads\/2025\/09\/Confection_Solutions.png 1200w, https:\/\/steinemann-cvs.ch\/wp-content\/uploads\/2025\/09\/Confection_Solutions-1024x1024.png 1024w, https:\/\/steinemann-cvs.ch\/wp-content\/uploads\/2025\/09\/Confection_Solutions-768x768.png 768w\" sizes=\"(max-width: 1200px) 100vw, 1200px\" \/>\t\t<\/figure>\r\n\t\t<\/div>\r\n\t\t<\/li><li class=\"\">\t\t<div class=\"image-gallery-item\">\r\n\t\t<a href=\"https:\/\/steinemann-cvs.ch\/wp-content\/uploads\/2025\/09\/Confection_Solutions_working.png\" aria-label=\"Galeri Gambar\" data-no-translation-aria-label=\"\"><\/a>\t\t<figure class=\"grid-item image-wrap\">\r\n\t\t\t<img decoding=\"async\" width=\"1200\" height=\"1200\" src=\"https:\/\/steinemann-cvs.ch\/wp-content\/uploads\/2025\/09\/Confection_Solutions_working.png\" class=\"attachment-full size-full\" alt=\"Trabalhador usando o Sistema de V\u00e1cuo Central Steinemann em solu\u00e7\u00f5es de confec\u00e7\u00e3o para manuseio eficiente de res\u00edduos t\u00eaxteis.\" srcset=\"https:\/\/steinemann-cvs.ch\/wp-content\/uploads\/2025\/09\/Confection_Solutions_working.png 1200w, https:\/\/steinemann-cvs.ch\/wp-content\/uploads\/2025\/09\/Confection_Solutions_working-1024x1024.png 1024w, https:\/\/steinemann-cvs.ch\/wp-content\/uploads\/2025\/09\/Confection_Solutions_working-768x768.png 768w\" sizes=\"(max-width: 1200px) 100vw, 1200px\" \/>\t\t<\/figure>\r\n\t\t<\/div>\r\n\t\t<\/li><\/ul>\r\n\r\n\t\t\t\t\t<\/div>\n\t\t\t\t<\/div>\n\t\t\t\t<div class=\"elementor-element elementor-element-d4c3ba8 elementor-widget elementor-widget-text-editor\" data-id=\"d4c3ba8\" data-element_type=\"widget\" data-widget_type=\"text-editor.default\">\n\t\t\t\t\t\t\t\t\t<h3 data-start=\"845\" data-end=\"876\">\u00a0<\/h3><h3 data-start=\"812\" data-end=\"842\">Resultados comprovados para os clientes:<\/h3><ul data-start=\"843\" data-end=\"1071\"><li data-start=\"843\" data-end=\"921\"><p data-start=\"845\" data-end=\"921\"><strong data-start=\"845\" data-end=\"878\">Produtividade at\u00e9 16% maior<\/strong> atrav\u00e9s da redu\u00e7\u00e3o das interrup\u00e7\u00f5es de produ\u00e7\u00e3o<\/p><\/li><li data-start=\"922\" data-end=\"1008\"><p data-start=\"924\" data-end=\"1008\"><strong data-start=\"924\" data-end=\"960\">Processo de res\u00edduos totalmente automatizado<\/strong>coleta, transporte, filtragem, compacta\u00e7\u00e3o<\/p><\/li><li data-start=\"1009\" data-end=\"1071\"><p data-start=\"1011\" data-end=\"1071\"><strong data-start=\"1011\" data-end=\"1033\">Locais de trabalho mais limpos<\/strong> com maior seguran\u00e7a e efici\u00eancia<\/p><\/li><\/ul><h3 data-start=\"1073\" data-end=\"1097\">Vantagens do sistema:<\/h3><ul data-start=\"1098\" data-end=\"1256\"><li data-start=\"1098\" data-end=\"1148\"><p data-start=\"1100\" data-end=\"1148\">Baixo consumo de energia e manuten\u00e7\u00e3o m\u00ednima<\/p><\/li><li data-start=\"1149\" data-end=\"1197\"><p data-start=\"1151\" data-end=\"1197\">F\u00e1cil instala\u00e7\u00e3o em redes de tubula\u00e7\u00e3o compactas<\/p><\/li><li data-start=\"1198\" data-end=\"1256\"><p data-start=\"1200\" data-end=\"1256\">Expans\u00edvel e adapt\u00e1vel \u00e0s necessidades do cliente a qualquer momento<\/p><\/li><\/ul><p>Al\u00e9m disso, as solu\u00e7\u00f5es de confec\u00e7\u00e3o CVS da Steinemann s\u00e3o projetadas para atender \u00e0s crescentes demandas da moderna produ\u00e7\u00e3o t\u00eaxtil. A configura\u00e7\u00e3o modular do sistema permite uma integra\u00e7\u00e3o perfeita em linhas de produ\u00e7\u00e3o novas e existentes, independentemente da escala ou do layout. Unidades de controle avan\u00e7adas monitoram continuamente o desempenho do sistema, garantindo press\u00e3o de suc\u00e7\u00e3o est\u00e1vel e m\u00e1xima confiabilidade operacional. Isso resulta em fluxos de trabalho mais suaves, n\u00edveis de ru\u00eddo reduzidos e \u00e1reas de produ\u00e7\u00e3o consistentemente limpas. Al\u00e9m disso, a separa\u00e7\u00e3o e a compacta\u00e7\u00e3o eficientes dos res\u00edduos t\u00eaxteis contribuem para reduzir os custos de descarte e melhorar a capacidade de reciclagem, apoiando pr\u00e1ticas de produ\u00e7\u00e3o sustent\u00e1veis. Os clientes se beneficiam n\u00e3o apenas de ambientes mais limpos, mas tamb\u00e9m da vida \u00fatil mais longa dos equipamentos e da maior satisfa\u00e7\u00e3o dos funcion\u00e1rios gra\u00e7as a locais de trabalho mais seguros e ergon\u00f4micos.<\/p><p data-start=\"1378\" data-end=\"1548\">\ud83d\udc49 <a href=\"https:\/\/steinemann-cvs.ch\/pt\/entre-em-contato-conosco\/\"><strong data-start=\"1381\" data-end=\"1401\">Entre em contato conosco hoje mesmo<\/strong><\/a> e saiba como as solu\u00e7\u00f5es de confec\u00e7\u00e3o da Steinemann CVS podem aumentar sua produtividade, garantir a qualidade do produto e criar um ambiente de trabalho mais seguro.<\/p>\t\t\t\t\t\t\t\t<\/div>\n\t\t\t\t<div class=\"elementor-element elementor-element-65f1339 elementor-widget elementor-widget-udesign_widget_button\" data-id=\"65f1339\" data-element_type=\"widget\" data-widget_type=\"udesign_widget_button.default\">\n\t\t\t\t\t<a class=\"btn btn-md btn-primary btn-icon btn-icon-left\" href=\"https:\/\/steinemann-cvs.ch\/pt\/produtos\/\" ><i class=\"fas fa-arrow-left\"><\/i><span >Voltar<\/span><\/a>\t\t\t\t<\/div>\n\t\t\t\t<div class=\"elementor-element elementor-element-02b5feb elementor-widget elementor-widget-spacer\" data-id=\"02b5feb\" data-element_type=\"widget\" data-widget_type=\"spacer.default\">\n\t\t\t\t\t\t\t<div class=\"elementor-spacer\">\n\t\t\t<div class=\"elementor-spacer-inner\"><\/div>\n\t\t<\/div>\n\t\t\t\t\t\t<\/div>\n\t\t\t\t\t\t<\/div>\r\n\t\t\t\t\r\n\t\t\t<\/div>\r\n\t\t\t\t\t\t<div class=\"elementor-element elementor-element-f400ee2 e-flex e-con-boxed e-con e-parent\" data-id=\"f400ee2\" data-element_type=\"container\">\r\n\t\t\t\t\t\t\t<div class=\"e-con-inner\">\r\n\t\t\t\t\t\t<div class=\"elementor-element elementor-element-016410d elementor-widget elementor-widget-udesign_widget_heading\" data-id=\"016410d\" data-element_type=\"widget\" data-widget_type=\"udesign_widget_heading.default\">\n\t\t\t\t\t<div class=\"title-wrapper  title-center\"><div class=\"title elementor-heading-title\">Tem d\u00favidas?<\/div><\/div>\t\t\t\t<\/div>\n\t\t\t\t<div class=\"elementor-element elementor-element-b65cc68 elementor-widget__width-initial elementor-widget-mobile__width-initial elementor-widget-tablet__width-initial elementor-widget elementor-widget-udesign_widget_heading\" data-id=\"b65cc68\" data-element_type=\"widget\" data-widget_type=\"udesign_widget_heading.default\">\n\t\t\t\t\t<div class=\"title-wrapper  title-center\"><h2 class=\"title elementor-heading-title\">Estamos aqui para ajudar!<\/h2><\/div>\t\t\t\t<\/div>\n\t\t\t\t<div class=\"elementor-element elementor-element-2b2a434 elementor-widget elementor-widget-udesign_widget_contact_form\" data-id=\"2b2a434\" data-element_type=\"widget\" data-widget_type=\"udesign_widget_contact_form.default\">\n\t\t\t\t\t\n<div class=\"wpcf7 no-js\" id=\"wpcf7-f282-o1\" lang=\"en-US\" dir=\"ltr\" data-wpcf7-id=\"282\">\n<div class=\"screen-reader-response\"><p role=\"status\" aria-live=\"polite\" aria-atomic=\"true\"><\/p> <ul><\/ul><\/div>\n<form action=\"\/pt\/wp-json\/wp\/v2\/pages\/21407#wpcf7-f282-o1\" method=\"post\" class=\"wpcf7-form init\" aria-label=\"Contact form\" novalidate=\"novalidate\" data-status=\"init\" data-trp-original-action=\"\/pt\/wp-json\/wp\/v2\/pages\/21407#wpcf7-f282-o1\">\n<fieldset class=\"hidden-fields-container\"><input type=\"hidden\" name=\"_wpcf7\" value=\"282\" \/><input type=\"hidden\" name=\"_wpcf7_version\" value=\"6.1.5\" \/><input type=\"hidden\" name=\"_wpcf7_locale\" value=\"en_US\" \/><input type=\"hidden\" name=\"_wpcf7_unit_tag\" value=\"wpcf7-f282-o1\" \/><input type=\"hidden\" name=\"_wpcf7_container_post\" value=\"0\" \/><input type=\"hidden\" name=\"_wpcf7_posted_data_hash\" value=\"\" \/>\n<\/fieldset>\n<p><span class=\"wpcf7-form-control-wrap\" data-name=\"text-157\"><input size=\"40\" maxlength=\"400\" class=\"wpcf7-form-control wpcf7-text wpcf7-validates-as-required\" aria-required=\"true\" aria-invalid=\"false\" placeholder=\"Seu nome\" value=\"\" type=\"text\" name=\"text-157\" \/><\/span>\n<\/p>\n<p><span class=\"wpcf7-form-control-wrap\" data-name=\"email-668\"><input size=\"40\" maxlength=\"400\" class=\"wpcf7-form-control wpcf7-email wpcf7-validates-as-required wpcf7-text wpcf7-validates-as-email\" aria-required=\"true\" aria-invalid=\"false\" placeholder=\"Seu endere\u00e7o de e-mail\" value=\"\" type=\"email\" name=\"email-668\" \/><\/span>\n<\/p>\n<p class=\"mb-6\"><span class=\"wpcf7-form-control-wrap\" data-name=\"textarea-883\"><textarea cols=\"40\" rows=\"10\" maxlength=\"2000\" class=\"wpcf7-form-control wpcf7-textarea\" aria-invalid=\"false\" placeholder=\"Sua mensagem\" name=\"textarea-883\"><\/textarea><\/span>\n<\/p>\n<p><button type=\"submit\" class=\"btn\">Enviar mensagem<i class=\"a-icon-long-arrow-right\"><\/i><\/button>\n<\/p><div class=\"wpcf7-response-output\" aria-hidden=\"true\"><\/div>\n<input type=\"hidden\" name=\"trp-form-language\" value=\"pt\"\/><\/form>\n<\/div>\n\t\t\t\t<\/div>\n\t\t\t\t\t\t<\/div>\r\n\t\t\t\t\r\n\t\t\t<\/div>\r\n\t\t\t\t\t\t<div class=\"elementor-element elementor-element-9ef5a6b e-flex e-con-boxed e-con e-parent\" data-id=\"9ef5a6b\" data-element_type=\"container\">\r\n\t\t\t\t\t\t\t<div class=\"e-con-inner\">\r\n\t\t\t\t\t\t\t\t<\/div>\r\n\t\t\t\t\r\n\t\t\t<\/div>\r\n\t\t\t\t\t<\/div>","protected":false},"excerpt":{"rendered":"<p>Why Choose Steinemann CVS Confection solutions In textile finishing and quilting production, significant amounts of waste are generated alongside products. If not managed correctly, this waste can contaminate semi-finished goods, disrupt production, and lead to costly downtime. Manual handling of waste is inefficient and increases the risk of product quality issues. With Steinemann Central Vacuum [&hellip;]<\/p>\n","protected":false},"author":1,"featured_media":0,"parent":0,"menu_order":0,"comment_status":"closed","ping_status":"closed","template":"","meta":{"footnotes":""},"class_list":["post-21407","page","type-page","status-publish","hentry"],"yoast_head":"<!-- This site is optimized with the Yoast SEO plugin v27.4 - https:\/\/yoast.com\/product\/yoast-seo-wordpress\/ -->\n<title>Confection waste management \u2013 Automated for Textile Finishing<\/title>\n<meta name=\"description\" content=\"Steinemann CVS confection solutions: automated waste management for textile finishing. Cleaner production, less contamination, higher output.\" \/>\n<meta name=\"robots\" content=\"index, follow, max-snippet:-1, max-image-preview:large, max-video-preview:-1\" \/>\n<link rel=\"canonical\" href=\"https:\/\/steinemann-cvs.ch\/pt\/solucoes-de-confeccao\/\" \/>\n<meta property=\"og:locale\" content=\"pt_BR\" \/>\n<meta property=\"og:type\" content=\"article\" \/>\n<meta property=\"og:title\" content=\"Confection waste management \u2013 Automated for Textile Finishing\" \/>\n<meta property=\"og:description\" content=\"Steinemann CVS confection solutions: automated waste management for textile finishing. Cleaner production, less contamination, higher output.\" \/>\n<meta property=\"og:url\" content=\"https:\/\/steinemann-cvs.ch\/pt\/solucoes-de-confeccao\/\" \/>\n<meta property=\"og:site_name\" content=\"Steinemann CVS\" \/>\n<meta property=\"article:modified_time\" content=\"2025-11-05T12:40:36+00:00\" \/>\n<meta property=\"og:image\" content=\"https:\/\/steinemann-cvs.ch\/wp-content\/uploads\/2025\/09\/Confection_Solutions.png\" \/>\n<meta name=\"twitter:card\" content=\"summary_large_image\" \/>\n<meta name=\"twitter:label1\" content=\"Est. tempo de leitura\" \/>\n\t<meta name=\"twitter:data1\" content=\"2 minutos\" \/>\n<script type=\"application\/ld+json\" class=\"yoast-schema-graph\">{\"@context\":\"https:\\\/\\\/schema.org\",\"@graph\":[{\"@type\":\"WebPage\",\"@id\":\"https:\\\/\\\/steinemann-cvs.ch\\\/confection-solutions\\\/\",\"url\":\"https:\\\/\\\/steinemann-cvs.ch\\\/confection-solutions\\\/\",\"name\":\"Confection waste management \u2013 Automated for Textile Finishing\",\"isPartOf\":{\"@id\":\"https:\\\/\\\/steinemann-cvs.ch\\\/#website\"},\"primaryImageOfPage\":{\"@id\":\"https:\\\/\\\/steinemann-cvs.ch\\\/confection-solutions\\\/#primaryimage\"},\"image\":{\"@id\":\"https:\\\/\\\/steinemann-cvs.ch\\\/confection-solutions\\\/#primaryimage\"},\"thumbnailUrl\":\"https:\\\/\\\/steinemann-cvs.ch\\\/wp-content\\\/uploads\\\/2025\\\/09\\\/Confection_Solutions.png\",\"datePublished\":\"2025-09-22T12:53:18+00:00\",\"dateModified\":\"2025-11-05T12:40:36+00:00\",\"description\":\"Steinemann CVS confection solutions: automated waste management for textile finishing. Cleaner production, less contamination, higher output.\",\"breadcrumb\":{\"@id\":\"https:\\\/\\\/steinemann-cvs.ch\\\/confection-solutions\\\/#breadcrumb\"},\"inLanguage\":\"pt-BR\",\"potentialAction\":[{\"@type\":\"ReadAction\",\"target\":[\"https:\\\/\\\/steinemann-cvs.ch\\\/confection-solutions\\\/\"]}]},{\"@type\":\"ImageObject\",\"inLanguage\":\"pt-BR\",\"@id\":\"https:\\\/\\\/steinemann-cvs.ch\\\/confection-solutions\\\/#primaryimage\",\"url\":\"https:\\\/\\\/steinemann-cvs.ch\\\/wp-content\\\/uploads\\\/2025\\\/09\\\/Confection_Solutions.png\",\"contentUrl\":\"https:\\\/\\\/steinemann-cvs.ch\\\/wp-content\\\/uploads\\\/2025\\\/09\\\/Confection_Solutions.png\"},{\"@type\":\"BreadcrumbList\",\"@id\":\"https:\\\/\\\/steinemann-cvs.ch\\\/confection-solutions\\\/#breadcrumb\",\"itemListElement\":[{\"@type\":\"ListItem\",\"position\":1,\"name\":\"Home\",\"item\":\"https:\\\/\\\/steinemann-cvs.ch\\\/\"},{\"@type\":\"ListItem\",\"position\":2,\"name\":\"Confection solutions\"}]},{\"@type\":\"WebSite\",\"@id\":\"https:\\\/\\\/steinemann-cvs.ch\\\/#website\",\"url\":\"https:\\\/\\\/steinemann-cvs.ch\\\/\",\"name\":\"Steinemann Central Vacuum Systems\",\"description\":\"\",\"publisher\":{\"@id\":\"https:\\\/\\\/steinemann-cvs.ch\\\/#organization\"},\"alternateName\":\"Steinemann CVS\",\"potentialAction\":[{\"@type\":\"SearchAction\",\"target\":{\"@type\":\"EntryPoint\",\"urlTemplate\":\"https:\\\/\\\/steinemann-cvs.ch\\\/?s={search_term_string}\"},\"query-input\":{\"@type\":\"PropertyValueSpecification\",\"valueRequired\":true,\"valueName\":\"search_term_string\"}}],\"inLanguage\":\"pt-BR\"},{\"@type\":\"Organization\",\"@id\":\"https:\\\/\\\/steinemann-cvs.ch\\\/#organization\",\"name\":\"Steinemann Central Vacuum Systems\",\"alternateName\":\"Steinemann CVS\",\"url\":\"https:\\\/\\\/steinemann-cvs.ch\\\/\",\"logo\":{\"@type\":\"ImageObject\",\"inLanguage\":\"pt-BR\",\"@id\":\"https:\\\/\\\/steinemann-cvs.ch\\\/#\\\/schema\\\/logo\\\/image\\\/\",\"url\":\"https:\\\/\\\/steinemann-cvs.ch\\\/wp-content\\\/uploads\\\/2025\\\/12\\\/CH_Steinemann_CSV_120_CMYK_POS.png\",\"contentUrl\":\"https:\\\/\\\/steinemann-cvs.ch\\\/wp-content\\\/uploads\\\/2025\\\/12\\\/CH_Steinemann_CSV_120_CMYK_POS.png\",\"width\":674,\"height\":114,\"caption\":\"Steinemann Central Vacuum Systems\"},\"image\":{\"@id\":\"https:\\\/\\\/steinemann-cvs.ch\\\/#\\\/schema\\\/logo\\\/image\\\/\"},\"sameAs\":[\"https:\\\/\\\/www.linkedin.com\\\/company\\\/steinemann-central-vacuum-systems-cvs\",\"https:\\\/\\\/www.youtube.com\\\/@steinemanncvs\"]}]}<\/script>\n<!-- \/ Yoast SEO plugin. -->","yoast_head_json":{"title":"Gerenciamento de res\u00edduos de confec\u00e7\u00e3o - Automatizado para acabamento t\u00eaxtil","description":"Solu\u00e7\u00f5es de confec\u00e7\u00e3o CVS da Steinemann: gerenciamento automatizado de res\u00edduos para acabamento t\u00eaxtil. Produ\u00e7\u00e3o mais limpa, menos contamina\u00e7\u00e3o, maior rendimento.","robots":{"index":"index","follow":"follow","max-snippet":"max-snippet:-1","max-image-preview":"max-image-preview:large","max-video-preview":"max-video-preview:-1"},"canonical":"https:\/\/steinemann-cvs.ch\/pt\/solucoes-de-confeccao\/","og_locale":"pt_BR","og_type":"article","og_title":"Confection waste management \u2013 Automated for Textile Finishing","og_description":"Steinemann CVS confection solutions: automated waste management for textile finishing. Cleaner production, less contamination, higher output.","og_url":"https:\/\/steinemann-cvs.ch\/pt\/solucoes-de-confeccao\/","og_site_name":"Steinemann CVS","article_modified_time":"2025-11-05T12:40:36+00:00","og_image":[{"url":"https:\/\/steinemann-cvs.ch\/wp-content\/uploads\/2025\/09\/Confection_Solutions.png","type":"","width":"","height":""}],"twitter_card":"summary_large_image","twitter_misc":{"Est. tempo de leitura":"2 minutos"},"schema":{"@context":"https:\/\/schema.org","@graph":[{"@type":"WebPage","@id":"https:\/\/steinemann-cvs.ch\/confection-solutions\/","url":"https:\/\/steinemann-cvs.ch\/confection-solutions\/","name":"Gerenciamento de res\u00edduos de confec\u00e7\u00e3o - Automatizado para acabamento t\u00eaxtil","isPartOf":{"@id":"https:\/\/steinemann-cvs.ch\/#website"},"primaryImageOfPage":{"@id":"https:\/\/steinemann-cvs.ch\/confection-solutions\/#primaryimage"},"image":{"@id":"https:\/\/steinemann-cvs.ch\/confection-solutions\/#primaryimage"},"thumbnailUrl":"https:\/\/steinemann-cvs.ch\/wp-content\/uploads\/2025\/09\/Confection_Solutions.png","datePublished":"2025-09-22T12:53:18+00:00","dateModified":"2025-11-05T12:40:36+00:00","description":"Solu\u00e7\u00f5es de confec\u00e7\u00e3o CVS da Steinemann: gerenciamento automatizado de res\u00edduos para acabamento t\u00eaxtil. Produ\u00e7\u00e3o mais limpa, menos contamina\u00e7\u00e3o, maior rendimento.","breadcrumb":{"@id":"https:\/\/steinemann-cvs.ch\/confection-solutions\/#breadcrumb"},"inLanguage":"pt-BR","potentialAction":[{"@type":"ReadAction","target":["https:\/\/steinemann-cvs.ch\/confection-solutions\/"]}]},{"@type":"ImageObject","inLanguage":"pt-BR","@id":"https:\/\/steinemann-cvs.ch\/confection-solutions\/#primaryimage","url":"https:\/\/steinemann-cvs.ch\/wp-content\/uploads\/2025\/09\/Confection_Solutions.png","contentUrl":"https:\/\/steinemann-cvs.ch\/wp-content\/uploads\/2025\/09\/Confection_Solutions.png"},{"@type":"BreadcrumbList","@id":"https:\/\/steinemann-cvs.ch\/confection-solutions\/#breadcrumb","itemListElement":[{"@type":"ListItem","position":1,"name":"Home","item":"https:\/\/steinemann-cvs.ch\/"},{"@type":"ListItem","position":2,"name":"Confection solutions"}]},{"@type":"WebSite","@id":"https:\/\/steinemann-cvs.ch\/#website","url":"https:\/\/steinemann-cvs.ch\/","name":"Sistemas de v\u00e1cuo central Steinemann","description":"","publisher":{"@id":"https:\/\/steinemann-cvs.ch\/#organization"},"alternateName":"Steinemann CVS","potentialAction":[{"@type":"SearchAction","target":{"@type":"EntryPoint","urlTemplate":"https:\/\/steinemann-cvs.ch\/?s={search_term_string}"},"query-input":{"@type":"PropertyValueSpecification","valueRequired":true,"valueName":"search_term_string"}}],"inLanguage":"pt-BR"},{"@type":"Organization","@id":"https:\/\/steinemann-cvs.ch\/#organization","name":"Sistemas de v\u00e1cuo central Steinemann","alternateName":"Steinemann CVS","url":"https:\/\/steinemann-cvs.ch\/","logo":{"@type":"ImageObject","inLanguage":"pt-BR","@id":"https:\/\/steinemann-cvs.ch\/#\/schema\/logo\/image\/","url":"https:\/\/steinemann-cvs.ch\/wp-content\/uploads\/2025\/12\/CH_Steinemann_CSV_120_CMYK_POS.png","contentUrl":"https:\/\/steinemann-cvs.ch\/wp-content\/uploads\/2025\/12\/CH_Steinemann_CSV_120_CMYK_POS.png","width":674,"height":114,"caption":"Steinemann Central Vacuum Systems"},"image":{"@id":"https:\/\/steinemann-cvs.ch\/#\/schema\/logo\/image\/"},"sameAs":["https:\/\/www.linkedin.com\/company\/steinemann-central-vacuum-systems-cvs","https:\/\/www.youtube.com\/@steinemanncvs"]}]}},"_links":{"self":[{"href":"https:\/\/steinemann-cvs.ch\/pt\/wp-json\/wp\/v2\/pages\/21407","targetHints":{"allow":["GET"]}}],"collection":[{"href":"https:\/\/steinemann-cvs.ch\/pt\/wp-json\/wp\/v2\/pages"}],"about":[{"href":"https:\/\/steinemann-cvs.ch\/pt\/wp-json\/wp\/v2\/types\/page"}],"author":[{"embeddable":true,"href":"https:\/\/steinemann-cvs.ch\/pt\/wp-json\/wp\/v2\/users\/1"}],"replies":[{"embeddable":true,"href":"https:\/\/steinemann-cvs.ch\/pt\/wp-json\/wp\/v2\/comments?post=21407"}],"version-history":[{"count":8,"href":"https:\/\/steinemann-cvs.ch\/pt\/wp-json\/wp\/v2\/pages\/21407\/revisions"}],"predecessor-version":[{"id":21622,"href":"https:\/\/steinemann-cvs.ch\/pt\/wp-json\/wp\/v2\/pages\/21407\/revisions\/21622"}],"wp:attachment":[{"href":"https:\/\/steinemann-cvs.ch\/pt\/wp-json\/wp\/v2\/media?parent=21407"}],"curies":[{"name":"wp","href":"https:\/\/api.w.org\/{rel}","templated":true}]}}