{"id":21399,"date":"2025-09-22T12:44:52","date_gmt":"2025-09-22T12:44:52","guid":{"rendered":"https:\/\/steinemann-cvs.ch\/?page_id=21399"},"modified":"2025-11-05T12:31:10","modified_gmt":"2025-11-05T12:31:10","slug":"descarte-automatico","status":"publish","type":"page","link":"https:\/\/steinemann-cvs.ch\/pt\/automatic-disposal\/","title":{"rendered":"Descarte autom\u00e1tico"},"content":{"rendered":"<div data-elementor-type=\"wp-page\" data-elementor-id=\"21399\" class=\"elementor elementor-21399\">\n\t\t\t\t\t\t\t<div class=\"elementor-element elementor-element-ea9237f e-flex e-con-boxed e-con e-parent\" data-id=\"ea9237f\" data-element_type=\"container\">\r\n\t\t\t\t\t\t\t<div class=\"e-con-inner\">\r\n\t\t\t\t\t\t<div class=\"elementor-element elementor-element-4299853 elementor-widget elementor-widget-udesign_widget_heading\" data-id=\"4299853\" data-element_type=\"widget\" data-widget_type=\"udesign_widget_heading.default\">\n\t\t\t\t\t<div class=\"title-wrapper  title-center\"><div class=\"title elementor-heading-title\">Por que escolher a Steinemann CVS<\/div><\/div>\t\t\t\t<\/div>\n\t\t\t\t<div class=\"elementor-element elementor-element-10930eb elementor-widget__width-initial elementor-widget-mobile__width-initial elementor-widget-tablet__width-initial elementor-widget elementor-widget-udesign_widget_heading\" data-id=\"10930eb\" data-element_type=\"widget\" data-widget_type=\"udesign_widget_heading.default\">\n\t\t\t\t\t<div class=\"title-wrapper  title-center\"><h2 class=\"title elementor-heading-title\">Descarte autom\u00e1tico<\/h2><\/div>\t\t\t\t<\/div>\n\t\t\t\t<div class=\"elementor-element elementor-element-f6d0787 elementor-widget elementor-widget-text-editor\" data-id=\"f6d0787\" data-element_type=\"widget\" data-widget_type=\"text-editor.default\">\n\t\t\t\t\t\t\t\t\t<p data-start=\"341\" data-end=\"689\">As fia\u00e7\u00f5es modernas s\u00e3o altamente intensivas em capital, o que torna essencial a utiliza\u00e7\u00e3o m\u00e1xima da m\u00e1quina. As m\u00e1quinas de fia\u00e7\u00e3o de alto desempenho requerem condi\u00e7\u00f5es de produ\u00e7\u00e3o consistentes para oferecer um rendimento ideal. Com os sistemas de v\u00e1cuo central da Steinemann para descarte autom\u00e1tico, voc\u00ea garante uma produ\u00e7\u00e3o ininterrupta, tempo de inatividade reduzido e log\u00edstica confi\u00e1vel de res\u00edduos.<\/p><p data-start=\"691\" data-end=\"925\">O esvaziamento manual \u00e9 trabalhoso, inconsistente e aumenta o risco de quebras de fio e inefici\u00eancias. A extra\u00e7\u00e3o automatizada a v\u00e1cuo, por outro lado, garante a confiabilidade, melhora a qualidade da fia\u00e7\u00e3o e reduz os custos operacionais.<\/p><p data-start=\"927\" data-end=\"1029\">Sistema de log\u00edstica de descarte de m\u00e1quinas de fia\u00e7\u00e3o OE com solu\u00e7\u00e3o integrada de coleta e remo\u00e7\u00e3o de res\u00edduos.<\/p>\t\t\t\t\t\t\t\t<\/div>\n\t\t\t\t<div class=\"elementor-element elementor-element-e5d2303 elementor-widget elementor-widget-udesign_widget_imagegallery\" data-id=\"e5d2303\" data-element_type=\"widget\" data-widget_type=\"udesign_widget_imagegallery.default\">\n\t\t\t\t<div class=\"elementor-widget-container\">\n\t\t\t\t\t\r\n<ul class=\"image-gallery use_lightbox row cols-lg-3 cols-md-3 cols-sm-2 cols-2\">\r\n\t<li class=\"\">\t\t<div class=\"image-gallery-item\">\r\n\t\t<a href=\"https:\/\/steinemann-cvs.ch\/wp-content\/uploads\/2025\/09\/Disposal_logistics_OE_Spinning.png\" aria-label=\"Galeri Gambar\" data-no-translation-aria-label=\"\"><\/a>\t\t<figure class=\"grid-item image-wrap\">\r\n\t\t\t<img fetchpriority=\"high\" decoding=\"async\" width=\"1080\" height=\"1080\" src=\"https:\/\/steinemann-cvs.ch\/wp-content\/uploads\/2025\/09\/Disposal_logistics_OE_Spinning.png\" class=\"attachment-full size-full\" alt=\"Sistema de log\u00edstica de descarte de m\u00e1quinas de fia\u00e7\u00e3o OE com solu\u00e7\u00e3o integrada de coleta e remo\u00e7\u00e3o de res\u00edduos.\" srcset=\"https:\/\/steinemann-cvs.ch\/wp-content\/uploads\/2025\/09\/Disposal_logistics_OE_Spinning.png 1080w, https:\/\/steinemann-cvs.ch\/wp-content\/uploads\/2025\/09\/Disposal_logistics_OE_Spinning-1024x1024.png 1024w, https:\/\/steinemann-cvs.ch\/wp-content\/uploads\/2025\/09\/Disposal_logistics_OE_Spinning-768x768.png 768w\" sizes=\"(max-width: 1080px) 100vw, 1080px\" \/>\t\t<\/figure>\r\n\t\t<\/div>\r\n\t\t<\/li><\/ul>\r\n\r\n\t\t\t\t\t<\/div>\n\t\t\t\t<\/div>\n\t\t\t\t<div class=\"elementor-element elementor-element-d4c3ba8 elementor-widget elementor-widget-text-editor\" data-id=\"d4c3ba8\" data-element_type=\"widget\" data-widget_type=\"text-editor.default\">\n\t\t\t\t\t\t\t\t\t<h3 data-start=\"845\" data-end=\"876\">\u00a0<\/h3><h3 data-start=\"917\" data-end=\"948\">Benef\u00edcios comprovados para o cliente:<\/h3><ul data-start=\"949\" data-end=\"1241\"><li data-start=\"949\" data-end=\"985\"><p data-start=\"951\" data-end=\"985\"><strong data-start=\"951\" data-end=\"983\">Produtividade at\u00e9 1% maior<\/strong><\/p><\/li><li data-start=\"986\" data-end=\"1048\"><p data-start=\"988\" data-end=\"1048\"><strong data-start=\"988\" data-end=\"1013\">20% menos quebras de fio<\/strong> e maior confiabilidade da m\u00e1quina<\/p><\/li><li data-start=\"1049\" data-end=\"1097\"><p data-start=\"1051\" data-end=\"1097\"><strong data-start=\"1051\" data-end=\"1074\">Menor demanda de energia<\/strong> em m\u00e1quinas de fia\u00e7\u00e3o<\/p><\/li><li data-start=\"1098\" data-end=\"1152\"><p data-start=\"1100\" data-end=\"1152\"><strong data-start=\"1100\" data-end=\"1150\">Melhoria da qualidade do fio e redu\u00e7\u00e3o das flutua\u00e7\u00f5es<\/strong><\/p><\/li><li data-start=\"1153\" data-end=\"1204\"><p data-start=\"1155\" data-end=\"1204\"><strong data-start=\"1155\" data-end=\"1202\">Menos tempo de inatividade e custos de manuten\u00e7\u00e3o reduzidos<\/strong><\/p><\/li><li data-start=\"1205\" data-end=\"1241\"><p data-start=\"1207\" data-end=\"1241\"><strong data-start=\"1207\" data-end=\"1239\">Vida \u00fatil estendida das pe\u00e7as de reposi\u00e7\u00e3o<\/strong><\/p><\/li><\/ul><h3 data-start=\"1243\" data-end=\"1267\">\u00a0<\/h3><h3 data-start=\"1243\" data-end=\"1267\">Vantagens do sistema:<\/h3><ul data-start=\"1268\" data-end=\"1526\"><li data-start=\"1268\" data-end=\"1312\"><p data-start=\"1270\" data-end=\"1312\">Opera\u00e7\u00e3o totalmente automatizada e cont\u00ednua<\/p><\/li><li data-start=\"1313\" data-end=\"1339\"><p data-start=\"1315\" data-end=\"1339\">Baixo consumo de energia<\/p><\/li><li data-start=\"1340\" data-end=\"1395\"><p data-start=\"1342\" data-end=\"1395\">Interven\u00e7\u00e3o manual m\u00ednima e custos de m\u00e3o de obra reduzidos<\/p><\/li><li data-start=\"1396\" data-end=\"1434\"><p data-start=\"1398\" data-end=\"1434\">Desempenho de limpeza abrangente<\/p><\/li><li data-start=\"1435\" data-end=\"1485\"><p data-start=\"1437\" data-end=\"1485\">Instala\u00e7\u00e3o simples em redes de tubula\u00e7\u00e3o compactas<\/p><\/li><li data-start=\"1486\" data-end=\"1526\"><p data-start=\"1488\" data-end=\"1526\">Expans\u00edvel e adapt\u00e1vel a qualquer momento<\/p><\/li><\/ul><p>Al\u00e9m disso, os sistemas CVS da Steinemann s\u00e3o projetados para confiabilidade e sustentabilidade de longo prazo. A estrutura modular permite atualiza\u00e7\u00f5es f\u00e1ceis \u00e0 medida que as necessidades de produ\u00e7\u00e3o aumentam, garantindo que seu investimento permane\u00e7a \u00e0 prova de futuro. A tecnologia de controle inteligente monitora continuamente o desempenho da suc\u00e7\u00e3o e otimiza o uso de energia, resultando em benef\u00edcios ambientais e financeiros. Gra\u00e7as \u00e0 engenharia precisa e aos materiais robustos, os intervalos de manuten\u00e7\u00e3o s\u00e3o ampliados e o tempo de atividade do sistema permanece excepcionalmente alto. Independentemente de voc\u00ea operar uma pequena unidade de fia\u00e7\u00e3o ou uma instala\u00e7\u00e3o de produ\u00e7\u00e3o em grande escala, o sistema de descarte autom\u00e1tico pode ser personalizado para se adequar ao seu layout e aos tipos de res\u00edduos. Com a Steinemann, voc\u00ea obt\u00e9m fia\u00e7\u00f5es mais limpas, qualidade consistente do fio e um retorno mensur\u00e1vel do investimento.<\/p><p data-start=\"1378\" data-end=\"1548\">\ud83d\udc49 <a href=\"https:\/\/steinemann-cvs.ch\/pt\/entre-em-contato-conosco\/\"><strong data-start=\"1381\" data-end=\"1401\">Entre em contato conosco hoje mesmo<\/strong><\/a> para saber como as solu\u00e7\u00f5es de descarte autom\u00e1tico CVS da Steinemann podem melhorar a efici\u00eancia de sua produ\u00e7\u00e3o e garantir um processo de fia\u00e7\u00e3o limpo, confi\u00e1vel e econ\u00f4mico.<\/p>\t\t\t\t\t\t\t\t<\/div>\n\t\t\t\t<div class=\"elementor-element elementor-element-65f1339 elementor-widget elementor-widget-udesign_widget_button\" data-id=\"65f1339\" data-element_type=\"widget\" data-widget_type=\"udesign_widget_button.default\">\n\t\t\t\t\t<a class=\"btn btn-md btn-primary btn-icon btn-icon-left\" href=\"https:\/\/steinemann-cvs.ch\/pt\/produtos\/\" ><i class=\"fas fa-arrow-left\"><\/i><span >Voltar<\/span><\/a>\t\t\t\t<\/div>\n\t\t\t\t<div class=\"elementor-element elementor-element-02b5feb elementor-widget elementor-widget-spacer\" data-id=\"02b5feb\" data-element_type=\"widget\" data-widget_type=\"spacer.default\">\n\t\t\t\t\t\t\t<div class=\"elementor-spacer\">\n\t\t\t<div class=\"elementor-spacer-inner\"><\/div>\n\t\t<\/div>\n\t\t\t\t\t\t<\/div>\n\t\t\t\t\t\t<\/div>\r\n\t\t\t\t\r\n\t\t\t<\/div>\r\n\t\t\t\t\t\t<div class=\"elementor-element elementor-element-f400ee2 e-flex e-con-boxed e-con e-parent\" data-id=\"f400ee2\" data-element_type=\"container\">\r\n\t\t\t\t\t\t\t<div class=\"e-con-inner\">\r\n\t\t\t\t\t\t<div class=\"elementor-element elementor-element-016410d elementor-widget elementor-widget-udesign_widget_heading\" data-id=\"016410d\" data-element_type=\"widget\" data-widget_type=\"udesign_widget_heading.default\">\n\t\t\t\t\t<div class=\"title-wrapper  title-center\"><div class=\"title elementor-heading-title\">Tem d\u00favidas?<\/div><\/div>\t\t\t\t<\/div>\n\t\t\t\t<div class=\"elementor-element elementor-element-b65cc68 elementor-widget__width-initial elementor-widget-mobile__width-initial elementor-widget-tablet__width-initial elementor-widget elementor-widget-udesign_widget_heading\" data-id=\"b65cc68\" data-element_type=\"widget\" data-widget_type=\"udesign_widget_heading.default\">\n\t\t\t\t\t<div class=\"title-wrapper  title-center\"><h2 class=\"title elementor-heading-title\">Estamos aqui para ajudar!<\/h2><\/div>\t\t\t\t<\/div>\n\t\t\t\t<div class=\"elementor-element elementor-element-2b2a434 elementor-widget elementor-widget-udesign_widget_contact_form\" data-id=\"2b2a434\" data-element_type=\"widget\" data-widget_type=\"udesign_widget_contact_form.default\">\n\t\t\t\t\t\n<div class=\"wpcf7 no-js\" id=\"wpcf7-f282-o1\" lang=\"en-US\" dir=\"ltr\" data-wpcf7-id=\"282\">\n<div class=\"screen-reader-response\"><p role=\"status\" aria-live=\"polite\" aria-atomic=\"true\"><\/p> <ul><\/ul><\/div>\n<form action=\"\/pt\/wp-json\/wp\/v2\/pages\/21399#wpcf7-f282-o1\" method=\"post\" class=\"wpcf7-form init\" aria-label=\"Contact form\" novalidate=\"novalidate\" data-status=\"init\" data-trp-original-action=\"\/pt\/wp-json\/wp\/v2\/pages\/21399#wpcf7-f282-o1\">\n<fieldset class=\"hidden-fields-container\"><input type=\"hidden\" name=\"_wpcf7\" value=\"282\" \/><input type=\"hidden\" name=\"_wpcf7_version\" value=\"6.1.5\" \/><input type=\"hidden\" name=\"_wpcf7_locale\" value=\"en_US\" \/><input type=\"hidden\" name=\"_wpcf7_unit_tag\" value=\"wpcf7-f282-o1\" \/><input type=\"hidden\" name=\"_wpcf7_container_post\" value=\"0\" \/><input type=\"hidden\" name=\"_wpcf7_posted_data_hash\" value=\"\" \/>\n<\/fieldset>\n<p><span class=\"wpcf7-form-control-wrap\" data-name=\"text-157\"><input size=\"40\" maxlength=\"400\" class=\"wpcf7-form-control wpcf7-text wpcf7-validates-as-required\" aria-required=\"true\" aria-invalid=\"false\" placeholder=\"Seu nome\" value=\"\" type=\"text\" name=\"text-157\" \/><\/span>\n<\/p>\n<p><span class=\"wpcf7-form-control-wrap\" data-name=\"email-668\"><input size=\"40\" maxlength=\"400\" class=\"wpcf7-form-control wpcf7-email wpcf7-validates-as-required wpcf7-text wpcf7-validates-as-email\" aria-required=\"true\" aria-invalid=\"false\" placeholder=\"Seu endere\u00e7o de e-mail\" value=\"\" type=\"email\" name=\"email-668\" \/><\/span>\n<\/p>\n<p class=\"mb-6\"><span class=\"wpcf7-form-control-wrap\" data-name=\"textarea-883\"><textarea cols=\"40\" rows=\"10\" maxlength=\"2000\" class=\"wpcf7-form-control wpcf7-textarea\" aria-invalid=\"false\" placeholder=\"Sua mensagem\" name=\"textarea-883\"><\/textarea><\/span>\n<\/p>\n<p><button type=\"submit\" class=\"btn\">Enviar mensagem<i class=\"a-icon-long-arrow-right\"><\/i><\/button>\n<\/p><div class=\"wpcf7-response-output\" aria-hidden=\"true\"><\/div>\n<input type=\"hidden\" name=\"trp-form-language\" value=\"pt\"\/><\/form>\n<\/div>\n\t\t\t\t<\/div>\n\t\t\t\t\t\t<\/div>\r\n\t\t\t\t\r\n\t\t\t<\/div>\r\n\t\t\t\t\t\t<div class=\"elementor-element elementor-element-9ef5a6b e-flex e-con-boxed e-con e-parent\" data-id=\"9ef5a6b\" data-element_type=\"container\">\r\n\t\t\t\t\t\t\t<div class=\"e-con-inner\">\r\n\t\t\t\t\t\t\t\t<\/div>\r\n\t\t\t\t\r\n\t\t\t<\/div>\r\n\t\t\t\t\t<\/div>","protected":false},"excerpt":{"rendered":"<p>Why Choose Steinemann CVS Automatic disposal Modern spinning mills are highly capital-intensive, making maximum machine utilization essential. High-performance spinning machines require consistent production conditions to deliver optimal output. With Steinemann Central Vacuum Systems for automatic disposal, you ensure uninterrupted production, reduced downtime, and reliable waste logistics. Manual emptying is labor-intensive, inconsistent, and increases the risk [&hellip;]<\/p>\n","protected":false},"author":1,"featured_media":0,"parent":0,"menu_order":0,"comment_status":"closed","ping_status":"closed","template":"","meta":{"footnotes":""},"class_list":["post-21399","page","type-page","status-publish","hentry"],"yoast_head":"<!-- This site is optimized with the Yoast SEO plugin v27.4 - https:\/\/yoast.com\/product\/yoast-seo-wordpress\/ -->\n<title>Automatic Disposal \u2013 Steinemann CVS Central Vacuum Systems<\/title>\n<meta name=\"description\" content=\"Automate textile waste handling with Steinemann CVS. Ensure continuous production, fewer yarn breaks, lower costs and cleaner spinning mills.\" \/>\n<meta name=\"robots\" content=\"index, follow, max-snippet:-1, max-image-preview:large, max-video-preview:-1\" \/>\n<link rel=\"canonical\" href=\"https:\/\/steinemann-cvs.ch\/pt\/descarte-automatico\/\" \/>\n<meta property=\"og:locale\" content=\"pt_BR\" \/>\n<meta property=\"og:type\" content=\"article\" \/>\n<meta property=\"og:title\" content=\"Automatic Disposal \u2013 Steinemann CVS Central Vacuum Systems\" \/>\n<meta property=\"og:description\" content=\"Automate textile waste handling with Steinemann CVS. Ensure continuous production, fewer yarn breaks, lower costs and cleaner spinning mills.\" \/>\n<meta property=\"og:url\" content=\"https:\/\/steinemann-cvs.ch\/pt\/descarte-automatico\/\" \/>\n<meta property=\"og:site_name\" content=\"Steinemann CVS\" \/>\n<meta property=\"article:modified_time\" content=\"2025-11-05T12:31:10+00:00\" \/>\n<meta property=\"og:image\" content=\"https:\/\/steinemann-cvs.ch\/wp-content\/uploads\/2025\/09\/Disposal_logistics_OE_Spinning.png\" \/>\n<meta name=\"twitter:card\" content=\"summary_large_image\" \/>\n<meta name=\"twitter:label1\" content=\"Est. tempo de leitura\" \/>\n\t<meta name=\"twitter:data1\" content=\"2 minutos\" \/>\n<script type=\"application\/ld+json\" class=\"yoast-schema-graph\">{\"@context\":\"https:\\\/\\\/schema.org\",\"@graph\":[{\"@type\":\"WebPage\",\"@id\":\"https:\\\/\\\/steinemann-cvs.ch\\\/automatic-disposal\\\/\",\"url\":\"https:\\\/\\\/steinemann-cvs.ch\\\/automatic-disposal\\\/\",\"name\":\"Automatic Disposal \u2013 Steinemann CVS Central Vacuum Systems\",\"isPartOf\":{\"@id\":\"https:\\\/\\\/steinemann-cvs.ch\\\/#website\"},\"primaryImageOfPage\":{\"@id\":\"https:\\\/\\\/steinemann-cvs.ch\\\/automatic-disposal\\\/#primaryimage\"},\"image\":{\"@id\":\"https:\\\/\\\/steinemann-cvs.ch\\\/automatic-disposal\\\/#primaryimage\"},\"thumbnailUrl\":\"https:\\\/\\\/steinemann-cvs.ch\\\/wp-content\\\/uploads\\\/2025\\\/09\\\/Disposal_logistics_OE_Spinning.png\",\"datePublished\":\"2025-09-22T12:44:52+00:00\",\"dateModified\":\"2025-11-05T12:31:10+00:00\",\"description\":\"Automate textile waste handling with Steinemann CVS. Ensure continuous production, fewer yarn breaks, lower costs and cleaner spinning mills.\",\"breadcrumb\":{\"@id\":\"https:\\\/\\\/steinemann-cvs.ch\\\/automatic-disposal\\\/#breadcrumb\"},\"inLanguage\":\"pt-BR\",\"potentialAction\":[{\"@type\":\"ReadAction\",\"target\":[\"https:\\\/\\\/steinemann-cvs.ch\\\/automatic-disposal\\\/\"]}]},{\"@type\":\"ImageObject\",\"inLanguage\":\"pt-BR\",\"@id\":\"https:\\\/\\\/steinemann-cvs.ch\\\/automatic-disposal\\\/#primaryimage\",\"url\":\"https:\\\/\\\/steinemann-cvs.ch\\\/wp-content\\\/uploads\\\/2025\\\/09\\\/Disposal_logistics_OE_Spinning.png\",\"contentUrl\":\"https:\\\/\\\/steinemann-cvs.ch\\\/wp-content\\\/uploads\\\/2025\\\/09\\\/Disposal_logistics_OE_Spinning.png\"},{\"@type\":\"BreadcrumbList\",\"@id\":\"https:\\\/\\\/steinemann-cvs.ch\\\/automatic-disposal\\\/#breadcrumb\",\"itemListElement\":[{\"@type\":\"ListItem\",\"position\":1,\"name\":\"Home\",\"item\":\"https:\\\/\\\/steinemann-cvs.ch\\\/\"},{\"@type\":\"ListItem\",\"position\":2,\"name\":\"Automatic disposal\"}]},{\"@type\":\"WebSite\",\"@id\":\"https:\\\/\\\/steinemann-cvs.ch\\\/#website\",\"url\":\"https:\\\/\\\/steinemann-cvs.ch\\\/\",\"name\":\"Steinemann Central Vacuum Systems\",\"description\":\"\",\"publisher\":{\"@id\":\"https:\\\/\\\/steinemann-cvs.ch\\\/#organization\"},\"alternateName\":\"Steinemann CVS\",\"potentialAction\":[{\"@type\":\"SearchAction\",\"target\":{\"@type\":\"EntryPoint\",\"urlTemplate\":\"https:\\\/\\\/steinemann-cvs.ch\\\/?s={search_term_string}\"},\"query-input\":{\"@type\":\"PropertyValueSpecification\",\"valueRequired\":true,\"valueName\":\"search_term_string\"}}],\"inLanguage\":\"pt-BR\"},{\"@type\":\"Organization\",\"@id\":\"https:\\\/\\\/steinemann-cvs.ch\\\/#organization\",\"name\":\"Steinemann Central Vacuum Systems\",\"alternateName\":\"Steinemann CVS\",\"url\":\"https:\\\/\\\/steinemann-cvs.ch\\\/\",\"logo\":{\"@type\":\"ImageObject\",\"inLanguage\":\"pt-BR\",\"@id\":\"https:\\\/\\\/steinemann-cvs.ch\\\/#\\\/schema\\\/logo\\\/image\\\/\",\"url\":\"https:\\\/\\\/steinemann-cvs.ch\\\/wp-content\\\/uploads\\\/2025\\\/12\\\/CH_Steinemann_CSV_120_CMYK_POS.png\",\"contentUrl\":\"https:\\\/\\\/steinemann-cvs.ch\\\/wp-content\\\/uploads\\\/2025\\\/12\\\/CH_Steinemann_CSV_120_CMYK_POS.png\",\"width\":674,\"height\":114,\"caption\":\"Steinemann Central Vacuum Systems\"},\"image\":{\"@id\":\"https:\\\/\\\/steinemann-cvs.ch\\\/#\\\/schema\\\/logo\\\/image\\\/\"},\"sameAs\":[\"https:\\\/\\\/www.linkedin.com\\\/company\\\/steinemann-central-vacuum-systems-cvs\",\"https:\\\/\\\/www.youtube.com\\\/@steinemanncvs\"]}]}<\/script>\n<!-- \/ Yoast SEO plugin. -->","yoast_head_json":{"title":"Descarte autom\u00e1tico de lixo - Steinemann CVS Sistemas de aspira\u00e7\u00e3o central","description":"Automatize o manuseio de res\u00edduos t\u00eaxteis com o Steinemann CVS. Garanta a produ\u00e7\u00e3o cont\u00ednua, menos quebras de fio, custos mais baixos e fia\u00e7\u00f5es mais limpas.","robots":{"index":"index","follow":"follow","max-snippet":"max-snippet:-1","max-image-preview":"max-image-preview:large","max-video-preview":"max-video-preview:-1"},"canonical":"https:\/\/steinemann-cvs.ch\/pt\/descarte-automatico\/","og_locale":"pt_BR","og_type":"article","og_title":"Automatic Disposal \u2013 Steinemann CVS Central Vacuum Systems","og_description":"Automate textile waste handling with Steinemann CVS. Ensure continuous production, fewer yarn breaks, lower costs and cleaner spinning mills.","og_url":"https:\/\/steinemann-cvs.ch\/pt\/descarte-automatico\/","og_site_name":"Steinemann CVS","article_modified_time":"2025-11-05T12:31:10+00:00","og_image":[{"url":"https:\/\/steinemann-cvs.ch\/wp-content\/uploads\/2025\/09\/Disposal_logistics_OE_Spinning.png","type":"","width":"","height":""}],"twitter_card":"summary_large_image","twitter_misc":{"Est. tempo de leitura":"2 minutos"},"schema":{"@context":"https:\/\/schema.org","@graph":[{"@type":"WebPage","@id":"https:\/\/steinemann-cvs.ch\/automatic-disposal\/","url":"https:\/\/steinemann-cvs.ch\/automatic-disposal\/","name":"Descarte autom\u00e1tico de lixo - Steinemann CVS Sistemas de aspira\u00e7\u00e3o central","isPartOf":{"@id":"https:\/\/steinemann-cvs.ch\/#website"},"primaryImageOfPage":{"@id":"https:\/\/steinemann-cvs.ch\/automatic-disposal\/#primaryimage"},"image":{"@id":"https:\/\/steinemann-cvs.ch\/automatic-disposal\/#primaryimage"},"thumbnailUrl":"https:\/\/steinemann-cvs.ch\/wp-content\/uploads\/2025\/09\/Disposal_logistics_OE_Spinning.png","datePublished":"2025-09-22T12:44:52+00:00","dateModified":"2025-11-05T12:31:10+00:00","description":"Automatize o manuseio de res\u00edduos t\u00eaxteis com o Steinemann CVS. Garanta a produ\u00e7\u00e3o cont\u00ednua, menos quebras de fio, custos mais baixos e fia\u00e7\u00f5es mais limpas.","breadcrumb":{"@id":"https:\/\/steinemann-cvs.ch\/automatic-disposal\/#breadcrumb"},"inLanguage":"pt-BR","potentialAction":[{"@type":"ReadAction","target":["https:\/\/steinemann-cvs.ch\/automatic-disposal\/"]}]},{"@type":"ImageObject","inLanguage":"pt-BR","@id":"https:\/\/steinemann-cvs.ch\/automatic-disposal\/#primaryimage","url":"https:\/\/steinemann-cvs.ch\/wp-content\/uploads\/2025\/09\/Disposal_logistics_OE_Spinning.png","contentUrl":"https:\/\/steinemann-cvs.ch\/wp-content\/uploads\/2025\/09\/Disposal_logistics_OE_Spinning.png"},{"@type":"BreadcrumbList","@id":"https:\/\/steinemann-cvs.ch\/automatic-disposal\/#breadcrumb","itemListElement":[{"@type":"ListItem","position":1,"name":"Home","item":"https:\/\/steinemann-cvs.ch\/"},{"@type":"ListItem","position":2,"name":"Automatic disposal"}]},{"@type":"WebSite","@id":"https:\/\/steinemann-cvs.ch\/#website","url":"https:\/\/steinemann-cvs.ch\/","name":"Sistemas de v\u00e1cuo central Steinemann","description":"","publisher":{"@id":"https:\/\/steinemann-cvs.ch\/#organization"},"alternateName":"Steinemann CVS","potentialAction":[{"@type":"SearchAction","target":{"@type":"EntryPoint","urlTemplate":"https:\/\/steinemann-cvs.ch\/?s={search_term_string}"},"query-input":{"@type":"PropertyValueSpecification","valueRequired":true,"valueName":"search_term_string"}}],"inLanguage":"pt-BR"},{"@type":"Organization","@id":"https:\/\/steinemann-cvs.ch\/#organization","name":"Sistemas de v\u00e1cuo central Steinemann","alternateName":"Steinemann CVS","url":"https:\/\/steinemann-cvs.ch\/","logo":{"@type":"ImageObject","inLanguage":"pt-BR","@id":"https:\/\/steinemann-cvs.ch\/#\/schema\/logo\/image\/","url":"https:\/\/steinemann-cvs.ch\/wp-content\/uploads\/2025\/12\/CH_Steinemann_CSV_120_CMYK_POS.png","contentUrl":"https:\/\/steinemann-cvs.ch\/wp-content\/uploads\/2025\/12\/CH_Steinemann_CSV_120_CMYK_POS.png","width":674,"height":114,"caption":"Steinemann Central Vacuum Systems"},"image":{"@id":"https:\/\/steinemann-cvs.ch\/#\/schema\/logo\/image\/"},"sameAs":["https:\/\/www.linkedin.com\/company\/steinemann-central-vacuum-systems-cvs","https:\/\/www.youtube.com\/@steinemanncvs"]}]}},"_links":{"self":[{"href":"https:\/\/steinemann-cvs.ch\/pt\/wp-json\/wp\/v2\/pages\/21399","targetHints":{"allow":["GET"]}}],"collection":[{"href":"https:\/\/steinemann-cvs.ch\/pt\/wp-json\/wp\/v2\/pages"}],"about":[{"href":"https:\/\/steinemann-cvs.ch\/pt\/wp-json\/wp\/v2\/types\/page"}],"author":[{"embeddable":true,"href":"https:\/\/steinemann-cvs.ch\/pt\/wp-json\/wp\/v2\/users\/1"}],"replies":[{"embeddable":true,"href":"https:\/\/steinemann-cvs.ch\/pt\/wp-json\/wp\/v2\/comments?post=21399"}],"version-history":[{"count":11,"href":"https:\/\/steinemann-cvs.ch\/pt\/wp-json\/wp\/v2\/pages\/21399\/revisions"}],"predecessor-version":[{"id":21618,"href":"https:\/\/steinemann-cvs.ch\/pt\/wp-json\/wp\/v2\/pages\/21399\/revisions\/21618"}],"wp:attachment":[{"href":"https:\/\/steinemann-cvs.ch\/pt\/wp-json\/wp\/v2\/media?parent=21399"}],"curies":[{"name":"wp","href":"https:\/\/api.w.org\/{rel}","templated":true}]}}