{"id":21390,"date":"2025-09-22T12:40:54","date_gmt":"2025-09-22T12:40:54","guid":{"rendered":"https:\/\/steinemann-cvs.ch\/?page_id=21390"},"modified":"2025-11-05T12:44:55","modified_gmt":"2025-11-05T12:44:55","slug":"limpeza-manual","status":"publish","type":"page","link":"https:\/\/steinemann-cvs.ch\/pt\/manual-cleaning\/","title":{"rendered":"Limpeza manual"},"content":{"rendered":"<div data-elementor-type=\"wp-page\" data-elementor-id=\"21390\" class=\"elementor elementor-21390\">\n\t\t\t\t\t\t\t<div class=\"elementor-element elementor-element-ea9237f e-flex e-con-boxed e-con e-parent\" data-id=\"ea9237f\" data-element_type=\"container\">\r\n\t\t\t\t\t\t\t<div class=\"e-con-inner\">\r\n\t\t\t\t\t\t<div class=\"elementor-element elementor-element-4299853 elementor-widget elementor-widget-udesign_widget_heading\" data-id=\"4299853\" data-element_type=\"widget\" data-widget_type=\"udesign_widget_heading.default\">\n\t\t\t\t\t<div class=\"title-wrapper  title-center\"><div class=\"title elementor-heading-title\">Por que escolher a Steinemann CVS<\/div><\/div>\t\t\t\t<\/div>\n\t\t\t\t<div class=\"elementor-element elementor-element-10930eb elementor-widget__width-initial elementor-widget-mobile__width-initial elementor-widget-tablet__width-initial elementor-widget elementor-widget-udesign_widget_heading\" data-id=\"10930eb\" data-element_type=\"widget\" data-widget_type=\"udesign_widget_heading.default\">\n\t\t\t\t\t<div class=\"title-wrapper  title-center\"><h2 class=\"title elementor-heading-title\">Limpeza manual<\/h2><\/div>\t\t\t\t<\/div>\n\t\t\t\t<div class=\"elementor-element elementor-element-f6d0787 elementor-widget elementor-widget-text-editor\" data-id=\"f6d0787\" data-element_type=\"widget\" data-widget_type=\"text-editor.default\">\n\t\t\t\t\t\t\t\t\t<p data-start=\"360\" data-end=\"604\">Mesmo com ar-condicionado moderno e unidades de limpeza adicionais, as m\u00e1quinas de produ\u00e7\u00e3o t\u00eaxtil acumulam rapidamente poeira, fiapos e res\u00edduos de fibras. A limpeza manual regular \u00e9 essencial para manter a qualidade do produto, a produtividade e a efici\u00eancia da m\u00e1quina.<\/p><p data-start=\"606\" data-end=\"881\">Contar com a cara limpeza de ar comprimido n\u00e3o \u00e9 uma alternativa sustent\u00e1vel. Ela apenas transfere os res\u00edduos de um lugar para outro, aumentando os riscos de contamina\u00e7\u00e3o e os custos de manuten\u00e7\u00e3o. A solu\u00e7\u00e3o eficiente, segura e econ\u00f4mica \u00e9 um sistema de v\u00e1cuo central da Steinemann CVS.<\/p><p data-start=\"883\" data-end=\"1227\">Trabalhador realizando a limpeza manual da m\u00e1quina t\u00eaxtil com o Sistema de Aspira\u00e7\u00e3o Central Steinemann para remo\u00e7\u00e3o de fibras e poeira.<br data-start=\"1001\" data-end=\"1004\" \/>Close-up da solu\u00e7\u00e3o de limpeza manual na fia\u00e7\u00e3o, removendo poeira e fibras do maquin\u00e1rio t\u00eaxtil com bocal de v\u00e1cuo.<br data-start=\"1125\" data-end=\"1128\" \/>Sistema de ponto de varredura CVS da Steinemann para remo\u00e7\u00e3o automatizada de res\u00edduos de fibras e fios em f\u00e1bricas t\u00eaxteis.<\/p>\t\t\t\t\t\t\t\t<\/div>\n\t\t\t\t<div class=\"elementor-element elementor-element-e5d2303 elementor-widget elementor-widget-udesign_widget_imagegallery\" data-id=\"e5d2303\" data-element_type=\"widget\" data-widget_type=\"udesign_widget_imagegallery.default\">\n\t\t\t\t<div class=\"elementor-widget-container\">\n\t\t\t\t\t\r\n<ul class=\"image-gallery use_lightbox row cols-lg-3 cols-md-3 cols-sm-2 cols-2\">\r\n\t<li class=\"\">\t\t<div class=\"image-gallery-item\">\r\n\t\t<a href=\"https:\/\/steinemann-cvs.ch\/wp-content\/uploads\/2025\/09\/Manual_Cleaning.png\" aria-label=\"\u0645\u0639\u0631\u0636 \u0627\u0644\u0635\u0648\u0631\" data-no-translation-aria-label=\"\"><\/a>\t\t<figure class=\"grid-item image-wrap\">\r\n\t\t\t<img fetchpriority=\"high\" decoding=\"async\" width=\"1200\" height=\"1200\" src=\"https:\/\/steinemann-cvs.ch\/wp-content\/uploads\/2025\/09\/Manual_Cleaning.png\" class=\"attachment-full size-full\" alt=\"Trabalhador realizando a limpeza manual da m\u00e1quina t\u00eaxtil com o Sistema de Aspira\u00e7\u00e3o Central Steinemann para remo\u00e7\u00e3o de fibras e poeira.\" srcset=\"https:\/\/steinemann-cvs.ch\/wp-content\/uploads\/2025\/09\/Manual_Cleaning.png 1200w, https:\/\/steinemann-cvs.ch\/wp-content\/uploads\/2025\/09\/Manual_Cleaning-1024x1024.png 1024w, https:\/\/steinemann-cvs.ch\/wp-content\/uploads\/2025\/09\/Manual_Cleaning-768x768.png 768w\" sizes=\"(max-width: 1200px) 100vw, 1200px\" \/>\t\t<\/figure>\r\n\t\t<\/div>\r\n\t\t<\/li><li class=\"\">\t\t<div class=\"image-gallery-item\">\r\n\t\t<a href=\"https:\/\/steinemann-cvs.ch\/wp-content\/uploads\/2025\/09\/manual_cleaning_solution_in_Spinning.png\" aria-label=\"\u0645\u0639\u0631\u0636 \u0627\u0644\u0635\u0648\u0631\" data-no-translation-aria-label=\"\"><\/a>\t\t<figure class=\"grid-item image-wrap\">\r\n\t\t\t<img decoding=\"async\" width=\"961\" height=\"961\" src=\"https:\/\/steinemann-cvs.ch\/wp-content\/uploads\/2025\/09\/manual_cleaning_solution_in_Spinning.png\" class=\"attachment-full size-full\" alt=\"Close-up da solu\u00e7\u00e3o de limpeza manual na fia\u00e7\u00e3o, removendo poeira e fibras do maquin\u00e1rio t\u00eaxtil com bocal de v\u00e1cuo.\" srcset=\"https:\/\/steinemann-cvs.ch\/wp-content\/uploads\/2025\/09\/manual_cleaning_solution_in_Spinning.png 961w, https:\/\/steinemann-cvs.ch\/wp-content\/uploads\/2025\/09\/manual_cleaning_solution_in_Spinning-768x768.png 768w\" sizes=\"(max-width: 961px) 100vw, 961px\" \/>\t\t<\/figure>\r\n\t\t<\/div>\r\n\t\t<\/li><li class=\"\">\t\t<div class=\"image-gallery-item\">\r\n\t\t<a href=\"https:\/\/steinemann-cvs.ch\/wp-content\/uploads\/2025\/09\/Sweeping-Point.png\" aria-label=\"\u0645\u0639\u0631\u0636 \u0627\u0644\u0635\u0648\u0631\" data-no-translation-aria-label=\"\"><\/a>\t\t<figure class=\"grid-item image-wrap\">\r\n\t\t\t<img decoding=\"async\" width=\"1200\" height=\"1200\" src=\"https:\/\/steinemann-cvs.ch\/wp-content\/uploads\/2025\/09\/Sweeping-Point.png\" class=\"attachment-full size-full\" alt=\"Sistema de ponto de varredura CVS da Steinemann para remo\u00e7\u00e3o automatizada de res\u00edduos de fibras e fios em f\u00e1bricas t\u00eaxteis.\" srcset=\"https:\/\/steinemann-cvs.ch\/wp-content\/uploads\/2025\/09\/Sweeping-Point.png 1200w, https:\/\/steinemann-cvs.ch\/wp-content\/uploads\/2025\/09\/Sweeping-Point-1024x1024.png 1024w, https:\/\/steinemann-cvs.ch\/wp-content\/uploads\/2025\/09\/Sweeping-Point-768x768.png 768w\" sizes=\"(max-width: 1200px) 100vw, 1200px\" \/>\t\t<\/figure>\r\n\t\t<\/div>\r\n\t\t<\/li><\/ul>\r\n\r\n\t\t\t\t\t<\/div>\n\t\t\t\t<\/div>\n\t\t\t\t<div class=\"elementor-element elementor-element-d4c3ba8 elementor-widget elementor-widget-text-editor\" data-id=\"d4c3ba8\" data-element_type=\"widget\" data-widget_type=\"text-editor.default\">\n\t\t\t\t\t\t\t\t\t<h3 data-start=\"845\" data-end=\"876\">\u00a0<\/h3><h3 data-start=\"845\" data-end=\"876\">Benef\u00edcios comprovados para o cliente:<\/h3><ul data-start=\"877\" data-end=\"1073\"><li data-start=\"877\" data-end=\"910\"><p data-start=\"879\" data-end=\"910\"><strong data-start=\"879\" data-end=\"908\">+3-5% maior produtividade<\/strong><\/p><\/li><li data-start=\"911\" data-end=\"943\"><p data-start=\"913\" data-end=\"943\"><strong data-start=\"913\" data-end=\"941\">Menor consumo de energia<\/strong><\/p><\/li><li data-start=\"944\" data-end=\"995\"><p data-start=\"946\" data-end=\"995\"><strong data-start=\"946\" data-end=\"993\">Redu\u00e7\u00e3o do tempo de inatividade e manuten\u00e7\u00e3o da produ\u00e7\u00e3o<\/strong><\/p><\/li><li data-start=\"996\" data-end=\"1032\"><p data-start=\"998\" data-end=\"1032\"><strong data-start=\"998\" data-end=\"1030\">Vida \u00fatil estendida das pe\u00e7as de reposi\u00e7\u00e3o<\/strong><\/p><\/li><li data-start=\"1033\" data-end=\"1073\"><p data-start=\"1035\" data-end=\"1073\"><strong data-start=\"1035\" data-end=\"1071\">Melhoria da qualidade geral do produto<\/strong><\/p><\/li><\/ul><h3 data-start=\"1075\" data-end=\"1099\">\u00a0<\/h3><h3 data-start=\"1075\" data-end=\"1099\">Vantagens do sistema:<\/h3><ul data-start=\"1100\" data-end=\"1376\"><li data-start=\"1100\" data-end=\"1140\"><p data-start=\"1102\" data-end=\"1140\">F\u00e1cil manuseio e opera\u00e7\u00e3o confi\u00e1vel<\/p><\/li><li data-start=\"1141\" data-end=\"1185\"><p data-start=\"1143\" data-end=\"1185\">Grande capacidade de filtragem para uso cont\u00ednuo<\/p><\/li><li data-start=\"1186\" data-end=\"1212\"><p data-start=\"1188\" data-end=\"1212\">Baixo consumo de energia<\/p><\/li><li data-start=\"1213\" data-end=\"1249\"><p data-start=\"1215\" data-end=\"1249\">Requisitos m\u00ednimos de manuten\u00e7\u00e3o<\/p><\/li><li data-start=\"1250\" data-end=\"1284\"><p data-start=\"1252\" data-end=\"1284\">Desempenho de limpeza otimizado<\/p><\/li><li data-start=\"1285\" data-end=\"1335\"><p data-start=\"1287\" data-end=\"1335\">Instala\u00e7\u00e3o simples em redes de tubula\u00e7\u00e3o compactas<\/p><\/li><li data-start=\"1336\" data-end=\"1376\"><p data-start=\"1338\" data-end=\"1376\">Expans\u00edvel e adapt\u00e1vel a qualquer momento<\/p><\/li><\/ul><p>Al\u00e9m disso, os sistemas de limpeza manual CVS da Steinemann s\u00e3o projetados para oferecer desempenho consistente mesmo nos ambientes de produ\u00e7\u00e3o mais exigentes. O alto poder de suc\u00e7\u00e3o e a constru\u00e7\u00e3o robusta permitem que os operadores removam poeira e fibras de forma eficaz de m\u00e1quinas, pisos e \u00e1reas de dif\u00edcil acesso sem interromper o fluxo de produ\u00e7\u00e3o. Ferramentas de limpeza ergonomicamente projetadas garantem conforto e efici\u00eancia durante longos turnos. A configura\u00e7\u00e3o modular do sistema permite a expans\u00e3o flex\u00edvel, seja para esta\u00e7\u00f5es de trabalho individuais ou para salas de produ\u00e7\u00e3o inteiras. Ao reduzir as fibras transportadas pelo ar e o ac\u00famulo de poeira, a qualidade do ar \u00e9 melhorada, contribuindo para um local de trabalho mais saud\u00e1vel e seguro. Al\u00e9m disso, menos contamina\u00e7\u00e3o significa menos defeitos, produtos acabados mais limpos e maior vida \u00fatil para componentes e sensores sens\u00edveis. Com o CVS da Steinemann, a limpeza manual se torna mais r\u00e1pida, mais segura e mais sustent\u00e1vel, um investimento inteligente na efici\u00eancia da produ\u00e7\u00e3o a longo prazo.<\/p><p data-start=\"1378\" data-end=\"1548\">\ud83d\udc49 <a href=\"https:\/\/steinemann-cvs.ch\/pt\/entre-em-contato-conosco\/\"><strong data-start=\"1381\" data-end=\"1401\">Entre em contato conosco hoje mesmo<\/strong><\/a> para discutir suas necessidades. Uma solu\u00e7\u00e3o CVS da Steinemann pode otimizar sua produ\u00e7\u00e3o e manter sua f\u00e1brica limpa, eficiente e econ\u00f4mica.<\/p>\t\t\t\t\t\t\t\t<\/div>\n\t\t\t\t<div class=\"elementor-element elementor-element-65f1339 elementor-widget elementor-widget-udesign_widget_button\" data-id=\"65f1339\" data-element_type=\"widget\" data-widget_type=\"udesign_widget_button.default\">\n\t\t\t\t\t<a class=\"btn btn-md btn-primary btn-icon btn-icon-left\" href=\"https:\/\/steinemann-cvs.ch\/pt\/produtos\/\" ><i class=\"fas fa-arrow-left\"><\/i><span >Voltar<\/span><\/a>\t\t\t\t<\/div>\n\t\t\t\t<div class=\"elementor-element elementor-element-02b5feb elementor-widget elementor-widget-spacer\" data-id=\"02b5feb\" data-element_type=\"widget\" data-widget_type=\"spacer.default\">\n\t\t\t\t\t\t\t<div class=\"elementor-spacer\">\n\t\t\t<div class=\"elementor-spacer-inner\"><\/div>\n\t\t<\/div>\n\t\t\t\t\t\t<\/div>\n\t\t\t\t\t\t<\/div>\r\n\t\t\t\t\r\n\t\t\t<\/div>\r\n\t\t\t\t\t\t<div class=\"elementor-element elementor-element-f400ee2 e-flex e-con-boxed e-con e-parent\" data-id=\"f400ee2\" data-element_type=\"container\">\r\n\t\t\t\t\t\t\t<div class=\"e-con-inner\">\r\n\t\t\t\t\t\t<div class=\"elementor-element elementor-element-016410d elementor-widget elementor-widget-udesign_widget_heading\" data-id=\"016410d\" data-element_type=\"widget\" data-widget_type=\"udesign_widget_heading.default\">\n\t\t\t\t\t<div class=\"title-wrapper  title-center\"><div class=\"title elementor-heading-title\">Tem d\u00favidas?<\/div><\/div>\t\t\t\t<\/div>\n\t\t\t\t<div class=\"elementor-element elementor-element-b65cc68 elementor-widget__width-initial elementor-widget-mobile__width-initial elementor-widget-tablet__width-initial elementor-widget elementor-widget-udesign_widget_heading\" data-id=\"b65cc68\" data-element_type=\"widget\" data-widget_type=\"udesign_widget_heading.default\">\n\t\t\t\t\t<div class=\"title-wrapper  title-center\"><h2 class=\"title elementor-heading-title\">Estamos aqui para ajudar!<\/h2><\/div>\t\t\t\t<\/div>\n\t\t\t\t<div class=\"elementor-element elementor-element-2b2a434 elementor-widget elementor-widget-udesign_widget_contact_form\" data-id=\"2b2a434\" data-element_type=\"widget\" data-widget_type=\"udesign_widget_contact_form.default\">\n\t\t\t\t\t\n<div class=\"wpcf7 no-js\" id=\"wpcf7-f282-o1\" lang=\"en-US\" dir=\"ltr\" data-wpcf7-id=\"282\">\n<div class=\"screen-reader-response\"><p role=\"status\" aria-live=\"polite\" aria-atomic=\"true\"><\/p> <ul><\/ul><\/div>\n<form action=\"\/pt\/wp-json\/wp\/v2\/pages\/21390#wpcf7-f282-o1\" method=\"post\" class=\"wpcf7-form init\" aria-label=\"Contact form\" novalidate=\"novalidate\" data-status=\"init\" data-trp-original-action=\"\/pt\/wp-json\/wp\/v2\/pages\/21390#wpcf7-f282-o1\">\n<fieldset class=\"hidden-fields-container\"><input type=\"hidden\" name=\"_wpcf7\" value=\"282\" \/><input type=\"hidden\" name=\"_wpcf7_version\" value=\"6.1.5\" \/><input type=\"hidden\" name=\"_wpcf7_locale\" value=\"en_US\" \/><input type=\"hidden\" name=\"_wpcf7_unit_tag\" value=\"wpcf7-f282-o1\" \/><input type=\"hidden\" name=\"_wpcf7_container_post\" value=\"0\" \/><input type=\"hidden\" name=\"_wpcf7_posted_data_hash\" value=\"\" \/>\n<\/fieldset>\n<p><span class=\"wpcf7-form-control-wrap\" data-name=\"text-157\"><input size=\"40\" maxlength=\"400\" class=\"wpcf7-form-control wpcf7-text wpcf7-validates-as-required\" aria-required=\"true\" aria-invalid=\"false\" placeholder=\"Seu nome\" value=\"\" type=\"text\" name=\"text-157\" \/><\/span>\n<\/p>\n<p><span class=\"wpcf7-form-control-wrap\" data-name=\"email-668\"><input size=\"40\" maxlength=\"400\" class=\"wpcf7-form-control wpcf7-email wpcf7-validates-as-required wpcf7-text wpcf7-validates-as-email\" aria-required=\"true\" aria-invalid=\"false\" placeholder=\"Seu endere\u00e7o de e-mail\" value=\"\" type=\"email\" name=\"email-668\" \/><\/span>\n<\/p>\n<p class=\"mb-6\"><span class=\"wpcf7-form-control-wrap\" data-name=\"textarea-883\"><textarea cols=\"40\" rows=\"10\" maxlength=\"2000\" class=\"wpcf7-form-control wpcf7-textarea\" aria-invalid=\"false\" placeholder=\"Sua mensagem\" name=\"textarea-883\"><\/textarea><\/span>\n<\/p>\n<p><button type=\"submit\" class=\"btn\">Enviar mensagem<i class=\"a-icon-long-arrow-right\"><\/i><\/button>\n<\/p><div class=\"wpcf7-response-output\" aria-hidden=\"true\"><\/div>\n<input type=\"hidden\" name=\"trp-form-language\" value=\"pt\"\/><\/form>\n<\/div>\n\t\t\t\t<\/div>\n\t\t\t\t\t\t<\/div>\r\n\t\t\t\t\r\n\t\t\t<\/div>\r\n\t\t\t\t\t\t<div class=\"elementor-element elementor-element-9ef5a6b e-flex e-con-boxed e-con e-parent\" data-id=\"9ef5a6b\" data-element_type=\"container\">\r\n\t\t\t\t\t\t\t<div class=\"e-con-inner\">\r\n\t\t\t\t\t\t\t\t<\/div>\r\n\t\t\t\t\r\n\t\t\t<\/div>\r\n\t\t\t\t\t<\/div>","protected":false},"excerpt":{"rendered":"<p>Why Choose Steinemann CVS Manual cleaning Even with modern air conditioning and additional cleaning units, textile production machines quickly accumulate dust, lint, and fiber waste. Regular manual cleaning is essential to maintain product quality, productivity, and machine efficiency. Relying on expensive compressed air cleaning is not a sustainable alternative. It only shifts the waste from [&hellip;]<\/p>\n","protected":false},"author":1,"featured_media":0,"parent":0,"menu_order":0,"comment_status":"closed","ping_status":"closed","template":"","meta":{"footnotes":""},"class_list":["post-21390","page","type-page","status-publish","hentry"],"yoast_head":"<!-- This site is optimized with the Yoast SEO plugin v27.4 - https:\/\/yoast.com\/product\/yoast-seo-wordpress\/ -->\n<title>Manual Cleaning textile production | Steinemann CVS<\/title>\n<meta name=\"description\" content=\"Steinemann Central Vacuum Systems manual cleaning keeps textile mills efficient - less downtime, lower costs and cleaner production.\" \/>\n<meta name=\"robots\" content=\"index, follow, max-snippet:-1, max-image-preview:large, max-video-preview:-1\" \/>\n<link rel=\"canonical\" href=\"https:\/\/steinemann-cvs.ch\/pt\/limpeza-manual\/\" \/>\n<meta property=\"og:locale\" content=\"pt_BR\" \/>\n<meta property=\"og:type\" content=\"article\" \/>\n<meta property=\"og:title\" content=\"Manual Cleaning textile production | Steinemann CVS\" \/>\n<meta property=\"og:description\" content=\"Steinemann Central Vacuum Systems manual cleaning keeps textile mills efficient - less downtime, lower costs and cleaner production.\" \/>\n<meta property=\"og:url\" content=\"https:\/\/steinemann-cvs.ch\/pt\/limpeza-manual\/\" \/>\n<meta property=\"og:site_name\" content=\"Steinemann CVS\" \/>\n<meta property=\"article:modified_time\" content=\"2025-11-05T12:44:55+00:00\" \/>\n<meta property=\"og:image\" content=\"https:\/\/steinemann-cvs.ch\/wp-content\/uploads\/2025\/09\/Manual_Cleaning.png\" \/>\n<meta name=\"twitter:card\" content=\"summary_large_image\" \/>\n<meta name=\"twitter:label1\" content=\"Est. tempo de leitura\" \/>\n\t<meta name=\"twitter:data1\" content=\"3 minutos\" \/>\n<script type=\"application\/ld+json\" class=\"yoast-schema-graph\">{\"@context\":\"https:\\\/\\\/schema.org\",\"@graph\":[{\"@type\":\"WebPage\",\"@id\":\"https:\\\/\\\/steinemann-cvs.ch\\\/manual-cleaning\\\/\",\"url\":\"https:\\\/\\\/steinemann-cvs.ch\\\/manual-cleaning\\\/\",\"name\":\"Manual Cleaning textile production | Steinemann CVS\",\"isPartOf\":{\"@id\":\"https:\\\/\\\/steinemann-cvs.ch\\\/#website\"},\"primaryImageOfPage\":{\"@id\":\"https:\\\/\\\/steinemann-cvs.ch\\\/manual-cleaning\\\/#primaryimage\"},\"image\":{\"@id\":\"https:\\\/\\\/steinemann-cvs.ch\\\/manual-cleaning\\\/#primaryimage\"},\"thumbnailUrl\":\"https:\\\/\\\/steinemann-cvs.ch\\\/wp-content\\\/uploads\\\/2025\\\/09\\\/Manual_Cleaning.png\",\"datePublished\":\"2025-09-22T12:40:54+00:00\",\"dateModified\":\"2025-11-05T12:44:55+00:00\",\"description\":\"Steinemann Central Vacuum Systems manual cleaning keeps textile mills efficient - less downtime, lower costs and cleaner production.\",\"breadcrumb\":{\"@id\":\"https:\\\/\\\/steinemann-cvs.ch\\\/manual-cleaning\\\/#breadcrumb\"},\"inLanguage\":\"pt-BR\",\"potentialAction\":[{\"@type\":\"ReadAction\",\"target\":[\"https:\\\/\\\/steinemann-cvs.ch\\\/manual-cleaning\\\/\"]}]},{\"@type\":\"ImageObject\",\"inLanguage\":\"pt-BR\",\"@id\":\"https:\\\/\\\/steinemann-cvs.ch\\\/manual-cleaning\\\/#primaryimage\",\"url\":\"https:\\\/\\\/steinemann-cvs.ch\\\/wp-content\\\/uploads\\\/2025\\\/09\\\/Manual_Cleaning.png\",\"contentUrl\":\"https:\\\/\\\/steinemann-cvs.ch\\\/wp-content\\\/uploads\\\/2025\\\/09\\\/Manual_Cleaning.png\"},{\"@type\":\"BreadcrumbList\",\"@id\":\"https:\\\/\\\/steinemann-cvs.ch\\\/manual-cleaning\\\/#breadcrumb\",\"itemListElement\":[{\"@type\":\"ListItem\",\"position\":1,\"name\":\"Home\",\"item\":\"https:\\\/\\\/steinemann-cvs.ch\\\/\"},{\"@type\":\"ListItem\",\"position\":2,\"name\":\"Manual Cleaning\"}]},{\"@type\":\"WebSite\",\"@id\":\"https:\\\/\\\/steinemann-cvs.ch\\\/#website\",\"url\":\"https:\\\/\\\/steinemann-cvs.ch\\\/\",\"name\":\"Steinemann Central Vacuum Systems\",\"description\":\"\",\"publisher\":{\"@id\":\"https:\\\/\\\/steinemann-cvs.ch\\\/#organization\"},\"alternateName\":\"Steinemann CVS\",\"potentialAction\":[{\"@type\":\"SearchAction\",\"target\":{\"@type\":\"EntryPoint\",\"urlTemplate\":\"https:\\\/\\\/steinemann-cvs.ch\\\/?s={search_term_string}\"},\"query-input\":{\"@type\":\"PropertyValueSpecification\",\"valueRequired\":true,\"valueName\":\"search_term_string\"}}],\"inLanguage\":\"pt-BR\"},{\"@type\":\"Organization\",\"@id\":\"https:\\\/\\\/steinemann-cvs.ch\\\/#organization\",\"name\":\"Steinemann Central Vacuum Systems\",\"alternateName\":\"Steinemann CVS\",\"url\":\"https:\\\/\\\/steinemann-cvs.ch\\\/\",\"logo\":{\"@type\":\"ImageObject\",\"inLanguage\":\"pt-BR\",\"@id\":\"https:\\\/\\\/steinemann-cvs.ch\\\/#\\\/schema\\\/logo\\\/image\\\/\",\"url\":\"https:\\\/\\\/steinemann-cvs.ch\\\/wp-content\\\/uploads\\\/2025\\\/12\\\/CH_Steinemann_CSV_120_CMYK_POS.png\",\"contentUrl\":\"https:\\\/\\\/steinemann-cvs.ch\\\/wp-content\\\/uploads\\\/2025\\\/12\\\/CH_Steinemann_CSV_120_CMYK_POS.png\",\"width\":674,\"height\":114,\"caption\":\"Steinemann Central Vacuum Systems\"},\"image\":{\"@id\":\"https:\\\/\\\/steinemann-cvs.ch\\\/#\\\/schema\\\/logo\\\/image\\\/\"},\"sameAs\":[\"https:\\\/\\\/www.linkedin.com\\\/company\\\/steinemann-central-vacuum-systems-cvs\",\"https:\\\/\\\/www.youtube.com\\\/@steinemanncvs\"]}]}<\/script>\n<!-- \/ Yoast SEO plugin. -->","yoast_head_json":{"title":"Limpeza manual da produ\u00e7\u00e3o t\u00eaxtil | Steinemann CVS","description":"A limpeza manual dos sistemas de v\u00e1cuo central Steinemann mant\u00e9m as f\u00e1bricas t\u00eaxteis eficientes - menos tempo de inatividade, custos mais baixos e produ\u00e7\u00e3o mais limpa.","robots":{"index":"index","follow":"follow","max-snippet":"max-snippet:-1","max-image-preview":"max-image-preview:large","max-video-preview":"max-video-preview:-1"},"canonical":"https:\/\/steinemann-cvs.ch\/pt\/limpeza-manual\/","og_locale":"pt_BR","og_type":"article","og_title":"Manual Cleaning textile production | Steinemann CVS","og_description":"Steinemann Central Vacuum Systems manual cleaning keeps textile mills efficient - less downtime, lower costs and cleaner production.","og_url":"https:\/\/steinemann-cvs.ch\/pt\/limpeza-manual\/","og_site_name":"Steinemann CVS","article_modified_time":"2025-11-05T12:44:55+00:00","og_image":[{"url":"https:\/\/steinemann-cvs.ch\/wp-content\/uploads\/2025\/09\/Manual_Cleaning.png","type":"","width":"","height":""}],"twitter_card":"summary_large_image","twitter_misc":{"Est. tempo de leitura":"3 minutos"},"schema":{"@context":"https:\/\/schema.org","@graph":[{"@type":"WebPage","@id":"https:\/\/steinemann-cvs.ch\/manual-cleaning\/","url":"https:\/\/steinemann-cvs.ch\/manual-cleaning\/","name":"Limpeza manual da produ\u00e7\u00e3o t\u00eaxtil | Steinemann CVS","isPartOf":{"@id":"https:\/\/steinemann-cvs.ch\/#website"},"primaryImageOfPage":{"@id":"https:\/\/steinemann-cvs.ch\/manual-cleaning\/#primaryimage"},"image":{"@id":"https:\/\/steinemann-cvs.ch\/manual-cleaning\/#primaryimage"},"thumbnailUrl":"https:\/\/steinemann-cvs.ch\/wp-content\/uploads\/2025\/09\/Manual_Cleaning.png","datePublished":"2025-09-22T12:40:54+00:00","dateModified":"2025-11-05T12:44:55+00:00","description":"A limpeza manual dos sistemas de v\u00e1cuo central Steinemann mant\u00e9m as f\u00e1bricas t\u00eaxteis eficientes - menos tempo de inatividade, custos mais baixos e produ\u00e7\u00e3o mais limpa.","breadcrumb":{"@id":"https:\/\/steinemann-cvs.ch\/manual-cleaning\/#breadcrumb"},"inLanguage":"pt-BR","potentialAction":[{"@type":"ReadAction","target":["https:\/\/steinemann-cvs.ch\/manual-cleaning\/"]}]},{"@type":"ImageObject","inLanguage":"pt-BR","@id":"https:\/\/steinemann-cvs.ch\/manual-cleaning\/#primaryimage","url":"https:\/\/steinemann-cvs.ch\/wp-content\/uploads\/2025\/09\/Manual_Cleaning.png","contentUrl":"https:\/\/steinemann-cvs.ch\/wp-content\/uploads\/2025\/09\/Manual_Cleaning.png"},{"@type":"BreadcrumbList","@id":"https:\/\/steinemann-cvs.ch\/manual-cleaning\/#breadcrumb","itemListElement":[{"@type":"ListItem","position":1,"name":"Home","item":"https:\/\/steinemann-cvs.ch\/"},{"@type":"ListItem","position":2,"name":"Manual Cleaning"}]},{"@type":"WebSite","@id":"https:\/\/steinemann-cvs.ch\/#website","url":"https:\/\/steinemann-cvs.ch\/","name":"Sistemas de v\u00e1cuo central Steinemann","description":"","publisher":{"@id":"https:\/\/steinemann-cvs.ch\/#organization"},"alternateName":"Steinemann CVS","potentialAction":[{"@type":"SearchAction","target":{"@type":"EntryPoint","urlTemplate":"https:\/\/steinemann-cvs.ch\/?s={search_term_string}"},"query-input":{"@type":"PropertyValueSpecification","valueRequired":true,"valueName":"search_term_string"}}],"inLanguage":"pt-BR"},{"@type":"Organization","@id":"https:\/\/steinemann-cvs.ch\/#organization","name":"Sistemas de v\u00e1cuo central Steinemann","alternateName":"Steinemann CVS","url":"https:\/\/steinemann-cvs.ch\/","logo":{"@type":"ImageObject","inLanguage":"pt-BR","@id":"https:\/\/steinemann-cvs.ch\/#\/schema\/logo\/image\/","url":"https:\/\/steinemann-cvs.ch\/wp-content\/uploads\/2025\/12\/CH_Steinemann_CSV_120_CMYK_POS.png","contentUrl":"https:\/\/steinemann-cvs.ch\/wp-content\/uploads\/2025\/12\/CH_Steinemann_CSV_120_CMYK_POS.png","width":674,"height":114,"caption":"Steinemann Central Vacuum Systems"},"image":{"@id":"https:\/\/steinemann-cvs.ch\/#\/schema\/logo\/image\/"},"sameAs":["https:\/\/www.linkedin.com\/company\/steinemann-central-vacuum-systems-cvs","https:\/\/www.youtube.com\/@steinemanncvs"]}]}},"_links":{"self":[{"href":"https:\/\/steinemann-cvs.ch\/pt\/wp-json\/wp\/v2\/pages\/21390","targetHints":{"allow":["GET"]}}],"collection":[{"href":"https:\/\/steinemann-cvs.ch\/pt\/wp-json\/wp\/v2\/pages"}],"about":[{"href":"https:\/\/steinemann-cvs.ch\/pt\/wp-json\/wp\/v2\/types\/page"}],"author":[{"embeddable":true,"href":"https:\/\/steinemann-cvs.ch\/pt\/wp-json\/wp\/v2\/users\/1"}],"replies":[{"embeddable":true,"href":"https:\/\/steinemann-cvs.ch\/pt\/wp-json\/wp\/v2\/comments?post=21390"}],"version-history":[{"count":7,"href":"https:\/\/steinemann-cvs.ch\/pt\/wp-json\/wp\/v2\/pages\/21390\/revisions"}],"predecessor-version":[{"id":21625,"href":"https:\/\/steinemann-cvs.ch\/pt\/wp-json\/wp\/v2\/pages\/21390\/revisions\/21625"}],"wp:attachment":[{"href":"https:\/\/steinemann-cvs.ch\/pt\/wp-json\/wp\/v2\/media?parent=21390"}],"curies":[{"name":"wp","href":"https:\/\/api.w.org\/{rel}","templated":true}]}}