{"id":21375,"date":"2025-09-22T12:23:44","date_gmt":"2025-09-22T12:23:44","guid":{"rendered":"https:\/\/steinemann-cvs.ch\/?page_id=21375"},"modified":"2025-11-05T12:56:23","modified_gmt":"2025-11-05T12:56:23","slug":"produtos","status":"publish","type":"page","link":"https:\/\/steinemann-cvs.ch\/pt\/products\/","title":{"rendered":"Produtos"},"content":{"rendered":"<div data-elementor-type=\"wp-page\" data-elementor-id=\"21375\" class=\"elementor elementor-21375\">\n\t\t\t\t\t\t\t<div class=\"elementor-element elementor-element-ea9237f e-flex e-con-boxed e-con e-parent\" data-id=\"ea9237f\" data-element_type=\"container\">\r\n\t\t\t\t\t\t\t<div class=\"e-con-inner\">\r\n\t\t\t\t\t\t<div class=\"elementor-element elementor-element-4299853 elementor-widget elementor-widget-udesign_widget_heading\" data-id=\"4299853\" data-element_type=\"widget\" data-widget_type=\"udesign_widget_heading.default\">\n\t\t\t\t\t<div class=\"title-wrapper  title-center\"><div class=\"title elementor-heading-title\">Por que escolher a Steinemann CVS<\/div><\/div>\t\t\t\t<\/div>\n\t\t\t\t<div class=\"elementor-element elementor-element-10930eb elementor-widget__width-initial elementor-widget-mobile__width-initial elementor-widget-tablet__width-initial elementor-widget elementor-widget-udesign_widget_heading\" data-id=\"10930eb\" data-element_type=\"widget\" data-widget_type=\"udesign_widget_heading.default\">\n\t\t\t\t\t<div class=\"title-wrapper  title-center\"><h2 class=\"title elementor-heading-title\">Solu\u00e7\u00f5es sob medida para todos os desafios relacionados a res\u00edduos t\u00eaxteis<\/h2><\/div>\t\t\t\t<\/div>\n\t\t\t\t<div class=\"elementor-element elementor-element-02b5feb elementor-widget elementor-widget-spacer\" data-id=\"02b5feb\" data-element_type=\"widget\" data-widget_type=\"spacer.default\">\n\t\t\t\t\t\t\t<div class=\"elementor-spacer\">\n\t\t\t<div class=\"elementor-spacer-inner\"><\/div>\n\t\t<\/div>\n\t\t\t\t\t\t<\/div>\n\t\t\t\t\t<div class=\"elementor-element elementor-element-1d4a344 e-grid e-con-full e-con e-child\" data-id=\"1d4a344\" data-element_type=\"container\">\r\n\t\t\t\t\t<div class=\"elementor-element elementor-element-20898c7 elementor-widget elementor-widget-udesign_widget_imagebox\" data-id=\"20898c7\" data-element_type=\"widget\" data-widget_type=\"udesign_widget_imagebox.default\">\n\t\t\t\t\t<div class=\"image-box position-top\"><figure class=\"has-link\"><img fetchpriority=\"high\" decoding=\"async\" width=\"1200\" height=\"1200\" src=\"https:\/\/steinemann-cvs.ch\/wp-content\/uploads\/2025\/09\/Manual_Cleaning.png\" class=\"attachment-full size-full wp-image-21378\" alt=\"Trabalhador realizando a limpeza manual da m\u00e1quina t\u00eaxtil com o Sistema de Aspira\u00e7\u00e3o Central Steinemann para remo\u00e7\u00e3o de fibras e poeira.\" srcset=\"https:\/\/steinemann-cvs.ch\/wp-content\/uploads\/2025\/09\/Manual_Cleaning.png 1200w, https:\/\/steinemann-cvs.ch\/wp-content\/uploads\/2025\/09\/Manual_Cleaning-1024x1024.png 1024w, https:\/\/steinemann-cvs.ch\/wp-content\/uploads\/2025\/09\/Manual_Cleaning-768x768.png 768w\" sizes=\"(max-width: 1200px) 100vw, 1200px\" \/><a href=\"https:\/\/steinemann-cvs.ch\/pt\/limpeza-manual\/\" aria-label=\"Imagem\" data-no-translation-aria-label=\"\"><\/a><\/figure><div class=\"image-box-content\"><h3 class=\"title\"><a href=\"https:\/\/steinemann-cvs.ch\/pt\/limpeza-manual\/\" aria-label=\"Imagem\" data-no-translation-aria-label=\"\">Limpeza manual<\/a><\/h3><p class=\"content\">Simples, pr\u00e1tico e eficiente: solu\u00e7\u00f5es confi\u00e1veis para a remo\u00e7\u00e3o manual de poeira e res\u00edduos.<\/p><a class=\"btn btn-md btn-primary\" href=\"https:\/\/steinemann-cvs.ch\/pt\/limpeza-manual\/\" ><span >Leia mais<\/span><\/a><\/div><\/div>\t\t\t\t<\/div>\n\t\t\t\t<div class=\"elementor-element elementor-element-282ac5f elementor-widget elementor-widget-udesign_widget_imagebox\" data-id=\"282ac5f\" data-element_type=\"widget\" data-widget_type=\"udesign_widget_imagebox.default\">\n\t\t\t\t\t<div class=\"image-box position-top\"><figure class=\"has-link\"><img decoding=\"async\" width=\"1200\" height=\"1200\" src=\"https:\/\/steinemann-cvs.ch\/wp-content\/uploads\/2025\/09\/Automatic_Disposal.png\" class=\"attachment-full size-full wp-image-21379\" alt=\"Unidade de descarte autom\u00e1tico integrada \u00e0 m\u00e1quina t\u00eaxtil com conex\u00e3o ao Sistema de V\u00e1cuo Central Steinemann.\" srcset=\"https:\/\/steinemann-cvs.ch\/wp-content\/uploads\/2025\/09\/Automatic_Disposal.png 1200w, https:\/\/steinemann-cvs.ch\/wp-content\/uploads\/2025\/09\/Automatic_Disposal-1024x1024.png 1024w, https:\/\/steinemann-cvs.ch\/wp-content\/uploads\/2025\/09\/Automatic_Disposal-768x768.png 768w\" sizes=\"(max-width: 1200px) 100vw, 1200px\" \/><a href=\"https:\/\/steinemann-cvs.ch\/pt\/descarte-automatico\/\" aria-label=\"Imagem\" data-no-translation-aria-label=\"\"><\/a><\/figure><div class=\"image-box-content\"><h3 class=\"title\"><a href=\"https:\/\/steinemann-cvs.ch\/pt\/descarte-automatico\/\" aria-label=\"Imagem\" data-no-translation-aria-label=\"\">Descarte autom\u00e1tico<\/a><\/h3><p class=\"content\">Econ\u00f4mico e eficiente: log\u00edstica de res\u00edduos totalmente automatizada para produ\u00e7\u00e3o cont\u00ednua.<\/p><a class=\"btn btn-md btn-primary\" href=\"https:\/\/steinemann-cvs.ch\/pt\/descarte-automatico\/\" ><span >Leia mais<\/span><\/a><\/div><\/div>\t\t\t\t<\/div>\n\t\t\t\t<div class=\"elementor-element elementor-element-f24e4ac elementor-widget elementor-widget-udesign_widget_imagebox\" data-id=\"f24e4ac\" data-element_type=\"widget\" data-widget_type=\"udesign_widget_imagebox.default\">\n\t\t\t\t\t<div class=\"image-box position-top\"><figure class=\"has-link\"><img decoding=\"async\" width=\"1200\" height=\"1200\" src=\"https:\/\/steinemann-cvs.ch\/wp-content\/uploads\/2025\/09\/Confection_Solutions.png\" class=\"attachment-full size-full wp-image-21380\" alt=\"Trabalhador costurando tecidos com o apoio da Steinemann CVS Confection Solutions para uma produ\u00e7\u00e3o limpa e eficiente.\" srcset=\"https:\/\/steinemann-cvs.ch\/wp-content\/uploads\/2025\/09\/Confection_Solutions.png 1200w, https:\/\/steinemann-cvs.ch\/wp-content\/uploads\/2025\/09\/Confection_Solutions-1024x1024.png 1024w, https:\/\/steinemann-cvs.ch\/wp-content\/uploads\/2025\/09\/Confection_Solutions-768x768.png 768w\" sizes=\"(max-width: 1200px) 100vw, 1200px\" \/><a href=\"https:\/\/steinemann-cvs.ch\/pt\/solucoes-de-confeccao\/\" aria-label=\"Imagem\" data-no-translation-aria-label=\"\"><\/a><\/figure><div class=\"image-box-content\"><h3 class=\"title\"><a href=\"https:\/\/steinemann-cvs.ch\/pt\/solucoes-de-confeccao\/\" aria-label=\"Imagem\" data-no-translation-aria-label=\"\">Solu\u00e7\u00f5es de confeitaria<\/a><\/h3><p class=\"content\">Aumente a produtividade e a seguran\u00e7a com solu\u00e7\u00f5es CVS especializadas para acabamento t\u00eaxtil.<\/p><a class=\"btn btn-md btn-primary\" href=\"https:\/\/steinemann-cvs.ch\/pt\/solucoes-de-confeccao\/\" ><span >Leia mais<\/span><\/a><\/div><\/div>\t\t\t\t<\/div>\n\t\t\r\n\t\t\t<\/div>\r\n\t\t\t\t\t<div class=\"elementor-element elementor-element-91f3d56 elementor-widget elementor-widget-spacer\" data-id=\"91f3d56\" data-element_type=\"widget\" data-widget_type=\"spacer.default\">\n\t\t\t\t\t\t\t<div class=\"elementor-spacer\">\n\t\t\t<div class=\"elementor-spacer-inner\"><\/div>\n\t\t<\/div>\n\t\t\t\t\t\t<\/div>\n\t\t\t\t<div class=\"elementor-element elementor-element-d4c3ba8 elementor-widget elementor-widget-text-editor\" data-id=\"d4c3ba8\" data-element_type=\"widget\" data-widget_type=\"text-editor.default\">\n\t\t\t\t\t\t\t\t\t<p data-start=\"383\" data-end=\"835\">A Steinemann CVS fornece sistemas personalizados de v\u00e1cuo central projetados para resolver todos os desafios de gerenciamento de res\u00edduos t\u00eaxteis. Nossos avan\u00e7ados sistemas de suc\u00e7\u00e3o para produ\u00e7\u00e3o t\u00eaxtil garantem processos cont\u00ednuos, limpos e com efici\u00eancia energ\u00e9tica nas opera\u00e7\u00f5es de fia\u00e7\u00e3o, tecelagem e acabamento. Cada solu\u00e7\u00e3o de limpeza a v\u00e1cuo para linhas de produ\u00e7\u00e3o t\u00eaxtil \u00e9 adaptada \u00e0s necessidades espec\u00edficas do cliente, reduzindo o tempo de inatividade e aumentando a confiabilidade da produ\u00e7\u00e3o.<\/p><p data-start=\"837\" data-end=\"1262\">O sistema de extra\u00e7\u00e3o de p\u00f3 da Steinemann para a ind\u00fastria t\u00eaxtil remove com efici\u00eancia fiapos, res\u00edduos de fios e p\u00f3 de m\u00e1quinas e \u00e1reas de trabalho. Desde a limpeza manual de m\u00e1quinas t\u00eaxteis at\u00e9 o descarte totalmente autom\u00e1tico de fibras, oferecemos solu\u00e7\u00f5es escalon\u00e1veis para f\u00e1bricas de qualquer tamanho. Os operadores se beneficiam da melhoria da seguran\u00e7a no local de trabalho, da remo\u00e7\u00e3o de poeira em f\u00e1bricas t\u00eaxteis, da redu\u00e7\u00e3o do tempo de limpeza e da melhoria da qualidade do produto.<\/p><p data-start=\"1264\" data-end=\"1700\">Nosso v\u00e1cuo central de baixo consumo de energia para f\u00e1bricas t\u00eaxteis foi projetado para economia de custos a longo prazo e desempenho ambiental. O sistema oferece suc\u00e7\u00e3o - economia de ar comprimido, substituindo os m\u00e9todos ineficientes de limpeza com ar comprimido. Seja para limpeza de m\u00e1quinas de tecelagem, limpeza de m\u00e1quinas de fia\u00e7\u00e3o ou limpeza de filtros de esteira, o CVS da Steinemann oferece pot\u00eancia de suc\u00e7\u00e3o consistente e desempenho confi\u00e1vel.<\/p><p data-start=\"1702\" data-end=\"2057\">Os m\u00f3dulos integrados suportam sistemas autom\u00e1ticos de remo\u00e7\u00e3o de fiapos e fibras, coleta de res\u00edduos para fia\u00e7\u00f5es e tecelagens e descarte autom\u00e1tico de fios das m\u00e1quinas de bobinamento e O\/E. Os controles inteligentes permitem a separa\u00e7\u00e3o precisa de res\u00edduos em m\u00e1quinas de bobinamento e O\/E, m\u00e1quinas Airjet e coletores de p\u00f3, mantendo as \u00e1reas de produ\u00e7\u00e3o mais limpas e eficientes.<\/p><p data-start=\"2059\" data-end=\"2426\">Com os sistemas de v\u00e1cuo industrial da Steinemann para processamento de fios e fibras, voc\u00ea ganha n\u00e3o apenas efici\u00eancia, mas tamb\u00e9m sustentabilidade e seguran\u00e7a. Nossos sistemas de suc\u00e7\u00e3o centralizada para f\u00e1bricas t\u00eaxteis e o descarte integrado de res\u00edduos para m\u00e1quinas t\u00eaxteis ajudam a manter as condi\u00e7\u00f5es ideais de produ\u00e7\u00e3o e, ao mesmo tempo, apoiam opera\u00e7\u00f5es t\u00eaxteis limpas, modernas e sustent\u00e1veis.<\/p>\t\t\t\t\t\t\t\t<\/div>\n\t\t\t\t<div class=\"elementor-element elementor-element-9bd349e elementor-widget elementor-widget-spacer\" data-id=\"9bd349e\" data-element_type=\"widget\" data-widget_type=\"spacer.default\">\n\t\t\t\t\t\t\t<div class=\"elementor-spacer\">\n\t\t\t<div class=\"elementor-spacer-inner\"><\/div>\n\t\t<\/div>\n\t\t\t\t\t\t<\/div>\n\t\t\t\t\t\t<\/div>\r\n\t\t\t\t\r\n\t\t\t<\/div>\r\n\t\t\t\t\t\t<div class=\"elementor-element elementor-element-f400ee2 e-flex e-con-boxed e-con e-parent\" data-id=\"f400ee2\" data-element_type=\"container\">\r\n\t\t\t\t\t\t\t<div class=\"e-con-inner\">\r\n\t\t\t\t\t\t<div class=\"elementor-element elementor-element-016410d elementor-widget elementor-widget-udesign_widget_heading\" data-id=\"016410d\" data-element_type=\"widget\" data-widget_type=\"udesign_widget_heading.default\">\n\t\t\t\t\t<div class=\"title-wrapper  title-center\"><div class=\"title elementor-heading-title\">Tem d\u00favidas?<\/div><\/div>\t\t\t\t<\/div>\n\t\t\t\t<div class=\"elementor-element elementor-element-b65cc68 elementor-widget__width-initial elementor-widget-mobile__width-initial elementor-widget-tablet__width-initial elementor-widget elementor-widget-udesign_widget_heading\" data-id=\"b65cc68\" data-element_type=\"widget\" data-widget_type=\"udesign_widget_heading.default\">\n\t\t\t\t\t<div class=\"title-wrapper  title-center\"><h2 class=\"title elementor-heading-title\">Estamos aqui para ajudar!<\/h2><\/div>\t\t\t\t<\/div>\n\t\t\t\t<div class=\"elementor-element elementor-element-2b2a434 elementor-widget elementor-widget-udesign_widget_contact_form\" data-id=\"2b2a434\" data-element_type=\"widget\" data-widget_type=\"udesign_widget_contact_form.default\">\n\t\t\t\t\t\n<div class=\"wpcf7 no-js\" id=\"wpcf7-f282-o1\" lang=\"en-US\" dir=\"ltr\" data-wpcf7-id=\"282\">\n<div class=\"screen-reader-response\"><p role=\"status\" aria-live=\"polite\" aria-atomic=\"true\"><\/p> <ul><\/ul><\/div>\n<form action=\"\/pt\/wp-json\/wp\/v2\/pages\/21375#wpcf7-f282-o1\" method=\"post\" class=\"wpcf7-form init\" aria-label=\"Contact form\" novalidate=\"novalidate\" data-status=\"init\" data-trp-original-action=\"\/pt\/wp-json\/wp\/v2\/pages\/21375#wpcf7-f282-o1\">\n<fieldset class=\"hidden-fields-container\"><input type=\"hidden\" name=\"_wpcf7\" value=\"282\" \/><input type=\"hidden\" name=\"_wpcf7_version\" value=\"6.1.5\" \/><input type=\"hidden\" name=\"_wpcf7_locale\" value=\"en_US\" \/><input type=\"hidden\" name=\"_wpcf7_unit_tag\" value=\"wpcf7-f282-o1\" \/><input type=\"hidden\" name=\"_wpcf7_container_post\" value=\"0\" \/><input type=\"hidden\" name=\"_wpcf7_posted_data_hash\" value=\"\" \/>\n<\/fieldset>\n<p><span class=\"wpcf7-form-control-wrap\" data-name=\"text-157\"><input size=\"40\" maxlength=\"400\" class=\"wpcf7-form-control wpcf7-text wpcf7-validates-as-required\" aria-required=\"true\" aria-invalid=\"false\" placeholder=\"Seu nome\" value=\"\" type=\"text\" name=\"text-157\" \/><\/span>\n<\/p>\n<p><span class=\"wpcf7-form-control-wrap\" data-name=\"email-668\"><input size=\"40\" maxlength=\"400\" class=\"wpcf7-form-control wpcf7-email wpcf7-validates-as-required wpcf7-text wpcf7-validates-as-email\" aria-required=\"true\" aria-invalid=\"false\" placeholder=\"Seu endere\u00e7o de e-mail\" value=\"\" type=\"email\" name=\"email-668\" \/><\/span>\n<\/p>\n<p class=\"mb-6\"><span class=\"wpcf7-form-control-wrap\" data-name=\"textarea-883\"><textarea cols=\"40\" rows=\"10\" maxlength=\"2000\" class=\"wpcf7-form-control wpcf7-textarea\" aria-invalid=\"false\" placeholder=\"Sua mensagem\" name=\"textarea-883\"><\/textarea><\/span>\n<\/p>\n<p><button type=\"submit\" class=\"btn\">Enviar mensagem<i class=\"a-icon-long-arrow-right\"><\/i><\/button>\n<\/p><div class=\"wpcf7-response-output\" aria-hidden=\"true\"><\/div>\n<input type=\"hidden\" name=\"trp-form-language\" value=\"pt\"\/><\/form>\n<\/div>\n\t\t\t\t<\/div>\n\t\t\t\t\t\t<\/div>\r\n\t\t\t\t\r\n\t\t\t<\/div>\r\n\t\t\t\t\t<\/div>","protected":false},"excerpt":{"rendered":"<p>Why Choose Steinemann CVS Tailored solutions for every textile waste challenge Manual cleaning Simple, practical, and efficient: reliable solutions for manual dust and waste removal. Read More Automatic disposal Cost-effective and efficient: fully automated waste logistics for continuous production. Read More Confection Solutions Boost productivity and safety with specialized CVS solutions for textile finishing. Read [&hellip;]<\/p>\n","protected":false},"author":1,"featured_media":0,"parent":0,"menu_order":0,"comment_status":"closed","ping_status":"closed","template":"","meta":{"footnotes":""},"class_list":["post-21375","page","type-page","status-publish","hentry"],"yoast_head":"<!-- This site is optimized with the Yoast SEO plugin v27.4 - https:\/\/yoast.com\/product\/yoast-seo-wordpress\/ -->\n<title>Textile Waste Management Solutions \u2013 Steinemann CVS<\/title>\n<meta name=\"description\" content=\"Discover Steinemann CVS textile waste management solutions \u2013 cleaner production, reduced costs, improved efficiency.\" \/>\n<meta name=\"robots\" content=\"index, follow, max-snippet:-1, max-image-preview:large, max-video-preview:-1\" \/>\n<link rel=\"canonical\" href=\"https:\/\/steinemann-cvs.ch\/pt\/produtos\/\" \/>\n<meta property=\"og:locale\" content=\"pt_BR\" \/>\n<meta property=\"og:type\" content=\"article\" \/>\n<meta property=\"og:title\" content=\"Textile Waste Management Solutions \u2013 Steinemann CVS\" \/>\n<meta property=\"og:description\" content=\"Discover Steinemann CVS textile waste management solutions \u2013 cleaner production, reduced costs, improved efficiency.\" \/>\n<meta property=\"og:url\" content=\"https:\/\/steinemann-cvs.ch\/pt\/produtos\/\" \/>\n<meta property=\"og:site_name\" content=\"Steinemann CVS\" \/>\n<meta property=\"article:modified_time\" content=\"2025-11-05T12:56:23+00:00\" \/>\n<meta property=\"og:image\" content=\"https:\/\/steinemann-cvs.ch\/wp-content\/uploads\/2025\/09\/Manual_Cleaning.png\" \/>\n<meta name=\"twitter:card\" content=\"summary_large_image\" \/>\n<meta name=\"twitter:label1\" content=\"Est. tempo de leitura\" \/>\n\t<meta name=\"twitter:data1\" content=\"3 minutos\" \/>\n<script type=\"application\/ld+json\" class=\"yoast-schema-graph\">{\"@context\":\"https:\\\/\\\/schema.org\",\"@graph\":[{\"@type\":\"WebPage\",\"@id\":\"https:\\\/\\\/steinemann-cvs.ch\\\/products\\\/\",\"url\":\"https:\\\/\\\/steinemann-cvs.ch\\\/products\\\/\",\"name\":\"Textile Waste Management Solutions \u2013 Steinemann CVS\",\"isPartOf\":{\"@id\":\"https:\\\/\\\/steinemann-cvs.ch\\\/#website\"},\"primaryImageOfPage\":{\"@id\":\"https:\\\/\\\/steinemann-cvs.ch\\\/products\\\/#primaryimage\"},\"image\":{\"@id\":\"https:\\\/\\\/steinemann-cvs.ch\\\/products\\\/#primaryimage\"},\"thumbnailUrl\":\"https:\\\/\\\/steinemann-cvs.ch\\\/wp-content\\\/uploads\\\/2025\\\/09\\\/Manual_Cleaning.png\",\"datePublished\":\"2025-09-22T12:23:44+00:00\",\"dateModified\":\"2025-11-05T12:56:23+00:00\",\"description\":\"Discover Steinemann CVS textile waste management solutions \u2013 cleaner production, reduced costs, improved efficiency.\",\"breadcrumb\":{\"@id\":\"https:\\\/\\\/steinemann-cvs.ch\\\/products\\\/#breadcrumb\"},\"inLanguage\":\"pt-BR\",\"potentialAction\":[{\"@type\":\"ReadAction\",\"target\":[\"https:\\\/\\\/steinemann-cvs.ch\\\/products\\\/\"]}]},{\"@type\":\"ImageObject\",\"inLanguage\":\"pt-BR\",\"@id\":\"https:\\\/\\\/steinemann-cvs.ch\\\/products\\\/#primaryimage\",\"url\":\"https:\\\/\\\/steinemann-cvs.ch\\\/wp-content\\\/uploads\\\/2025\\\/09\\\/Manual_Cleaning.png\",\"contentUrl\":\"https:\\\/\\\/steinemann-cvs.ch\\\/wp-content\\\/uploads\\\/2025\\\/09\\\/Manual_Cleaning.png\"},{\"@type\":\"BreadcrumbList\",\"@id\":\"https:\\\/\\\/steinemann-cvs.ch\\\/products\\\/#breadcrumb\",\"itemListElement\":[{\"@type\":\"ListItem\",\"position\":1,\"name\":\"Home\",\"item\":\"https:\\\/\\\/steinemann-cvs.ch\\\/\"},{\"@type\":\"ListItem\",\"position\":2,\"name\":\"Products\"}]},{\"@type\":\"WebSite\",\"@id\":\"https:\\\/\\\/steinemann-cvs.ch\\\/#website\",\"url\":\"https:\\\/\\\/steinemann-cvs.ch\\\/\",\"name\":\"Steinemann Central Vacuum Systems\",\"description\":\"\",\"publisher\":{\"@id\":\"https:\\\/\\\/steinemann-cvs.ch\\\/#organization\"},\"alternateName\":\"Steinemann CVS\",\"potentialAction\":[{\"@type\":\"SearchAction\",\"target\":{\"@type\":\"EntryPoint\",\"urlTemplate\":\"https:\\\/\\\/steinemann-cvs.ch\\\/?s={search_term_string}\"},\"query-input\":{\"@type\":\"PropertyValueSpecification\",\"valueRequired\":true,\"valueName\":\"search_term_string\"}}],\"inLanguage\":\"pt-BR\"},{\"@type\":\"Organization\",\"@id\":\"https:\\\/\\\/steinemann-cvs.ch\\\/#organization\",\"name\":\"Steinemann Central Vacuum Systems\",\"alternateName\":\"Steinemann CVS\",\"url\":\"https:\\\/\\\/steinemann-cvs.ch\\\/\",\"logo\":{\"@type\":\"ImageObject\",\"inLanguage\":\"pt-BR\",\"@id\":\"https:\\\/\\\/steinemann-cvs.ch\\\/#\\\/schema\\\/logo\\\/image\\\/\",\"url\":\"https:\\\/\\\/steinemann-cvs.ch\\\/wp-content\\\/uploads\\\/2025\\\/12\\\/CH_Steinemann_CSV_120_CMYK_POS.png\",\"contentUrl\":\"https:\\\/\\\/steinemann-cvs.ch\\\/wp-content\\\/uploads\\\/2025\\\/12\\\/CH_Steinemann_CSV_120_CMYK_POS.png\",\"width\":674,\"height\":114,\"caption\":\"Steinemann Central Vacuum Systems\"},\"image\":{\"@id\":\"https:\\\/\\\/steinemann-cvs.ch\\\/#\\\/schema\\\/logo\\\/image\\\/\"},\"sameAs\":[\"https:\\\/\\\/www.linkedin.com\\\/company\\\/steinemann-central-vacuum-systems-cvs\",\"https:\\\/\\\/www.youtube.com\\\/@steinemanncvs\"]}]}<\/script>\n<!-- \/ Yoast SEO plugin. -->","yoast_head_json":{"title":"Solu\u00e7\u00f5es de gerenciamento de res\u00edduos t\u00eaxteis - Steinemann CVS","description":"Descubra as solu\u00e7\u00f5es de gerenciamento de res\u00edduos t\u00eaxteis da Steinemann CVS - produ\u00e7\u00e3o mais limpa, custos reduzidos, efici\u00eancia aprimorada.","robots":{"index":"index","follow":"follow","max-snippet":"max-snippet:-1","max-image-preview":"max-image-preview:large","max-video-preview":"max-video-preview:-1"},"canonical":"https:\/\/steinemann-cvs.ch\/pt\/produtos\/","og_locale":"pt_BR","og_type":"article","og_title":"Textile Waste Management Solutions \u2013 Steinemann CVS","og_description":"Discover Steinemann CVS textile waste management solutions \u2013 cleaner production, reduced costs, improved efficiency.","og_url":"https:\/\/steinemann-cvs.ch\/pt\/produtos\/","og_site_name":"Steinemann CVS","article_modified_time":"2025-11-05T12:56:23+00:00","og_image":[{"url":"https:\/\/steinemann-cvs.ch\/wp-content\/uploads\/2025\/09\/Manual_Cleaning.png","type":"","width":"","height":""}],"twitter_card":"summary_large_image","twitter_misc":{"Est. tempo de leitura":"3 minutos"},"schema":{"@context":"https:\/\/schema.org","@graph":[{"@type":"WebPage","@id":"https:\/\/steinemann-cvs.ch\/products\/","url":"https:\/\/steinemann-cvs.ch\/products\/","name":"Solu\u00e7\u00f5es de gerenciamento de res\u00edduos t\u00eaxteis - Steinemann CVS","isPartOf":{"@id":"https:\/\/steinemann-cvs.ch\/#website"},"primaryImageOfPage":{"@id":"https:\/\/steinemann-cvs.ch\/products\/#primaryimage"},"image":{"@id":"https:\/\/steinemann-cvs.ch\/products\/#primaryimage"},"thumbnailUrl":"https:\/\/steinemann-cvs.ch\/wp-content\/uploads\/2025\/09\/Manual_Cleaning.png","datePublished":"2025-09-22T12:23:44+00:00","dateModified":"2025-11-05T12:56:23+00:00","description":"Descubra as solu\u00e7\u00f5es de gerenciamento de res\u00edduos t\u00eaxteis da Steinemann CVS - produ\u00e7\u00e3o mais limpa, custos reduzidos, efici\u00eancia aprimorada.","breadcrumb":{"@id":"https:\/\/steinemann-cvs.ch\/products\/#breadcrumb"},"inLanguage":"pt-BR","potentialAction":[{"@type":"ReadAction","target":["https:\/\/steinemann-cvs.ch\/products\/"]}]},{"@type":"ImageObject","inLanguage":"pt-BR","@id":"https:\/\/steinemann-cvs.ch\/products\/#primaryimage","url":"https:\/\/steinemann-cvs.ch\/wp-content\/uploads\/2025\/09\/Manual_Cleaning.png","contentUrl":"https:\/\/steinemann-cvs.ch\/wp-content\/uploads\/2025\/09\/Manual_Cleaning.png"},{"@type":"BreadcrumbList","@id":"https:\/\/steinemann-cvs.ch\/products\/#breadcrumb","itemListElement":[{"@type":"ListItem","position":1,"name":"Home","item":"https:\/\/steinemann-cvs.ch\/"},{"@type":"ListItem","position":2,"name":"Products"}]},{"@type":"WebSite","@id":"https:\/\/steinemann-cvs.ch\/#website","url":"https:\/\/steinemann-cvs.ch\/","name":"Sistemas de v\u00e1cuo central Steinemann","description":"","publisher":{"@id":"https:\/\/steinemann-cvs.ch\/#organization"},"alternateName":"Steinemann CVS","potentialAction":[{"@type":"SearchAction","target":{"@type":"EntryPoint","urlTemplate":"https:\/\/steinemann-cvs.ch\/?s={search_term_string}"},"query-input":{"@type":"PropertyValueSpecification","valueRequired":true,"valueName":"search_term_string"}}],"inLanguage":"pt-BR"},{"@type":"Organization","@id":"https:\/\/steinemann-cvs.ch\/#organization","name":"Sistemas de v\u00e1cuo central Steinemann","alternateName":"Steinemann CVS","url":"https:\/\/steinemann-cvs.ch\/","logo":{"@type":"ImageObject","inLanguage":"pt-BR","@id":"https:\/\/steinemann-cvs.ch\/#\/schema\/logo\/image\/","url":"https:\/\/steinemann-cvs.ch\/wp-content\/uploads\/2025\/12\/CH_Steinemann_CSV_120_CMYK_POS.png","contentUrl":"https:\/\/steinemann-cvs.ch\/wp-content\/uploads\/2025\/12\/CH_Steinemann_CSV_120_CMYK_POS.png","width":674,"height":114,"caption":"Steinemann Central Vacuum Systems"},"image":{"@id":"https:\/\/steinemann-cvs.ch\/#\/schema\/logo\/image\/"},"sameAs":["https:\/\/www.linkedin.com\/company\/steinemann-central-vacuum-systems-cvs","https:\/\/www.youtube.com\/@steinemanncvs"]}]}},"_links":{"self":[{"href":"https:\/\/steinemann-cvs.ch\/pt\/wp-json\/wp\/v2\/pages\/21375","targetHints":{"allow":["GET"]}}],"collection":[{"href":"https:\/\/steinemann-cvs.ch\/pt\/wp-json\/wp\/v2\/pages"}],"about":[{"href":"https:\/\/steinemann-cvs.ch\/pt\/wp-json\/wp\/v2\/types\/page"}],"author":[{"embeddable":true,"href":"https:\/\/steinemann-cvs.ch\/pt\/wp-json\/wp\/v2\/users\/1"}],"replies":[{"embeddable":true,"href":"https:\/\/steinemann-cvs.ch\/pt\/wp-json\/wp\/v2\/comments?post=21375"}],"version-history":[{"count":23,"href":"https:\/\/steinemann-cvs.ch\/pt\/wp-json\/wp\/v2\/pages\/21375\/revisions"}],"predecessor-version":[{"id":21629,"href":"https:\/\/steinemann-cvs.ch\/pt\/wp-json\/wp\/v2\/pages\/21375\/revisions\/21629"}],"wp:attachment":[{"href":"https:\/\/steinemann-cvs.ch\/pt\/wp-json\/wp\/v2\/media?parent=21375"}],"curies":[{"name":"wp","href":"https:\/\/api.w.org\/{rel}","templated":true}]}}