{"id":3,"date":"2025-09-16T06:43:19","date_gmt":"2025-09-16T06:43:19","guid":{"rendered":"https:\/\/steinemann-cvs.ch\/?page_id=3"},"modified":"2025-09-23T12:34:32","modified_gmt":"2025-09-23T12:34:32","slug":"politique-de-confidentialite","status":"publish","type":"page","link":"https:\/\/steinemann-cvs.ch\/fr\/privacy-policy\/","title":{"rendered":"Politique de confidentialit\u00e9"},"content":{"rendered":"<p>pour le site web et les clients de ConVacc AG<\/p>\n\n\n\n<p><\/p>\n\n\n\n<p>Avec cette politique de confidentialit\u00e9, nous, ConVacc AG, dont le si\u00e8ge est \u00e0 Flawil, d\u00e9crivons comment nous traitons vos donn\u00e9es personnelles lorsque vous utilisez notre site web, achetez nos produits, utilisez nos services, \u00eates en relation avec nous dans le cadre d'un contrat ou communiquez avec nous.<\/p>\n\n\n\n<p>Si vous nous fournissez des donn\u00e9es relatives \u00e0 d'autres personnes (par exemple, des membres de votre famille, des employ\u00e9s, des coll\u00e8gues, etc.), nous supposons que vous \u00eates autoris\u00e9 \u00e0 le faire, que ces donn\u00e9es sont exactes et que nous pouvons les traiter de la mani\u00e8re d\u00e9crite dans le pr\u00e9sent document. ), nous supposons que vous \u00eates autoris\u00e9 \u00e0 le faire, que ces donn\u00e9es sont exactes et que nous pouvons les traiter de la mani\u00e8re d\u00e9crite dans le pr\u00e9sent document. Veuillez \u00e9galement vous assurer que ces tiers ont \u00e9t\u00e9 inform\u00e9s de la pr\u00e9sente politique de confidentialit\u00e9.<\/p>\n\n\n\n<p>La protection de votre vie priv\u00e9e est une pr\u00e9occupation importante pour nous. Nous traitons vos donn\u00e9es uniquement en conformit\u00e9 avec la loi suisse sur la protection des donn\u00e9es.<\/p>\n\n\n\n<p><\/p>\n\n\n\n<h4 class=\"wp-block-heading\">1. Qui est responsable du traitement de vos donn\u00e9es personnelles ?<\/h4>\n\n\n\n<p>Le responsable du traitement d\u00e9crit dans la pr\u00e9sente politique de confidentialit\u00e9 est ConVacc AG, Wilerstrasse 2180, 9230 Flawil, sauf indication contraire dans des cas sp\u00e9cifiques.<\/p>\n\n\n\n<p>Pour toute question concernant notre traitement des donn\u00e9es \u00e0 caract\u00e8re personnel ou toute autre question relative \u00e0 la protection des donn\u00e9es, veuillez nous contacter \u00e0 l'adresse suivante<\/p>\n\n\n\n<p>ConVacc AG<br>Marco Biser<br>Wilerstrasse 2180<br>9230 Flawil<br><a>privacy@steinemanngroup.com<\/a><\/p>\n\n\n\n<p><\/p>\n\n\n\n<h4 class=\"wp-block-heading\">2. Quelles donn\u00e9es personnelles traitons-nous et dans quel but ?<\/h4>\n\n\n\n<p><\/p>\n\n\n\n<p><strong>2.1 Site web<\/strong><br>Lorsque vous visitez notre site web, nous traitons les donn\u00e9es d'acc\u00e8s suivantes : site web visit\u00e9, heure d'acc\u00e8s, source\/r\u00e9f\u00e9rent, navigateur utilis\u00e9, syst\u00e8me d'exploitation utilis\u00e9 et adresse IP. Ces donn\u00e9es servent \u00e0 permettre l'utilisation du site web (\u00e9tablissement de la connexion), \u00e0 garantir la s\u00e9curit\u00e9 et la stabilit\u00e9 du syst\u00e8me, \u00e0 optimiser l'offre en ligne et \u00e0 des fins statistiques internes.<\/p>\n\n\n\n<p><\/p>\n\n\n\n<p><strong>2.2 Processus de vente<\/strong><br>Si vous entamez un processus de vente avec nous, nous traitons vos donn\u00e9es :<\/p>\n\n\n\n<ul class=\"wp-block-list\">\n<li>Salutation, pr\u00e9nom, nom, sexe, date de naissance<\/li>\n\n\n\n<li>Adresse, adresse \u00e9lectronique, num\u00e9ro de t\u00e9l\u00e9phone et autres coordonn\u00e9es<\/li>\n\n\n\n<li>Informations sur les titres de poste et les r\u00f4les dans les entreprises (pour les contacts et les repr\u00e9sentants de nos partenaires commerciaux)<\/li>\n\n\n\n<li>Informations relatives au paiement (par exemple, m\u00e9thodes de paiement enregistr\u00e9es, coordonn\u00e9es bancaires, adresse de facturation)<\/li>\n\n\n\n<li>Informations sur l'utilisation de nos plateformes en ligne (par exemple, enregistrement de la boutique en ligne)<\/li>\n\n\n\n<li>Pr\u00e9f\u00e9rences et int\u00e9r\u00eats, param\u00e8tres linguistiques, etc.<\/li>\n\n\n\n<li>Informations sur votre relation avec nous (client, visiteur, fournisseur, etc.)<\/li>\n\n\n\n<li>Informations sur les tiers concern\u00e9s (par exemple, contacts, b\u00e9n\u00e9ficiaires, repr\u00e9sentants)<\/li>\n\n\n\n<li>Param\u00e8tres marketing, abonnements \u00e0 la lettre d'information, etc.<\/li>\n\n\n\n<li>Participation \u00e0 des concours, \u00e9v\u00e9nements, tirages au sort<\/li>\n\n\n\n<li>Date et heure des inscriptions<\/li>\n<\/ul>\n\n\n\n<p>Finalit\u00e9s : assurer les op\u00e9rations commerciales et le soutien \u00e0 la client\u00e8le sur place et dans le back-office, y compris la mise en place, la gestion et l'ex\u00e9cution des relations contractuelles, l'identification des besoins des clients, la conduite d'activit\u00e9s de marketing et de programmes de fid\u00e9lisation, et l'ex\u00e9cution des r\u00e9clamations contractuelles (recouvrement, litiges, etc.).<\/p>\n\n\n\n<p><\/p>\n\n\n\n<p><strong>2.3 Activit\u00e9s de marketing<\/strong><br>Nous traitons les donn\u00e9es \u00e0 caract\u00e8re personnel \u00e0 des fins de gestion des relations et de marketing, par exemple pour vous envoyer des communications et des offres \u00e9crites et \u00e9lectroniques et pour mener des campagnes de marketing. Les communications et les offres peuvent \u00eatre personnalis\u00e9es pour ne fournir que des informations pertinentes, en utilisant des donn\u00e9es de base, des donn\u00e9es contractuelles, des donn\u00e9es de communication et des donn\u00e9es de transaction. En voici quelques exemples :<\/p>\n\n\n\n<ul class=\"wp-block-list\">\n<li>Bulletins d'information, courriels promotionnels et autres messages \u00e9lectroniques<\/li>\n\n\n\n<li>Brochures, magazines et documents imprim\u00e9s<\/li>\n\n\n\n<li>Distribution de bons et de codes promotionnels<\/li>\n\n\n\n<li>Invitations \u00e0 des \u00e9v\u00e9nements, concours et tirages au sort<\/li>\n<\/ul>\n\n\n\n<p><\/p>\n\n\n\n<p><strong>2.4 Cha\u00eene d'approvisionnement<\/strong><br>Si vous agissez en tant que fournisseur, nous traitons votre nom, vos coordonn\u00e9es, votre entreprise et votre fonction \u00e0 des fins d'op\u00e9rations commerciales, de communication (par exemple, sp\u00e9cifications des produits, \u00e9tat des livraisons), de traitement des commandes et d'application des droits contractuels.<\/p>\n\n\n\n<p><\/p>\n\n\n\n<p><strong>2.5 Recrutement<\/strong><br>Si vous nous contactez par e-mail ou via notre plateforme de recrutement et que vous soumettez votre CV et\/ou d'autres documents de candidature, nous traitons vos donn\u00e9es afin d'\u00e9valuer et de g\u00e9rer les candidatures et d'\u00e9valuer l'ad\u00e9quation aux postes annonc\u00e9s ou aux futures opportunit\u00e9s de carri\u00e8re.<\/p>\n\n\n\n<p><\/p>\n\n\n\n<p><strong>2.6 Relation de travail<\/strong><br>Si vous entrez dans une relation de travail avec ConVacc AG, nous traitons toutes les donn\u00e9es personnelles pertinentes n\u00e9cessaires \u00e0 l'emploi, y compris les coordonn\u00e9es, l'\u00e9tat civil\/familial, les informations fiscales, les coordonn\u00e9es bancaires et les \u00e9ventuels casiers judiciaires ou de recouvrement de cr\u00e9ances. Finalit\u00e9s : assurer une gestion correcte de l'emploi, des assurances sociales, du traitement de l'imp\u00f4t \u00e0 la source, des allocations familiales et de la paie.<\/p>\n\n\n\n<p><\/p>\n\n\n\n<p><strong>2.7 Acc\u00e8s au site de Flawil<\/strong><br>Si vous entrez dans nos locaux en v\u00e9hicule, un court enregistrement vid\u00e9o peut capturer votre visage et\/ou votre plaque d'immatriculation. Objectif : acc\u00e8s automatis\u00e9 au site pour les personnes autoris\u00e9es et la s\u00e9curit\u00e9. Les enregistrements sont automatiquement supprim\u00e9s apr\u00e8s une (1) semaine.<\/p>\n\n\n\n<p><\/p>\n\n\n\n<h4 class=\"wp-block-heading\">3. Avec qui partageons-nous vos donn\u00e9es personnelles ?<\/h4>\n\n\n\n<p>Nous ne partageons pas de donn\u00e9es \u00e0 caract\u00e8re personnel avec des tiers sans leur consentement, \u00e0 moins que cela ne soit n\u00e9cessaire pour le traitement des commandes, l'ex\u00e9cution des contrats ou les objectifs d\u00e9crits dans la pr\u00e9sente politique de protection de la vie priv\u00e9e. Il peut s'agir de consultants externes, d'experts, d'auditeurs ou d'autorit\u00e9s.<\/p>\n\n\n\n<p>Nous pouvons \u00e9galement transf\u00e9rer des donn\u00e9es \u00e0 des sous-traitants, en particulier des fournisseurs de services informatiques, des fournisseurs de plateformes ou d'autres fournisseurs de services qui nous aident \u00e0 atteindre les objectifs d\u00e9crits ci-dessus.<\/p>\n\n\n\n<p><\/p>\n\n\n\n<h4 class=\"wp-block-heading\">4. Vos donn\u00e9es personnelles seront-elles transf\u00e9r\u00e9es \u00e0 l'\u00e9tranger ?<\/h4>\n\n\n\n<p>Dans le cadre du traitement des commandes, des contrats ou des objectifs d\u00e9crits dans la pr\u00e9sente politique de confidentialit\u00e9, nous pouvons transf\u00e9rer des donn\u00e9es \u00e0 des destinataires situ\u00e9s en dehors de la Suisse. Les transferts \u00e0 l'\u00e9tranger peuvent avoir lieu avec des prestataires de services, des autorit\u00e9s ou des partenaires \u00e9trangers. Selon le contexte, vos donn\u00e9es peuvent \u00eatre trait\u00e9es \u00e0 la fois en Suisse et dans d'autres pays europ\u00e9ens.<\/p>\n\n\n\n<p><\/p>\n\n\n\n<h4 class=\"wp-block-heading\">5. Quels sont vos droits ?<\/h4>\n\n\n\n<p>Les personnes concern\u00e9es ont le droit de demander l'acc\u00e8s \u00e0 leurs donn\u00e9es, leur rectification ou leur suppression.<\/p>\n\n\n\n<p>Lorsque le traitement est fond\u00e9 sur le consentement, celui-ci peut \u00eatre retir\u00e9 \u00e0 tout moment avec effet futur.<\/p>\n\n\n\n<p>Les demandes peuvent \u00eatre adress\u00e9es au contact indiqu\u00e9 \u00e0 la section 1. Nous traiterons les demandes conform\u00e9ment \u00e0 la loi suisse sur la protection des donn\u00e9es et pourrons les rejeter ou les restreindre conform\u00e9ment aux dispositions l\u00e9gales.<\/p>\n\n\n\n<p><\/p>\n\n\n\n<h4 class=\"wp-block-heading\">6. Cookies<\/h4>\n\n\n\n<p>Nous utilisons des cookies sur notre site web. Les cookies sont de petits fichiers texte stock\u00e9s sur votre appareil.<\/p>\n\n\n\n<p>Nous utilisons des cookies pour assurer le bon fonctionnement du site web, surveiller l'utilisation et d\u00e9terminer les pr\u00e9f\u00e9rences (par exemple, pour afficher le site dans la langue que vous avez choisie).<\/p>\n\n\n\n<p>La plupart des navigateurs sont pr\u00e9configur\u00e9s pour accepter automatiquement les cookies. Vous pouvez les d\u00e9sactiver dans les param\u00e8tres de votre navigateur.<\/p>\n\n\n\n<p><\/p>\n\n\n\n<h4 class=\"wp-block-heading\">7. La pr\u00e9sente politique de confidentialit\u00e9 peut-elle \u00eatre modifi\u00e9e ?<\/h4>\n\n\n\n<p>La pr\u00e9sente politique de confidentialit\u00e9 peut \u00eatre mise \u00e0 jour de temps \u00e0 autre, par exemple si les lois changent ou si nous modifions notre traitement des donn\u00e9es. Nous vous informerons de mani\u00e8re appropri\u00e9e des modifications (par exemple, par publication sur le site web ou par courrier \u00e9lectronique). La nouvelle version devient contraignante d\u00e8s sa publication sur notre site web.<\/p>\n\n\n\n<p><\/p>\n\n\n\n<p><strong>Version : Septembre 2023<\/strong><\/p>","protected":false},"excerpt":{"rendered":"<p>for the website and customers of ConVacc AG With this Privacy Policy, we, ConVacc AG, based in Flawil, describe how we process your personal data when you use our website, purchase our products, use our services, are otherwise connected with us in the context of a contract, or communicate with us. If you provide us [&hellip;]<\/p>\n","protected":false},"author":1,"featured_media":0,"parent":0,"menu_order":0,"comment_status":"closed","ping_status":"closed","template":"","meta":{"footnotes":""},"class_list":["post-3","page","type-page","status-publish","hentry"],"yoast_head":"<!-- This site is optimized with the Yoast SEO plugin v27.4 - https:\/\/yoast.com\/product\/yoast-seo-wordpress\/ -->\n<title>Privacy Policy - Steinemann CVS<\/title>\n<meta name=\"robots\" content=\"noindex, nofollow\" \/>\n<meta property=\"og:locale\" content=\"fr_FR\" \/>\n<meta property=\"og:type\" content=\"article\" \/>\n<meta property=\"og:title\" content=\"Privacy Policy - Steinemann CVS\" \/>\n<meta property=\"og:description\" content=\"for the website and customers of ConVacc AG With this Privacy Policy, we, ConVacc AG, based in Flawil, describe how we process your personal data when you use our website, purchase our products, use our services, are otherwise connected with us in the context of a contract, or communicate with us. If you provide us [&hellip;]\" \/>\n<meta property=\"og:url\" content=\"https:\/\/steinemann-cvs.ch\/fr\/politique-de-confidentialite\/\" \/>\n<meta property=\"og:site_name\" content=\"Steinemann CVS\" \/>\n<meta property=\"article:modified_time\" content=\"2025-09-23T12:34:32+00:00\" \/>\n<meta property=\"og:image\" content=\"https:\/\/steinemann-cvs.ch\/wp-content\/uploads\/2025\/09\/STE_CVS_CH_RGB_POS-1.png\" \/>\n\t<meta property=\"og:image:width\" content=\"2101\" \/>\n\t<meta property=\"og:image:height\" content=\"2101\" \/>\n\t<meta property=\"og:image:type\" content=\"image\/png\" \/>\n<meta name=\"twitter:card\" content=\"summary_large_image\" \/>\n<meta name=\"twitter:label1\" content=\"Dur\u00e9e de lecture estim\u00e9e\" \/>\n\t<meta name=\"twitter:data1\" content=\"5 minutes\" \/>\n<script type=\"application\/ld+json\" class=\"yoast-schema-graph\">{\"@context\":\"https:\\\/\\\/schema.org\",\"@graph\":[{\"@type\":\"WebPage\",\"@id\":\"https:\\\/\\\/steinemann-cvs.ch\\\/privacy-policy\\\/\",\"url\":\"https:\\\/\\\/steinemann-cvs.ch\\\/privacy-policy\\\/\",\"name\":\"Privacy Policy - Steinemann CVS\",\"isPartOf\":{\"@id\":\"https:\\\/\\\/steinemann-cvs.ch\\\/#website\"},\"datePublished\":\"2025-09-16T06:43:19+00:00\",\"dateModified\":\"2025-09-23T12:34:32+00:00\",\"breadcrumb\":{\"@id\":\"https:\\\/\\\/steinemann-cvs.ch\\\/privacy-policy\\\/#breadcrumb\"},\"inLanguage\":\"fr-FR\",\"potentialAction\":[{\"@type\":\"ReadAction\",\"target\":[\"https:\\\/\\\/steinemann-cvs.ch\\\/privacy-policy\\\/\"]}]},{\"@type\":\"BreadcrumbList\",\"@id\":\"https:\\\/\\\/steinemann-cvs.ch\\\/privacy-policy\\\/#breadcrumb\",\"itemListElement\":[{\"@type\":\"ListItem\",\"position\":1,\"name\":\"Home\",\"item\":\"https:\\\/\\\/steinemann-cvs.ch\\\/\"},{\"@type\":\"ListItem\",\"position\":2,\"name\":\"Privacy Policy\"}]},{\"@type\":\"WebSite\",\"@id\":\"https:\\\/\\\/steinemann-cvs.ch\\\/#website\",\"url\":\"https:\\\/\\\/steinemann-cvs.ch\\\/\",\"name\":\"Steinemann Central Vacuum Systems\",\"description\":\"\",\"publisher\":{\"@id\":\"https:\\\/\\\/steinemann-cvs.ch\\\/#organization\"},\"alternateName\":\"Steinemann CVS\",\"potentialAction\":[{\"@type\":\"SearchAction\",\"target\":{\"@type\":\"EntryPoint\",\"urlTemplate\":\"https:\\\/\\\/steinemann-cvs.ch\\\/?s={search_term_string}\"},\"query-input\":{\"@type\":\"PropertyValueSpecification\",\"valueRequired\":true,\"valueName\":\"search_term_string\"}}],\"inLanguage\":\"fr-FR\"},{\"@type\":\"Organization\",\"@id\":\"https:\\\/\\\/steinemann-cvs.ch\\\/#organization\",\"name\":\"Steinemann Central Vacuum Systems\",\"alternateName\":\"Steinemann CVS\",\"url\":\"https:\\\/\\\/steinemann-cvs.ch\\\/\",\"logo\":{\"@type\":\"ImageObject\",\"inLanguage\":\"fr-FR\",\"@id\":\"https:\\\/\\\/steinemann-cvs.ch\\\/#\\\/schema\\\/logo\\\/image\\\/\",\"url\":\"https:\\\/\\\/steinemann-cvs.ch\\\/wp-content\\\/uploads\\\/2025\\\/12\\\/CH_Steinemann_CSV_120_CMYK_POS.png\",\"contentUrl\":\"https:\\\/\\\/steinemann-cvs.ch\\\/wp-content\\\/uploads\\\/2025\\\/12\\\/CH_Steinemann_CSV_120_CMYK_POS.png\",\"width\":674,\"height\":114,\"caption\":\"Steinemann Central Vacuum Systems\"},\"image\":{\"@id\":\"https:\\\/\\\/steinemann-cvs.ch\\\/#\\\/schema\\\/logo\\\/image\\\/\"},\"sameAs\":[\"https:\\\/\\\/www.linkedin.com\\\/company\\\/steinemann-central-vacuum-systems-cvs\",\"https:\\\/\\\/www.youtube.com\\\/@steinemanncvs\"]}]}<\/script>\n<!-- \/ Yoast SEO plugin. -->","yoast_head_json":{"title":"Politique de confidentialit\u00e9 - Steinemann CVS","robots":{"index":"noindex","follow":"nofollow"},"og_locale":"fr_FR","og_type":"article","og_title":"Privacy Policy - Steinemann CVS","og_description":"for the website and customers of ConVacc AG With this Privacy Policy, we, ConVacc AG, based in Flawil, describe how we process your personal data when you use our website, purchase our products, use our services, are otherwise connected with us in the context of a contract, or communicate with us. If you provide us [&hellip;]","og_url":"https:\/\/steinemann-cvs.ch\/fr\/politique-de-confidentialite\/","og_site_name":"Steinemann CVS","article_modified_time":"2025-09-23T12:34:32+00:00","og_image":[{"width":2101,"height":2101,"url":"https:\/\/steinemann-cvs.ch\/wp-content\/uploads\/2025\/09\/STE_CVS_CH_RGB_POS-1.png","type":"image\/png"}],"twitter_card":"summary_large_image","twitter_misc":{"Dur\u00e9e de lecture estim\u00e9e":"5 minutes"},"schema":{"@context":"https:\/\/schema.org","@graph":[{"@type":"WebPage","@id":"https:\/\/steinemann-cvs.ch\/privacy-policy\/","url":"https:\/\/steinemann-cvs.ch\/privacy-policy\/","name":"Politique de confidentialit\u00e9 - Steinemann CVS","isPartOf":{"@id":"https:\/\/steinemann-cvs.ch\/#website"},"datePublished":"2025-09-16T06:43:19+00:00","dateModified":"2025-09-23T12:34:32+00:00","breadcrumb":{"@id":"https:\/\/steinemann-cvs.ch\/privacy-policy\/#breadcrumb"},"inLanguage":"fr-FR","potentialAction":[{"@type":"ReadAction","target":["https:\/\/steinemann-cvs.ch\/privacy-policy\/"]}]},{"@type":"BreadcrumbList","@id":"https:\/\/steinemann-cvs.ch\/privacy-policy\/#breadcrumb","itemListElement":[{"@type":"ListItem","position":1,"name":"Home","item":"https:\/\/steinemann-cvs.ch\/"},{"@type":"ListItem","position":2,"name":"Privacy Policy"}]},{"@type":"WebSite","@id":"https:\/\/steinemann-cvs.ch\/#website","url":"https:\/\/steinemann-cvs.ch\/","name":"Syst\u00e8mes centraux d'aspiration Steinemann","description":"","publisher":{"@id":"https:\/\/steinemann-cvs.ch\/#organization"},"alternateName":"Steinemann CVS","potentialAction":[{"@type":"SearchAction","target":{"@type":"EntryPoint","urlTemplate":"https:\/\/steinemann-cvs.ch\/?s={search_term_string}"},"query-input":{"@type":"PropertyValueSpecification","valueRequired":true,"valueName":"search_term_string"}}],"inLanguage":"fr-FR"},{"@type":"Organization","@id":"https:\/\/steinemann-cvs.ch\/#organization","name":"Syst\u00e8mes centraux d'aspiration Steinemann","alternateName":"Steinemann CVS","url":"https:\/\/steinemann-cvs.ch\/","logo":{"@type":"ImageObject","inLanguage":"fr-FR","@id":"https:\/\/steinemann-cvs.ch\/#\/schema\/logo\/image\/","url":"https:\/\/steinemann-cvs.ch\/wp-content\/uploads\/2025\/12\/CH_Steinemann_CSV_120_CMYK_POS.png","contentUrl":"https:\/\/steinemann-cvs.ch\/wp-content\/uploads\/2025\/12\/CH_Steinemann_CSV_120_CMYK_POS.png","width":674,"height":114,"caption":"Steinemann Central Vacuum Systems"},"image":{"@id":"https:\/\/steinemann-cvs.ch\/#\/schema\/logo\/image\/"},"sameAs":["https:\/\/www.linkedin.com\/company\/steinemann-central-vacuum-systems-cvs","https:\/\/www.youtube.com\/@steinemanncvs"]}]}},"_links":{"self":[{"href":"https:\/\/steinemann-cvs.ch\/fr\/wp-json\/wp\/v2\/pages\/3","targetHints":{"allow":["GET"]}}],"collection":[{"href":"https:\/\/steinemann-cvs.ch\/fr\/wp-json\/wp\/v2\/pages"}],"about":[{"href":"https:\/\/steinemann-cvs.ch\/fr\/wp-json\/wp\/v2\/types\/page"}],"author":[{"embeddable":true,"href":"https:\/\/steinemann-cvs.ch\/fr\/wp-json\/wp\/v2\/users\/1"}],"replies":[{"embeddable":true,"href":"https:\/\/steinemann-cvs.ch\/fr\/wp-json\/wp\/v2\/comments?post=3"}],"version-history":[{"count":4,"href":"https:\/\/steinemann-cvs.ch\/fr\/wp-json\/wp\/v2\/pages\/3\/revisions"}],"predecessor-version":[{"id":21321,"href":"https:\/\/steinemann-cvs.ch\/fr\/wp-json\/wp\/v2\/pages\/3\/revisions\/21321"}],"wp:attachment":[{"href":"https:\/\/steinemann-cvs.ch\/fr\/wp-json\/wp\/v2\/media?parent=3"}],"curies":[{"name":"wp","href":"https:\/\/api.w.org\/{rel}","templated":true}]}}