{"id":21390,"date":"2025-09-22T12:40:54","date_gmt":"2025-09-22T12:40:54","guid":{"rendered":"https:\/\/steinemann-cvs.ch\/?page_id=21390"},"modified":"2025-11-05T12:44:55","modified_gmt":"2025-11-05T12:44:55","slug":"nettoyage-manuel","status":"publish","type":"page","link":"https:\/\/steinemann-cvs.ch\/fr\/manual-cleaning\/","title":{"rendered":"Nettoyage manuel"},"content":{"rendered":"<div data-elementor-type=\"wp-page\" data-elementor-id=\"21390\" class=\"elementor elementor-21390\">\n\t\t\t\t\t\t\t<div class=\"elementor-element elementor-element-ea9237f e-flex e-con-boxed e-con e-parent\" data-id=\"ea9237f\" data-element_type=\"container\">\r\n\t\t\t\t\t\t\t<div class=\"e-con-inner\">\r\n\t\t\t\t\t\t<div class=\"elementor-element elementor-element-4299853 elementor-widget elementor-widget-udesign_widget_heading\" data-id=\"4299853\" data-element_type=\"widget\" data-widget_type=\"udesign_widget_heading.default\">\n\t\t\t\t\t<div class=\"title-wrapper  title-center\"><div class=\"title elementor-heading-title\">Pourquoi choisir Steinemann CVS<\/div><\/div>\t\t\t\t<\/div>\n\t\t\t\t<div class=\"elementor-element elementor-element-10930eb elementor-widget__width-initial elementor-widget-mobile__width-initial elementor-widget-tablet__width-initial elementor-widget elementor-widget-udesign_widget_heading\" data-id=\"10930eb\" data-element_type=\"widget\" data-widget_type=\"udesign_widget_heading.default\">\n\t\t\t\t\t<div class=\"title-wrapper  title-center\"><h2 class=\"title elementor-heading-title\">Nettoyage manuel<\/h2><\/div>\t\t\t\t<\/div>\n\t\t\t\t<div class=\"elementor-element elementor-element-f6d0787 elementor-widget elementor-widget-text-editor\" data-id=\"f6d0787\" data-element_type=\"widget\" data-widget_type=\"text-editor.default\">\n\t\t\t\t\t\t\t\t\t<p data-start=\"360\" data-end=\"604\">M\u00eame avec un syst\u00e8me de climatisation moderne et des unit\u00e9s de nettoyage suppl\u00e9mentaires, les machines de production textile accumulent rapidement de la poussi\u00e8re, des peluches et des d\u00e9chets de fibres. Un nettoyage manuel r\u00e9gulier est essentiel pour maintenir la qualit\u00e9 des produits, la productivit\u00e9 et l'efficacit\u00e9 des machines.<\/p><p data-start=\"606\" data-end=\"881\">Le recours \u00e0 un nettoyage \u00e0 l'air comprim\u00e9 co\u00fbteux n'est pas une solution durable. Il ne fait que d\u00e9placer les d\u00e9chets d'un endroit \u00e0 l'autre, augmentant ainsi les risques de contamination et les co\u00fbts de maintenance. La solution efficace, s\u00fbre et \u00e9conomique est un syst\u00e8me d'aspiration central de Steinemann CVS.<\/p><p data-start=\"883\" data-end=\"1227\">Travailleur effectuant le nettoyage manuel d'une machine textile \u00e0 l'aide d'un syst\u00e8me d'aspiration central Steinemann pour l'\u00e9limination des fibres et de la poussi\u00e8re.<br data-start=\"1001\" data-end=\"1004\" \/>Gros plan sur une solution de nettoyage manuel dans une filature, qui \u00e9limine la poussi\u00e8re et les fibres des machines textiles \u00e0 l'aide d'une buse d'aspiration.<br data-start=\"1125\" data-end=\"1128\" \/>Syst\u00e8me de balayage CVS de Steinemann pour l'\u00e9limination automatis\u00e9e des d\u00e9chets de fibres et de fils dans les usines textiles.<\/p>\t\t\t\t\t\t\t\t<\/div>\n\t\t\t\t<div class=\"elementor-element elementor-element-e5d2303 elementor-widget elementor-widget-udesign_widget_imagegallery\" data-id=\"e5d2303\" data-element_type=\"widget\" data-widget_type=\"udesign_widget_imagegallery.default\">\n\t\t\t\t<div class=\"elementor-widget-container\">\n\t\t\t\t\t\r\n<ul class=\"image-gallery use_lightbox row cols-lg-3 cols-md-3 cols-sm-2 cols-2\">\r\n\t<li class=\"\">\t\t<div class=\"image-gallery-item\">\r\n\t\t<a href=\"https:\/\/steinemann-cvs.ch\/wp-content\/uploads\/2025\/09\/Manual_Cleaning.png\" aria-label=\"\u0645\u0639\u0631\u0636 \u0627\u0644\u0635\u0648\u0631\" data-no-translation-aria-label=\"\"><\/a>\t\t<figure class=\"grid-item image-wrap\">\r\n\t\t\t<img fetchpriority=\"high\" decoding=\"async\" width=\"1200\" height=\"1200\" src=\"https:\/\/steinemann-cvs.ch\/wp-content\/uploads\/2025\/09\/Manual_Cleaning.png\" class=\"attachment-full size-full\" alt=\"Travailleur effectuant le nettoyage manuel d&#039;une machine textile \u00e0 l&#039;aide d&#039;un syst\u00e8me d&#039;aspiration central Steinemann pour l&#039;\u00e9limination des fibres et de la poussi\u00e8re.\" srcset=\"https:\/\/steinemann-cvs.ch\/wp-content\/uploads\/2025\/09\/Manual_Cleaning.png 1200w, https:\/\/steinemann-cvs.ch\/wp-content\/uploads\/2025\/09\/Manual_Cleaning-1024x1024.png 1024w, https:\/\/steinemann-cvs.ch\/wp-content\/uploads\/2025\/09\/Manual_Cleaning-768x768.png 768w\" sizes=\"(max-width: 1200px) 100vw, 1200px\" \/>\t\t<\/figure>\r\n\t\t<\/div>\r\n\t\t<\/li><li class=\"\">\t\t<div class=\"image-gallery-item\">\r\n\t\t<a href=\"https:\/\/steinemann-cvs.ch\/wp-content\/uploads\/2025\/09\/manual_cleaning_solution_in_Spinning.png\" aria-label=\"\u0645\u0639\u0631\u0636 \u0627\u0644\u0635\u0648\u0631\" data-no-translation-aria-label=\"\"><\/a>\t\t<figure class=\"grid-item image-wrap\">\r\n\t\t\t<img decoding=\"async\" width=\"961\" height=\"961\" src=\"https:\/\/steinemann-cvs.ch\/wp-content\/uploads\/2025\/09\/manual_cleaning_solution_in_Spinning.png\" class=\"attachment-full size-full\" alt=\"Gros plan sur une solution de nettoyage manuel dans une filature, qui \u00e9limine la poussi\u00e8re et les fibres des machines textiles \u00e0 l&#039;aide d&#039;une buse d&#039;aspiration.\" srcset=\"https:\/\/steinemann-cvs.ch\/wp-content\/uploads\/2025\/09\/manual_cleaning_solution_in_Spinning.png 961w, https:\/\/steinemann-cvs.ch\/wp-content\/uploads\/2025\/09\/manual_cleaning_solution_in_Spinning-768x768.png 768w\" sizes=\"(max-width: 961px) 100vw, 961px\" \/>\t\t<\/figure>\r\n\t\t<\/div>\r\n\t\t<\/li><li class=\"\">\t\t<div class=\"image-gallery-item\">\r\n\t\t<a href=\"https:\/\/steinemann-cvs.ch\/wp-content\/uploads\/2025\/09\/Sweeping-Point.png\" aria-label=\"\u0645\u0639\u0631\u0636 \u0627\u0644\u0635\u0648\u0631\" data-no-translation-aria-label=\"\"><\/a>\t\t<figure class=\"grid-item image-wrap\">\r\n\t\t\t<img decoding=\"async\" width=\"1200\" height=\"1200\" src=\"https:\/\/steinemann-cvs.ch\/wp-content\/uploads\/2025\/09\/Sweeping-Point.png\" class=\"attachment-full size-full\" alt=\"Syst\u00e8me de balayage CVS de Steinemann pour l&#039;\u00e9limination automatis\u00e9e des d\u00e9chets de fibres et de fils dans les usines textiles.\" srcset=\"https:\/\/steinemann-cvs.ch\/wp-content\/uploads\/2025\/09\/Sweeping-Point.png 1200w, https:\/\/steinemann-cvs.ch\/wp-content\/uploads\/2025\/09\/Sweeping-Point-1024x1024.png 1024w, https:\/\/steinemann-cvs.ch\/wp-content\/uploads\/2025\/09\/Sweeping-Point-768x768.png 768w\" sizes=\"(max-width: 1200px) 100vw, 1200px\" \/>\t\t<\/figure>\r\n\t\t<\/div>\r\n\t\t<\/li><\/ul>\r\n\r\n\t\t\t\t\t<\/div>\n\t\t\t\t<\/div>\n\t\t\t\t<div class=\"elementor-element elementor-element-d4c3ba8 elementor-widget elementor-widget-text-editor\" data-id=\"d4c3ba8\" data-element_type=\"widget\" data-widget_type=\"text-editor.default\">\n\t\t\t\t\t\t\t\t\t<h3 data-start=\"845\" data-end=\"876\">\u00a0<\/h3><h3 data-start=\"845\" data-end=\"876\">Des avantages av\u00e9r\u00e9s pour les clients :<\/h3><ul data-start=\"877\" data-end=\"1073\"><li data-start=\"877\" data-end=\"910\"><p data-start=\"879\" data-end=\"910\"><strong data-start=\"879\" data-end=\"908\">+3-5% productivit\u00e9 plus \u00e9lev\u00e9e<\/strong><\/p><\/li><li data-start=\"911\" data-end=\"943\"><p data-start=\"913\" data-end=\"943\"><strong data-start=\"913\" data-end=\"941\">R\u00e9duction de la consommation d'\u00e9nergie<\/strong><\/p><\/li><li data-start=\"944\" data-end=\"995\"><p data-start=\"946\" data-end=\"995\"><strong data-start=\"946\" data-end=\"993\">R\u00e9duction des temps d'arr\u00eat de la production et de la maintenance<\/strong><\/p><\/li><li data-start=\"996\" data-end=\"1032\"><p data-start=\"998\" data-end=\"1032\"><strong data-start=\"998\" data-end=\"1030\">Dur\u00e9e de vie prolong\u00e9e des pi\u00e8ces de rechange<\/strong><\/p><\/li><li data-start=\"1033\" data-end=\"1073\"><p data-start=\"1035\" data-end=\"1073\"><strong data-start=\"1035\" data-end=\"1071\">Am\u00e9lioration de la qualit\u00e9 globale du produit<\/strong><\/p><\/li><\/ul><h3 data-start=\"1075\" data-end=\"1099\">\u00a0<\/h3><h3 data-start=\"1075\" data-end=\"1099\">Avantages du syst\u00e8me :<\/h3><ul data-start=\"1100\" data-end=\"1376\"><li data-start=\"1100\" data-end=\"1140\"><p data-start=\"1102\" data-end=\"1140\">Manipulation ais\u00e9e et fonctionnement fiable<\/p><\/li><li data-start=\"1141\" data-end=\"1185\"><p data-start=\"1143\" data-end=\"1185\">Grande capacit\u00e9 de filtration pour une utilisation continue<\/p><\/li><li data-start=\"1186\" data-end=\"1212\"><p data-start=\"1188\" data-end=\"1212\">Faible consommation d'\u00e9nergie<\/p><\/li><li data-start=\"1213\" data-end=\"1249\"><p data-start=\"1215\" data-end=\"1249\">Exigences minimales en mati\u00e8re d'entretien<\/p><\/li><li data-start=\"1250\" data-end=\"1284\"><p data-start=\"1252\" data-end=\"1284\">Performance de nettoyage optimis\u00e9e<\/p><\/li><li data-start=\"1285\" data-end=\"1335\"><p data-start=\"1287\" data-end=\"1335\">Installation simple dans les r\u00e9seaux de tuyauterie compacts<\/p><\/li><li data-start=\"1336\" data-end=\"1376\"><p data-start=\"1338\" data-end=\"1376\">Extensible et adaptable \u00e0 tout moment<\/p><\/li><\/ul><p>En outre, les syst\u00e8mes de nettoyage manuel Steinemann CVS sont con\u00e7us pour offrir des performances constantes, m\u00eame dans les environnements de production les plus exigeants. La puissance d'aspiration \u00e9lev\u00e9e et la construction robuste permettent aux op\u00e9rateurs d'\u00e9liminer efficacement la poussi\u00e8re et les fibres des machines, des sols et des zones difficiles d'acc\u00e8s sans perturber le flux de production. Les outils de nettoyage ergonomiques garantissent le confort et l'efficacit\u00e9 pendant les longues p\u00e9riodes de travail. La configuration modulaire du syst\u00e8me permet une extension flexible, que ce soit pour des postes de travail individuels ou des halls de production entiers. En r\u00e9duisant les fibres en suspension dans l'air et l'accumulation de poussi\u00e8re, la qualit\u00e9 de l'air est am\u00e9lior\u00e9e, ce qui contribue \u00e0 rendre le lieu de travail plus sain et plus s\u00fbr. En outre, moins de contamination signifie moins de d\u00e9fauts, des produits finis plus propres et une dur\u00e9e de vie plus longue pour les composants et les capteurs sensibles. Avec le Steinemann CVS, le nettoyage manuel devient plus rapide, plus s\u00fbr et plus durable, un investissement intelligent dans l'efficacit\u00e9 de la production \u00e0 long terme.<\/p><p data-start=\"1378\" data-end=\"1548\">\ud83d\udc49 <a href=\"https:\/\/steinemann-cvs.ch\/fr\/nous-contacter\/\"><strong data-start=\"1381\" data-end=\"1401\">Contactez-nous d\u00e8s aujourd'hui<\/strong><\/a> pour discuter de vos besoins. Une solution Steinemann CVS peut optimiser votre production et maintenir votre usine propre, efficace et rentable.<\/p>\t\t\t\t\t\t\t\t<\/div>\n\t\t\t\t<div class=\"elementor-element elementor-element-65f1339 elementor-widget elementor-widget-udesign_widget_button\" data-id=\"65f1339\" data-element_type=\"widget\" data-widget_type=\"udesign_widget_button.default\">\n\t\t\t\t\t<a class=\"btn btn-md btn-primary btn-icon btn-icon-left\" href=\"https:\/\/steinemann-cvs.ch\/fr\/produits\/\" ><i class=\"fas fa-arrow-left\"><\/i><span >Retourner<\/span><\/a>\t\t\t\t<\/div>\n\t\t\t\t<div class=\"elementor-element elementor-element-02b5feb elementor-widget elementor-widget-spacer\" data-id=\"02b5feb\" data-element_type=\"widget\" data-widget_type=\"spacer.default\">\n\t\t\t\t\t\t\t<div class=\"elementor-spacer\">\n\t\t\t<div class=\"elementor-spacer-inner\"><\/div>\n\t\t<\/div>\n\t\t\t\t\t\t<\/div>\n\t\t\t\t\t\t<\/div>\r\n\t\t\t\t\r\n\t\t\t<\/div>\r\n\t\t\t\t\t\t<div class=\"elementor-element elementor-element-f400ee2 e-flex e-con-boxed e-con e-parent\" data-id=\"f400ee2\" data-element_type=\"container\">\r\n\t\t\t\t\t\t\t<div class=\"e-con-inner\">\r\n\t\t\t\t\t\t<div class=\"elementor-element elementor-element-016410d elementor-widget elementor-widget-udesign_widget_heading\" data-id=\"016410d\" data-element_type=\"widget\" data-widget_type=\"udesign_widget_heading.default\">\n\t\t\t\t\t<div class=\"title-wrapper  title-center\"><div class=\"title elementor-heading-title\">Vous avez des questions ?<\/div><\/div>\t\t\t\t<\/div>\n\t\t\t\t<div class=\"elementor-element elementor-element-b65cc68 elementor-widget__width-initial elementor-widget-mobile__width-initial elementor-widget-tablet__width-initial elementor-widget elementor-widget-udesign_widget_heading\" data-id=\"b65cc68\" data-element_type=\"widget\" data-widget_type=\"udesign_widget_heading.default\">\n\t\t\t\t\t<div class=\"title-wrapper  title-center\"><h2 class=\"title elementor-heading-title\">Nous sommes l\u00e0 pour vous aider !<\/h2><\/div>\t\t\t\t<\/div>\n\t\t\t\t<div class=\"elementor-element elementor-element-2b2a434 elementor-widget elementor-widget-udesign_widget_contact_form\" data-id=\"2b2a434\" data-element_type=\"widget\" data-widget_type=\"udesign_widget_contact_form.default\">\n\t\t\t\t\t\n<div class=\"wpcf7 no-js\" id=\"wpcf7-f282-o1\" lang=\"en-US\" dir=\"ltr\" data-wpcf7-id=\"282\">\n<div class=\"screen-reader-response\"><p role=\"status\" aria-live=\"polite\" aria-atomic=\"true\"><\/p> <ul><\/ul><\/div>\n<form action=\"\/fr\/wp-json\/wp\/v2\/pages\/21390#wpcf7-f282-o1\" method=\"post\" class=\"wpcf7-form init\" aria-label=\"Contact form\" novalidate=\"novalidate\" data-status=\"init\" data-trp-original-action=\"\/fr\/wp-json\/wp\/v2\/pages\/21390#wpcf7-f282-o1\">\n<fieldset class=\"hidden-fields-container\"><input type=\"hidden\" name=\"_wpcf7\" value=\"282\" \/><input type=\"hidden\" name=\"_wpcf7_version\" value=\"6.1.5\" \/><input type=\"hidden\" name=\"_wpcf7_locale\" value=\"en_US\" \/><input type=\"hidden\" name=\"_wpcf7_unit_tag\" value=\"wpcf7-f282-o1\" \/><input type=\"hidden\" name=\"_wpcf7_container_post\" value=\"0\" \/><input type=\"hidden\" name=\"_wpcf7_posted_data_hash\" value=\"\" \/>\n<\/fieldset>\n<p><span class=\"wpcf7-form-control-wrap\" data-name=\"text-157\"><input size=\"40\" maxlength=\"400\" class=\"wpcf7-form-control wpcf7-text wpcf7-validates-as-required\" aria-required=\"true\" aria-invalid=\"false\" placeholder=\"Votre nom\" value=\"\" type=\"text\" name=\"text-157\" \/><\/span>\n<\/p>\n<p><span class=\"wpcf7-form-control-wrap\" data-name=\"email-668\"><input size=\"40\" maxlength=\"400\" class=\"wpcf7-form-control wpcf7-email wpcf7-validates-as-required wpcf7-text wpcf7-validates-as-email\" aria-required=\"true\" aria-invalid=\"false\" placeholder=\"Votre adresse \u00e9lectronique\" value=\"\" type=\"email\" name=\"email-668\" \/><\/span>\n<\/p>\n<p class=\"mb-6\"><span class=\"wpcf7-form-control-wrap\" data-name=\"textarea-883\"><textarea cols=\"40\" rows=\"10\" maxlength=\"2000\" class=\"wpcf7-form-control wpcf7-textarea\" aria-invalid=\"false\" placeholder=\"Votre message\" name=\"textarea-883\"><\/textarea><\/span>\n<\/p>\n<p><button type=\"submit\" class=\"btn\">Envoyer un message<i class=\"a-icon-long-arrow-right\"><\/i><\/button>\n<\/p><div class=\"wpcf7-response-output\" aria-hidden=\"true\"><\/div>\n<input type=\"hidden\" name=\"trp-form-language\" value=\"fr\"\/><\/form>\n<\/div>\n\t\t\t\t<\/div>\n\t\t\t\t\t\t<\/div>\r\n\t\t\t\t\r\n\t\t\t<\/div>\r\n\t\t\t\t\t\t<div class=\"elementor-element elementor-element-9ef5a6b e-flex e-con-boxed e-con e-parent\" data-id=\"9ef5a6b\" data-element_type=\"container\">\r\n\t\t\t\t\t\t\t<div class=\"e-con-inner\">\r\n\t\t\t\t\t\t\t\t<\/div>\r\n\t\t\t\t\r\n\t\t\t<\/div>\r\n\t\t\t\t\t<\/div>","protected":false},"excerpt":{"rendered":"<p>Why Choose Steinemann CVS Manual cleaning Even with modern air conditioning and additional cleaning units, textile production machines quickly accumulate dust, lint, and fiber waste. Regular manual cleaning is essential to maintain product quality, productivity, and machine efficiency. Relying on expensive compressed air cleaning is not a sustainable alternative. It only shifts the waste from [&hellip;]<\/p>\n","protected":false},"author":1,"featured_media":0,"parent":0,"menu_order":0,"comment_status":"closed","ping_status":"closed","template":"","meta":{"footnotes":""},"class_list":["post-21390","page","type-page","status-publish","hentry"],"yoast_head":"<!-- This site is optimized with the Yoast SEO plugin v27.4 - https:\/\/yoast.com\/product\/yoast-seo-wordpress\/ -->\n<title>Manual Cleaning textile production | Steinemann CVS<\/title>\n<meta name=\"description\" content=\"Steinemann Central Vacuum Systems manual cleaning keeps textile mills efficient - less downtime, lower costs and cleaner production.\" \/>\n<meta name=\"robots\" content=\"index, follow, max-snippet:-1, max-image-preview:large, max-video-preview:-1\" \/>\n<link rel=\"canonical\" href=\"https:\/\/steinemann-cvs.ch\/fr\/nettoyage-manuel\/\" \/>\n<meta property=\"og:locale\" content=\"fr_FR\" \/>\n<meta property=\"og:type\" content=\"article\" \/>\n<meta property=\"og:title\" content=\"Manual Cleaning textile production | Steinemann CVS\" \/>\n<meta property=\"og:description\" content=\"Steinemann Central Vacuum Systems manual cleaning keeps textile mills efficient - less downtime, lower costs and cleaner production.\" \/>\n<meta property=\"og:url\" content=\"https:\/\/steinemann-cvs.ch\/fr\/nettoyage-manuel\/\" \/>\n<meta property=\"og:site_name\" content=\"Steinemann CVS\" \/>\n<meta property=\"article:modified_time\" content=\"2025-11-05T12:44:55+00:00\" \/>\n<meta property=\"og:image\" content=\"https:\/\/steinemann-cvs.ch\/wp-content\/uploads\/2025\/09\/Manual_Cleaning.png\" \/>\n<meta name=\"twitter:card\" content=\"summary_large_image\" \/>\n<meta name=\"twitter:label1\" content=\"Dur\u00e9e de lecture estim\u00e9e\" \/>\n\t<meta name=\"twitter:data1\" content=\"3 minutes\" \/>\n<script type=\"application\/ld+json\" class=\"yoast-schema-graph\">{\"@context\":\"https:\\\/\\\/schema.org\",\"@graph\":[{\"@type\":\"WebPage\",\"@id\":\"https:\\\/\\\/steinemann-cvs.ch\\\/manual-cleaning\\\/\",\"url\":\"https:\\\/\\\/steinemann-cvs.ch\\\/manual-cleaning\\\/\",\"name\":\"Manual Cleaning textile production | Steinemann CVS\",\"isPartOf\":{\"@id\":\"https:\\\/\\\/steinemann-cvs.ch\\\/#website\"},\"primaryImageOfPage\":{\"@id\":\"https:\\\/\\\/steinemann-cvs.ch\\\/manual-cleaning\\\/#primaryimage\"},\"image\":{\"@id\":\"https:\\\/\\\/steinemann-cvs.ch\\\/manual-cleaning\\\/#primaryimage\"},\"thumbnailUrl\":\"https:\\\/\\\/steinemann-cvs.ch\\\/wp-content\\\/uploads\\\/2025\\\/09\\\/Manual_Cleaning.png\",\"datePublished\":\"2025-09-22T12:40:54+00:00\",\"dateModified\":\"2025-11-05T12:44:55+00:00\",\"description\":\"Steinemann Central Vacuum Systems manual cleaning keeps textile mills efficient - less downtime, lower costs and cleaner production.\",\"breadcrumb\":{\"@id\":\"https:\\\/\\\/steinemann-cvs.ch\\\/manual-cleaning\\\/#breadcrumb\"},\"inLanguage\":\"fr-FR\",\"potentialAction\":[{\"@type\":\"ReadAction\",\"target\":[\"https:\\\/\\\/steinemann-cvs.ch\\\/manual-cleaning\\\/\"]}]},{\"@type\":\"ImageObject\",\"inLanguage\":\"fr-FR\",\"@id\":\"https:\\\/\\\/steinemann-cvs.ch\\\/manual-cleaning\\\/#primaryimage\",\"url\":\"https:\\\/\\\/steinemann-cvs.ch\\\/wp-content\\\/uploads\\\/2025\\\/09\\\/Manual_Cleaning.png\",\"contentUrl\":\"https:\\\/\\\/steinemann-cvs.ch\\\/wp-content\\\/uploads\\\/2025\\\/09\\\/Manual_Cleaning.png\"},{\"@type\":\"BreadcrumbList\",\"@id\":\"https:\\\/\\\/steinemann-cvs.ch\\\/manual-cleaning\\\/#breadcrumb\",\"itemListElement\":[{\"@type\":\"ListItem\",\"position\":1,\"name\":\"Home\",\"item\":\"https:\\\/\\\/steinemann-cvs.ch\\\/\"},{\"@type\":\"ListItem\",\"position\":2,\"name\":\"Manual Cleaning\"}]},{\"@type\":\"WebSite\",\"@id\":\"https:\\\/\\\/steinemann-cvs.ch\\\/#website\",\"url\":\"https:\\\/\\\/steinemann-cvs.ch\\\/\",\"name\":\"Steinemann Central Vacuum Systems\",\"description\":\"\",\"publisher\":{\"@id\":\"https:\\\/\\\/steinemann-cvs.ch\\\/#organization\"},\"alternateName\":\"Steinemann CVS\",\"potentialAction\":[{\"@type\":\"SearchAction\",\"target\":{\"@type\":\"EntryPoint\",\"urlTemplate\":\"https:\\\/\\\/steinemann-cvs.ch\\\/?s={search_term_string}\"},\"query-input\":{\"@type\":\"PropertyValueSpecification\",\"valueRequired\":true,\"valueName\":\"search_term_string\"}}],\"inLanguage\":\"fr-FR\"},{\"@type\":\"Organization\",\"@id\":\"https:\\\/\\\/steinemann-cvs.ch\\\/#organization\",\"name\":\"Steinemann Central Vacuum Systems\",\"alternateName\":\"Steinemann CVS\",\"url\":\"https:\\\/\\\/steinemann-cvs.ch\\\/\",\"logo\":{\"@type\":\"ImageObject\",\"inLanguage\":\"fr-FR\",\"@id\":\"https:\\\/\\\/steinemann-cvs.ch\\\/#\\\/schema\\\/logo\\\/image\\\/\",\"url\":\"https:\\\/\\\/steinemann-cvs.ch\\\/wp-content\\\/uploads\\\/2025\\\/12\\\/CH_Steinemann_CSV_120_CMYK_POS.png\",\"contentUrl\":\"https:\\\/\\\/steinemann-cvs.ch\\\/wp-content\\\/uploads\\\/2025\\\/12\\\/CH_Steinemann_CSV_120_CMYK_POS.png\",\"width\":674,\"height\":114,\"caption\":\"Steinemann Central Vacuum Systems\"},\"image\":{\"@id\":\"https:\\\/\\\/steinemann-cvs.ch\\\/#\\\/schema\\\/logo\\\/image\\\/\"},\"sameAs\":[\"https:\\\/\\\/www.linkedin.com\\\/company\\\/steinemann-central-vacuum-systems-cvs\",\"https:\\\/\\\/www.youtube.com\\\/@steinemanncvs\"]}]}<\/script>\n<!-- \/ Yoast SEO plugin. -->","yoast_head_json":{"title":"Nettoyage manuel de la production textile | Steinemann CVS","description":"Le nettoyage manuel des syst\u00e8mes centraux d'aspiration Steinemann assure l'efficacit\u00e9 des usines textiles - moins de temps d'arr\u00eat, moins de co\u00fbts et une production plus propre.","robots":{"index":"index","follow":"follow","max-snippet":"max-snippet:-1","max-image-preview":"max-image-preview:large","max-video-preview":"max-video-preview:-1"},"canonical":"https:\/\/steinemann-cvs.ch\/fr\/nettoyage-manuel\/","og_locale":"fr_FR","og_type":"article","og_title":"Manual Cleaning textile production | Steinemann CVS","og_description":"Steinemann Central Vacuum Systems manual cleaning keeps textile mills efficient - less downtime, lower costs and cleaner production.","og_url":"https:\/\/steinemann-cvs.ch\/fr\/nettoyage-manuel\/","og_site_name":"Steinemann CVS","article_modified_time":"2025-11-05T12:44:55+00:00","og_image":[{"url":"https:\/\/steinemann-cvs.ch\/wp-content\/uploads\/2025\/09\/Manual_Cleaning.png","type":"","width":"","height":""}],"twitter_card":"summary_large_image","twitter_misc":{"Dur\u00e9e de lecture estim\u00e9e":"3 minutes"},"schema":{"@context":"https:\/\/schema.org","@graph":[{"@type":"WebPage","@id":"https:\/\/steinemann-cvs.ch\/manual-cleaning\/","url":"https:\/\/steinemann-cvs.ch\/manual-cleaning\/","name":"Nettoyage manuel de la production textile | Steinemann CVS","isPartOf":{"@id":"https:\/\/steinemann-cvs.ch\/#website"},"primaryImageOfPage":{"@id":"https:\/\/steinemann-cvs.ch\/manual-cleaning\/#primaryimage"},"image":{"@id":"https:\/\/steinemann-cvs.ch\/manual-cleaning\/#primaryimage"},"thumbnailUrl":"https:\/\/steinemann-cvs.ch\/wp-content\/uploads\/2025\/09\/Manual_Cleaning.png","datePublished":"2025-09-22T12:40:54+00:00","dateModified":"2025-11-05T12:44:55+00:00","description":"Le nettoyage manuel des syst\u00e8mes centraux d'aspiration Steinemann assure l'efficacit\u00e9 des usines textiles - moins de temps d'arr\u00eat, moins de co\u00fbts et une production plus propre.","breadcrumb":{"@id":"https:\/\/steinemann-cvs.ch\/manual-cleaning\/#breadcrumb"},"inLanguage":"fr-FR","potentialAction":[{"@type":"ReadAction","target":["https:\/\/steinemann-cvs.ch\/manual-cleaning\/"]}]},{"@type":"ImageObject","inLanguage":"fr-FR","@id":"https:\/\/steinemann-cvs.ch\/manual-cleaning\/#primaryimage","url":"https:\/\/steinemann-cvs.ch\/wp-content\/uploads\/2025\/09\/Manual_Cleaning.png","contentUrl":"https:\/\/steinemann-cvs.ch\/wp-content\/uploads\/2025\/09\/Manual_Cleaning.png"},{"@type":"BreadcrumbList","@id":"https:\/\/steinemann-cvs.ch\/manual-cleaning\/#breadcrumb","itemListElement":[{"@type":"ListItem","position":1,"name":"Home","item":"https:\/\/steinemann-cvs.ch\/"},{"@type":"ListItem","position":2,"name":"Manual Cleaning"}]},{"@type":"WebSite","@id":"https:\/\/steinemann-cvs.ch\/#website","url":"https:\/\/steinemann-cvs.ch\/","name":"Syst\u00e8mes centraux d'aspiration Steinemann","description":"","publisher":{"@id":"https:\/\/steinemann-cvs.ch\/#organization"},"alternateName":"Steinemann CVS","potentialAction":[{"@type":"SearchAction","target":{"@type":"EntryPoint","urlTemplate":"https:\/\/steinemann-cvs.ch\/?s={search_term_string}"},"query-input":{"@type":"PropertyValueSpecification","valueRequired":true,"valueName":"search_term_string"}}],"inLanguage":"fr-FR"},{"@type":"Organization","@id":"https:\/\/steinemann-cvs.ch\/#organization","name":"Syst\u00e8mes centraux d'aspiration Steinemann","alternateName":"Steinemann CVS","url":"https:\/\/steinemann-cvs.ch\/","logo":{"@type":"ImageObject","inLanguage":"fr-FR","@id":"https:\/\/steinemann-cvs.ch\/#\/schema\/logo\/image\/","url":"https:\/\/steinemann-cvs.ch\/wp-content\/uploads\/2025\/12\/CH_Steinemann_CSV_120_CMYK_POS.png","contentUrl":"https:\/\/steinemann-cvs.ch\/wp-content\/uploads\/2025\/12\/CH_Steinemann_CSV_120_CMYK_POS.png","width":674,"height":114,"caption":"Steinemann Central Vacuum Systems"},"image":{"@id":"https:\/\/steinemann-cvs.ch\/#\/schema\/logo\/image\/"},"sameAs":["https:\/\/www.linkedin.com\/company\/steinemann-central-vacuum-systems-cvs","https:\/\/www.youtube.com\/@steinemanncvs"]}]}},"_links":{"self":[{"href":"https:\/\/steinemann-cvs.ch\/fr\/wp-json\/wp\/v2\/pages\/21390","targetHints":{"allow":["GET"]}}],"collection":[{"href":"https:\/\/steinemann-cvs.ch\/fr\/wp-json\/wp\/v2\/pages"}],"about":[{"href":"https:\/\/steinemann-cvs.ch\/fr\/wp-json\/wp\/v2\/types\/page"}],"author":[{"embeddable":true,"href":"https:\/\/steinemann-cvs.ch\/fr\/wp-json\/wp\/v2\/users\/1"}],"replies":[{"embeddable":true,"href":"https:\/\/steinemann-cvs.ch\/fr\/wp-json\/wp\/v2\/comments?post=21390"}],"version-history":[{"count":7,"href":"https:\/\/steinemann-cvs.ch\/fr\/wp-json\/wp\/v2\/pages\/21390\/revisions"}],"predecessor-version":[{"id":21625,"href":"https:\/\/steinemann-cvs.ch\/fr\/wp-json\/wp\/v2\/pages\/21390\/revisions\/21625"}],"wp:attachment":[{"href":"https:\/\/steinemann-cvs.ch\/fr\/wp-json\/wp\/v2\/media?parent=21390"}],"curies":[{"name":"wp","href":"https:\/\/api.w.org\/{rel}","templated":true}]}}