{"id":21375,"date":"2025-09-22T12:23:44","date_gmt":"2025-09-22T12:23:44","guid":{"rendered":"https:\/\/steinemann-cvs.ch\/?page_id=21375"},"modified":"2025-11-05T12:56:23","modified_gmt":"2025-11-05T12:56:23","slug":"produits","status":"publish","type":"page","link":"https:\/\/steinemann-cvs.ch\/fr\/products\/","title":{"rendered":"Produits"},"content":{"rendered":"<div data-elementor-type=\"wp-page\" data-elementor-id=\"21375\" class=\"elementor elementor-21375\">\n\t\t\t\t\t\t\t<div class=\"elementor-element elementor-element-ea9237f e-flex e-con-boxed e-con e-parent\" data-id=\"ea9237f\" data-element_type=\"container\">\r\n\t\t\t\t\t\t\t<div class=\"e-con-inner\">\r\n\t\t\t\t\t\t<div class=\"elementor-element elementor-element-4299853 elementor-widget elementor-widget-udesign_widget_heading\" data-id=\"4299853\" data-element_type=\"widget\" data-widget_type=\"udesign_widget_heading.default\">\n\t\t\t\t\t<div class=\"title-wrapper  title-center\"><div class=\"title elementor-heading-title\">Pourquoi choisir Steinemann CVS<\/div><\/div>\t\t\t\t<\/div>\n\t\t\t\t<div class=\"elementor-element elementor-element-10930eb elementor-widget__width-initial elementor-widget-mobile__width-initial elementor-widget-tablet__width-initial elementor-widget elementor-widget-udesign_widget_heading\" data-id=\"10930eb\" data-element_type=\"widget\" data-widget_type=\"udesign_widget_heading.default\">\n\t\t\t\t\t<div class=\"title-wrapper  title-center\"><h2 class=\"title elementor-heading-title\">Des solutions sur mesure pour chaque d\u00e9fi li\u00e9 aux d\u00e9chets textiles<\/h2><\/div>\t\t\t\t<\/div>\n\t\t\t\t<div class=\"elementor-element elementor-element-02b5feb elementor-widget elementor-widget-spacer\" data-id=\"02b5feb\" data-element_type=\"widget\" data-widget_type=\"spacer.default\">\n\t\t\t\t\t\t\t<div class=\"elementor-spacer\">\n\t\t\t<div class=\"elementor-spacer-inner\"><\/div>\n\t\t<\/div>\n\t\t\t\t\t\t<\/div>\n\t\t\t\t\t<div class=\"elementor-element elementor-element-1d4a344 e-grid e-con-full e-con e-child\" data-id=\"1d4a344\" data-element_type=\"container\">\r\n\t\t\t\t\t<div class=\"elementor-element elementor-element-20898c7 elementor-widget elementor-widget-udesign_widget_imagebox\" data-id=\"20898c7\" data-element_type=\"widget\" data-widget_type=\"udesign_widget_imagebox.default\">\n\t\t\t\t\t<div class=\"image-box position-top\"><figure class=\"has-link\"><img fetchpriority=\"high\" decoding=\"async\" width=\"1200\" height=\"1200\" src=\"https:\/\/steinemann-cvs.ch\/wp-content\/uploads\/2025\/09\/Manual_Cleaning.png\" class=\"attachment-full size-full wp-image-21378\" alt=\"Travailleur effectuant le nettoyage manuel d&#039;une machine textile \u00e0 l&#039;aide d&#039;un syst\u00e8me d&#039;aspiration central Steinemann pour l&#039;\u00e9limination des fibres et de la poussi\u00e8re.\" srcset=\"https:\/\/steinemann-cvs.ch\/wp-content\/uploads\/2025\/09\/Manual_Cleaning.png 1200w, https:\/\/steinemann-cvs.ch\/wp-content\/uploads\/2025\/09\/Manual_Cleaning-1024x1024.png 1024w, https:\/\/steinemann-cvs.ch\/wp-content\/uploads\/2025\/09\/Manual_Cleaning-768x768.png 768w\" sizes=\"(max-width: 1200px) 100vw, 1200px\" \/><a href=\"https:\/\/steinemann-cvs.ch\/fr\/nettoyage-manuel\/\" aria-label=\"Imagem\" data-no-translation-aria-label=\"\"><\/a><\/figure><div class=\"image-box-content\"><h3 class=\"title\"><a href=\"https:\/\/steinemann-cvs.ch\/fr\/nettoyage-manuel\/\" aria-label=\"Imagem\" data-no-translation-aria-label=\"\">Nettoyage manuel<\/a><\/h3><p class=\"content\">Simple, pratique et efficace : des solutions fiables pour l'\u00e9limination manuelle des poussi\u00e8res et des d\u00e9chets.<\/p><a class=\"btn btn-md btn-primary\" href=\"https:\/\/steinemann-cvs.ch\/fr\/nettoyage-manuel\/\" ><span >Lire la suite<\/span><\/a><\/div><\/div>\t\t\t\t<\/div>\n\t\t\t\t<div class=\"elementor-element elementor-element-282ac5f elementor-widget elementor-widget-udesign_widget_imagebox\" data-id=\"282ac5f\" data-element_type=\"widget\" data-widget_type=\"udesign_widget_imagebox.default\">\n\t\t\t\t\t<div class=\"image-box position-top\"><figure class=\"has-link\"><img decoding=\"async\" width=\"1200\" height=\"1200\" src=\"https:\/\/steinemann-cvs.ch\/wp-content\/uploads\/2025\/09\/Automatic_Disposal.png\" class=\"attachment-full size-full wp-image-21379\" alt=\"Unit\u00e9 d&#039;\u00e9limination automatique int\u00e9gr\u00e9e \u00e0 la machine textile avec connexion au syst\u00e8me d&#039;aspiration central Steinemann.\" srcset=\"https:\/\/steinemann-cvs.ch\/wp-content\/uploads\/2025\/09\/Automatic_Disposal.png 1200w, https:\/\/steinemann-cvs.ch\/wp-content\/uploads\/2025\/09\/Automatic_Disposal-1024x1024.png 1024w, https:\/\/steinemann-cvs.ch\/wp-content\/uploads\/2025\/09\/Automatic_Disposal-768x768.png 768w\" sizes=\"(max-width: 1200px) 100vw, 1200px\" \/><a href=\"https:\/\/steinemann-cvs.ch\/fr\/elimination-automatique\/\" aria-label=\"Imagem\" data-no-translation-aria-label=\"\"><\/a><\/figure><div class=\"image-box-content\"><h3 class=\"title\"><a href=\"https:\/\/steinemann-cvs.ch\/fr\/elimination-automatique\/\" aria-label=\"Imagem\" data-no-translation-aria-label=\"\">\u00c9limination automatique<\/a><\/h3><p class=\"content\">Rentabilit\u00e9 et efficacit\u00e9 : logistique des d\u00e9chets enti\u00e8rement automatis\u00e9e pour une production continue.<\/p><a class=\"btn btn-md btn-primary\" href=\"https:\/\/steinemann-cvs.ch\/fr\/elimination-automatique\/\" ><span >Lire la suite<\/span><\/a><\/div><\/div>\t\t\t\t<\/div>\n\t\t\t\t<div class=\"elementor-element elementor-element-f24e4ac elementor-widget elementor-widget-udesign_widget_imagebox\" data-id=\"f24e4ac\" data-element_type=\"widget\" data-widget_type=\"udesign_widget_imagebox.default\">\n\t\t\t\t\t<div class=\"image-box position-top\"><figure class=\"has-link\"><img decoding=\"async\" width=\"1200\" height=\"1200\" src=\"https:\/\/steinemann-cvs.ch\/wp-content\/uploads\/2025\/09\/Confection_Solutions.png\" class=\"attachment-full size-full wp-image-21380\" alt=\"Un ouvrier coud des textiles avec le soutien de Steinemann CVS Confection Solutions pour une production propre et efficace.\" srcset=\"https:\/\/steinemann-cvs.ch\/wp-content\/uploads\/2025\/09\/Confection_Solutions.png 1200w, https:\/\/steinemann-cvs.ch\/wp-content\/uploads\/2025\/09\/Confection_Solutions-1024x1024.png 1024w, https:\/\/steinemann-cvs.ch\/wp-content\/uploads\/2025\/09\/Confection_Solutions-768x768.png 768w\" sizes=\"(max-width: 1200px) 100vw, 1200px\" \/><a href=\"https:\/\/steinemann-cvs.ch\/fr\/solutions-de-confiserie\/\" aria-label=\"Imagem\" data-no-translation-aria-label=\"\"><\/a><\/figure><div class=\"image-box-content\"><h3 class=\"title\"><a href=\"https:\/\/steinemann-cvs.ch\/fr\/solutions-de-confiserie\/\" aria-label=\"Imagem\" data-no-translation-aria-label=\"\">Solutions de confiserie<\/a><\/h3><p class=\"content\">Augmenter la productivit\u00e9 et la s\u00e9curit\u00e9 avec des solutions CVS sp\u00e9cialis\u00e9es pour l'ennoblissement textile.<\/p><a class=\"btn btn-md btn-primary\" href=\"https:\/\/steinemann-cvs.ch\/fr\/solutions-de-confiserie\/\" ><span >Lire la suite<\/span><\/a><\/div><\/div>\t\t\t\t<\/div>\n\t\t\r\n\t\t\t<\/div>\r\n\t\t\t\t\t<div class=\"elementor-element elementor-element-91f3d56 elementor-widget elementor-widget-spacer\" data-id=\"91f3d56\" data-element_type=\"widget\" data-widget_type=\"spacer.default\">\n\t\t\t\t\t\t\t<div class=\"elementor-spacer\">\n\t\t\t<div class=\"elementor-spacer-inner\"><\/div>\n\t\t<\/div>\n\t\t\t\t\t\t<\/div>\n\t\t\t\t<div class=\"elementor-element elementor-element-d4c3ba8 elementor-widget elementor-widget-text-editor\" data-id=\"d4c3ba8\" data-element_type=\"widget\" data-widget_type=\"text-editor.default\">\n\t\t\t\t\t\t\t\t\t<p data-start=\"383\" data-end=\"835\">Steinemann CVS fournit des syst\u00e8mes centraux d'aspiration personnalis\u00e9s, con\u00e7us pour r\u00e9soudre tous les probl\u00e8mes de gestion des d\u00e9chets textiles. Nos syst\u00e8mes d'aspiration avanc\u00e9s pour la production textile garantissent des processus continus, propres et efficaces sur le plan \u00e9nerg\u00e9tique pour les op\u00e9rations de filature, de tissage et de finition. Chaque solution de nettoyage par aspiration pour les lignes de production textile est adapt\u00e9e aux besoins sp\u00e9cifiques du client, r\u00e9duisant les temps d'arr\u00eat et augmentant la fiabilit\u00e9 de la production.<\/p><p data-start=\"837\" data-end=\"1262\">Le syst\u00e8me d'extraction de poussi\u00e8re Steinemann pour l'industrie textile \u00e9limine efficacement les peluches, les d\u00e9chets de fil et la poussi\u00e8re des machines et des zones de travail. Du nettoyage manuel des machines textiles \u00e0 l'\u00e9limination enti\u00e8rement automatique des fibres, nous proposons des solutions \u00e9volutives pour les usines de toute taille. Les op\u00e9rateurs b\u00e9n\u00e9ficient d'une s\u00e9curit\u00e9 accrue sur le lieu de travail, d'un temps de nettoyage r\u00e9duit et d'une meilleure qualit\u00e9 des produits.<\/p><p data-start=\"1264\" data-end=\"1700\">Notre aspirateur central \u00e9conome en \u00e9nergie pour les usines textiles est con\u00e7u pour r\u00e9aliser des \u00e9conomies \u00e0 long terme et respecter l'environnement. Le syst\u00e8me permet d'\u00e9conomiser l'aspiration et l'air comprim\u00e9, rempla\u00e7ant ainsi les m\u00e9thodes de nettoyage \u00e0 l'air comprim\u00e9 inefficaces. Que ce soit pour le nettoyage des machines \u00e0 tisser, des machines \u00e0 filer ou des filtres de rames, le syst\u00e8me CVS de Steinemann offre une puissance d'aspiration constante et des performances fiables.<\/p><p data-start=\"1702\" data-end=\"2057\">Les modules int\u00e9gr\u00e9s prennent en charge les syst\u00e8mes d'\u00e9limination automatique des peluches et des fibres, la collecte des d\u00e9chets pour les usines de filature et de tissage, et l'\u00e9limination automatique du fil des bobineuses et des machines O\/E. Des commandes intelligentes permettent une s\u00e9paration pr\u00e9cise des d\u00e9chets au niveau des bobineuses et des machines O\/E, des machines \u00e0 jet d'air et des d\u00e9poussi\u00e9reurs, ce qui permet de garder les zones de production plus propres et plus efficaces.<\/p><p data-start=\"2059\" data-end=\"2426\">Les syst\u00e8mes d'aspiration industrielle Steinemann pour le traitement des fils et des fibres vous permettent de gagner non seulement en efficacit\u00e9, mais aussi en durabilit\u00e9 et en s\u00e9curit\u00e9. Nos syst\u00e8mes d'aspiration centralis\u00e9s pour les usines textiles et nos syst\u00e8mes int\u00e9gr\u00e9s d'\u00e9limination des d\u00e9chets pour les machines textiles permettent de maintenir des conditions de production optimales tout en soutenant des op\u00e9rations textiles propres, modernes et durables.<\/p>\t\t\t\t\t\t\t\t<\/div>\n\t\t\t\t<div class=\"elementor-element elementor-element-9bd349e elementor-widget elementor-widget-spacer\" data-id=\"9bd349e\" data-element_type=\"widget\" data-widget_type=\"spacer.default\">\n\t\t\t\t\t\t\t<div class=\"elementor-spacer\">\n\t\t\t<div class=\"elementor-spacer-inner\"><\/div>\n\t\t<\/div>\n\t\t\t\t\t\t<\/div>\n\t\t\t\t\t\t<\/div>\r\n\t\t\t\t\r\n\t\t\t<\/div>\r\n\t\t\t\t\t\t<div class=\"elementor-element elementor-element-f400ee2 e-flex e-con-boxed e-con e-parent\" data-id=\"f400ee2\" data-element_type=\"container\">\r\n\t\t\t\t\t\t\t<div class=\"e-con-inner\">\r\n\t\t\t\t\t\t<div class=\"elementor-element elementor-element-016410d elementor-widget elementor-widget-udesign_widget_heading\" data-id=\"016410d\" data-element_type=\"widget\" data-widget_type=\"udesign_widget_heading.default\">\n\t\t\t\t\t<div class=\"title-wrapper  title-center\"><div class=\"title elementor-heading-title\">Vous avez des questions ?<\/div><\/div>\t\t\t\t<\/div>\n\t\t\t\t<div class=\"elementor-element elementor-element-b65cc68 elementor-widget__width-initial elementor-widget-mobile__width-initial elementor-widget-tablet__width-initial elementor-widget elementor-widget-udesign_widget_heading\" data-id=\"b65cc68\" data-element_type=\"widget\" data-widget_type=\"udesign_widget_heading.default\">\n\t\t\t\t\t<div class=\"title-wrapper  title-center\"><h2 class=\"title elementor-heading-title\">Nous sommes l\u00e0 pour vous aider !<\/h2><\/div>\t\t\t\t<\/div>\n\t\t\t\t<div class=\"elementor-element elementor-element-2b2a434 elementor-widget elementor-widget-udesign_widget_contact_form\" data-id=\"2b2a434\" data-element_type=\"widget\" data-widget_type=\"udesign_widget_contact_form.default\">\n\t\t\t\t\t\n<div class=\"wpcf7 no-js\" id=\"wpcf7-f282-o1\" lang=\"en-US\" dir=\"ltr\" data-wpcf7-id=\"282\">\n<div class=\"screen-reader-response\"><p role=\"status\" aria-live=\"polite\" aria-atomic=\"true\"><\/p> <ul><\/ul><\/div>\n<form action=\"\/fr\/wp-json\/wp\/v2\/pages\/21375#wpcf7-f282-o1\" method=\"post\" class=\"wpcf7-form init\" aria-label=\"Contact form\" novalidate=\"novalidate\" data-status=\"init\" data-trp-original-action=\"\/fr\/wp-json\/wp\/v2\/pages\/21375#wpcf7-f282-o1\">\n<fieldset class=\"hidden-fields-container\"><input type=\"hidden\" name=\"_wpcf7\" value=\"282\" \/><input type=\"hidden\" name=\"_wpcf7_version\" value=\"6.1.5\" \/><input type=\"hidden\" name=\"_wpcf7_locale\" value=\"en_US\" \/><input type=\"hidden\" name=\"_wpcf7_unit_tag\" value=\"wpcf7-f282-o1\" \/><input type=\"hidden\" name=\"_wpcf7_container_post\" value=\"0\" \/><input type=\"hidden\" name=\"_wpcf7_posted_data_hash\" value=\"\" \/>\n<\/fieldset>\n<p><span class=\"wpcf7-form-control-wrap\" data-name=\"text-157\"><input size=\"40\" maxlength=\"400\" class=\"wpcf7-form-control wpcf7-text wpcf7-validates-as-required\" aria-required=\"true\" aria-invalid=\"false\" placeholder=\"Votre nom\" value=\"\" type=\"text\" name=\"text-157\" \/><\/span>\n<\/p>\n<p><span class=\"wpcf7-form-control-wrap\" data-name=\"email-668\"><input size=\"40\" maxlength=\"400\" class=\"wpcf7-form-control wpcf7-email wpcf7-validates-as-required wpcf7-text wpcf7-validates-as-email\" aria-required=\"true\" aria-invalid=\"false\" placeholder=\"Votre adresse \u00e9lectronique\" value=\"\" type=\"email\" name=\"email-668\" \/><\/span>\n<\/p>\n<p class=\"mb-6\"><span class=\"wpcf7-form-control-wrap\" data-name=\"textarea-883\"><textarea cols=\"40\" rows=\"10\" maxlength=\"2000\" class=\"wpcf7-form-control wpcf7-textarea\" aria-invalid=\"false\" placeholder=\"Votre message\" name=\"textarea-883\"><\/textarea><\/span>\n<\/p>\n<p><button type=\"submit\" class=\"btn\">Envoyer un message<i class=\"a-icon-long-arrow-right\"><\/i><\/button>\n<\/p><div class=\"wpcf7-response-output\" aria-hidden=\"true\"><\/div>\n<input type=\"hidden\" name=\"trp-form-language\" value=\"fr\"\/><\/form>\n<\/div>\n\t\t\t\t<\/div>\n\t\t\t\t\t\t<\/div>\r\n\t\t\t\t\r\n\t\t\t<\/div>\r\n\t\t\t\t\t<\/div>","protected":false},"excerpt":{"rendered":"<p>Why Choose Steinemann CVS Tailored solutions for every textile waste challenge Manual cleaning Simple, practical, and efficient: reliable solutions for manual dust and waste removal. Read More Automatic disposal Cost-effective and efficient: fully automated waste logistics for continuous production. Read More Confection Solutions Boost productivity and safety with specialized CVS solutions for textile finishing. Read [&hellip;]<\/p>\n","protected":false},"author":1,"featured_media":0,"parent":0,"menu_order":0,"comment_status":"closed","ping_status":"closed","template":"","meta":{"footnotes":""},"class_list":["post-21375","page","type-page","status-publish","hentry"],"yoast_head":"<!-- This site is optimized with the Yoast SEO plugin v27.4 - https:\/\/yoast.com\/product\/yoast-seo-wordpress\/ -->\n<title>Textile Waste Management Solutions \u2013 Steinemann CVS<\/title>\n<meta name=\"description\" content=\"Discover Steinemann CVS textile waste management solutions \u2013 cleaner production, reduced costs, improved efficiency.\" \/>\n<meta name=\"robots\" content=\"index, follow, max-snippet:-1, max-image-preview:large, max-video-preview:-1\" \/>\n<link rel=\"canonical\" href=\"https:\/\/steinemann-cvs.ch\/fr\/produits\/\" \/>\n<meta property=\"og:locale\" content=\"fr_FR\" \/>\n<meta property=\"og:type\" content=\"article\" \/>\n<meta property=\"og:title\" content=\"Textile Waste Management Solutions \u2013 Steinemann CVS\" \/>\n<meta property=\"og:description\" content=\"Discover Steinemann CVS textile waste management solutions \u2013 cleaner production, reduced costs, improved efficiency.\" \/>\n<meta property=\"og:url\" content=\"https:\/\/steinemann-cvs.ch\/fr\/produits\/\" \/>\n<meta property=\"og:site_name\" content=\"Steinemann CVS\" \/>\n<meta property=\"article:modified_time\" content=\"2025-11-05T12:56:23+00:00\" \/>\n<meta property=\"og:image\" content=\"https:\/\/steinemann-cvs.ch\/wp-content\/uploads\/2025\/09\/Manual_Cleaning.png\" \/>\n<meta name=\"twitter:card\" content=\"summary_large_image\" \/>\n<meta name=\"twitter:label1\" content=\"Dur\u00e9e de lecture estim\u00e9e\" \/>\n\t<meta name=\"twitter:data1\" content=\"3 minutes\" \/>\n<script type=\"application\/ld+json\" class=\"yoast-schema-graph\">{\"@context\":\"https:\\\/\\\/schema.org\",\"@graph\":[{\"@type\":\"WebPage\",\"@id\":\"https:\\\/\\\/steinemann-cvs.ch\\\/products\\\/\",\"url\":\"https:\\\/\\\/steinemann-cvs.ch\\\/products\\\/\",\"name\":\"Textile Waste Management Solutions \u2013 Steinemann CVS\",\"isPartOf\":{\"@id\":\"https:\\\/\\\/steinemann-cvs.ch\\\/#website\"},\"primaryImageOfPage\":{\"@id\":\"https:\\\/\\\/steinemann-cvs.ch\\\/products\\\/#primaryimage\"},\"image\":{\"@id\":\"https:\\\/\\\/steinemann-cvs.ch\\\/products\\\/#primaryimage\"},\"thumbnailUrl\":\"https:\\\/\\\/steinemann-cvs.ch\\\/wp-content\\\/uploads\\\/2025\\\/09\\\/Manual_Cleaning.png\",\"datePublished\":\"2025-09-22T12:23:44+00:00\",\"dateModified\":\"2025-11-05T12:56:23+00:00\",\"description\":\"Discover Steinemann CVS textile waste management solutions \u2013 cleaner production, reduced costs, improved efficiency.\",\"breadcrumb\":{\"@id\":\"https:\\\/\\\/steinemann-cvs.ch\\\/products\\\/#breadcrumb\"},\"inLanguage\":\"fr-FR\",\"potentialAction\":[{\"@type\":\"ReadAction\",\"target\":[\"https:\\\/\\\/steinemann-cvs.ch\\\/products\\\/\"]}]},{\"@type\":\"ImageObject\",\"inLanguage\":\"fr-FR\",\"@id\":\"https:\\\/\\\/steinemann-cvs.ch\\\/products\\\/#primaryimage\",\"url\":\"https:\\\/\\\/steinemann-cvs.ch\\\/wp-content\\\/uploads\\\/2025\\\/09\\\/Manual_Cleaning.png\",\"contentUrl\":\"https:\\\/\\\/steinemann-cvs.ch\\\/wp-content\\\/uploads\\\/2025\\\/09\\\/Manual_Cleaning.png\"},{\"@type\":\"BreadcrumbList\",\"@id\":\"https:\\\/\\\/steinemann-cvs.ch\\\/products\\\/#breadcrumb\",\"itemListElement\":[{\"@type\":\"ListItem\",\"position\":1,\"name\":\"Home\",\"item\":\"https:\\\/\\\/steinemann-cvs.ch\\\/\"},{\"@type\":\"ListItem\",\"position\":2,\"name\":\"Products\"}]},{\"@type\":\"WebSite\",\"@id\":\"https:\\\/\\\/steinemann-cvs.ch\\\/#website\",\"url\":\"https:\\\/\\\/steinemann-cvs.ch\\\/\",\"name\":\"Steinemann Central Vacuum Systems\",\"description\":\"\",\"publisher\":{\"@id\":\"https:\\\/\\\/steinemann-cvs.ch\\\/#organization\"},\"alternateName\":\"Steinemann CVS\",\"potentialAction\":[{\"@type\":\"SearchAction\",\"target\":{\"@type\":\"EntryPoint\",\"urlTemplate\":\"https:\\\/\\\/steinemann-cvs.ch\\\/?s={search_term_string}\"},\"query-input\":{\"@type\":\"PropertyValueSpecification\",\"valueRequired\":true,\"valueName\":\"search_term_string\"}}],\"inLanguage\":\"fr-FR\"},{\"@type\":\"Organization\",\"@id\":\"https:\\\/\\\/steinemann-cvs.ch\\\/#organization\",\"name\":\"Steinemann Central Vacuum Systems\",\"alternateName\":\"Steinemann CVS\",\"url\":\"https:\\\/\\\/steinemann-cvs.ch\\\/\",\"logo\":{\"@type\":\"ImageObject\",\"inLanguage\":\"fr-FR\",\"@id\":\"https:\\\/\\\/steinemann-cvs.ch\\\/#\\\/schema\\\/logo\\\/image\\\/\",\"url\":\"https:\\\/\\\/steinemann-cvs.ch\\\/wp-content\\\/uploads\\\/2025\\\/12\\\/CH_Steinemann_CSV_120_CMYK_POS.png\",\"contentUrl\":\"https:\\\/\\\/steinemann-cvs.ch\\\/wp-content\\\/uploads\\\/2025\\\/12\\\/CH_Steinemann_CSV_120_CMYK_POS.png\",\"width\":674,\"height\":114,\"caption\":\"Steinemann Central Vacuum Systems\"},\"image\":{\"@id\":\"https:\\\/\\\/steinemann-cvs.ch\\\/#\\\/schema\\\/logo\\\/image\\\/\"},\"sameAs\":[\"https:\\\/\\\/www.linkedin.com\\\/company\\\/steinemann-central-vacuum-systems-cvs\",\"https:\\\/\\\/www.youtube.com\\\/@steinemanncvs\"]}]}<\/script>\n<!-- \/ Yoast SEO plugin. -->","yoast_head_json":{"title":"Solutions de gestion des d\u00e9chets textiles - Steinemann CVS","description":"D\u00e9couvrez les solutions de gestion des d\u00e9chets textiles de Steinemann CVS - production plus propre, r\u00e9duction des co\u00fbts, am\u00e9lioration de l'efficacit\u00e9.","robots":{"index":"index","follow":"follow","max-snippet":"max-snippet:-1","max-image-preview":"max-image-preview:large","max-video-preview":"max-video-preview:-1"},"canonical":"https:\/\/steinemann-cvs.ch\/fr\/produits\/","og_locale":"fr_FR","og_type":"article","og_title":"Textile Waste Management Solutions \u2013 Steinemann CVS","og_description":"Discover Steinemann CVS textile waste management solutions \u2013 cleaner production, reduced costs, improved efficiency.","og_url":"https:\/\/steinemann-cvs.ch\/fr\/produits\/","og_site_name":"Steinemann CVS","article_modified_time":"2025-11-05T12:56:23+00:00","og_image":[{"url":"https:\/\/steinemann-cvs.ch\/wp-content\/uploads\/2025\/09\/Manual_Cleaning.png","type":"","width":"","height":""}],"twitter_card":"summary_large_image","twitter_misc":{"Dur\u00e9e de lecture estim\u00e9e":"3 minutes"},"schema":{"@context":"https:\/\/schema.org","@graph":[{"@type":"WebPage","@id":"https:\/\/steinemann-cvs.ch\/products\/","url":"https:\/\/steinemann-cvs.ch\/products\/","name":"Solutions de gestion des d\u00e9chets textiles - Steinemann CVS","isPartOf":{"@id":"https:\/\/steinemann-cvs.ch\/#website"},"primaryImageOfPage":{"@id":"https:\/\/steinemann-cvs.ch\/products\/#primaryimage"},"image":{"@id":"https:\/\/steinemann-cvs.ch\/products\/#primaryimage"},"thumbnailUrl":"https:\/\/steinemann-cvs.ch\/wp-content\/uploads\/2025\/09\/Manual_Cleaning.png","datePublished":"2025-09-22T12:23:44+00:00","dateModified":"2025-11-05T12:56:23+00:00","description":"D\u00e9couvrez les solutions de gestion des d\u00e9chets textiles de Steinemann CVS - production plus propre, r\u00e9duction des co\u00fbts, am\u00e9lioration de l'efficacit\u00e9.","breadcrumb":{"@id":"https:\/\/steinemann-cvs.ch\/products\/#breadcrumb"},"inLanguage":"fr-FR","potentialAction":[{"@type":"ReadAction","target":["https:\/\/steinemann-cvs.ch\/products\/"]}]},{"@type":"ImageObject","inLanguage":"fr-FR","@id":"https:\/\/steinemann-cvs.ch\/products\/#primaryimage","url":"https:\/\/steinemann-cvs.ch\/wp-content\/uploads\/2025\/09\/Manual_Cleaning.png","contentUrl":"https:\/\/steinemann-cvs.ch\/wp-content\/uploads\/2025\/09\/Manual_Cleaning.png"},{"@type":"BreadcrumbList","@id":"https:\/\/steinemann-cvs.ch\/products\/#breadcrumb","itemListElement":[{"@type":"ListItem","position":1,"name":"Home","item":"https:\/\/steinemann-cvs.ch\/"},{"@type":"ListItem","position":2,"name":"Products"}]},{"@type":"WebSite","@id":"https:\/\/steinemann-cvs.ch\/#website","url":"https:\/\/steinemann-cvs.ch\/","name":"Syst\u00e8mes centraux d'aspiration Steinemann","description":"","publisher":{"@id":"https:\/\/steinemann-cvs.ch\/#organization"},"alternateName":"Steinemann CVS","potentialAction":[{"@type":"SearchAction","target":{"@type":"EntryPoint","urlTemplate":"https:\/\/steinemann-cvs.ch\/?s={search_term_string}"},"query-input":{"@type":"PropertyValueSpecification","valueRequired":true,"valueName":"search_term_string"}}],"inLanguage":"fr-FR"},{"@type":"Organization","@id":"https:\/\/steinemann-cvs.ch\/#organization","name":"Syst\u00e8mes centraux d'aspiration Steinemann","alternateName":"Steinemann CVS","url":"https:\/\/steinemann-cvs.ch\/","logo":{"@type":"ImageObject","inLanguage":"fr-FR","@id":"https:\/\/steinemann-cvs.ch\/#\/schema\/logo\/image\/","url":"https:\/\/steinemann-cvs.ch\/wp-content\/uploads\/2025\/12\/CH_Steinemann_CSV_120_CMYK_POS.png","contentUrl":"https:\/\/steinemann-cvs.ch\/wp-content\/uploads\/2025\/12\/CH_Steinemann_CSV_120_CMYK_POS.png","width":674,"height":114,"caption":"Steinemann Central Vacuum Systems"},"image":{"@id":"https:\/\/steinemann-cvs.ch\/#\/schema\/logo\/image\/"},"sameAs":["https:\/\/www.linkedin.com\/company\/steinemann-central-vacuum-systems-cvs","https:\/\/www.youtube.com\/@steinemanncvs"]}]}},"_links":{"self":[{"href":"https:\/\/steinemann-cvs.ch\/fr\/wp-json\/wp\/v2\/pages\/21375","targetHints":{"allow":["GET"]}}],"collection":[{"href":"https:\/\/steinemann-cvs.ch\/fr\/wp-json\/wp\/v2\/pages"}],"about":[{"href":"https:\/\/steinemann-cvs.ch\/fr\/wp-json\/wp\/v2\/types\/page"}],"author":[{"embeddable":true,"href":"https:\/\/steinemann-cvs.ch\/fr\/wp-json\/wp\/v2\/users\/1"}],"replies":[{"embeddable":true,"href":"https:\/\/steinemann-cvs.ch\/fr\/wp-json\/wp\/v2\/comments?post=21375"}],"version-history":[{"count":23,"href":"https:\/\/steinemann-cvs.ch\/fr\/wp-json\/wp\/v2\/pages\/21375\/revisions"}],"predecessor-version":[{"id":21629,"href":"https:\/\/steinemann-cvs.ch\/fr\/wp-json\/wp\/v2\/pages\/21375\/revisions\/21629"}],"wp:attachment":[{"href":"https:\/\/steinemann-cvs.ch\/fr\/wp-json\/wp\/v2\/media?parent=21375"}],"curies":[{"name":"wp","href":"https:\/\/api.w.org\/{rel}","templated":true}]}}