{"id":21407,"date":"2025-09-22T12:53:18","date_gmt":"2025-09-22T12:53:18","guid":{"rendered":"https:\/\/steinemann-cvs.ch\/?page_id=21407"},"modified":"2025-11-05T12:40:36","modified_gmt":"2025-11-05T12:40:36","slug":"soluciones-de-confiteria","status":"publish","type":"page","link":"https:\/\/steinemann-cvs.ch\/es\/confection-solutions\/","title":{"rendered":"Soluciones de confiter\u00eda"},"content":{"rendered":"<div data-elementor-type=\"wp-page\" data-elementor-id=\"21407\" class=\"elementor elementor-21407\">\n\t\t\t\t\t\t\t<div class=\"elementor-element elementor-element-ea9237f e-flex e-con-boxed e-con e-parent\" data-id=\"ea9237f\" data-element_type=\"container\">\r\n\t\t\t\t\t\t\t<div class=\"e-con-inner\">\r\n\t\t\t\t\t\t<div class=\"elementor-element elementor-element-4299853 elementor-widget elementor-widget-udesign_widget_heading\" data-id=\"4299853\" data-element_type=\"widget\" data-widget_type=\"udesign_widget_heading.default\">\n\t\t\t\t\t<div class=\"title-wrapper  title-center\"><div class=\"title elementor-heading-title\">Por qu\u00e9 elegir Steinemann CVS<\/div><\/div>\t\t\t\t<\/div>\n\t\t\t\t<div class=\"elementor-element elementor-element-10930eb elementor-widget__width-initial elementor-widget-mobile__width-initial elementor-widget-tablet__width-initial elementor-widget elementor-widget-udesign_widget_heading\" data-id=\"10930eb\" data-element_type=\"widget\" data-widget_type=\"udesign_widget_heading.default\">\n\t\t\t\t\t<div class=\"title-wrapper  title-center\"><h2 class=\"title elementor-heading-title\">Soluciones de confiter\u00eda<\/h2><\/div>\t\t\t\t<\/div>\n\t\t\t\t<div class=\"elementor-element elementor-element-f6d0787 elementor-widget elementor-widget-text-editor\" data-id=\"f6d0787\" data-element_type=\"widget\" data-widget_type=\"text-editor.default\">\n\t\t\t\t\t\t\t\t\t<p data-start=\"403\" data-end=\"724\">En la producci\u00f3n de acabados textiles y acolchados, se generan importantes cantidades de residuos junto con los productos. Si no se gestionan correctamente, estos residuos pueden contaminar los productos semiacabados, interrumpir la producci\u00f3n y provocar costosos tiempos de inactividad. La manipulaci\u00f3n manual de los residuos es ineficaz y aumenta el riesgo de problemas de calidad del producto.<\/p><p data-start=\"726\" data-end=\"1054\">Con los sistemas centrales de vac\u00edo Steinemann (CVS) para soluciones de confiter\u00eda, los residuos se recogen, transportan, filtran y compactan autom\u00e1ticamente, lo que garantiza un entorno de producci\u00f3n limpio, seguro y fiable. Este proceso totalmente automatizado elimina la intervenci\u00f3n manual, minimiza el riesgo de contaminaci\u00f3n y aumenta la productividad general.<\/p><p data-start=\"1056\" data-end=\"1278\">Trabajador cosiendo textiles con el apoyo de Steinemann CVS Confection Solutions para una producci\u00f3n limpia y eficiente.<br data-start=\"1166\" data-end=\"1169\" \/>Trabajador que utiliza el sistema de aspiraci\u00f3n centralizada Steinemann en soluciones de confecci\u00f3n para la gesti\u00f3n eficaz de residuos textiles.<\/p>\t\t\t\t\t\t\t\t<\/div>\n\t\t\t\t<div class=\"elementor-element elementor-element-e5d2303 elementor-widget elementor-widget-udesign_widget_imagegallery\" data-id=\"e5d2303\" data-element_type=\"widget\" data-widget_type=\"udesign_widget_imagegallery.default\">\n\t\t\t\t<div class=\"elementor-widget-container\">\n\t\t\t\t\t\r\n<ul class=\"image-gallery use_lightbox row cols-lg-2 cols-md-2 cols-sm-1 cols-1\">\r\n\t<li class=\"\">\t\t<div class=\"image-gallery-item\">\r\n\t\t<a href=\"https:\/\/steinemann-cvs.ch\/wp-content\/uploads\/2025\/09\/Confection_Solutions.png\" aria-label=\"Galeri Gambar\" data-no-translation-aria-label=\"\"><\/a>\t\t<figure class=\"grid-item image-wrap\">\r\n\t\t\t<img fetchpriority=\"high\" decoding=\"async\" width=\"1200\" height=\"1200\" src=\"https:\/\/steinemann-cvs.ch\/wp-content\/uploads\/2025\/09\/Confection_Solutions.png\" class=\"attachment-full size-full\" alt=\"Trabajador cosiendo textiles con el apoyo de Steinemann CVS Confection Solutions para una producci\u00f3n limpia y eficiente.\" srcset=\"https:\/\/steinemann-cvs.ch\/wp-content\/uploads\/2025\/09\/Confection_Solutions.png 1200w, https:\/\/steinemann-cvs.ch\/wp-content\/uploads\/2025\/09\/Confection_Solutions-1024x1024.png 1024w, https:\/\/steinemann-cvs.ch\/wp-content\/uploads\/2025\/09\/Confection_Solutions-768x768.png 768w\" sizes=\"(max-width: 1200px) 100vw, 1200px\" \/>\t\t<\/figure>\r\n\t\t<\/div>\r\n\t\t<\/li><li class=\"\">\t\t<div class=\"image-gallery-item\">\r\n\t\t<a href=\"https:\/\/steinemann-cvs.ch\/wp-content\/uploads\/2025\/09\/Confection_Solutions_working.png\" aria-label=\"Galeri Gambar\" data-no-translation-aria-label=\"\"><\/a>\t\t<figure class=\"grid-item image-wrap\">\r\n\t\t\t<img decoding=\"async\" width=\"1200\" height=\"1200\" src=\"https:\/\/steinemann-cvs.ch\/wp-content\/uploads\/2025\/09\/Confection_Solutions_working.png\" class=\"attachment-full size-full\" alt=\"Trabajador que utiliza el sistema de aspiraci\u00f3n centralizada Steinemann en soluciones de confecci\u00f3n para la gesti\u00f3n eficaz de residuos textiles.\" srcset=\"https:\/\/steinemann-cvs.ch\/wp-content\/uploads\/2025\/09\/Confection_Solutions_working.png 1200w, https:\/\/steinemann-cvs.ch\/wp-content\/uploads\/2025\/09\/Confection_Solutions_working-1024x1024.png 1024w, https:\/\/steinemann-cvs.ch\/wp-content\/uploads\/2025\/09\/Confection_Solutions_working-768x768.png 768w\" sizes=\"(max-width: 1200px) 100vw, 1200px\" \/>\t\t<\/figure>\r\n\t\t<\/div>\r\n\t\t<\/li><\/ul>\r\n\r\n\t\t\t\t\t<\/div>\n\t\t\t\t<\/div>\n\t\t\t\t<div class=\"elementor-element elementor-element-d4c3ba8 elementor-widget elementor-widget-text-editor\" data-id=\"d4c3ba8\" data-element_type=\"widget\" data-widget_type=\"text-editor.default\">\n\t\t\t\t\t\t\t\t\t<h3 data-start=\"845\" data-end=\"876\">\u00a0<\/h3><h3 data-start=\"812\" data-end=\"842\">Resultados probados con los clientes:<\/h3><ul data-start=\"843\" data-end=\"1071\"><li data-start=\"843\" data-end=\"921\"><p data-start=\"845\" data-end=\"921\"><strong data-start=\"845\" data-end=\"878\">Hasta 16% de mayor productividad<\/strong> gracias a la reducci\u00f3n de las interrupciones de la producci\u00f3n<\/p><\/li><li data-start=\"922\" data-end=\"1008\"><p data-start=\"924\" data-end=\"1008\"><strong data-start=\"924\" data-end=\"960\">Proceso automatizado completo de residuos<\/strong>: recogida, transporte, filtrado, compactaci\u00f3n<\/p><\/li><li data-start=\"1009\" data-end=\"1071\"><p data-start=\"1011\" data-end=\"1071\"><strong data-start=\"1011\" data-end=\"1033\">Lugares de trabajo m\u00e1s limpios<\/strong> con mayor seguridad y eficacia<\/p><\/li><\/ul><h3 data-start=\"1073\" data-end=\"1097\">Ventajas del sistema:<\/h3><ul data-start=\"1098\" data-end=\"1256\"><li data-start=\"1098\" data-end=\"1148\"><p data-start=\"1100\" data-end=\"1148\">Bajo consumo de energ\u00eda y mantenimiento m\u00ednimo<\/p><\/li><li data-start=\"1149\" data-end=\"1197\"><p data-start=\"1151\" data-end=\"1197\">F\u00e1cil instalaci\u00f3n en redes de tuber\u00edas compactas<\/p><\/li><li data-start=\"1198\" data-end=\"1256\"><p data-start=\"1200\" data-end=\"1256\">Ampliable y adaptable a las necesidades del cliente en cualquier momento<\/p><\/li><\/ul><p>Adem\u00e1s, las soluciones de confecci\u00f3n CVS de Steinemann est\u00e1n dise\u00f1adas para satisfacer las crecientes exigencias de la fabricaci\u00f3n textil moderna. La configuraci\u00f3n modular del sistema permite una integraci\u00f3n perfecta tanto en las l\u00edneas de producci\u00f3n nuevas como en las ya existentes, independientemente de su escala o disposici\u00f3n. Las avanzadas unidades de control supervisan continuamente el rendimiento del sistema, garantizando una presi\u00f3n de aspiraci\u00f3n estable y la m\u00e1xima fiabilidad operativa. Esto se traduce en flujos de trabajo m\u00e1s fluidos, niveles de ruido reducidos y zonas de producci\u00f3n siempre limpias. Adem\u00e1s, la separaci\u00f3n y compactaci\u00f3n eficaces de los residuos textiles contribuyen a reducir los costes de eliminaci\u00f3n y a mejorar la reciclabilidad, lo que favorece las pr\u00e1cticas de producci\u00f3n sostenibles. Los clientes no s\u00f3lo se benefician de entornos m\u00e1s limpios, sino tambi\u00e9n de una mayor vida \u00fatil de los equipos y una mayor satisfacci\u00f3n de los empleados gracias a unos lugares de trabajo m\u00e1s seguros y ergon\u00f3micos.<\/p><p data-start=\"1378\" data-end=\"1548\">\ud83d\udc49 <a href=\"https:\/\/steinemann-cvs.ch\/es\/contacto\/\"><strong data-start=\"1381\" data-end=\"1401\">P\u00f3ngase en contacto con nosotros<\/strong><\/a> y descubra c\u00f3mo las soluciones de confecci\u00f3n de Steinemann CVS pueden aumentar su productividad, garantizar la calidad del producto y crear un entorno de trabajo m\u00e1s seguro.<\/p>\t\t\t\t\t\t\t\t<\/div>\n\t\t\t\t<div class=\"elementor-element elementor-element-65f1339 elementor-widget elementor-widget-udesign_widget_button\" data-id=\"65f1339\" data-element_type=\"widget\" data-widget_type=\"udesign_widget_button.default\">\n\t\t\t\t\t<a class=\"btn btn-md btn-primary btn-icon btn-icon-left\" href=\"https:\/\/steinemann-cvs.ch\/es\/productos\/\" ><i class=\"fas fa-arrow-left\"><\/i><span >Volver atr\u00e1s<\/span><\/a>\t\t\t\t<\/div>\n\t\t\t\t<div class=\"elementor-element elementor-element-02b5feb elementor-widget elementor-widget-spacer\" data-id=\"02b5feb\" data-element_type=\"widget\" data-widget_type=\"spacer.default\">\n\t\t\t\t\t\t\t<div class=\"elementor-spacer\">\n\t\t\t<div class=\"elementor-spacer-inner\"><\/div>\n\t\t<\/div>\n\t\t\t\t\t\t<\/div>\n\t\t\t\t\t\t<\/div>\r\n\t\t\t\t\r\n\t\t\t<\/div>\r\n\t\t\t\t\t\t<div class=\"elementor-element elementor-element-f400ee2 e-flex e-con-boxed e-con e-parent\" data-id=\"f400ee2\" data-element_type=\"container\">\r\n\t\t\t\t\t\t\t<div class=\"e-con-inner\">\r\n\t\t\t\t\t\t<div class=\"elementor-element elementor-element-016410d elementor-widget elementor-widget-udesign_widget_heading\" data-id=\"016410d\" data-element_type=\"widget\" data-widget_type=\"udesign_widget_heading.default\">\n\t\t\t\t\t<div class=\"title-wrapper  title-center\"><div class=\"title elementor-heading-title\">\u00bfTiene alguna pregunta?<\/div><\/div>\t\t\t\t<\/div>\n\t\t\t\t<div class=\"elementor-element elementor-element-b65cc68 elementor-widget__width-initial elementor-widget-mobile__width-initial elementor-widget-tablet__width-initial elementor-widget elementor-widget-udesign_widget_heading\" data-id=\"b65cc68\" data-element_type=\"widget\" data-widget_type=\"udesign_widget_heading.default\">\n\t\t\t\t\t<div class=\"title-wrapper  title-center\"><h2 class=\"title elementor-heading-title\">Estamos aqu\u00ed para ayudarle.<\/h2><\/div>\t\t\t\t<\/div>\n\t\t\t\t<div class=\"elementor-element elementor-element-2b2a434 elementor-widget elementor-widget-udesign_widget_contact_form\" data-id=\"2b2a434\" data-element_type=\"widget\" data-widget_type=\"udesign_widget_contact_form.default\">\n\t\t\t\t\t\n<div class=\"wpcf7 no-js\" id=\"wpcf7-f282-o1\" lang=\"en-US\" dir=\"ltr\" data-wpcf7-id=\"282\">\n<div class=\"screen-reader-response\"><p role=\"status\" aria-live=\"polite\" aria-atomic=\"true\"><\/p> <ul><\/ul><\/div>\n<form action=\"\/es\/wp-json\/wp\/v2\/pages\/21407#wpcf7-f282-o1\" method=\"post\" class=\"wpcf7-form init\" aria-label=\"Contact form\" novalidate=\"novalidate\" data-status=\"init\" data-trp-original-action=\"\/es\/wp-json\/wp\/v2\/pages\/21407#wpcf7-f282-o1\">\n<fieldset class=\"hidden-fields-container\"><input type=\"hidden\" name=\"_wpcf7\" value=\"282\" \/><input type=\"hidden\" name=\"_wpcf7_version\" value=\"6.1.5\" \/><input type=\"hidden\" name=\"_wpcf7_locale\" value=\"en_US\" \/><input type=\"hidden\" name=\"_wpcf7_unit_tag\" value=\"wpcf7-f282-o1\" \/><input type=\"hidden\" name=\"_wpcf7_container_post\" value=\"0\" \/><input type=\"hidden\" name=\"_wpcf7_posted_data_hash\" value=\"\" \/>\n<\/fieldset>\n<p><span class=\"wpcf7-form-control-wrap\" data-name=\"text-157\"><input size=\"40\" maxlength=\"400\" class=\"wpcf7-form-control wpcf7-text wpcf7-validates-as-required\" aria-required=\"true\" aria-invalid=\"false\" placeholder=\"Su nombre\" value=\"\" type=\"text\" name=\"text-157\" \/><\/span>\n<\/p>\n<p><span class=\"wpcf7-form-control-wrap\" data-name=\"email-668\"><input size=\"40\" maxlength=\"400\" class=\"wpcf7-form-control wpcf7-email wpcf7-validates-as-required wpcf7-text wpcf7-validates-as-email\" aria-required=\"true\" aria-invalid=\"false\" placeholder=\"Su direcci\u00f3n de correo electr\u00f3nico\" value=\"\" type=\"email\" name=\"email-668\" \/><\/span>\n<\/p>\n<p class=\"mb-6\"><span class=\"wpcf7-form-control-wrap\" data-name=\"textarea-883\"><textarea cols=\"40\" rows=\"10\" maxlength=\"2000\" class=\"wpcf7-form-control wpcf7-textarea\" aria-invalid=\"false\" placeholder=\"Su mensaje\" name=\"textarea-883\"><\/textarea><\/span>\n<\/p>\n<p><button type=\"submit\" class=\"btn\">Enviar mensaje<i class=\"a-icon-long-arrow-right\"><\/i><\/button>\n<\/p><div class=\"wpcf7-response-output\" aria-hidden=\"true\"><\/div>\n<input type=\"hidden\" name=\"trp-form-language\" value=\"es\"\/><\/form>\n<\/div>\n\t\t\t\t<\/div>\n\t\t\t\t\t\t<\/div>\r\n\t\t\t\t\r\n\t\t\t<\/div>\r\n\t\t\t\t\t\t<div class=\"elementor-element elementor-element-9ef5a6b e-flex e-con-boxed e-con e-parent\" data-id=\"9ef5a6b\" data-element_type=\"container\">\r\n\t\t\t\t\t\t\t<div class=\"e-con-inner\">\r\n\t\t\t\t\t\t\t\t<\/div>\r\n\t\t\t\t\r\n\t\t\t<\/div>\r\n\t\t\t\t\t<\/div>","protected":false},"excerpt":{"rendered":"<p>Why Choose Steinemann CVS Confection solutions In textile finishing and quilting production, significant amounts of waste are generated alongside products. If not managed correctly, this waste can contaminate semi-finished goods, disrupt production, and lead to costly downtime. Manual handling of waste is inefficient and increases the risk of product quality issues. With Steinemann Central Vacuum [&hellip;]<\/p>\n","protected":false},"author":1,"featured_media":0,"parent":0,"menu_order":0,"comment_status":"closed","ping_status":"closed","template":"","meta":{"footnotes":""},"class_list":["post-21407","page","type-page","status-publish","hentry"],"yoast_head":"<!-- This site is optimized with the Yoast SEO plugin v27.4 - https:\/\/yoast.com\/product\/yoast-seo-wordpress\/ -->\n<title>Confection waste management \u2013 Automated for Textile Finishing<\/title>\n<meta name=\"description\" content=\"Steinemann CVS confection solutions: automated waste management for textile finishing. Cleaner production, less contamination, higher output.\" \/>\n<meta name=\"robots\" content=\"index, follow, max-snippet:-1, max-image-preview:large, max-video-preview:-1\" \/>\n<link rel=\"canonical\" href=\"https:\/\/steinemann-cvs.ch\/es\/soluciones-de-confiteria\/\" \/>\n<meta property=\"og:locale\" content=\"es_ES\" \/>\n<meta property=\"og:type\" content=\"article\" \/>\n<meta property=\"og:title\" content=\"Confection waste management \u2013 Automated for Textile Finishing\" \/>\n<meta property=\"og:description\" content=\"Steinemann CVS confection solutions: automated waste management for textile finishing. Cleaner production, less contamination, higher output.\" \/>\n<meta property=\"og:url\" content=\"https:\/\/steinemann-cvs.ch\/es\/soluciones-de-confiteria\/\" \/>\n<meta property=\"og:site_name\" content=\"Steinemann CVS\" \/>\n<meta property=\"article:modified_time\" content=\"2025-11-05T12:40:36+00:00\" \/>\n<meta property=\"og:image\" content=\"https:\/\/steinemann-cvs.ch\/wp-content\/uploads\/2025\/09\/Confection_Solutions.png\" \/>\n<meta name=\"twitter:card\" content=\"summary_large_image\" \/>\n<meta name=\"twitter:label1\" content=\"Tiempo de lectura\" \/>\n\t<meta name=\"twitter:data1\" content=\"2 minutos\" \/>\n<script type=\"application\/ld+json\" class=\"yoast-schema-graph\">{\"@context\":\"https:\\\/\\\/schema.org\",\"@graph\":[{\"@type\":\"WebPage\",\"@id\":\"https:\\\/\\\/steinemann-cvs.ch\\\/confection-solutions\\\/\",\"url\":\"https:\\\/\\\/steinemann-cvs.ch\\\/confection-solutions\\\/\",\"name\":\"Confection waste management \u2013 Automated for Textile Finishing\",\"isPartOf\":{\"@id\":\"https:\\\/\\\/steinemann-cvs.ch\\\/#website\"},\"primaryImageOfPage\":{\"@id\":\"https:\\\/\\\/steinemann-cvs.ch\\\/confection-solutions\\\/#primaryimage\"},\"image\":{\"@id\":\"https:\\\/\\\/steinemann-cvs.ch\\\/confection-solutions\\\/#primaryimage\"},\"thumbnailUrl\":\"https:\\\/\\\/steinemann-cvs.ch\\\/wp-content\\\/uploads\\\/2025\\\/09\\\/Confection_Solutions.png\",\"datePublished\":\"2025-09-22T12:53:18+00:00\",\"dateModified\":\"2025-11-05T12:40:36+00:00\",\"description\":\"Steinemann CVS confection solutions: automated waste management for textile finishing. Cleaner production, less contamination, higher output.\",\"breadcrumb\":{\"@id\":\"https:\\\/\\\/steinemann-cvs.ch\\\/confection-solutions\\\/#breadcrumb\"},\"inLanguage\":\"es\",\"potentialAction\":[{\"@type\":\"ReadAction\",\"target\":[\"https:\\\/\\\/steinemann-cvs.ch\\\/confection-solutions\\\/\"]}]},{\"@type\":\"ImageObject\",\"inLanguage\":\"es\",\"@id\":\"https:\\\/\\\/steinemann-cvs.ch\\\/confection-solutions\\\/#primaryimage\",\"url\":\"https:\\\/\\\/steinemann-cvs.ch\\\/wp-content\\\/uploads\\\/2025\\\/09\\\/Confection_Solutions.png\",\"contentUrl\":\"https:\\\/\\\/steinemann-cvs.ch\\\/wp-content\\\/uploads\\\/2025\\\/09\\\/Confection_Solutions.png\"},{\"@type\":\"BreadcrumbList\",\"@id\":\"https:\\\/\\\/steinemann-cvs.ch\\\/confection-solutions\\\/#breadcrumb\",\"itemListElement\":[{\"@type\":\"ListItem\",\"position\":1,\"name\":\"Home\",\"item\":\"https:\\\/\\\/steinemann-cvs.ch\\\/\"},{\"@type\":\"ListItem\",\"position\":2,\"name\":\"Confection solutions\"}]},{\"@type\":\"WebSite\",\"@id\":\"https:\\\/\\\/steinemann-cvs.ch\\\/#website\",\"url\":\"https:\\\/\\\/steinemann-cvs.ch\\\/\",\"name\":\"Steinemann Central Vacuum Systems\",\"description\":\"\",\"publisher\":{\"@id\":\"https:\\\/\\\/steinemann-cvs.ch\\\/#organization\"},\"alternateName\":\"Steinemann CVS\",\"potentialAction\":[{\"@type\":\"SearchAction\",\"target\":{\"@type\":\"EntryPoint\",\"urlTemplate\":\"https:\\\/\\\/steinemann-cvs.ch\\\/?s={search_term_string}\"},\"query-input\":{\"@type\":\"PropertyValueSpecification\",\"valueRequired\":true,\"valueName\":\"search_term_string\"}}],\"inLanguage\":\"es\"},{\"@type\":\"Organization\",\"@id\":\"https:\\\/\\\/steinemann-cvs.ch\\\/#organization\",\"name\":\"Steinemann Central Vacuum Systems\",\"alternateName\":\"Steinemann CVS\",\"url\":\"https:\\\/\\\/steinemann-cvs.ch\\\/\",\"logo\":{\"@type\":\"ImageObject\",\"inLanguage\":\"es\",\"@id\":\"https:\\\/\\\/steinemann-cvs.ch\\\/#\\\/schema\\\/logo\\\/image\\\/\",\"url\":\"https:\\\/\\\/steinemann-cvs.ch\\\/wp-content\\\/uploads\\\/2025\\\/12\\\/CH_Steinemann_CSV_120_CMYK_POS.png\",\"contentUrl\":\"https:\\\/\\\/steinemann-cvs.ch\\\/wp-content\\\/uploads\\\/2025\\\/12\\\/CH_Steinemann_CSV_120_CMYK_POS.png\",\"width\":674,\"height\":114,\"caption\":\"Steinemann Central Vacuum Systems\"},\"image\":{\"@id\":\"https:\\\/\\\/steinemann-cvs.ch\\\/#\\\/schema\\\/logo\\\/image\\\/\"},\"sameAs\":[\"https:\\\/\\\/www.linkedin.com\\\/company\\\/steinemann-central-vacuum-systems-cvs\",\"https:\\\/\\\/www.youtube.com\\\/@steinemanncvs\"]}]}<\/script>\n<!-- \/ Yoast SEO plugin. -->","yoast_head_json":{"title":"Gesti\u00f3n de residuos de confecci\u00f3n - Automatizaci\u00f3n del acabado textil","description":"Soluciones de confecci\u00f3n Steinemann CVS: gesti\u00f3n automatizada de residuos para el acabado textil. Producci\u00f3n m\u00e1s limpia, menos contaminaci\u00f3n, mayor rendimiento.","robots":{"index":"index","follow":"follow","max-snippet":"max-snippet:-1","max-image-preview":"max-image-preview:large","max-video-preview":"max-video-preview:-1"},"canonical":"https:\/\/steinemann-cvs.ch\/es\/soluciones-de-confiteria\/","og_locale":"es_ES","og_type":"article","og_title":"Confection waste management \u2013 Automated for Textile Finishing","og_description":"Steinemann CVS confection solutions: automated waste management for textile finishing. Cleaner production, less contamination, higher output.","og_url":"https:\/\/steinemann-cvs.ch\/es\/soluciones-de-confiteria\/","og_site_name":"Steinemann CVS","article_modified_time":"2025-11-05T12:40:36+00:00","og_image":[{"url":"https:\/\/steinemann-cvs.ch\/wp-content\/uploads\/2025\/09\/Confection_Solutions.png","type":"","width":"","height":""}],"twitter_card":"summary_large_image","twitter_misc":{"Tiempo de lectura":"2 minutos"},"schema":{"@context":"https:\/\/schema.org","@graph":[{"@type":"WebPage","@id":"https:\/\/steinemann-cvs.ch\/confection-solutions\/","url":"https:\/\/steinemann-cvs.ch\/confection-solutions\/","name":"Gesti\u00f3n de residuos de confecci\u00f3n - Automatizaci\u00f3n del acabado textil","isPartOf":{"@id":"https:\/\/steinemann-cvs.ch\/#website"},"primaryImageOfPage":{"@id":"https:\/\/steinemann-cvs.ch\/confection-solutions\/#primaryimage"},"image":{"@id":"https:\/\/steinemann-cvs.ch\/confection-solutions\/#primaryimage"},"thumbnailUrl":"https:\/\/steinemann-cvs.ch\/wp-content\/uploads\/2025\/09\/Confection_Solutions.png","datePublished":"2025-09-22T12:53:18+00:00","dateModified":"2025-11-05T12:40:36+00:00","description":"Soluciones de confecci\u00f3n Steinemann CVS: gesti\u00f3n automatizada de residuos para el acabado textil. Producci\u00f3n m\u00e1s limpia, menos contaminaci\u00f3n, mayor rendimiento.","breadcrumb":{"@id":"https:\/\/steinemann-cvs.ch\/confection-solutions\/#breadcrumb"},"inLanguage":"es","potentialAction":[{"@type":"ReadAction","target":["https:\/\/steinemann-cvs.ch\/confection-solutions\/"]}]},{"@type":"ImageObject","inLanguage":"es","@id":"https:\/\/steinemann-cvs.ch\/confection-solutions\/#primaryimage","url":"https:\/\/steinemann-cvs.ch\/wp-content\/uploads\/2025\/09\/Confection_Solutions.png","contentUrl":"https:\/\/steinemann-cvs.ch\/wp-content\/uploads\/2025\/09\/Confection_Solutions.png"},{"@type":"BreadcrumbList","@id":"https:\/\/steinemann-cvs.ch\/confection-solutions\/#breadcrumb","itemListElement":[{"@type":"ListItem","position":1,"name":"Home","item":"https:\/\/steinemann-cvs.ch\/"},{"@type":"ListItem","position":2,"name":"Confection solutions"}]},{"@type":"WebSite","@id":"https:\/\/steinemann-cvs.ch\/#website","url":"https:\/\/steinemann-cvs.ch\/","name":"Sistemas de aspiraci\u00f3n centralizada Steinemann","description":"","publisher":{"@id":"https:\/\/steinemann-cvs.ch\/#organization"},"alternateName":"Steinemann CVS","potentialAction":[{"@type":"SearchAction","target":{"@type":"EntryPoint","urlTemplate":"https:\/\/steinemann-cvs.ch\/?s={search_term_string}"},"query-input":{"@type":"PropertyValueSpecification","valueRequired":true,"valueName":"search_term_string"}}],"inLanguage":"es"},{"@type":"Organization","@id":"https:\/\/steinemann-cvs.ch\/#organization","name":"Sistemas de aspiraci\u00f3n centralizada Steinemann","alternateName":"Steinemann CVS","url":"https:\/\/steinemann-cvs.ch\/","logo":{"@type":"ImageObject","inLanguage":"es","@id":"https:\/\/steinemann-cvs.ch\/#\/schema\/logo\/image\/","url":"https:\/\/steinemann-cvs.ch\/wp-content\/uploads\/2025\/12\/CH_Steinemann_CSV_120_CMYK_POS.png","contentUrl":"https:\/\/steinemann-cvs.ch\/wp-content\/uploads\/2025\/12\/CH_Steinemann_CSV_120_CMYK_POS.png","width":674,"height":114,"caption":"Steinemann Central Vacuum Systems"},"image":{"@id":"https:\/\/steinemann-cvs.ch\/#\/schema\/logo\/image\/"},"sameAs":["https:\/\/www.linkedin.com\/company\/steinemann-central-vacuum-systems-cvs","https:\/\/www.youtube.com\/@steinemanncvs"]}]}},"_links":{"self":[{"href":"https:\/\/steinemann-cvs.ch\/es\/wp-json\/wp\/v2\/pages\/21407","targetHints":{"allow":["GET"]}}],"collection":[{"href":"https:\/\/steinemann-cvs.ch\/es\/wp-json\/wp\/v2\/pages"}],"about":[{"href":"https:\/\/steinemann-cvs.ch\/es\/wp-json\/wp\/v2\/types\/page"}],"author":[{"embeddable":true,"href":"https:\/\/steinemann-cvs.ch\/es\/wp-json\/wp\/v2\/users\/1"}],"replies":[{"embeddable":true,"href":"https:\/\/steinemann-cvs.ch\/es\/wp-json\/wp\/v2\/comments?post=21407"}],"version-history":[{"count":8,"href":"https:\/\/steinemann-cvs.ch\/es\/wp-json\/wp\/v2\/pages\/21407\/revisions"}],"predecessor-version":[{"id":21622,"href":"https:\/\/steinemann-cvs.ch\/es\/wp-json\/wp\/v2\/pages\/21407\/revisions\/21622"}],"wp:attachment":[{"href":"https:\/\/steinemann-cvs.ch\/es\/wp-json\/wp\/v2\/media?parent=21407"}],"curies":[{"name":"wp","href":"https:\/\/api.w.org\/{rel}","templated":true}]}}