{"id":21390,"date":"2025-09-22T12:40:54","date_gmt":"2025-09-22T12:40:54","guid":{"rendered":"https:\/\/steinemann-cvs.ch\/?page_id=21390"},"modified":"2025-11-05T12:44:55","modified_gmt":"2025-11-05T12:44:55","slug":"limpieza-manual","status":"publish","type":"page","link":"https:\/\/steinemann-cvs.ch\/es\/manual-cleaning\/","title":{"rendered":"Limpieza manual"},"content":{"rendered":"<div data-elementor-type=\"wp-page\" data-elementor-id=\"21390\" class=\"elementor elementor-21390\">\n\t\t\t\t\t\t\t<div class=\"elementor-element elementor-element-ea9237f e-flex e-con-boxed e-con e-parent\" data-id=\"ea9237f\" data-element_type=\"container\">\r\n\t\t\t\t\t\t\t<div class=\"e-con-inner\">\r\n\t\t\t\t\t\t<div class=\"elementor-element elementor-element-4299853 elementor-widget elementor-widget-udesign_widget_heading\" data-id=\"4299853\" data-element_type=\"widget\" data-widget_type=\"udesign_widget_heading.default\">\n\t\t\t\t\t<div class=\"title-wrapper  title-center\"><div class=\"title elementor-heading-title\">Por qu\u00e9 elegir Steinemann CVS<\/div><\/div>\t\t\t\t<\/div>\n\t\t\t\t<div class=\"elementor-element elementor-element-10930eb elementor-widget__width-initial elementor-widget-mobile__width-initial elementor-widget-tablet__width-initial elementor-widget elementor-widget-udesign_widget_heading\" data-id=\"10930eb\" data-element_type=\"widget\" data-widget_type=\"udesign_widget_heading.default\">\n\t\t\t\t\t<div class=\"title-wrapper  title-center\"><h2 class=\"title elementor-heading-title\">Limpieza manual<\/h2><\/div>\t\t\t\t<\/div>\n\t\t\t\t<div class=\"elementor-element elementor-element-f6d0787 elementor-widget elementor-widget-text-editor\" data-id=\"f6d0787\" data-element_type=\"widget\" data-widget_type=\"text-editor.default\">\n\t\t\t\t\t\t\t\t\t<p data-start=\"360\" data-end=\"604\">Incluso con aire acondicionado moderno y unidades de limpieza adicionales, las m\u00e1quinas de producci\u00f3n textil acumulan r\u00e1pidamente polvo, pelusas y residuos de fibras. La limpieza manual peri\u00f3dica es esencial para mantener la calidad del producto, la productividad y la eficiencia de la m\u00e1quina.<\/p><p data-start=\"606\" data-end=\"881\">Depender de la costosa limpieza con aire comprimido no es una alternativa sostenible. S\u00f3lo traslada los residuos de un lugar a otro, aumentando los riesgos de contaminaci\u00f3n y los costes de mantenimiento. La soluci\u00f3n eficaz, segura y econ\u00f3mica es un sistema de aspiraci\u00f3n centralizada de Steinemann CVS.<\/p><p data-start=\"883\" data-end=\"1227\">Trabajador realizando la limpieza manual de la m\u00e1quina textil con el sistema de aspiraci\u00f3n centralizada Steinemann para la eliminaci\u00f3n de fibras y polvo.<br data-start=\"1001\" data-end=\"1004\" \/>Primer plano de una soluci\u00f3n de limpieza manual en una hilander\u00eda que elimina el polvo y las fibras de la maquinaria textil con una boquilla de aspiraci\u00f3n.<br data-start=\"1125\" data-end=\"1128\" \/>Sistema de puntos de barrido Steinemann CVS para la eliminaci\u00f3n automatizada de residuos de fibras e hilos en f\u00e1bricas textiles.<\/p>\t\t\t\t\t\t\t\t<\/div>\n\t\t\t\t<div class=\"elementor-element elementor-element-e5d2303 elementor-widget elementor-widget-udesign_widget_imagegallery\" data-id=\"e5d2303\" data-element_type=\"widget\" data-widget_type=\"udesign_widget_imagegallery.default\">\n\t\t\t\t<div class=\"elementor-widget-container\">\n\t\t\t\t\t\r\n<ul class=\"image-gallery use_lightbox row cols-lg-3 cols-md-3 cols-sm-2 cols-2\">\r\n\t<li class=\"\">\t\t<div class=\"image-gallery-item\">\r\n\t\t<a href=\"https:\/\/steinemann-cvs.ch\/wp-content\/uploads\/2025\/09\/Manual_Cleaning.png\" aria-label=\"\u0645\u0639\u0631\u0636 \u0627\u0644\u0635\u0648\u0631\" data-no-translation-aria-label=\"\"><\/a>\t\t<figure class=\"grid-item image-wrap\">\r\n\t\t\t<img fetchpriority=\"high\" decoding=\"async\" width=\"1200\" height=\"1200\" src=\"https:\/\/steinemann-cvs.ch\/wp-content\/uploads\/2025\/09\/Manual_Cleaning.png\" class=\"attachment-full size-full\" alt=\"Trabajador realizando la limpieza manual de la m\u00e1quina textil con el sistema de aspiraci\u00f3n centralizada Steinemann para la eliminaci\u00f3n de fibras y polvo.\" srcset=\"https:\/\/steinemann-cvs.ch\/wp-content\/uploads\/2025\/09\/Manual_Cleaning.png 1200w, https:\/\/steinemann-cvs.ch\/wp-content\/uploads\/2025\/09\/Manual_Cleaning-1024x1024.png 1024w, https:\/\/steinemann-cvs.ch\/wp-content\/uploads\/2025\/09\/Manual_Cleaning-768x768.png 768w\" sizes=\"(max-width: 1200px) 100vw, 1200px\" \/>\t\t<\/figure>\r\n\t\t<\/div>\r\n\t\t<\/li><li class=\"\">\t\t<div class=\"image-gallery-item\">\r\n\t\t<a href=\"https:\/\/steinemann-cvs.ch\/wp-content\/uploads\/2025\/09\/manual_cleaning_solution_in_Spinning.png\" aria-label=\"\u0645\u0639\u0631\u0636 \u0627\u0644\u0635\u0648\u0631\" data-no-translation-aria-label=\"\"><\/a>\t\t<figure class=\"grid-item image-wrap\">\r\n\t\t\t<img decoding=\"async\" width=\"961\" height=\"961\" src=\"https:\/\/steinemann-cvs.ch\/wp-content\/uploads\/2025\/09\/manual_cleaning_solution_in_Spinning.png\" class=\"attachment-full size-full\" alt=\"Primer plano de una soluci\u00f3n de limpieza manual en una hilander\u00eda que elimina el polvo y las fibras de la maquinaria textil con una boquilla de aspiraci\u00f3n.\" srcset=\"https:\/\/steinemann-cvs.ch\/wp-content\/uploads\/2025\/09\/manual_cleaning_solution_in_Spinning.png 961w, https:\/\/steinemann-cvs.ch\/wp-content\/uploads\/2025\/09\/manual_cleaning_solution_in_Spinning-768x768.png 768w\" sizes=\"(max-width: 961px) 100vw, 961px\" \/>\t\t<\/figure>\r\n\t\t<\/div>\r\n\t\t<\/li><li class=\"\">\t\t<div class=\"image-gallery-item\">\r\n\t\t<a href=\"https:\/\/steinemann-cvs.ch\/wp-content\/uploads\/2025\/09\/Sweeping-Point.png\" aria-label=\"\u0645\u0639\u0631\u0636 \u0627\u0644\u0635\u0648\u0631\" data-no-translation-aria-label=\"\"><\/a>\t\t<figure class=\"grid-item image-wrap\">\r\n\t\t\t<img decoding=\"async\" width=\"1200\" height=\"1200\" src=\"https:\/\/steinemann-cvs.ch\/wp-content\/uploads\/2025\/09\/Sweeping-Point.png\" class=\"attachment-full size-full\" alt=\"Sistema de puntos de barrido Steinemann CVS para la eliminaci\u00f3n automatizada de residuos de fibras e hilos en f\u00e1bricas textiles.\" srcset=\"https:\/\/steinemann-cvs.ch\/wp-content\/uploads\/2025\/09\/Sweeping-Point.png 1200w, https:\/\/steinemann-cvs.ch\/wp-content\/uploads\/2025\/09\/Sweeping-Point-1024x1024.png 1024w, https:\/\/steinemann-cvs.ch\/wp-content\/uploads\/2025\/09\/Sweeping-Point-768x768.png 768w\" sizes=\"(max-width: 1200px) 100vw, 1200px\" \/>\t\t<\/figure>\r\n\t\t<\/div>\r\n\t\t<\/li><\/ul>\r\n\r\n\t\t\t\t\t<\/div>\n\t\t\t\t<\/div>\n\t\t\t\t<div class=\"elementor-element elementor-element-d4c3ba8 elementor-widget elementor-widget-text-editor\" data-id=\"d4c3ba8\" data-element_type=\"widget\" data-widget_type=\"text-editor.default\">\n\t\t\t\t\t\t\t\t\t<h3 data-start=\"845\" data-end=\"876\">\u00a0<\/h3><h3 data-start=\"845\" data-end=\"876\">Beneficios probados para el cliente:<\/h3><ul data-start=\"877\" data-end=\"1073\"><li data-start=\"877\" data-end=\"910\"><p data-start=\"879\" data-end=\"910\"><strong data-start=\"879\" data-end=\"908\">+3-5% mayor productividad<\/strong><\/p><\/li><li data-start=\"911\" data-end=\"943\"><p data-start=\"913\" data-end=\"943\"><strong data-start=\"913\" data-end=\"941\">Menor consumo de energ\u00eda<\/strong><\/p><\/li><li data-start=\"944\" data-end=\"995\"><p data-start=\"946\" data-end=\"995\"><strong data-start=\"946\" data-end=\"993\">Reducci\u00f3n de las paradas de producci\u00f3n y el mantenimiento<\/strong><\/p><\/li><li data-start=\"996\" data-end=\"1032\"><p data-start=\"998\" data-end=\"1032\"><strong data-start=\"998\" data-end=\"1030\">Mayor vida \u00fatil de las piezas de repuesto<\/strong><\/p><\/li><li data-start=\"1033\" data-end=\"1073\"><p data-start=\"1035\" data-end=\"1073\"><strong data-start=\"1035\" data-end=\"1071\">Mejora de la calidad general del producto<\/strong><\/p><\/li><\/ul><h3 data-start=\"1075\" data-end=\"1099\">\u00a0<\/h3><h3 data-start=\"1075\" data-end=\"1099\">Ventajas del sistema:<\/h3><ul data-start=\"1100\" data-end=\"1376\"><li data-start=\"1100\" data-end=\"1140\"><p data-start=\"1102\" data-end=\"1140\">F\u00e1cil manejo y funcionamiento fiable<\/p><\/li><li data-start=\"1141\" data-end=\"1185\"><p data-start=\"1143\" data-end=\"1185\">Gran capacidad de filtrado para un uso continuo<\/p><\/li><li data-start=\"1186\" data-end=\"1212\"><p data-start=\"1188\" data-end=\"1212\">Bajo consumo de energ\u00eda<\/p><\/li><li data-start=\"1213\" data-end=\"1249\"><p data-start=\"1215\" data-end=\"1249\">Mantenimiento m\u00ednimo<\/p><\/li><li data-start=\"1250\" data-end=\"1284\"><p data-start=\"1252\" data-end=\"1284\">Rendimiento de limpieza optimizado<\/p><\/li><li data-start=\"1285\" data-end=\"1335\"><p data-start=\"1287\" data-end=\"1335\">Instalaci\u00f3n sencilla en redes de tuber\u00edas compactas<\/p><\/li><li data-start=\"1336\" data-end=\"1376\"><p data-start=\"1338\" data-end=\"1376\">Ampliable y adaptable en cualquier momento<\/p><\/li><\/ul><p>Adem\u00e1s, los sistemas de limpieza manual CVS de Steinemann est\u00e1n dise\u00f1ados para ofrecer un rendimiento constante incluso en los entornos de producci\u00f3n m\u00e1s exigentes. Su gran potencia de aspiraci\u00f3n y su robusta construcci\u00f3n permiten a los operarios eliminar eficazmente el polvo y las fibras de m\u00e1quinas, suelos y zonas de dif\u00edcil acceso sin interrumpir el flujo de producci\u00f3n. Las herramientas de limpieza de dise\u00f1o ergon\u00f3mico garantizan la comodidad y la eficacia durante largos turnos de trabajo. La configuraci\u00f3n modular del sistema permite una ampliaci\u00f3n flexible, ya sea para puestos de trabajo individuales o para naves de producci\u00f3n completas. Al reducir las fibras suspendidas en el aire y la acumulaci\u00f3n de polvo, se mejora la calidad del aire, lo que contribuye a un lugar de trabajo m\u00e1s saludable y seguro. Adem\u00e1s, menos contaminaci\u00f3n significa menos defectos, productos acabados m\u00e1s limpios y una mayor vida \u00fatil de los componentes y sensores sensibles. Con Steinemann CVS, la limpieza manual es m\u00e1s r\u00e1pida, segura y sostenible, una inversi\u00f3n inteligente en eficiencia productiva a largo plazo.<\/p><p data-start=\"1378\" data-end=\"1548\">\ud83d\udc49 <a href=\"https:\/\/steinemann-cvs.ch\/es\/contacto\/\"><strong data-start=\"1381\" data-end=\"1401\">P\u00f3ngase en contacto con nosotros<\/strong><\/a> para hablar de sus necesidades. Una soluci\u00f3n CVS de Steinemann puede optimizar su producci\u00f3n y mantener su f\u00e1brica limpia, eficiente y rentable.<\/p>\t\t\t\t\t\t\t\t<\/div>\n\t\t\t\t<div class=\"elementor-element elementor-element-65f1339 elementor-widget elementor-widget-udesign_widget_button\" data-id=\"65f1339\" data-element_type=\"widget\" data-widget_type=\"udesign_widget_button.default\">\n\t\t\t\t\t<a class=\"btn btn-md btn-primary btn-icon btn-icon-left\" href=\"https:\/\/steinemann-cvs.ch\/es\/productos\/\" ><i class=\"fas fa-arrow-left\"><\/i><span >Volver atr\u00e1s<\/span><\/a>\t\t\t\t<\/div>\n\t\t\t\t<div class=\"elementor-element elementor-element-02b5feb elementor-widget elementor-widget-spacer\" data-id=\"02b5feb\" data-element_type=\"widget\" data-widget_type=\"spacer.default\">\n\t\t\t\t\t\t\t<div class=\"elementor-spacer\">\n\t\t\t<div class=\"elementor-spacer-inner\"><\/div>\n\t\t<\/div>\n\t\t\t\t\t\t<\/div>\n\t\t\t\t\t\t<\/div>\r\n\t\t\t\t\r\n\t\t\t<\/div>\r\n\t\t\t\t\t\t<div class=\"elementor-element elementor-element-f400ee2 e-flex e-con-boxed e-con e-parent\" data-id=\"f400ee2\" data-element_type=\"container\">\r\n\t\t\t\t\t\t\t<div class=\"e-con-inner\">\r\n\t\t\t\t\t\t<div class=\"elementor-element elementor-element-016410d elementor-widget elementor-widget-udesign_widget_heading\" data-id=\"016410d\" data-element_type=\"widget\" data-widget_type=\"udesign_widget_heading.default\">\n\t\t\t\t\t<div class=\"title-wrapper  title-center\"><div class=\"title elementor-heading-title\">\u00bfTiene alguna pregunta?<\/div><\/div>\t\t\t\t<\/div>\n\t\t\t\t<div class=\"elementor-element elementor-element-b65cc68 elementor-widget__width-initial elementor-widget-mobile__width-initial elementor-widget-tablet__width-initial elementor-widget elementor-widget-udesign_widget_heading\" data-id=\"b65cc68\" data-element_type=\"widget\" data-widget_type=\"udesign_widget_heading.default\">\n\t\t\t\t\t<div class=\"title-wrapper  title-center\"><h2 class=\"title elementor-heading-title\">Estamos aqu\u00ed para ayudarle.<\/h2><\/div>\t\t\t\t<\/div>\n\t\t\t\t<div class=\"elementor-element elementor-element-2b2a434 elementor-widget elementor-widget-udesign_widget_contact_form\" data-id=\"2b2a434\" data-element_type=\"widget\" data-widget_type=\"udesign_widget_contact_form.default\">\n\t\t\t\t\t\n<div class=\"wpcf7 no-js\" id=\"wpcf7-f282-o1\" lang=\"en-US\" dir=\"ltr\" data-wpcf7-id=\"282\">\n<div class=\"screen-reader-response\"><p role=\"status\" aria-live=\"polite\" aria-atomic=\"true\"><\/p> <ul><\/ul><\/div>\n<form action=\"\/es\/wp-json\/wp\/v2\/pages\/21390#wpcf7-f282-o1\" method=\"post\" class=\"wpcf7-form init\" aria-label=\"Contact form\" novalidate=\"novalidate\" data-status=\"init\" data-trp-original-action=\"\/es\/wp-json\/wp\/v2\/pages\/21390#wpcf7-f282-o1\">\n<fieldset class=\"hidden-fields-container\"><input type=\"hidden\" name=\"_wpcf7\" value=\"282\" \/><input type=\"hidden\" name=\"_wpcf7_version\" value=\"6.1.5\" \/><input type=\"hidden\" name=\"_wpcf7_locale\" value=\"en_US\" \/><input type=\"hidden\" name=\"_wpcf7_unit_tag\" value=\"wpcf7-f282-o1\" \/><input type=\"hidden\" name=\"_wpcf7_container_post\" value=\"0\" \/><input type=\"hidden\" name=\"_wpcf7_posted_data_hash\" value=\"\" \/>\n<\/fieldset>\n<p><span class=\"wpcf7-form-control-wrap\" data-name=\"text-157\"><input size=\"40\" maxlength=\"400\" class=\"wpcf7-form-control wpcf7-text wpcf7-validates-as-required\" aria-required=\"true\" aria-invalid=\"false\" placeholder=\"Su nombre\" value=\"\" type=\"text\" name=\"text-157\" \/><\/span>\n<\/p>\n<p><span class=\"wpcf7-form-control-wrap\" data-name=\"email-668\"><input size=\"40\" maxlength=\"400\" class=\"wpcf7-form-control wpcf7-email wpcf7-validates-as-required wpcf7-text wpcf7-validates-as-email\" aria-required=\"true\" aria-invalid=\"false\" placeholder=\"Su direcci\u00f3n de correo electr\u00f3nico\" value=\"\" type=\"email\" name=\"email-668\" \/><\/span>\n<\/p>\n<p class=\"mb-6\"><span class=\"wpcf7-form-control-wrap\" data-name=\"textarea-883\"><textarea cols=\"40\" rows=\"10\" maxlength=\"2000\" class=\"wpcf7-form-control wpcf7-textarea\" aria-invalid=\"false\" placeholder=\"Su mensaje\" name=\"textarea-883\"><\/textarea><\/span>\n<\/p>\n<p><button type=\"submit\" class=\"btn\">Enviar mensaje<i class=\"a-icon-long-arrow-right\"><\/i><\/button>\n<\/p><div class=\"wpcf7-response-output\" aria-hidden=\"true\"><\/div>\n<input type=\"hidden\" name=\"trp-form-language\" value=\"es\"\/><\/form>\n<\/div>\n\t\t\t\t<\/div>\n\t\t\t\t\t\t<\/div>\r\n\t\t\t\t\r\n\t\t\t<\/div>\r\n\t\t\t\t\t\t<div class=\"elementor-element elementor-element-9ef5a6b e-flex e-con-boxed e-con e-parent\" data-id=\"9ef5a6b\" data-element_type=\"container\">\r\n\t\t\t\t\t\t\t<div class=\"e-con-inner\">\r\n\t\t\t\t\t\t\t\t<\/div>\r\n\t\t\t\t\r\n\t\t\t<\/div>\r\n\t\t\t\t\t<\/div>","protected":false},"excerpt":{"rendered":"<p>Why Choose Steinemann CVS Manual cleaning Even with modern air conditioning and additional cleaning units, textile production machines quickly accumulate dust, lint, and fiber waste. Regular manual cleaning is essential to maintain product quality, productivity, and machine efficiency. Relying on expensive compressed air cleaning is not a sustainable alternative. It only shifts the waste from [&hellip;]<\/p>\n","protected":false},"author":1,"featured_media":0,"parent":0,"menu_order":0,"comment_status":"closed","ping_status":"closed","template":"","meta":{"footnotes":""},"class_list":["post-21390","page","type-page","status-publish","hentry"],"yoast_head":"<!-- This site is optimized with the Yoast SEO plugin v27.4 - https:\/\/yoast.com\/product\/yoast-seo-wordpress\/ -->\n<title>Manual Cleaning textile production | Steinemann CVS<\/title>\n<meta name=\"description\" content=\"Steinemann Central Vacuum Systems manual cleaning keeps textile mills efficient - less downtime, lower costs and cleaner production.\" \/>\n<meta name=\"robots\" content=\"index, follow, max-snippet:-1, max-image-preview:large, max-video-preview:-1\" \/>\n<link rel=\"canonical\" href=\"https:\/\/steinemann-cvs.ch\/es\/limpieza-manual\/\" \/>\n<meta property=\"og:locale\" content=\"es_ES\" \/>\n<meta property=\"og:type\" content=\"article\" \/>\n<meta property=\"og:title\" content=\"Manual Cleaning textile production | Steinemann CVS\" \/>\n<meta property=\"og:description\" content=\"Steinemann Central Vacuum Systems manual cleaning keeps textile mills efficient - less downtime, lower costs and cleaner production.\" \/>\n<meta property=\"og:url\" content=\"https:\/\/steinemann-cvs.ch\/es\/limpieza-manual\/\" \/>\n<meta property=\"og:site_name\" content=\"Steinemann CVS\" \/>\n<meta property=\"article:modified_time\" content=\"2025-11-05T12:44:55+00:00\" \/>\n<meta property=\"og:image\" content=\"https:\/\/steinemann-cvs.ch\/wp-content\/uploads\/2025\/09\/Manual_Cleaning.png\" \/>\n<meta name=\"twitter:card\" content=\"summary_large_image\" \/>\n<meta name=\"twitter:label1\" content=\"Tiempo de lectura\" \/>\n\t<meta name=\"twitter:data1\" content=\"3 minutos\" \/>\n<script type=\"application\/ld+json\" class=\"yoast-schema-graph\">{\"@context\":\"https:\\\/\\\/schema.org\",\"@graph\":[{\"@type\":\"WebPage\",\"@id\":\"https:\\\/\\\/steinemann-cvs.ch\\\/manual-cleaning\\\/\",\"url\":\"https:\\\/\\\/steinemann-cvs.ch\\\/manual-cleaning\\\/\",\"name\":\"Manual Cleaning textile production | Steinemann CVS\",\"isPartOf\":{\"@id\":\"https:\\\/\\\/steinemann-cvs.ch\\\/#website\"},\"primaryImageOfPage\":{\"@id\":\"https:\\\/\\\/steinemann-cvs.ch\\\/manual-cleaning\\\/#primaryimage\"},\"image\":{\"@id\":\"https:\\\/\\\/steinemann-cvs.ch\\\/manual-cleaning\\\/#primaryimage\"},\"thumbnailUrl\":\"https:\\\/\\\/steinemann-cvs.ch\\\/wp-content\\\/uploads\\\/2025\\\/09\\\/Manual_Cleaning.png\",\"datePublished\":\"2025-09-22T12:40:54+00:00\",\"dateModified\":\"2025-11-05T12:44:55+00:00\",\"description\":\"Steinemann Central Vacuum Systems manual cleaning keeps textile mills efficient - less downtime, lower costs and cleaner production.\",\"breadcrumb\":{\"@id\":\"https:\\\/\\\/steinemann-cvs.ch\\\/manual-cleaning\\\/#breadcrumb\"},\"inLanguage\":\"es\",\"potentialAction\":[{\"@type\":\"ReadAction\",\"target\":[\"https:\\\/\\\/steinemann-cvs.ch\\\/manual-cleaning\\\/\"]}]},{\"@type\":\"ImageObject\",\"inLanguage\":\"es\",\"@id\":\"https:\\\/\\\/steinemann-cvs.ch\\\/manual-cleaning\\\/#primaryimage\",\"url\":\"https:\\\/\\\/steinemann-cvs.ch\\\/wp-content\\\/uploads\\\/2025\\\/09\\\/Manual_Cleaning.png\",\"contentUrl\":\"https:\\\/\\\/steinemann-cvs.ch\\\/wp-content\\\/uploads\\\/2025\\\/09\\\/Manual_Cleaning.png\"},{\"@type\":\"BreadcrumbList\",\"@id\":\"https:\\\/\\\/steinemann-cvs.ch\\\/manual-cleaning\\\/#breadcrumb\",\"itemListElement\":[{\"@type\":\"ListItem\",\"position\":1,\"name\":\"Home\",\"item\":\"https:\\\/\\\/steinemann-cvs.ch\\\/\"},{\"@type\":\"ListItem\",\"position\":2,\"name\":\"Manual Cleaning\"}]},{\"@type\":\"WebSite\",\"@id\":\"https:\\\/\\\/steinemann-cvs.ch\\\/#website\",\"url\":\"https:\\\/\\\/steinemann-cvs.ch\\\/\",\"name\":\"Steinemann Central Vacuum Systems\",\"description\":\"\",\"publisher\":{\"@id\":\"https:\\\/\\\/steinemann-cvs.ch\\\/#organization\"},\"alternateName\":\"Steinemann CVS\",\"potentialAction\":[{\"@type\":\"SearchAction\",\"target\":{\"@type\":\"EntryPoint\",\"urlTemplate\":\"https:\\\/\\\/steinemann-cvs.ch\\\/?s={search_term_string}\"},\"query-input\":{\"@type\":\"PropertyValueSpecification\",\"valueRequired\":true,\"valueName\":\"search_term_string\"}}],\"inLanguage\":\"es\"},{\"@type\":\"Organization\",\"@id\":\"https:\\\/\\\/steinemann-cvs.ch\\\/#organization\",\"name\":\"Steinemann Central Vacuum Systems\",\"alternateName\":\"Steinemann CVS\",\"url\":\"https:\\\/\\\/steinemann-cvs.ch\\\/\",\"logo\":{\"@type\":\"ImageObject\",\"inLanguage\":\"es\",\"@id\":\"https:\\\/\\\/steinemann-cvs.ch\\\/#\\\/schema\\\/logo\\\/image\\\/\",\"url\":\"https:\\\/\\\/steinemann-cvs.ch\\\/wp-content\\\/uploads\\\/2025\\\/12\\\/CH_Steinemann_CSV_120_CMYK_POS.png\",\"contentUrl\":\"https:\\\/\\\/steinemann-cvs.ch\\\/wp-content\\\/uploads\\\/2025\\\/12\\\/CH_Steinemann_CSV_120_CMYK_POS.png\",\"width\":674,\"height\":114,\"caption\":\"Steinemann Central Vacuum Systems\"},\"image\":{\"@id\":\"https:\\\/\\\/steinemann-cvs.ch\\\/#\\\/schema\\\/logo\\\/image\\\/\"},\"sameAs\":[\"https:\\\/\\\/www.linkedin.com\\\/company\\\/steinemann-central-vacuum-systems-cvs\",\"https:\\\/\\\/www.youtube.com\\\/@steinemanncvs\"]}]}<\/script>\n<!-- \/ Yoast SEO plugin. -->","yoast_head_json":{"title":"Limpieza manual producci\u00f3n textil | Steinemann CVS","description":"La limpieza manual de Steinemann Central Vacuum Systems mantiene la eficiencia de las f\u00e1bricas textiles: menos tiempos de inactividad, menos costes y una producci\u00f3n m\u00e1s limpia.","robots":{"index":"index","follow":"follow","max-snippet":"max-snippet:-1","max-image-preview":"max-image-preview:large","max-video-preview":"max-video-preview:-1"},"canonical":"https:\/\/steinemann-cvs.ch\/es\/limpieza-manual\/","og_locale":"es_ES","og_type":"article","og_title":"Manual Cleaning textile production | Steinemann CVS","og_description":"Steinemann Central Vacuum Systems manual cleaning keeps textile mills efficient - less downtime, lower costs and cleaner production.","og_url":"https:\/\/steinemann-cvs.ch\/es\/limpieza-manual\/","og_site_name":"Steinemann CVS","article_modified_time":"2025-11-05T12:44:55+00:00","og_image":[{"url":"https:\/\/steinemann-cvs.ch\/wp-content\/uploads\/2025\/09\/Manual_Cleaning.png","type":"","width":"","height":""}],"twitter_card":"summary_large_image","twitter_misc":{"Tiempo de lectura":"3 minutos"},"schema":{"@context":"https:\/\/schema.org","@graph":[{"@type":"WebPage","@id":"https:\/\/steinemann-cvs.ch\/manual-cleaning\/","url":"https:\/\/steinemann-cvs.ch\/manual-cleaning\/","name":"Limpieza manual producci\u00f3n textil | Steinemann CVS","isPartOf":{"@id":"https:\/\/steinemann-cvs.ch\/#website"},"primaryImageOfPage":{"@id":"https:\/\/steinemann-cvs.ch\/manual-cleaning\/#primaryimage"},"image":{"@id":"https:\/\/steinemann-cvs.ch\/manual-cleaning\/#primaryimage"},"thumbnailUrl":"https:\/\/steinemann-cvs.ch\/wp-content\/uploads\/2025\/09\/Manual_Cleaning.png","datePublished":"2025-09-22T12:40:54+00:00","dateModified":"2025-11-05T12:44:55+00:00","description":"La limpieza manual de Steinemann Central Vacuum Systems mantiene la eficiencia de las f\u00e1bricas textiles: menos tiempos de inactividad, menos costes y una producci\u00f3n m\u00e1s limpia.","breadcrumb":{"@id":"https:\/\/steinemann-cvs.ch\/manual-cleaning\/#breadcrumb"},"inLanguage":"es","potentialAction":[{"@type":"ReadAction","target":["https:\/\/steinemann-cvs.ch\/manual-cleaning\/"]}]},{"@type":"ImageObject","inLanguage":"es","@id":"https:\/\/steinemann-cvs.ch\/manual-cleaning\/#primaryimage","url":"https:\/\/steinemann-cvs.ch\/wp-content\/uploads\/2025\/09\/Manual_Cleaning.png","contentUrl":"https:\/\/steinemann-cvs.ch\/wp-content\/uploads\/2025\/09\/Manual_Cleaning.png"},{"@type":"BreadcrumbList","@id":"https:\/\/steinemann-cvs.ch\/manual-cleaning\/#breadcrumb","itemListElement":[{"@type":"ListItem","position":1,"name":"Home","item":"https:\/\/steinemann-cvs.ch\/"},{"@type":"ListItem","position":2,"name":"Manual Cleaning"}]},{"@type":"WebSite","@id":"https:\/\/steinemann-cvs.ch\/#website","url":"https:\/\/steinemann-cvs.ch\/","name":"Sistemas de aspiraci\u00f3n centralizada Steinemann","description":"","publisher":{"@id":"https:\/\/steinemann-cvs.ch\/#organization"},"alternateName":"Steinemann CVS","potentialAction":[{"@type":"SearchAction","target":{"@type":"EntryPoint","urlTemplate":"https:\/\/steinemann-cvs.ch\/?s={search_term_string}"},"query-input":{"@type":"PropertyValueSpecification","valueRequired":true,"valueName":"search_term_string"}}],"inLanguage":"es"},{"@type":"Organization","@id":"https:\/\/steinemann-cvs.ch\/#organization","name":"Sistemas de aspiraci\u00f3n centralizada Steinemann","alternateName":"Steinemann CVS","url":"https:\/\/steinemann-cvs.ch\/","logo":{"@type":"ImageObject","inLanguage":"es","@id":"https:\/\/steinemann-cvs.ch\/#\/schema\/logo\/image\/","url":"https:\/\/steinemann-cvs.ch\/wp-content\/uploads\/2025\/12\/CH_Steinemann_CSV_120_CMYK_POS.png","contentUrl":"https:\/\/steinemann-cvs.ch\/wp-content\/uploads\/2025\/12\/CH_Steinemann_CSV_120_CMYK_POS.png","width":674,"height":114,"caption":"Steinemann Central Vacuum Systems"},"image":{"@id":"https:\/\/steinemann-cvs.ch\/#\/schema\/logo\/image\/"},"sameAs":["https:\/\/www.linkedin.com\/company\/steinemann-central-vacuum-systems-cvs","https:\/\/www.youtube.com\/@steinemanncvs"]}]}},"_links":{"self":[{"href":"https:\/\/steinemann-cvs.ch\/es\/wp-json\/wp\/v2\/pages\/21390","targetHints":{"allow":["GET"]}}],"collection":[{"href":"https:\/\/steinemann-cvs.ch\/es\/wp-json\/wp\/v2\/pages"}],"about":[{"href":"https:\/\/steinemann-cvs.ch\/es\/wp-json\/wp\/v2\/types\/page"}],"author":[{"embeddable":true,"href":"https:\/\/steinemann-cvs.ch\/es\/wp-json\/wp\/v2\/users\/1"}],"replies":[{"embeddable":true,"href":"https:\/\/steinemann-cvs.ch\/es\/wp-json\/wp\/v2\/comments?post=21390"}],"version-history":[{"count":7,"href":"https:\/\/steinemann-cvs.ch\/es\/wp-json\/wp\/v2\/pages\/21390\/revisions"}],"predecessor-version":[{"id":21625,"href":"https:\/\/steinemann-cvs.ch\/es\/wp-json\/wp\/v2\/pages\/21390\/revisions\/21625"}],"wp:attachment":[{"href":"https:\/\/steinemann-cvs.ch\/es\/wp-json\/wp\/v2\/media?parent=21390"}],"curies":[{"name":"wp","href":"https:\/\/api.w.org\/{rel}","templated":true}]}}