{"id":21375,"date":"2025-09-22T12:23:44","date_gmt":"2025-09-22T12:23:44","guid":{"rendered":"https:\/\/steinemann-cvs.ch\/?page_id=21375"},"modified":"2025-11-05T12:56:23","modified_gmt":"2025-11-05T12:56:23","slug":"productos","status":"publish","type":"page","link":"https:\/\/steinemann-cvs.ch\/es\/products\/","title":{"rendered":"Productos"},"content":{"rendered":"<div data-elementor-type=\"wp-page\" data-elementor-id=\"21375\" class=\"elementor elementor-21375\">\n\t\t\t\t\t\t\t<div class=\"elementor-element elementor-element-ea9237f e-flex e-con-boxed e-con e-parent\" data-id=\"ea9237f\" data-element_type=\"container\">\r\n\t\t\t\t\t\t\t<div class=\"e-con-inner\">\r\n\t\t\t\t\t\t<div class=\"elementor-element elementor-element-4299853 elementor-widget elementor-widget-udesign_widget_heading\" data-id=\"4299853\" data-element_type=\"widget\" data-widget_type=\"udesign_widget_heading.default\">\n\t\t\t\t\t<div class=\"title-wrapper  title-center\"><div class=\"title elementor-heading-title\">Por qu\u00e9 elegir Steinemann CVS<\/div><\/div>\t\t\t\t<\/div>\n\t\t\t\t<div class=\"elementor-element elementor-element-10930eb elementor-widget__width-initial elementor-widget-mobile__width-initial elementor-widget-tablet__width-initial elementor-widget elementor-widget-udesign_widget_heading\" data-id=\"10930eb\" data-element_type=\"widget\" data-widget_type=\"udesign_widget_heading.default\">\n\t\t\t\t\t<div class=\"title-wrapper  title-center\"><h2 class=\"title elementor-heading-title\">Soluciones a medida para cada problema de residuos textiles<\/h2><\/div>\t\t\t\t<\/div>\n\t\t\t\t<div class=\"elementor-element elementor-element-02b5feb elementor-widget elementor-widget-spacer\" data-id=\"02b5feb\" data-element_type=\"widget\" data-widget_type=\"spacer.default\">\n\t\t\t\t\t\t\t<div class=\"elementor-spacer\">\n\t\t\t<div class=\"elementor-spacer-inner\"><\/div>\n\t\t<\/div>\n\t\t\t\t\t\t<\/div>\n\t\t\t\t\t<div class=\"elementor-element elementor-element-1d4a344 e-grid e-con-full e-con e-child\" data-id=\"1d4a344\" data-element_type=\"container\">\r\n\t\t\t\t\t<div class=\"elementor-element elementor-element-20898c7 elementor-widget elementor-widget-udesign_widget_imagebox\" data-id=\"20898c7\" data-element_type=\"widget\" data-widget_type=\"udesign_widget_imagebox.default\">\n\t\t\t\t\t<div class=\"image-box position-top\"><figure class=\"has-link\"><img fetchpriority=\"high\" decoding=\"async\" width=\"1200\" height=\"1200\" src=\"https:\/\/steinemann-cvs.ch\/wp-content\/uploads\/2025\/09\/Manual_Cleaning.png\" class=\"attachment-full size-full wp-image-21378\" alt=\"Trabajador realizando la limpieza manual de la m\u00e1quina textil con el sistema de aspiraci\u00f3n centralizada Steinemann para la eliminaci\u00f3n de fibras y polvo.\" srcset=\"https:\/\/steinemann-cvs.ch\/wp-content\/uploads\/2025\/09\/Manual_Cleaning.png 1200w, https:\/\/steinemann-cvs.ch\/wp-content\/uploads\/2025\/09\/Manual_Cleaning-1024x1024.png 1024w, https:\/\/steinemann-cvs.ch\/wp-content\/uploads\/2025\/09\/Manual_Cleaning-768x768.png 768w\" sizes=\"(max-width: 1200px) 100vw, 1200px\" \/><a href=\"https:\/\/steinemann-cvs.ch\/es\/limpieza-manual\/\" aria-label=\"Imagem\" data-no-translation-aria-label=\"\"><\/a><\/figure><div class=\"image-box-content\"><h3 class=\"title\"><a href=\"https:\/\/steinemann-cvs.ch\/es\/limpieza-manual\/\" aria-label=\"Imagem\" data-no-translation-aria-label=\"\">Limpieza manual<\/a><\/h3><p class=\"content\">Sencillas, pr\u00e1cticas y eficaces: soluciones fiables para la eliminaci\u00f3n manual de polvo y residuos.<\/p><a class=\"btn btn-md btn-primary\" href=\"https:\/\/steinemann-cvs.ch\/es\/limpieza-manual\/\" ><span >Seguir leyendo<\/span><\/a><\/div><\/div>\t\t\t\t<\/div>\n\t\t\t\t<div class=\"elementor-element elementor-element-282ac5f elementor-widget elementor-widget-udesign_widget_imagebox\" data-id=\"282ac5f\" data-element_type=\"widget\" data-widget_type=\"udesign_widget_imagebox.default\">\n\t\t\t\t\t<div class=\"image-box position-top\"><figure class=\"has-link\"><img decoding=\"async\" width=\"1200\" height=\"1200\" src=\"https:\/\/steinemann-cvs.ch\/wp-content\/uploads\/2025\/09\/Automatic_Disposal.png\" class=\"attachment-full size-full wp-image-21379\" alt=\"Unidad de eliminaci\u00f3n autom\u00e1tica integrada en la m\u00e1quina textil con conexi\u00f3n al sistema de aspiraci\u00f3n centralizada Steinemann.\" srcset=\"https:\/\/steinemann-cvs.ch\/wp-content\/uploads\/2025\/09\/Automatic_Disposal.png 1200w, https:\/\/steinemann-cvs.ch\/wp-content\/uploads\/2025\/09\/Automatic_Disposal-1024x1024.png 1024w, https:\/\/steinemann-cvs.ch\/wp-content\/uploads\/2025\/09\/Automatic_Disposal-768x768.png 768w\" sizes=\"(max-width: 1200px) 100vw, 1200px\" \/><a href=\"https:\/\/steinemann-cvs.ch\/es\/eliminacion-automatica\/\" aria-label=\"Imagem\" data-no-translation-aria-label=\"\"><\/a><\/figure><div class=\"image-box-content\"><h3 class=\"title\"><a href=\"https:\/\/steinemann-cvs.ch\/es\/eliminacion-automatica\/\" aria-label=\"Imagem\" data-no-translation-aria-label=\"\">Eliminaci\u00f3n autom\u00e1tica<\/a><\/h3><p class=\"content\">Rentable y eficaz: log\u00edstica de residuos totalmente automatizada para una producci\u00f3n continua.<\/p><a class=\"btn btn-md btn-primary\" href=\"https:\/\/steinemann-cvs.ch\/es\/eliminacion-automatica\/\" ><span >Seguir leyendo<\/span><\/a><\/div><\/div>\t\t\t\t<\/div>\n\t\t\t\t<div class=\"elementor-element elementor-element-f24e4ac elementor-widget elementor-widget-udesign_widget_imagebox\" data-id=\"f24e4ac\" data-element_type=\"widget\" data-widget_type=\"udesign_widget_imagebox.default\">\n\t\t\t\t\t<div class=\"image-box position-top\"><figure class=\"has-link\"><img decoding=\"async\" width=\"1200\" height=\"1200\" src=\"https:\/\/steinemann-cvs.ch\/wp-content\/uploads\/2025\/09\/Confection_Solutions.png\" class=\"attachment-full size-full wp-image-21380\" alt=\"Trabajador cosiendo textiles con el apoyo de Steinemann CVS Confection Solutions para una producci\u00f3n limpia y eficiente.\" srcset=\"https:\/\/steinemann-cvs.ch\/wp-content\/uploads\/2025\/09\/Confection_Solutions.png 1200w, https:\/\/steinemann-cvs.ch\/wp-content\/uploads\/2025\/09\/Confection_Solutions-1024x1024.png 1024w, https:\/\/steinemann-cvs.ch\/wp-content\/uploads\/2025\/09\/Confection_Solutions-768x768.png 768w\" sizes=\"(max-width: 1200px) 100vw, 1200px\" \/><a href=\"https:\/\/steinemann-cvs.ch\/es\/soluciones-de-confiteria\/\" aria-label=\"Imagem\" data-no-translation-aria-label=\"\"><\/a><\/figure><div class=\"image-box-content\"><h3 class=\"title\"><a href=\"https:\/\/steinemann-cvs.ch\/es\/soluciones-de-confiteria\/\" aria-label=\"Imagem\" data-no-translation-aria-label=\"\">Soluciones de confiter\u00eda<\/a><\/h3><p class=\"content\">Aumente la productividad y la seguridad con soluciones CVS especializadas para el acabado textil.<\/p><a class=\"btn btn-md btn-primary\" href=\"https:\/\/steinemann-cvs.ch\/es\/soluciones-de-confiteria\/\" ><span >Seguir leyendo<\/span><\/a><\/div><\/div>\t\t\t\t<\/div>\n\t\t\r\n\t\t\t<\/div>\r\n\t\t\t\t\t<div class=\"elementor-element elementor-element-91f3d56 elementor-widget elementor-widget-spacer\" data-id=\"91f3d56\" data-element_type=\"widget\" data-widget_type=\"spacer.default\">\n\t\t\t\t\t\t\t<div class=\"elementor-spacer\">\n\t\t\t<div class=\"elementor-spacer-inner\"><\/div>\n\t\t<\/div>\n\t\t\t\t\t\t<\/div>\n\t\t\t\t<div class=\"elementor-element elementor-element-d4c3ba8 elementor-widget elementor-widget-text-editor\" data-id=\"d4c3ba8\" data-element_type=\"widget\" data-widget_type=\"text-editor.default\">\n\t\t\t\t\t\t\t\t\t<p data-start=\"383\" data-end=\"835\">Steinemann CVS ofrece sistemas de aspiraci\u00f3n centralizada personalizados dise\u00f1ados para resolver cualquier problema de gesti\u00f3n de residuos textiles. Nuestros avanzados sistemas de aspiraci\u00f3n para la producci\u00f3n textil garantizan procesos continuos, limpios y energ\u00e9ticamente eficientes en las operaciones de hilatura, tejedur\u00eda y acabado. Cada soluci\u00f3n de limpieza por vac\u00edo para l\u00edneas de producci\u00f3n textil se adapta a las necesidades espec\u00edficas del cliente, reduciendo el tiempo de inactividad y aumentando la fiabilidad de la producci\u00f3n.<\/p><p data-start=\"837\" data-end=\"1262\">El sistema de aspiraci\u00f3n de Steinemann para la industria textil elimina eficazmente pelusas, restos de hilo y polvo de m\u00e1quinas y zonas de trabajo. Desde la limpieza manual de m\u00e1quinas textiles hasta la eliminaci\u00f3n totalmente autom\u00e1tica de fibras, ofrecemos soluciones escalables para f\u00e1bricas de cualquier tama\u00f1o. Los operarios se benefician de una mayor seguridad en el lugar de trabajo gracias a la eliminaci\u00f3n de polvo en las plantas textiles, una reducci\u00f3n del tiempo de limpieza y una mejora de la calidad del producto.<\/p><p data-start=\"1264\" data-end=\"1700\">Nuestra central de aspiraci\u00f3n de bajo consumo para f\u00e1bricas textiles est\u00e1 dise\u00f1ada para ahorrar costes a largo plazo y proteger el medio ambiente. El sistema proporciona aspiraci\u00f3n - ahorro de aire comprimido, sustituyendo a los ineficaces m\u00e9todos de limpieza con aire comprimido. Ya sea para la limpieza de telares, hiladoras o filtros de rame, Steinemann CVS ofrece una potencia de aspiraci\u00f3n constante y un rendimiento fiable.<\/p><p data-start=\"1702\" data-end=\"2057\">Los m\u00f3dulos integrados admiten sistemas autom\u00e1ticos de eliminaci\u00f3n de pelusas y fibras, recogida de residuos para hilander\u00edas y tejedur\u00edas, y eliminaci\u00f3n autom\u00e1tica de hilos de bobinadoras y m\u00e1quinas O\/E. Los controles inteligentes permiten una separaci\u00f3n precisa de los residuos en las bobinadoras y m\u00e1quinas O\/E, las m\u00e1quinas Airjet y los colectores de polvo, manteniendo las \u00e1reas de producci\u00f3n m\u00e1s limpias y eficientes.<\/p><p data-start=\"2059\" data-end=\"2426\">Con los sistemas de aspiraci\u00f3n industrial de Steinemann para el procesamiento de hilos y fibras, no s\u00f3lo ganar\u00e1 en eficiencia, sino tambi\u00e9n en sostenibilidad y seguridad. Nuestros sistemas de aspiraci\u00f3n centralizada para f\u00e1bricas textiles y la eliminaci\u00f3n integrada de residuos para maquinaria textil ayudan a mantener unas condiciones de producci\u00f3n \u00f3ptimas al tiempo que respaldan unas operaciones textiles limpias, modernas y sostenibles.<\/p>\t\t\t\t\t\t\t\t<\/div>\n\t\t\t\t<div class=\"elementor-element elementor-element-9bd349e elementor-widget elementor-widget-spacer\" data-id=\"9bd349e\" data-element_type=\"widget\" data-widget_type=\"spacer.default\">\n\t\t\t\t\t\t\t<div class=\"elementor-spacer\">\n\t\t\t<div class=\"elementor-spacer-inner\"><\/div>\n\t\t<\/div>\n\t\t\t\t\t\t<\/div>\n\t\t\t\t\t\t<\/div>\r\n\t\t\t\t\r\n\t\t\t<\/div>\r\n\t\t\t\t\t\t<div class=\"elementor-element elementor-element-f400ee2 e-flex e-con-boxed e-con e-parent\" data-id=\"f400ee2\" data-element_type=\"container\">\r\n\t\t\t\t\t\t\t<div class=\"e-con-inner\">\r\n\t\t\t\t\t\t<div class=\"elementor-element elementor-element-016410d elementor-widget elementor-widget-udesign_widget_heading\" data-id=\"016410d\" data-element_type=\"widget\" data-widget_type=\"udesign_widget_heading.default\">\n\t\t\t\t\t<div class=\"title-wrapper  title-center\"><div class=\"title elementor-heading-title\">\u00bfTiene alguna pregunta?<\/div><\/div>\t\t\t\t<\/div>\n\t\t\t\t<div class=\"elementor-element elementor-element-b65cc68 elementor-widget__width-initial elementor-widget-mobile__width-initial elementor-widget-tablet__width-initial elementor-widget elementor-widget-udesign_widget_heading\" data-id=\"b65cc68\" data-element_type=\"widget\" data-widget_type=\"udesign_widget_heading.default\">\n\t\t\t\t\t<div class=\"title-wrapper  title-center\"><h2 class=\"title elementor-heading-title\">Estamos aqu\u00ed para ayudarle.<\/h2><\/div>\t\t\t\t<\/div>\n\t\t\t\t<div class=\"elementor-element elementor-element-2b2a434 elementor-widget elementor-widget-udesign_widget_contact_form\" data-id=\"2b2a434\" data-element_type=\"widget\" data-widget_type=\"udesign_widget_contact_form.default\">\n\t\t\t\t\t\n<div class=\"wpcf7 no-js\" id=\"wpcf7-f282-o1\" lang=\"en-US\" dir=\"ltr\" data-wpcf7-id=\"282\">\n<div class=\"screen-reader-response\"><p role=\"status\" aria-live=\"polite\" aria-atomic=\"true\"><\/p> <ul><\/ul><\/div>\n<form action=\"\/es\/wp-json\/wp\/v2\/pages\/21375#wpcf7-f282-o1\" method=\"post\" class=\"wpcf7-form init\" aria-label=\"Contact form\" novalidate=\"novalidate\" data-status=\"init\" data-trp-original-action=\"\/es\/wp-json\/wp\/v2\/pages\/21375#wpcf7-f282-o1\">\n<fieldset class=\"hidden-fields-container\"><input type=\"hidden\" name=\"_wpcf7\" value=\"282\" \/><input type=\"hidden\" name=\"_wpcf7_version\" value=\"6.1.5\" \/><input type=\"hidden\" name=\"_wpcf7_locale\" value=\"en_US\" \/><input type=\"hidden\" name=\"_wpcf7_unit_tag\" value=\"wpcf7-f282-o1\" \/><input type=\"hidden\" name=\"_wpcf7_container_post\" value=\"0\" \/><input type=\"hidden\" name=\"_wpcf7_posted_data_hash\" value=\"\" \/>\n<\/fieldset>\n<p><span class=\"wpcf7-form-control-wrap\" data-name=\"text-157\"><input size=\"40\" maxlength=\"400\" class=\"wpcf7-form-control wpcf7-text wpcf7-validates-as-required\" aria-required=\"true\" aria-invalid=\"false\" placeholder=\"Su nombre\" value=\"\" type=\"text\" name=\"text-157\" \/><\/span>\n<\/p>\n<p><span class=\"wpcf7-form-control-wrap\" data-name=\"email-668\"><input size=\"40\" maxlength=\"400\" class=\"wpcf7-form-control wpcf7-email wpcf7-validates-as-required wpcf7-text wpcf7-validates-as-email\" aria-required=\"true\" aria-invalid=\"false\" placeholder=\"Su direcci\u00f3n de correo electr\u00f3nico\" value=\"\" type=\"email\" name=\"email-668\" \/><\/span>\n<\/p>\n<p class=\"mb-6\"><span class=\"wpcf7-form-control-wrap\" data-name=\"textarea-883\"><textarea cols=\"40\" rows=\"10\" maxlength=\"2000\" class=\"wpcf7-form-control wpcf7-textarea\" aria-invalid=\"false\" placeholder=\"Su mensaje\" name=\"textarea-883\"><\/textarea><\/span>\n<\/p>\n<p><button type=\"submit\" class=\"btn\">Enviar mensaje<i class=\"a-icon-long-arrow-right\"><\/i><\/button>\n<\/p><div class=\"wpcf7-response-output\" aria-hidden=\"true\"><\/div>\n<input type=\"hidden\" name=\"trp-form-language\" value=\"es\"\/><\/form>\n<\/div>\n\t\t\t\t<\/div>\n\t\t\t\t\t\t<\/div>\r\n\t\t\t\t\r\n\t\t\t<\/div>\r\n\t\t\t\t\t<\/div>","protected":false},"excerpt":{"rendered":"<p>Why Choose Steinemann CVS Tailored solutions for every textile waste challenge Manual cleaning Simple, practical, and efficient: reliable solutions for manual dust and waste removal. Read More Automatic disposal Cost-effective and efficient: fully automated waste logistics for continuous production. Read More Confection Solutions Boost productivity and safety with specialized CVS solutions for textile finishing. Read [&hellip;]<\/p>\n","protected":false},"author":1,"featured_media":0,"parent":0,"menu_order":0,"comment_status":"closed","ping_status":"closed","template":"","meta":{"footnotes":""},"class_list":["post-21375","page","type-page","status-publish","hentry"],"yoast_head":"<!-- This site is optimized with the Yoast SEO plugin v27.4 - https:\/\/yoast.com\/product\/yoast-seo-wordpress\/ -->\n<title>Textile Waste Management Solutions \u2013 Steinemann CVS<\/title>\n<meta name=\"description\" content=\"Discover Steinemann CVS textile waste management solutions \u2013 cleaner production, reduced costs, improved efficiency.\" \/>\n<meta name=\"robots\" content=\"index, follow, max-snippet:-1, max-image-preview:large, max-video-preview:-1\" \/>\n<link rel=\"canonical\" href=\"https:\/\/steinemann-cvs.ch\/es\/productos\/\" \/>\n<meta property=\"og:locale\" content=\"es_ES\" \/>\n<meta property=\"og:type\" content=\"article\" \/>\n<meta property=\"og:title\" content=\"Textile Waste Management Solutions \u2013 Steinemann CVS\" \/>\n<meta property=\"og:description\" content=\"Discover Steinemann CVS textile waste management solutions \u2013 cleaner production, reduced costs, improved efficiency.\" \/>\n<meta property=\"og:url\" content=\"https:\/\/steinemann-cvs.ch\/es\/productos\/\" \/>\n<meta property=\"og:site_name\" content=\"Steinemann CVS\" \/>\n<meta property=\"article:modified_time\" content=\"2025-11-05T12:56:23+00:00\" \/>\n<meta property=\"og:image\" content=\"https:\/\/steinemann-cvs.ch\/wp-content\/uploads\/2025\/09\/Manual_Cleaning.png\" \/>\n<meta name=\"twitter:card\" content=\"summary_large_image\" \/>\n<meta name=\"twitter:label1\" content=\"Tiempo de lectura\" \/>\n\t<meta name=\"twitter:data1\" content=\"3 minutos\" \/>\n<script type=\"application\/ld+json\" class=\"yoast-schema-graph\">{\"@context\":\"https:\\\/\\\/schema.org\",\"@graph\":[{\"@type\":\"WebPage\",\"@id\":\"https:\\\/\\\/steinemann-cvs.ch\\\/products\\\/\",\"url\":\"https:\\\/\\\/steinemann-cvs.ch\\\/products\\\/\",\"name\":\"Textile Waste Management Solutions \u2013 Steinemann CVS\",\"isPartOf\":{\"@id\":\"https:\\\/\\\/steinemann-cvs.ch\\\/#website\"},\"primaryImageOfPage\":{\"@id\":\"https:\\\/\\\/steinemann-cvs.ch\\\/products\\\/#primaryimage\"},\"image\":{\"@id\":\"https:\\\/\\\/steinemann-cvs.ch\\\/products\\\/#primaryimage\"},\"thumbnailUrl\":\"https:\\\/\\\/steinemann-cvs.ch\\\/wp-content\\\/uploads\\\/2025\\\/09\\\/Manual_Cleaning.png\",\"datePublished\":\"2025-09-22T12:23:44+00:00\",\"dateModified\":\"2025-11-05T12:56:23+00:00\",\"description\":\"Discover Steinemann CVS textile waste management solutions \u2013 cleaner production, reduced costs, improved efficiency.\",\"breadcrumb\":{\"@id\":\"https:\\\/\\\/steinemann-cvs.ch\\\/products\\\/#breadcrumb\"},\"inLanguage\":\"es\",\"potentialAction\":[{\"@type\":\"ReadAction\",\"target\":[\"https:\\\/\\\/steinemann-cvs.ch\\\/products\\\/\"]}]},{\"@type\":\"ImageObject\",\"inLanguage\":\"es\",\"@id\":\"https:\\\/\\\/steinemann-cvs.ch\\\/products\\\/#primaryimage\",\"url\":\"https:\\\/\\\/steinemann-cvs.ch\\\/wp-content\\\/uploads\\\/2025\\\/09\\\/Manual_Cleaning.png\",\"contentUrl\":\"https:\\\/\\\/steinemann-cvs.ch\\\/wp-content\\\/uploads\\\/2025\\\/09\\\/Manual_Cleaning.png\"},{\"@type\":\"BreadcrumbList\",\"@id\":\"https:\\\/\\\/steinemann-cvs.ch\\\/products\\\/#breadcrumb\",\"itemListElement\":[{\"@type\":\"ListItem\",\"position\":1,\"name\":\"Home\",\"item\":\"https:\\\/\\\/steinemann-cvs.ch\\\/\"},{\"@type\":\"ListItem\",\"position\":2,\"name\":\"Products\"}]},{\"@type\":\"WebSite\",\"@id\":\"https:\\\/\\\/steinemann-cvs.ch\\\/#website\",\"url\":\"https:\\\/\\\/steinemann-cvs.ch\\\/\",\"name\":\"Steinemann Central Vacuum Systems\",\"description\":\"\",\"publisher\":{\"@id\":\"https:\\\/\\\/steinemann-cvs.ch\\\/#organization\"},\"alternateName\":\"Steinemann CVS\",\"potentialAction\":[{\"@type\":\"SearchAction\",\"target\":{\"@type\":\"EntryPoint\",\"urlTemplate\":\"https:\\\/\\\/steinemann-cvs.ch\\\/?s={search_term_string}\"},\"query-input\":{\"@type\":\"PropertyValueSpecification\",\"valueRequired\":true,\"valueName\":\"search_term_string\"}}],\"inLanguage\":\"es\"},{\"@type\":\"Organization\",\"@id\":\"https:\\\/\\\/steinemann-cvs.ch\\\/#organization\",\"name\":\"Steinemann Central Vacuum Systems\",\"alternateName\":\"Steinemann CVS\",\"url\":\"https:\\\/\\\/steinemann-cvs.ch\\\/\",\"logo\":{\"@type\":\"ImageObject\",\"inLanguage\":\"es\",\"@id\":\"https:\\\/\\\/steinemann-cvs.ch\\\/#\\\/schema\\\/logo\\\/image\\\/\",\"url\":\"https:\\\/\\\/steinemann-cvs.ch\\\/wp-content\\\/uploads\\\/2025\\\/12\\\/CH_Steinemann_CSV_120_CMYK_POS.png\",\"contentUrl\":\"https:\\\/\\\/steinemann-cvs.ch\\\/wp-content\\\/uploads\\\/2025\\\/12\\\/CH_Steinemann_CSV_120_CMYK_POS.png\",\"width\":674,\"height\":114,\"caption\":\"Steinemann Central Vacuum Systems\"},\"image\":{\"@id\":\"https:\\\/\\\/steinemann-cvs.ch\\\/#\\\/schema\\\/logo\\\/image\\\/\"},\"sameAs\":[\"https:\\\/\\\/www.linkedin.com\\\/company\\\/steinemann-central-vacuum-systems-cvs\",\"https:\\\/\\\/www.youtube.com\\\/@steinemanncvs\"]}]}<\/script>\n<!-- \/ Yoast SEO plugin. -->","yoast_head_json":{"title":"Soluciones de gesti\u00f3n de residuos textiles - Steinemann CVS","description":"Descubra las soluciones de gesti\u00f3n de residuos textiles de Steinemann CVS: producci\u00f3n m\u00e1s limpia, reducci\u00f3n de costes y mejora de la eficacia.","robots":{"index":"index","follow":"follow","max-snippet":"max-snippet:-1","max-image-preview":"max-image-preview:large","max-video-preview":"max-video-preview:-1"},"canonical":"https:\/\/steinemann-cvs.ch\/es\/productos\/","og_locale":"es_ES","og_type":"article","og_title":"Textile Waste Management Solutions \u2013 Steinemann CVS","og_description":"Discover Steinemann CVS textile waste management solutions \u2013 cleaner production, reduced costs, improved efficiency.","og_url":"https:\/\/steinemann-cvs.ch\/es\/productos\/","og_site_name":"Steinemann CVS","article_modified_time":"2025-11-05T12:56:23+00:00","og_image":[{"url":"https:\/\/steinemann-cvs.ch\/wp-content\/uploads\/2025\/09\/Manual_Cleaning.png","type":"","width":"","height":""}],"twitter_card":"summary_large_image","twitter_misc":{"Tiempo de lectura":"3 minutos"},"schema":{"@context":"https:\/\/schema.org","@graph":[{"@type":"WebPage","@id":"https:\/\/steinemann-cvs.ch\/products\/","url":"https:\/\/steinemann-cvs.ch\/products\/","name":"Soluciones de gesti\u00f3n de residuos textiles - Steinemann CVS","isPartOf":{"@id":"https:\/\/steinemann-cvs.ch\/#website"},"primaryImageOfPage":{"@id":"https:\/\/steinemann-cvs.ch\/products\/#primaryimage"},"image":{"@id":"https:\/\/steinemann-cvs.ch\/products\/#primaryimage"},"thumbnailUrl":"https:\/\/steinemann-cvs.ch\/wp-content\/uploads\/2025\/09\/Manual_Cleaning.png","datePublished":"2025-09-22T12:23:44+00:00","dateModified":"2025-11-05T12:56:23+00:00","description":"Descubra las soluciones de gesti\u00f3n de residuos textiles de Steinemann CVS: producci\u00f3n m\u00e1s limpia, reducci\u00f3n de costes y mejora de la eficacia.","breadcrumb":{"@id":"https:\/\/steinemann-cvs.ch\/products\/#breadcrumb"},"inLanguage":"es","potentialAction":[{"@type":"ReadAction","target":["https:\/\/steinemann-cvs.ch\/products\/"]}]},{"@type":"ImageObject","inLanguage":"es","@id":"https:\/\/steinemann-cvs.ch\/products\/#primaryimage","url":"https:\/\/steinemann-cvs.ch\/wp-content\/uploads\/2025\/09\/Manual_Cleaning.png","contentUrl":"https:\/\/steinemann-cvs.ch\/wp-content\/uploads\/2025\/09\/Manual_Cleaning.png"},{"@type":"BreadcrumbList","@id":"https:\/\/steinemann-cvs.ch\/products\/#breadcrumb","itemListElement":[{"@type":"ListItem","position":1,"name":"Home","item":"https:\/\/steinemann-cvs.ch\/"},{"@type":"ListItem","position":2,"name":"Products"}]},{"@type":"WebSite","@id":"https:\/\/steinemann-cvs.ch\/#website","url":"https:\/\/steinemann-cvs.ch\/","name":"Sistemas de aspiraci\u00f3n centralizada Steinemann","description":"","publisher":{"@id":"https:\/\/steinemann-cvs.ch\/#organization"},"alternateName":"Steinemann CVS","potentialAction":[{"@type":"SearchAction","target":{"@type":"EntryPoint","urlTemplate":"https:\/\/steinemann-cvs.ch\/?s={search_term_string}"},"query-input":{"@type":"PropertyValueSpecification","valueRequired":true,"valueName":"search_term_string"}}],"inLanguage":"es"},{"@type":"Organization","@id":"https:\/\/steinemann-cvs.ch\/#organization","name":"Sistemas de aspiraci\u00f3n centralizada Steinemann","alternateName":"Steinemann CVS","url":"https:\/\/steinemann-cvs.ch\/","logo":{"@type":"ImageObject","inLanguage":"es","@id":"https:\/\/steinemann-cvs.ch\/#\/schema\/logo\/image\/","url":"https:\/\/steinemann-cvs.ch\/wp-content\/uploads\/2025\/12\/CH_Steinemann_CSV_120_CMYK_POS.png","contentUrl":"https:\/\/steinemann-cvs.ch\/wp-content\/uploads\/2025\/12\/CH_Steinemann_CSV_120_CMYK_POS.png","width":674,"height":114,"caption":"Steinemann Central Vacuum Systems"},"image":{"@id":"https:\/\/steinemann-cvs.ch\/#\/schema\/logo\/image\/"},"sameAs":["https:\/\/www.linkedin.com\/company\/steinemann-central-vacuum-systems-cvs","https:\/\/www.youtube.com\/@steinemanncvs"]}]}},"_links":{"self":[{"href":"https:\/\/steinemann-cvs.ch\/es\/wp-json\/wp\/v2\/pages\/21375","targetHints":{"allow":["GET"]}}],"collection":[{"href":"https:\/\/steinemann-cvs.ch\/es\/wp-json\/wp\/v2\/pages"}],"about":[{"href":"https:\/\/steinemann-cvs.ch\/es\/wp-json\/wp\/v2\/types\/page"}],"author":[{"embeddable":true,"href":"https:\/\/steinemann-cvs.ch\/es\/wp-json\/wp\/v2\/users\/1"}],"replies":[{"embeddable":true,"href":"https:\/\/steinemann-cvs.ch\/es\/wp-json\/wp\/v2\/comments?post=21375"}],"version-history":[{"count":23,"href":"https:\/\/steinemann-cvs.ch\/es\/wp-json\/wp\/v2\/pages\/21375\/revisions"}],"predecessor-version":[{"id":21629,"href":"https:\/\/steinemann-cvs.ch\/es\/wp-json\/wp\/v2\/pages\/21375\/revisions\/21629"}],"wp:attachment":[{"href":"https:\/\/steinemann-cvs.ch\/es\/wp-json\/wp\/v2\/media?parent=21375"}],"curies":[{"name":"wp","href":"https:\/\/api.w.org\/{rel}","templated":true}]}}