{"id":3,"date":"2025-09-16T06:43:19","date_gmt":"2025-09-16T06:43:19","guid":{"rendered":"https:\/\/steinemann-cvs.ch\/?page_id=3"},"modified":"2025-09-23T12:34:32","modified_gmt":"2025-09-23T12:34:32","slug":"datenschutzbestimmungen","status":"publish","type":"page","link":"https:\/\/steinemann-cvs.ch\/de\/privacy-policy\/","title":{"rendered":"Datenschutzbestimmungen"},"content":{"rendered":"<p>f\u00fcr die Website und Kunden der ConVacc AG<\/p>\n\n\n\n<p><\/p>\n\n\n\n<p>Mit dieser Datenschutzerkl\u00e4rung beschreiben wir, die ConVacc AG mit Sitz in Flawil, wie wir Ihre personenbezogenen Daten verarbeiten, wenn Sie unsere Website nutzen, unsere Produkte kaufen, unsere Dienstleistungen in Anspruch nehmen, anderweitig mit uns im Rahmen eines Vertrages verbunden sind oder mit uns kommunizieren.<\/p>\n\n\n\n<p>Wenn Sie uns Daten \u00fcber andere Personen (z. B. Familienangeh\u00f6rige, Mitarbeiter, Kollegen usw.) zur Verf\u00fcgung stellen, gehen wir davon aus, dass Sie dazu berechtigt sind, dass diese Daten richtig sind und dass wir sie wie hier beschrieben verarbeiten d\u00fcrfen. Indem Sie Daten Dritter \u00fcbermitteln, best\u00e4tigen Sie dies. Bitte vergewissern Sie sich auch, dass diese Dritten \u00fcber diese Datenschutzrichtlinie informiert wurden.<\/p>\n\n\n\n<p>Der Schutz Ihrer Privatsph\u00e4re ist f\u00fcr uns ein wichtiges Anliegen. Wir bearbeiten Ihre Daten ausschliesslich im Einklang mit dem Schweizerischen Datenschutzgesetz.<\/p>\n\n\n\n<p><\/p>\n\n\n\n<h4 class=\"wp-block-heading\">1. Wer ist f\u00fcr die Verarbeitung Ihrer personenbezogenen Daten verantwortlich?<\/h4>\n\n\n\n<p>Verantwortlich f\u00fcr die in dieser Datenschutzerkl\u00e4rung beschriebenen Datenverarbeitungen ist die ConVacc AG, Wilerstrasse 2180, 9230 Flawil, sofern im Einzelfall nichts anderes mitgeteilt wird.<\/p>\n\n\n\n<p>Wenn Sie Fragen zu unserem Umgang mit personenbezogenen Daten oder anderen Datenschutzbelangen haben, wenden Sie sich bitte an uns:<\/p>\n\n\n\n<p>ConVacc AG<br>Marco Biser<br>Wilerstrasse 2180<br>9230 Flawil<br><a>privacy@steinemanngroup.com<\/a><\/p>\n\n\n\n<p><\/p>\n\n\n\n<h4 class=\"wp-block-heading\">2. Welche personenbezogenen Daten verarbeiten wir und zu welchem Zweck?<\/h4>\n\n\n\n<p><\/p>\n\n\n\n<p><strong>2.1 Website<\/strong><br>Wenn Sie unsere Website besuchen, verarbeiten wir folgende Zugriffsdaten: besuchte Website, Uhrzeit des Zugriffs, Quelle\/Referrer, verwendeter Browser, verwendetes Betriebssystem und IP-Adresse. Dies geschieht, um die Nutzung der Website zu erm\u00f6glichen (Verbindungsaufbau), die Systemsicherheit und -stabilit\u00e4t zu gew\u00e4hrleisten, das Online-Angebot zu optimieren und f\u00fcr interne statistische Zwecke.<\/p>\n\n\n\n<p><\/p>\n\n\n\n<p><strong>2.2 Verkaufsprozess<\/strong><br>Wenn Sie in den Verkaufsprozess mit uns eintreten, verarbeiten wir:<\/p>\n\n\n\n<ul class=\"wp-block-list\">\n<li>Anrede, Vorname, Nachname, Geschlecht, Geburtsdatum<\/li>\n\n\n\n<li>Adresse, E-Mail-Adresse, Telefonnummer und andere Kontaktinformationen<\/li>\n\n\n\n<li>Informationen \u00fcber Berufsbezeichnungen und Funktionen in Unternehmen (f\u00fcr Ansprechpartner und Vertreter unserer Gesch\u00e4ftspartner)<\/li>\n\n\n\n<li>Zahlungsinformationen (z. B. gespeicherte Zahlungsarten, Bankverbindung, Rechnungsadresse)<\/li>\n\n\n\n<li>Informationen \u00fcber die Nutzung unserer Online-Plattformen (z. B. Webshop-Registrierung)<\/li>\n\n\n\n<li>Vorlieben und Interessen, Spracheinstellungen usw.<\/li>\n\n\n\n<li>Informationen \u00fcber Ihre Beziehung zu uns (Kunde, Besucher, Lieferant, usw.)<\/li>\n\n\n\n<li>Informationen \u00fcber verbundene Dritte (z. B. Ansprechpartner, Beg\u00fcnstigte, Vertreter)<\/li>\n\n\n\n<li>Marketing-Einstellungen, Newsletter-Abonnements usw.<\/li>\n\n\n\n<li>Teilnahme an Wettbewerben, Veranstaltungen, Verlosungen<\/li>\n\n\n\n<li>Datum und Uhrzeit der Anmeldungen<\/li>\n<\/ul>\n\n\n\n<p>Ziele: Sicherstellung des Gesch\u00e4ftsbetriebs und der Kundenbetreuung vor Ort und im Back-Office, einschlie\u00dflich Anbahnung, Verwaltung und Abwicklung von Vertragsbeziehungen, Ermittlung von Kundenbed\u00fcrfnissen, Durchf\u00fchrung von Marketingaktivit\u00e4ten und Treueprogrammen sowie Durchsetzung vertraglicher Anspr\u00fcche (Inkasso, Rechtsstreitigkeiten usw.).<\/p>\n\n\n\n<p><\/p>\n\n\n\n<p><strong>2.3 Marketingaktivit\u00e4ten<\/strong><br>Wir verarbeiten personenbezogene Daten f\u00fcr Beziehungsmanagement und Marketing, z. B. um Ihnen schriftliche und elektronische Mitteilungen und Angebote zukommen zu lassen und Marketingkampagnen durchzuf\u00fchren. Mitteilungen und Angebote k\u00f6nnen personalisiert werden, um nur relevante Informationen zu liefern, wobei Stamm-, Vertrags-, Kommunikations- und Transaktionsdaten verwendet werden. Beispiele hierf\u00fcr sind:<\/p>\n\n\n\n<ul class=\"wp-block-list\">\n<li>Newsletters, Werbe-E-Mails und andere elektronische Nachrichten<\/li>\n\n\n\n<li>Brosch\u00fcren, Zeitschriften und gedrucktes Material<\/li>\n\n\n\n<li>Verteilung von Werbegutscheinen und Codes<\/li>\n\n\n\n<li>Einladungen zu Veranstaltungen, Wettbewerben und Verlosungen<\/li>\n<\/ul>\n\n\n\n<p><\/p>\n\n\n\n<p><strong>2.4 Lieferkette<\/strong><br>Wenn Sie als Lieferant auftreten, verarbeiten wir Ihren Namen, Ihre Kontaktdaten, Ihr Unternehmen und Ihre Position f\u00fcr den Gesch\u00e4ftsbetrieb, die Kommunikation (z. B. Produktspezifikationen, Lieferstatus), die Auftragsabwicklung und die Durchsetzung vertraglicher Anspr\u00fcche.<\/p>\n\n\n\n<p><\/p>\n\n\n\n<p><strong>2.5 Anwerbung<\/strong><br>Wenn Sie uns per E-Mail oder \u00fcber unsere Rekrutierungsplattform kontaktieren und Ihren Lebenslauf und\/oder andere Bewerbungsunterlagen einreichen, verarbeiten wir Ihre Daten, um Bewerbungen zu bewerten und zu verwalten und die Eignung f\u00fcr ausgeschriebene Stellen oder zuk\u00fcnftige Karrierem\u00f6glichkeiten zu beurteilen.<\/p>\n\n\n\n<p><\/p>\n\n\n\n<p><strong>2.6 Besch\u00e4ftigungsverh\u00e4ltnis<\/strong><br>Wenn Sie ein Arbeitsverh\u00e4ltnis mit der ConVacc AG eingehen, verarbeiten wir alle relevanten personenbezogenen Daten, die f\u00fcr das Arbeitsverh\u00e4ltnis erforderlich sind, einschlie\u00dflich Kontaktdaten, Familienstand, steuerlich relevante Informationen, Bankverbindungen und m\u00f6gliche Inkasso- oder Strafregisterausz\u00fcge. Zwecke: um eine korrekte Verwaltung des Arbeitsverh\u00e4ltnisses, der Sozialversicherung, der Bearbeitung der Quellensteuer, der Familienzulagen und der Lohnabrechnung zu gew\u00e4hrleisten.<\/p>\n\n\n\n<p><\/p>\n\n\n\n<p><strong>2.7 Standortzugang in Flawil<\/strong><br>Wenn Sie unser Gel\u00e4nde mit einem Fahrzeug betreten, kann eine kurze Videoaufnahme Ihr Gesicht und\/oder Ihr Nummernschild erfassen. Zweck: automatisierter Zugang zum Gel\u00e4nde f\u00fcr autorisierte Personen und Sicherheit. Die Aufzeichnungen werden nach einer (1) Woche automatisch gel\u00f6scht.<\/p>\n\n\n\n<p><\/p>\n\n\n\n<h4 class=\"wp-block-heading\">3. Mit wem teilen wir Ihre pers\u00f6nlichen Daten?<\/h4>\n\n\n\n<p>Wir geben personenbezogene Daten nicht ohne Zustimmung an Dritte weiter, es sei denn, dies ist f\u00fcr die Abwicklung von Auftr\u00e4gen, die Erf\u00fcllung von Vertr\u00e4gen oder die in dieser Datenschutzrichtlinie beschriebenen Zwecke erforderlich. Dies kann externe Berater, Experten, Pr\u00fcfer oder Beh\u00f6rden einschlie\u00dfen.<\/p>\n\n\n\n<p>Wir k\u00f6nnen Daten auch an Auftragsverarbeiter weitergeben, insbesondere an IT-Dienstleister, Plattformanbieter oder andere Dienstleister, die uns bei der Erf\u00fcllung der oben genannten Zwecke unterst\u00fctzen.<\/p>\n\n\n\n<p><\/p>\n\n\n\n<h4 class=\"wp-block-heading\">4. Werden Ihre personenbezogenen Daten ins Ausland \u00fcbermittelt?<\/h4>\n\n\n\n<p>Im Zusammenhang mit der Auftragsabwicklung, Vertr\u00e4gen oder den in dieser Datenschutzerkl\u00e4rung beschriebenen Zwecken k\u00f6nnen wir Daten an Empf\u00e4nger ausserhalb der Schweiz \u00fcbermitteln. Die \u00dcbermittlung ins Ausland kann mit ausl\u00e4ndischen Dienstleistern, Beh\u00f6rden oder Partnern erfolgen. Je nach Kontext k\u00f6nnen Ihre Daten sowohl in der Schweiz als auch in anderen europ\u00e4ischen L\u00e4ndern bearbeitet werden.<\/p>\n\n\n\n<p><\/p>\n\n\n\n<h4 class=\"wp-block-heading\">5. Welche Rechte haben Sie?<\/h4>\n\n\n\n<p>Die betroffenen Personen haben das Recht, Zugang zu ihren Daten, deren Berichtigung oder L\u00f6schung zu verlangen.<\/p>\n\n\n\n<p>Beruht die Verarbeitung auf einer Einwilligung, so kann diese jederzeit mit Wirkung f\u00fcr die Zukunft widerrufen werden.<\/p>\n\n\n\n<p>Anfragen k\u00f6nnen an die unter Ziffer 1 genannte Kontaktperson gerichtet werden. Wir bearbeiten die Anfragen im Einklang mit dem schweizerischen Datenschutzrecht und k\u00f6nnen sie gem\u00e4ss den gesetzlichen Bestimmungen ablehnen oder einschr\u00e4nken.<\/p>\n\n\n\n<p><\/p>\n\n\n\n<h4 class=\"wp-block-heading\">6. Cookies<\/h4>\n\n\n\n<p>Wir verwenden Cookies auf unserer Website. Cookies sind kleine Textdateien, die auf Ihrem Ger\u00e4t gespeichert werden.<\/p>\n\n\n\n<p>Wir verwenden Cookies, um das ordnungsgem\u00e4\u00dfe Funktionieren der Website zu gew\u00e4hrleisten, die Nutzung zu \u00fcberwachen und Pr\u00e4ferenzen zu ermitteln (z. B. um die Website in der von Ihnen gew\u00e4hlten Sprache anzuzeigen).<\/p>\n\n\n\n<p>Die meisten Browser sind so vorkonfiguriert, dass sie Cookies automatisch akzeptieren. Sie k\u00f6nnen sie in den Einstellungen Ihres Browsers deaktivieren.<\/p>\n\n\n\n<p><\/p>\n\n\n\n<h4 class=\"wp-block-heading\">7. Kann diese Datenschutzrichtlinie ge\u00e4ndert werden?<\/h4>\n\n\n\n<p>Diese Datenschutzrichtlinie kann von Zeit zu Zeit aktualisiert werden, z. B. wenn sich Gesetze \u00e4ndern oder wenn wir unsere Datenverarbeitung anpassen. Wir werden Sie in angemessener Weise \u00fcber \u00c4nderungen informieren (z. B. durch Ver\u00f6ffentlichung auf der Website oder per E-Mail). Die neue Version wird mit der Ver\u00f6ffentlichung auf unserer Website verbindlich.<\/p>\n\n\n\n<p><\/p>\n\n\n\n<p><strong>Version: September 2023<\/strong><\/p>","protected":false},"excerpt":{"rendered":"<p>for the website and customers of ConVacc AG With this Privacy Policy, we, ConVacc AG, based in Flawil, describe how we process your personal data when you use our website, purchase our products, use our services, are otherwise connected with us in the context of a contract, or communicate with us. If you provide us [&hellip;]<\/p>\n","protected":false},"author":1,"featured_media":0,"parent":0,"menu_order":0,"comment_status":"closed","ping_status":"closed","template":"","meta":{"footnotes":""},"class_list":["post-3","page","type-page","status-publish","hentry"],"yoast_head":"<!-- This site is optimized with the Yoast SEO plugin v27.4 - https:\/\/yoast.com\/product\/yoast-seo-wordpress\/ -->\n<title>Privacy Policy - Steinemann CVS<\/title>\n<meta name=\"robots\" content=\"noindex, nofollow\" \/>\n<meta property=\"og:locale\" content=\"de_DE\" \/>\n<meta property=\"og:type\" content=\"article\" \/>\n<meta property=\"og:title\" content=\"Privacy Policy - Steinemann CVS\" \/>\n<meta property=\"og:description\" content=\"for the website and customers of ConVacc AG With this Privacy Policy, we, ConVacc AG, based in Flawil, describe how we process your personal data when you use our website, purchase our products, use our services, are otherwise connected with us in the context of a contract, or communicate with us. If you provide us [&hellip;]\" \/>\n<meta property=\"og:url\" content=\"https:\/\/steinemann-cvs.ch\/de\/datenschutzbestimmungen\/\" \/>\n<meta property=\"og:site_name\" content=\"Steinemann CVS\" \/>\n<meta property=\"article:modified_time\" content=\"2025-09-23T12:34:32+00:00\" \/>\n<meta property=\"og:image\" content=\"https:\/\/steinemann-cvs.ch\/wp-content\/uploads\/2025\/09\/STE_CVS_CH_RGB_POS-1.png\" \/>\n\t<meta property=\"og:image:width\" content=\"2101\" \/>\n\t<meta property=\"og:image:height\" content=\"2101\" \/>\n\t<meta property=\"og:image:type\" content=\"image\/png\" \/>\n<meta name=\"twitter:card\" content=\"summary_large_image\" \/>\n<meta name=\"twitter:label1\" content=\"Gesch\u00e4tzte Lesezeit\" \/>\n\t<meta name=\"twitter:data1\" content=\"5\u00a0Minuten\" \/>\n<script type=\"application\/ld+json\" class=\"yoast-schema-graph\">{\"@context\":\"https:\\\/\\\/schema.org\",\"@graph\":[{\"@type\":\"WebPage\",\"@id\":\"https:\\\/\\\/steinemann-cvs.ch\\\/privacy-policy\\\/\",\"url\":\"https:\\\/\\\/steinemann-cvs.ch\\\/privacy-policy\\\/\",\"name\":\"Privacy Policy - Steinemann CVS\",\"isPartOf\":{\"@id\":\"https:\\\/\\\/steinemann-cvs.ch\\\/#website\"},\"datePublished\":\"2025-09-16T06:43:19+00:00\",\"dateModified\":\"2025-09-23T12:34:32+00:00\",\"breadcrumb\":{\"@id\":\"https:\\\/\\\/steinemann-cvs.ch\\\/privacy-policy\\\/#breadcrumb\"},\"inLanguage\":\"de\",\"potentialAction\":[{\"@type\":\"ReadAction\",\"target\":[\"https:\\\/\\\/steinemann-cvs.ch\\\/privacy-policy\\\/\"]}]},{\"@type\":\"BreadcrumbList\",\"@id\":\"https:\\\/\\\/steinemann-cvs.ch\\\/privacy-policy\\\/#breadcrumb\",\"itemListElement\":[{\"@type\":\"ListItem\",\"position\":1,\"name\":\"Home\",\"item\":\"https:\\\/\\\/steinemann-cvs.ch\\\/\"},{\"@type\":\"ListItem\",\"position\":2,\"name\":\"Privacy Policy\"}]},{\"@type\":\"WebSite\",\"@id\":\"https:\\\/\\\/steinemann-cvs.ch\\\/#website\",\"url\":\"https:\\\/\\\/steinemann-cvs.ch\\\/\",\"name\":\"Steinemann Central Vacuum Systems\",\"description\":\"\",\"publisher\":{\"@id\":\"https:\\\/\\\/steinemann-cvs.ch\\\/#organization\"},\"alternateName\":\"Steinemann CVS\",\"potentialAction\":[{\"@type\":\"SearchAction\",\"target\":{\"@type\":\"EntryPoint\",\"urlTemplate\":\"https:\\\/\\\/steinemann-cvs.ch\\\/?s={search_term_string}\"},\"query-input\":{\"@type\":\"PropertyValueSpecification\",\"valueRequired\":true,\"valueName\":\"search_term_string\"}}],\"inLanguage\":\"de\"},{\"@type\":\"Organization\",\"@id\":\"https:\\\/\\\/steinemann-cvs.ch\\\/#organization\",\"name\":\"Steinemann Central Vacuum Systems\",\"alternateName\":\"Steinemann CVS\",\"url\":\"https:\\\/\\\/steinemann-cvs.ch\\\/\",\"logo\":{\"@type\":\"ImageObject\",\"inLanguage\":\"de\",\"@id\":\"https:\\\/\\\/steinemann-cvs.ch\\\/#\\\/schema\\\/logo\\\/image\\\/\",\"url\":\"https:\\\/\\\/steinemann-cvs.ch\\\/wp-content\\\/uploads\\\/2025\\\/12\\\/CH_Steinemann_CSV_120_CMYK_POS.png\",\"contentUrl\":\"https:\\\/\\\/steinemann-cvs.ch\\\/wp-content\\\/uploads\\\/2025\\\/12\\\/CH_Steinemann_CSV_120_CMYK_POS.png\",\"width\":674,\"height\":114,\"caption\":\"Steinemann Central Vacuum Systems\"},\"image\":{\"@id\":\"https:\\\/\\\/steinemann-cvs.ch\\\/#\\\/schema\\\/logo\\\/image\\\/\"},\"sameAs\":[\"https:\\\/\\\/www.linkedin.com\\\/company\\\/steinemann-central-vacuum-systems-cvs\",\"https:\\\/\\\/www.youtube.com\\\/@steinemanncvs\"]}]}<\/script>\n<!-- \/ Yoast SEO plugin. -->","yoast_head_json":{"title":"Datenschutzrichtlinie - Steinemann CVS","robots":{"index":"noindex","follow":"nofollow"},"og_locale":"de_DE","og_type":"article","og_title":"Privacy Policy - Steinemann CVS","og_description":"for the website and customers of ConVacc AG With this Privacy Policy, we, ConVacc AG, based in Flawil, describe how we process your personal data when you use our website, purchase our products, use our services, are otherwise connected with us in the context of a contract, or communicate with us. If you provide us [&hellip;]","og_url":"https:\/\/steinemann-cvs.ch\/de\/datenschutzbestimmungen\/","og_site_name":"Steinemann CVS","article_modified_time":"2025-09-23T12:34:32+00:00","og_image":[{"width":2101,"height":2101,"url":"https:\/\/steinemann-cvs.ch\/wp-content\/uploads\/2025\/09\/STE_CVS_CH_RGB_POS-1.png","type":"image\/png"}],"twitter_card":"summary_large_image","twitter_misc":{"Gesch\u00e4tzte Lesezeit":"5\u00a0Minuten"},"schema":{"@context":"https:\/\/schema.org","@graph":[{"@type":"WebPage","@id":"https:\/\/steinemann-cvs.ch\/privacy-policy\/","url":"https:\/\/steinemann-cvs.ch\/privacy-policy\/","name":"Datenschutzrichtlinie - Steinemann CVS","isPartOf":{"@id":"https:\/\/steinemann-cvs.ch\/#website"},"datePublished":"2025-09-16T06:43:19+00:00","dateModified":"2025-09-23T12:34:32+00:00","breadcrumb":{"@id":"https:\/\/steinemann-cvs.ch\/privacy-policy\/#breadcrumb"},"inLanguage":"de","potentialAction":[{"@type":"ReadAction","target":["https:\/\/steinemann-cvs.ch\/privacy-policy\/"]}]},{"@type":"BreadcrumbList","@id":"https:\/\/steinemann-cvs.ch\/privacy-policy\/#breadcrumb","itemListElement":[{"@type":"ListItem","position":1,"name":"Home","item":"https:\/\/steinemann-cvs.ch\/"},{"@type":"ListItem","position":2,"name":"Privacy Policy"}]},{"@type":"WebSite","@id":"https:\/\/steinemann-cvs.ch\/#website","url":"https:\/\/steinemann-cvs.ch\/","name":"Steinemann Zentrale Vakuumanlagen","description":"","publisher":{"@id":"https:\/\/steinemann-cvs.ch\/#organization"},"alternateName":"Steinemann CVS","potentialAction":[{"@type":"SearchAction","target":{"@type":"EntryPoint","urlTemplate":"https:\/\/steinemann-cvs.ch\/?s={search_term_string}"},"query-input":{"@type":"PropertyValueSpecification","valueRequired":true,"valueName":"search_term_string"}}],"inLanguage":"de"},{"@type":"Organization","@id":"https:\/\/steinemann-cvs.ch\/#organization","name":"Steinemann Zentrale Vakuumanlagen","alternateName":"Steinemann CVS","url":"https:\/\/steinemann-cvs.ch\/","logo":{"@type":"ImageObject","inLanguage":"de","@id":"https:\/\/steinemann-cvs.ch\/#\/schema\/logo\/image\/","url":"https:\/\/steinemann-cvs.ch\/wp-content\/uploads\/2025\/12\/CH_Steinemann_CSV_120_CMYK_POS.png","contentUrl":"https:\/\/steinemann-cvs.ch\/wp-content\/uploads\/2025\/12\/CH_Steinemann_CSV_120_CMYK_POS.png","width":674,"height":114,"caption":"Steinemann Central Vacuum Systems"},"image":{"@id":"https:\/\/steinemann-cvs.ch\/#\/schema\/logo\/image\/"},"sameAs":["https:\/\/www.linkedin.com\/company\/steinemann-central-vacuum-systems-cvs","https:\/\/www.youtube.com\/@steinemanncvs"]}]}},"_links":{"self":[{"href":"https:\/\/steinemann-cvs.ch\/de\/wp-json\/wp\/v2\/pages\/3","targetHints":{"allow":["GET"]}}],"collection":[{"href":"https:\/\/steinemann-cvs.ch\/de\/wp-json\/wp\/v2\/pages"}],"about":[{"href":"https:\/\/steinemann-cvs.ch\/de\/wp-json\/wp\/v2\/types\/page"}],"author":[{"embeddable":true,"href":"https:\/\/steinemann-cvs.ch\/de\/wp-json\/wp\/v2\/users\/1"}],"replies":[{"embeddable":true,"href":"https:\/\/steinemann-cvs.ch\/de\/wp-json\/wp\/v2\/comments?post=3"}],"version-history":[{"count":4,"href":"https:\/\/steinemann-cvs.ch\/de\/wp-json\/wp\/v2\/pages\/3\/revisions"}],"predecessor-version":[{"id":21321,"href":"https:\/\/steinemann-cvs.ch\/de\/wp-json\/wp\/v2\/pages\/3\/revisions\/21321"}],"wp:attachment":[{"href":"https:\/\/steinemann-cvs.ch\/de\/wp-json\/wp\/v2\/media?parent=3"}],"curies":[{"name":"wp","href":"https:\/\/api.w.org\/{rel}","templated":true}]}}