{"id":21407,"date":"2025-09-22T12:53:18","date_gmt":"2025-09-22T12:53:18","guid":{"rendered":"https:\/\/steinemann-cvs.ch\/?page_id=21407"},"modified":"2025-11-05T12:40:36","modified_gmt":"2025-11-05T12:40:36","slug":"konfektionslosungen","status":"publish","type":"page","link":"https:\/\/steinemann-cvs.ch\/de\/confection-solutions\/","title":{"rendered":"Konfektionsl\u00f6sungen"},"content":{"rendered":"<div data-elementor-type=\"wp-page\" data-elementor-id=\"21407\" class=\"elementor elementor-21407\">\n\t\t\t\t\t\t\t<div class=\"elementor-element elementor-element-ea9237f e-flex e-con-boxed e-con e-parent\" data-id=\"ea9237f\" data-element_type=\"container\">\r\n\t\t\t\t\t\t\t<div class=\"e-con-inner\">\r\n\t\t\t\t\t\t<div class=\"elementor-element elementor-element-4299853 elementor-widget elementor-widget-udesign_widget_heading\" data-id=\"4299853\" data-element_type=\"widget\" data-widget_type=\"udesign_widget_heading.default\">\n\t\t\t\t\t<div class=\"title-wrapper  title-center\"><div class=\"title elementor-heading-title\">Warum Steinemann CVS w\u00e4hlen?<\/div><\/div>\t\t\t\t<\/div>\n\t\t\t\t<div class=\"elementor-element elementor-element-10930eb elementor-widget__width-initial elementor-widget-mobile__width-initial elementor-widget-tablet__width-initial elementor-widget elementor-widget-udesign_widget_heading\" data-id=\"10930eb\" data-element_type=\"widget\" data-widget_type=\"udesign_widget_heading.default\">\n\t\t\t\t\t<div class=\"title-wrapper  title-center\"><h2 class=\"title elementor-heading-title\">Konfektionsl\u00f6sungen<\/h2><\/div>\t\t\t\t<\/div>\n\t\t\t\t<div class=\"elementor-element elementor-element-f6d0787 elementor-widget elementor-widget-text-editor\" data-id=\"f6d0787\" data-element_type=\"widget\" data-widget_type=\"text-editor.default\">\n\t\t\t\t\t\t\t\t\t<p data-start=\"403\" data-end=\"724\">In der Textilveredlungs- und Steppdeckenproduktion fallen neben den Produkten auch erhebliche Mengen an Abfall an. Bei unsachgem\u00e4\u00dfer Handhabung k\u00f6nnen diese Abf\u00e4lle Halbfertigprodukte verunreinigen, die Produktion st\u00f6ren und zu kostspieligen Ausfallzeiten f\u00fchren. Die manuelle Handhabung von Abf\u00e4llen ist ineffizient und erh\u00f6ht das Risiko von Problemen mit der Produktqualit\u00e4t.<\/p><p data-start=\"726\" data-end=\"1054\">Mit Steinemann Central Vacuum Systems (CVS) f\u00fcr S\u00fcsswarenl\u00f6sungen werden Abf\u00e4lle automatisch gesammelt, transportiert, gefiltert und verdichtet - f\u00fcr eine saubere, sichere und zuverl\u00e4ssige Produktionsumgebung. Dieser vollautomatische Prozess macht manuelle Eingriffe \u00fcberfl\u00fcssig, minimiert das Kontaminationsrisiko und steigert die Gesamtproduktivit\u00e4t.<\/p><p data-start=\"1056\" data-end=\"1278\">Mitarbeiterin beim N\u00e4hen von Textilien mit Unterst\u00fctzung von Steinemann CVS Confection Solutions f\u00fcr eine saubere und effiziente Produktion.<br data-start=\"1166\" data-end=\"1169\" \/>Arbeiter mit Steinemann Zentralstaubsauger in Konfektionsl\u00f6sungen f\u00fcr effizientes Textilabfallhandling.<\/p>\t\t\t\t\t\t\t\t<\/div>\n\t\t\t\t<div class=\"elementor-element elementor-element-e5d2303 elementor-widget elementor-widget-udesign_widget_imagegallery\" data-id=\"e5d2303\" data-element_type=\"widget\" data-widget_type=\"udesign_widget_imagegallery.default\">\n\t\t\t\t<div class=\"elementor-widget-container\">\n\t\t\t\t\t\r\n<ul class=\"image-gallery use_lightbox row cols-lg-2 cols-md-2 cols-sm-1 cols-1\">\r\n\t<li class=\"\">\t\t<div class=\"image-gallery-item\">\r\n\t\t<a href=\"https:\/\/steinemann-cvs.ch\/wp-content\/uploads\/2025\/09\/Confection_Solutions.png\" aria-label=\"Galeri Gambar\" data-no-translation-aria-label=\"\"><\/a>\t\t<figure class=\"grid-item image-wrap\">\r\n\t\t\t<img fetchpriority=\"high\" decoding=\"async\" width=\"1200\" height=\"1200\" src=\"https:\/\/steinemann-cvs.ch\/wp-content\/uploads\/2025\/09\/Confection_Solutions.png\" class=\"attachment-full size-full\" alt=\"Mitarbeiterin beim N\u00e4hen von Textilien mit Unterst\u00fctzung von Steinemann CVS Confection Solutions f\u00fcr eine saubere und effiziente Produktion.\" srcset=\"https:\/\/steinemann-cvs.ch\/wp-content\/uploads\/2025\/09\/Confection_Solutions.png 1200w, https:\/\/steinemann-cvs.ch\/wp-content\/uploads\/2025\/09\/Confection_Solutions-1024x1024.png 1024w, https:\/\/steinemann-cvs.ch\/wp-content\/uploads\/2025\/09\/Confection_Solutions-768x768.png 768w\" sizes=\"(max-width: 1200px) 100vw, 1200px\" \/>\t\t<\/figure>\r\n\t\t<\/div>\r\n\t\t<\/li><li class=\"\">\t\t<div class=\"image-gallery-item\">\r\n\t\t<a href=\"https:\/\/steinemann-cvs.ch\/wp-content\/uploads\/2025\/09\/Confection_Solutions_working.png\" aria-label=\"Galeri Gambar\" data-no-translation-aria-label=\"\"><\/a>\t\t<figure class=\"grid-item image-wrap\">\r\n\t\t\t<img decoding=\"async\" width=\"1200\" height=\"1200\" src=\"https:\/\/steinemann-cvs.ch\/wp-content\/uploads\/2025\/09\/Confection_Solutions_working.png\" class=\"attachment-full size-full\" alt=\"Arbeiter mit Steinemann Zentralstaubsauger in Konfektionsl\u00f6sungen f\u00fcr effizientes Textilabfallhandling.\" srcset=\"https:\/\/steinemann-cvs.ch\/wp-content\/uploads\/2025\/09\/Confection_Solutions_working.png 1200w, https:\/\/steinemann-cvs.ch\/wp-content\/uploads\/2025\/09\/Confection_Solutions_working-1024x1024.png 1024w, https:\/\/steinemann-cvs.ch\/wp-content\/uploads\/2025\/09\/Confection_Solutions_working-768x768.png 768w\" sizes=\"(max-width: 1200px) 100vw, 1200px\" \/>\t\t<\/figure>\r\n\t\t<\/div>\r\n\t\t<\/li><\/ul>\r\n\r\n\t\t\t\t\t<\/div>\n\t\t\t\t<\/div>\n\t\t\t\t<div class=\"elementor-element elementor-element-d4c3ba8 elementor-widget elementor-widget-text-editor\" data-id=\"d4c3ba8\" data-element_type=\"widget\" data-widget_type=\"text-editor.default\">\n\t\t\t\t\t\t\t\t\t<h3 data-start=\"845\" data-end=\"876\">\u00a0<\/h3><h3 data-start=\"812\" data-end=\"842\">Nachgewiesene Kundenergebnisse:<\/h3><ul data-start=\"843\" data-end=\"1071\"><li data-start=\"843\" data-end=\"921\"><p data-start=\"845\" data-end=\"921\"><strong data-start=\"845\" data-end=\"878\">Bis zu 16% h\u00f6here Produktivit\u00e4t<\/strong> durch geringere Produktionsunterbrechungen<\/p><\/li><li data-start=\"922\" data-end=\"1008\"><p data-start=\"924\" data-end=\"1008\"><strong data-start=\"924\" data-end=\"960\">Vollst\u00e4ndig automatisierter Abfallprozess<\/strong>Sammlung, Transport, Filterung, Verdichtung<\/p><\/li><li data-start=\"1009\" data-end=\"1071\"><p data-start=\"1011\" data-end=\"1071\"><strong data-start=\"1011\" data-end=\"1033\">Sauberere Arbeitspl\u00e4tze<\/strong> mit verbesserter Sicherheit und Effizienz<\/p><\/li><\/ul><h3 data-start=\"1073\" data-end=\"1097\">Vorteile des Systems:<\/h3><ul data-start=\"1098\" data-end=\"1256\"><li data-start=\"1098\" data-end=\"1148\"><p data-start=\"1100\" data-end=\"1148\">Geringer Energieverbrauch und minimale Wartung<\/p><\/li><li data-start=\"1149\" data-end=\"1197\"><p data-start=\"1151\" data-end=\"1197\">Einfacher Einbau in kompakte Rohrleitungsnetze<\/p><\/li><li data-start=\"1198\" data-end=\"1256\"><p data-start=\"1200\" data-end=\"1256\">Jederzeit erweiterbar und an die Kundenbed\u00fcrfnisse anpassbar<\/p><\/li><\/ul><p>Dar\u00fcber hinaus sind die Steinemann CVS-Konfektionsl\u00f6sungen auf die wachsenden Anforderungen der modernen Textilherstellung ausgerichtet. Die modulare Systemkonfiguration erm\u00f6glicht eine nahtlose Integration in neue und bestehende Produktionslinien, unabh\u00e4ngig von Gr\u00f6\u00dfe und Layout. Moderne Steuereinheiten \u00fcberwachen kontinuierlich die Systemleistung und sorgen f\u00fcr einen stabilen Saugdruck und maximale Betriebssicherheit. Dies f\u00fchrt zu reibungsloseren Arbeitsabl\u00e4ufen, geringeren Ger\u00e4uschpegeln und gleichbleibend sauberen Produktionsbereichen. Dar\u00fcber hinaus tr\u00e4gt die effiziente Trennung und Verdichtung von Textilabf\u00e4llen zu geringeren Entsorgungskosten und einer verbesserten Wiederverwertbarkeit bei und unterst\u00fctzt damit nachhaltige Produktionsverfahren. Die Kunden profitieren nicht nur von einer saubereren Umgebung, sondern auch von einer l\u00e4ngeren Lebensdauer der Ger\u00e4te und einer h\u00f6heren Mitarbeiterzufriedenheit durch sicherere, ergonomischere Arbeitspl\u00e4tze.<\/p><p data-start=\"1378\" data-end=\"1548\">\ud83d\udc49 <a href=\"https:\/\/steinemann-cvs.ch\/de\/kontaktieren-sie-uns\/\"><strong data-start=\"1381\" data-end=\"1401\">Kontaktieren Sie uns heute<\/strong><\/a> und erfahren Sie, wie Sie mit Steinemann CVS Konfektionsl\u00f6sungen Ihre Produktivit\u00e4t steigern, die Produktqualit\u00e4t gew\u00e4hrleisten und ein sichereres Arbeitsumfeld schaffen k\u00f6nnen.<\/p>\t\t\t\t\t\t\t\t<\/div>\n\t\t\t\t<div class=\"elementor-element elementor-element-65f1339 elementor-widget elementor-widget-udesign_widget_button\" data-id=\"65f1339\" data-element_type=\"widget\" data-widget_type=\"udesign_widget_button.default\">\n\t\t\t\t\t<a class=\"btn btn-md btn-primary btn-icon btn-icon-left\" href=\"https:\/\/steinemann-cvs.ch\/de\/produkte\/\" ><i class=\"fas fa-arrow-left\"><\/i><span >Zur\u00fcckgehen<\/span><\/a>\t\t\t\t<\/div>\n\t\t\t\t<div class=\"elementor-element elementor-element-02b5feb elementor-widget elementor-widget-spacer\" data-id=\"02b5feb\" data-element_type=\"widget\" data-widget_type=\"spacer.default\">\n\t\t\t\t\t\t\t<div class=\"elementor-spacer\">\n\t\t\t<div class=\"elementor-spacer-inner\"><\/div>\n\t\t<\/div>\n\t\t\t\t\t\t<\/div>\n\t\t\t\t\t\t<\/div>\r\n\t\t\t\t\r\n\t\t\t<\/div>\r\n\t\t\t\t\t\t<div class=\"elementor-element elementor-element-f400ee2 e-flex e-con-boxed e-con e-parent\" data-id=\"f400ee2\" data-element_type=\"container\">\r\n\t\t\t\t\t\t\t<div class=\"e-con-inner\">\r\n\t\t\t\t\t\t<div class=\"elementor-element elementor-element-016410d elementor-widget elementor-widget-udesign_widget_heading\" data-id=\"016410d\" data-element_type=\"widget\" data-widget_type=\"udesign_widget_heading.default\">\n\t\t\t\t\t<div class=\"title-wrapper  title-center\"><div class=\"title elementor-heading-title\">Haben Sie Fragen?<\/div><\/div>\t\t\t\t<\/div>\n\t\t\t\t<div class=\"elementor-element elementor-element-b65cc68 elementor-widget__width-initial elementor-widget-mobile__width-initial elementor-widget-tablet__width-initial elementor-widget elementor-widget-udesign_widget_heading\" data-id=\"b65cc68\" data-element_type=\"widget\" data-widget_type=\"udesign_widget_heading.default\">\n\t\t\t\t\t<div class=\"title-wrapper  title-center\"><h2 class=\"title elementor-heading-title\">Wir sind hier, um zu helfen!<\/h2><\/div>\t\t\t\t<\/div>\n\t\t\t\t<div class=\"elementor-element elementor-element-2b2a434 elementor-widget elementor-widget-udesign_widget_contact_form\" data-id=\"2b2a434\" data-element_type=\"widget\" data-widget_type=\"udesign_widget_contact_form.default\">\n\t\t\t\t\t\n<div class=\"wpcf7 no-js\" id=\"wpcf7-f282-o1\" lang=\"en-US\" dir=\"ltr\" data-wpcf7-id=\"282\">\n<div class=\"screen-reader-response\"><p role=\"status\" aria-live=\"polite\" aria-atomic=\"true\"><\/p> <ul><\/ul><\/div>\n<form action=\"\/de\/wp-json\/wp\/v2\/pages\/21407#wpcf7-f282-o1\" method=\"post\" class=\"wpcf7-form init\" aria-label=\"Contact form\" novalidate=\"novalidate\" data-status=\"init\" data-trp-original-action=\"\/de\/wp-json\/wp\/v2\/pages\/21407#wpcf7-f282-o1\">\n<fieldset class=\"hidden-fields-container\"><input type=\"hidden\" name=\"_wpcf7\" value=\"282\" \/><input type=\"hidden\" name=\"_wpcf7_version\" value=\"6.1.5\" \/><input type=\"hidden\" name=\"_wpcf7_locale\" value=\"en_US\" \/><input type=\"hidden\" name=\"_wpcf7_unit_tag\" value=\"wpcf7-f282-o1\" \/><input type=\"hidden\" name=\"_wpcf7_container_post\" value=\"0\" \/><input type=\"hidden\" name=\"_wpcf7_posted_data_hash\" value=\"\" \/>\n<\/fieldset>\n<p><span class=\"wpcf7-form-control-wrap\" data-name=\"text-157\"><input size=\"40\" maxlength=\"400\" class=\"wpcf7-form-control wpcf7-text wpcf7-validates-as-required\" aria-required=\"true\" aria-invalid=\"false\" placeholder=\"Ihr Name\" value=\"\" type=\"text\" name=\"text-157\" \/><\/span>\n<\/p>\n<p><span class=\"wpcf7-form-control-wrap\" data-name=\"email-668\"><input size=\"40\" maxlength=\"400\" class=\"wpcf7-form-control wpcf7-email wpcf7-validates-as-required wpcf7-text wpcf7-validates-as-email\" aria-required=\"true\" aria-invalid=\"false\" placeholder=\"Ihre E-Mail Adresse\" value=\"\" type=\"email\" name=\"email-668\" \/><\/span>\n<\/p>\n<p class=\"mb-6\"><span class=\"wpcf7-form-control-wrap\" data-name=\"textarea-883\"><textarea cols=\"40\" rows=\"10\" maxlength=\"2000\" class=\"wpcf7-form-control wpcf7-textarea\" aria-invalid=\"false\" placeholder=\"Ihre Nachricht\" name=\"textarea-883\"><\/textarea><\/span>\n<\/p>\n<p><button type=\"submit\" class=\"btn\">Nachricht senden<i class=\"a-icon-long-arrow-right\"><\/i><\/button>\n<\/p><div class=\"wpcf7-response-output\" aria-hidden=\"true\"><\/div>\n<input type=\"hidden\" name=\"trp-form-language\" value=\"de\"\/><\/form>\n<\/div>\n\t\t\t\t<\/div>\n\t\t\t\t\t\t<\/div>\r\n\t\t\t\t\r\n\t\t\t<\/div>\r\n\t\t\t\t\t\t<div class=\"elementor-element elementor-element-9ef5a6b e-flex e-con-boxed e-con e-parent\" data-id=\"9ef5a6b\" data-element_type=\"container\">\r\n\t\t\t\t\t\t\t<div class=\"e-con-inner\">\r\n\t\t\t\t\t\t\t\t<\/div>\r\n\t\t\t\t\r\n\t\t\t<\/div>\r\n\t\t\t\t\t<\/div>","protected":false},"excerpt":{"rendered":"<p>Why Choose Steinemann CVS Confection solutions In textile finishing and quilting production, significant amounts of waste are generated alongside products. If not managed correctly, this waste can contaminate semi-finished goods, disrupt production, and lead to costly downtime. Manual handling of waste is inefficient and increases the risk of product quality issues. With Steinemann Central Vacuum [&hellip;]<\/p>\n","protected":false},"author":1,"featured_media":0,"parent":0,"menu_order":0,"comment_status":"closed","ping_status":"closed","template":"","meta":{"footnotes":""},"class_list":["post-21407","page","type-page","status-publish","hentry"],"yoast_head":"<!-- This site is optimized with the Yoast SEO plugin v27.4 - https:\/\/yoast.com\/product\/yoast-seo-wordpress\/ -->\n<title>Confection waste management \u2013 Automated for Textile Finishing<\/title>\n<meta name=\"description\" content=\"Steinemann CVS confection solutions: automated waste management for textile finishing. Cleaner production, less contamination, higher output.\" \/>\n<meta name=\"robots\" content=\"index, follow, max-snippet:-1, max-image-preview:large, max-video-preview:-1\" \/>\n<link rel=\"canonical\" href=\"https:\/\/steinemann-cvs.ch\/de\/konfektionslosungen\/\" \/>\n<meta property=\"og:locale\" content=\"de_DE\" \/>\n<meta property=\"og:type\" content=\"article\" \/>\n<meta property=\"og:title\" content=\"Confection waste management \u2013 Automated for Textile Finishing\" \/>\n<meta property=\"og:description\" content=\"Steinemann CVS confection solutions: automated waste management for textile finishing. Cleaner production, less contamination, higher output.\" \/>\n<meta property=\"og:url\" content=\"https:\/\/steinemann-cvs.ch\/de\/konfektionslosungen\/\" \/>\n<meta property=\"og:site_name\" content=\"Steinemann CVS\" \/>\n<meta property=\"article:modified_time\" content=\"2025-11-05T12:40:36+00:00\" \/>\n<meta property=\"og:image\" content=\"https:\/\/steinemann-cvs.ch\/wp-content\/uploads\/2025\/09\/Confection_Solutions.png\" \/>\n<meta name=\"twitter:card\" content=\"summary_large_image\" \/>\n<meta name=\"twitter:label1\" content=\"Gesch\u00e4tzte Lesezeit\" \/>\n\t<meta name=\"twitter:data1\" content=\"2\u00a0Minuten\" \/>\n<script type=\"application\/ld+json\" class=\"yoast-schema-graph\">{\"@context\":\"https:\\\/\\\/schema.org\",\"@graph\":[{\"@type\":\"WebPage\",\"@id\":\"https:\\\/\\\/steinemann-cvs.ch\\\/confection-solutions\\\/\",\"url\":\"https:\\\/\\\/steinemann-cvs.ch\\\/confection-solutions\\\/\",\"name\":\"Confection waste management \u2013 Automated for Textile Finishing\",\"isPartOf\":{\"@id\":\"https:\\\/\\\/steinemann-cvs.ch\\\/#website\"},\"primaryImageOfPage\":{\"@id\":\"https:\\\/\\\/steinemann-cvs.ch\\\/confection-solutions\\\/#primaryimage\"},\"image\":{\"@id\":\"https:\\\/\\\/steinemann-cvs.ch\\\/confection-solutions\\\/#primaryimage\"},\"thumbnailUrl\":\"https:\\\/\\\/steinemann-cvs.ch\\\/wp-content\\\/uploads\\\/2025\\\/09\\\/Confection_Solutions.png\",\"datePublished\":\"2025-09-22T12:53:18+00:00\",\"dateModified\":\"2025-11-05T12:40:36+00:00\",\"description\":\"Steinemann CVS confection solutions: automated waste management for textile finishing. Cleaner production, less contamination, higher output.\",\"breadcrumb\":{\"@id\":\"https:\\\/\\\/steinemann-cvs.ch\\\/confection-solutions\\\/#breadcrumb\"},\"inLanguage\":\"de\",\"potentialAction\":[{\"@type\":\"ReadAction\",\"target\":[\"https:\\\/\\\/steinemann-cvs.ch\\\/confection-solutions\\\/\"]}]},{\"@type\":\"ImageObject\",\"inLanguage\":\"de\",\"@id\":\"https:\\\/\\\/steinemann-cvs.ch\\\/confection-solutions\\\/#primaryimage\",\"url\":\"https:\\\/\\\/steinemann-cvs.ch\\\/wp-content\\\/uploads\\\/2025\\\/09\\\/Confection_Solutions.png\",\"contentUrl\":\"https:\\\/\\\/steinemann-cvs.ch\\\/wp-content\\\/uploads\\\/2025\\\/09\\\/Confection_Solutions.png\"},{\"@type\":\"BreadcrumbList\",\"@id\":\"https:\\\/\\\/steinemann-cvs.ch\\\/confection-solutions\\\/#breadcrumb\",\"itemListElement\":[{\"@type\":\"ListItem\",\"position\":1,\"name\":\"Home\",\"item\":\"https:\\\/\\\/steinemann-cvs.ch\\\/\"},{\"@type\":\"ListItem\",\"position\":2,\"name\":\"Confection solutions\"}]},{\"@type\":\"WebSite\",\"@id\":\"https:\\\/\\\/steinemann-cvs.ch\\\/#website\",\"url\":\"https:\\\/\\\/steinemann-cvs.ch\\\/\",\"name\":\"Steinemann Central Vacuum Systems\",\"description\":\"\",\"publisher\":{\"@id\":\"https:\\\/\\\/steinemann-cvs.ch\\\/#organization\"},\"alternateName\":\"Steinemann CVS\",\"potentialAction\":[{\"@type\":\"SearchAction\",\"target\":{\"@type\":\"EntryPoint\",\"urlTemplate\":\"https:\\\/\\\/steinemann-cvs.ch\\\/?s={search_term_string}\"},\"query-input\":{\"@type\":\"PropertyValueSpecification\",\"valueRequired\":true,\"valueName\":\"search_term_string\"}}],\"inLanguage\":\"de\"},{\"@type\":\"Organization\",\"@id\":\"https:\\\/\\\/steinemann-cvs.ch\\\/#organization\",\"name\":\"Steinemann Central Vacuum Systems\",\"alternateName\":\"Steinemann CVS\",\"url\":\"https:\\\/\\\/steinemann-cvs.ch\\\/\",\"logo\":{\"@type\":\"ImageObject\",\"inLanguage\":\"de\",\"@id\":\"https:\\\/\\\/steinemann-cvs.ch\\\/#\\\/schema\\\/logo\\\/image\\\/\",\"url\":\"https:\\\/\\\/steinemann-cvs.ch\\\/wp-content\\\/uploads\\\/2025\\\/12\\\/CH_Steinemann_CSV_120_CMYK_POS.png\",\"contentUrl\":\"https:\\\/\\\/steinemann-cvs.ch\\\/wp-content\\\/uploads\\\/2025\\\/12\\\/CH_Steinemann_CSV_120_CMYK_POS.png\",\"width\":674,\"height\":114,\"caption\":\"Steinemann Central Vacuum Systems\"},\"image\":{\"@id\":\"https:\\\/\\\/steinemann-cvs.ch\\\/#\\\/schema\\\/logo\\\/image\\\/\"},\"sameAs\":[\"https:\\\/\\\/www.linkedin.com\\\/company\\\/steinemann-central-vacuum-systems-cvs\",\"https:\\\/\\\/www.youtube.com\\\/@steinemanncvs\"]}]}<\/script>\n<!-- \/ Yoast SEO plugin. -->","yoast_head_json":{"title":"Konfektionsabfallmanagement - Automatisiert f\u00fcr die Textilveredelung","description":"Steinemann CVS Konfektionsl\u00f6sungen: automatisiertes Abfallmanagement f\u00fcr die Textilveredelung. Sauberere Produktion, weniger Verschmutzung, h\u00f6here Leistung.","robots":{"index":"index","follow":"follow","max-snippet":"max-snippet:-1","max-image-preview":"max-image-preview:large","max-video-preview":"max-video-preview:-1"},"canonical":"https:\/\/steinemann-cvs.ch\/de\/konfektionslosungen\/","og_locale":"de_DE","og_type":"article","og_title":"Confection waste management \u2013 Automated for Textile Finishing","og_description":"Steinemann CVS confection solutions: automated waste management for textile finishing. Cleaner production, less contamination, higher output.","og_url":"https:\/\/steinemann-cvs.ch\/de\/konfektionslosungen\/","og_site_name":"Steinemann CVS","article_modified_time":"2025-11-05T12:40:36+00:00","og_image":[{"url":"https:\/\/steinemann-cvs.ch\/wp-content\/uploads\/2025\/09\/Confection_Solutions.png","type":"","width":"","height":""}],"twitter_card":"summary_large_image","twitter_misc":{"Gesch\u00e4tzte Lesezeit":"2\u00a0Minuten"},"schema":{"@context":"https:\/\/schema.org","@graph":[{"@type":"WebPage","@id":"https:\/\/steinemann-cvs.ch\/confection-solutions\/","url":"https:\/\/steinemann-cvs.ch\/confection-solutions\/","name":"Konfektionsabfallmanagement - Automatisiert f\u00fcr die Textilveredelung","isPartOf":{"@id":"https:\/\/steinemann-cvs.ch\/#website"},"primaryImageOfPage":{"@id":"https:\/\/steinemann-cvs.ch\/confection-solutions\/#primaryimage"},"image":{"@id":"https:\/\/steinemann-cvs.ch\/confection-solutions\/#primaryimage"},"thumbnailUrl":"https:\/\/steinemann-cvs.ch\/wp-content\/uploads\/2025\/09\/Confection_Solutions.png","datePublished":"2025-09-22T12:53:18+00:00","dateModified":"2025-11-05T12:40:36+00:00","description":"Steinemann CVS Konfektionsl\u00f6sungen: automatisiertes Abfallmanagement f\u00fcr die Textilveredelung. Sauberere Produktion, weniger Verschmutzung, h\u00f6here Leistung.","breadcrumb":{"@id":"https:\/\/steinemann-cvs.ch\/confection-solutions\/#breadcrumb"},"inLanguage":"de","potentialAction":[{"@type":"ReadAction","target":["https:\/\/steinemann-cvs.ch\/confection-solutions\/"]}]},{"@type":"ImageObject","inLanguage":"de","@id":"https:\/\/steinemann-cvs.ch\/confection-solutions\/#primaryimage","url":"https:\/\/steinemann-cvs.ch\/wp-content\/uploads\/2025\/09\/Confection_Solutions.png","contentUrl":"https:\/\/steinemann-cvs.ch\/wp-content\/uploads\/2025\/09\/Confection_Solutions.png"},{"@type":"BreadcrumbList","@id":"https:\/\/steinemann-cvs.ch\/confection-solutions\/#breadcrumb","itemListElement":[{"@type":"ListItem","position":1,"name":"Home","item":"https:\/\/steinemann-cvs.ch\/"},{"@type":"ListItem","position":2,"name":"Confection solutions"}]},{"@type":"WebSite","@id":"https:\/\/steinemann-cvs.ch\/#website","url":"https:\/\/steinemann-cvs.ch\/","name":"Steinemann Zentrale Vakuumanlagen","description":"","publisher":{"@id":"https:\/\/steinemann-cvs.ch\/#organization"},"alternateName":"Steinemann CVS","potentialAction":[{"@type":"SearchAction","target":{"@type":"EntryPoint","urlTemplate":"https:\/\/steinemann-cvs.ch\/?s={search_term_string}"},"query-input":{"@type":"PropertyValueSpecification","valueRequired":true,"valueName":"search_term_string"}}],"inLanguage":"de"},{"@type":"Organization","@id":"https:\/\/steinemann-cvs.ch\/#organization","name":"Steinemann Zentrale Vakuumanlagen","alternateName":"Steinemann CVS","url":"https:\/\/steinemann-cvs.ch\/","logo":{"@type":"ImageObject","inLanguage":"de","@id":"https:\/\/steinemann-cvs.ch\/#\/schema\/logo\/image\/","url":"https:\/\/steinemann-cvs.ch\/wp-content\/uploads\/2025\/12\/CH_Steinemann_CSV_120_CMYK_POS.png","contentUrl":"https:\/\/steinemann-cvs.ch\/wp-content\/uploads\/2025\/12\/CH_Steinemann_CSV_120_CMYK_POS.png","width":674,"height":114,"caption":"Steinemann Central Vacuum Systems"},"image":{"@id":"https:\/\/steinemann-cvs.ch\/#\/schema\/logo\/image\/"},"sameAs":["https:\/\/www.linkedin.com\/company\/steinemann-central-vacuum-systems-cvs","https:\/\/www.youtube.com\/@steinemanncvs"]}]}},"_links":{"self":[{"href":"https:\/\/steinemann-cvs.ch\/de\/wp-json\/wp\/v2\/pages\/21407","targetHints":{"allow":["GET"]}}],"collection":[{"href":"https:\/\/steinemann-cvs.ch\/de\/wp-json\/wp\/v2\/pages"}],"about":[{"href":"https:\/\/steinemann-cvs.ch\/de\/wp-json\/wp\/v2\/types\/page"}],"author":[{"embeddable":true,"href":"https:\/\/steinemann-cvs.ch\/de\/wp-json\/wp\/v2\/users\/1"}],"replies":[{"embeddable":true,"href":"https:\/\/steinemann-cvs.ch\/de\/wp-json\/wp\/v2\/comments?post=21407"}],"version-history":[{"count":8,"href":"https:\/\/steinemann-cvs.ch\/de\/wp-json\/wp\/v2\/pages\/21407\/revisions"}],"predecessor-version":[{"id":21622,"href":"https:\/\/steinemann-cvs.ch\/de\/wp-json\/wp\/v2\/pages\/21407\/revisions\/21622"}],"wp:attachment":[{"href":"https:\/\/steinemann-cvs.ch\/de\/wp-json\/wp\/v2\/media?parent=21407"}],"curies":[{"name":"wp","href":"https:\/\/api.w.org\/{rel}","templated":true}]}}