{"id":21390,"date":"2025-09-22T12:40:54","date_gmt":"2025-09-22T12:40:54","guid":{"rendered":"https:\/\/steinemann-cvs.ch\/?page_id=21390"},"modified":"2025-11-05T12:44:55","modified_gmt":"2025-11-05T12:44:55","slug":"manuelle-reinigung","status":"publish","type":"page","link":"https:\/\/steinemann-cvs.ch\/de\/manual-cleaning\/","title":{"rendered":"Manuelle Reinigung"},"content":{"rendered":"<div data-elementor-type=\"wp-page\" data-elementor-id=\"21390\" class=\"elementor elementor-21390\">\n\t\t\t\t\t\t\t<div class=\"elementor-element elementor-element-ea9237f e-flex e-con-boxed e-con e-parent\" data-id=\"ea9237f\" data-element_type=\"container\">\r\n\t\t\t\t\t\t\t<div class=\"e-con-inner\">\r\n\t\t\t\t\t\t<div class=\"elementor-element elementor-element-4299853 elementor-widget elementor-widget-udesign_widget_heading\" data-id=\"4299853\" data-element_type=\"widget\" data-widget_type=\"udesign_widget_heading.default\">\n\t\t\t\t\t<div class=\"title-wrapper  title-center\"><div class=\"title elementor-heading-title\">Warum Steinemann CVS w\u00e4hlen?<\/div><\/div>\t\t\t\t<\/div>\n\t\t\t\t<div class=\"elementor-element elementor-element-10930eb elementor-widget__width-initial elementor-widget-mobile__width-initial elementor-widget-tablet__width-initial elementor-widget elementor-widget-udesign_widget_heading\" data-id=\"10930eb\" data-element_type=\"widget\" data-widget_type=\"udesign_widget_heading.default\">\n\t\t\t\t\t<div class=\"title-wrapper  title-center\"><h2 class=\"title elementor-heading-title\">Manuelle Reinigung<\/h2><\/div>\t\t\t\t<\/div>\n\t\t\t\t<div class=\"elementor-element elementor-element-f6d0787 elementor-widget elementor-widget-text-editor\" data-id=\"f6d0787\" data-element_type=\"widget\" data-widget_type=\"text-editor.default\">\n\t\t\t\t\t\t\t\t\t<p data-start=\"360\" data-end=\"604\">Selbst mit modernen Klimaanlagen und zus\u00e4tzlichen Reinigungsger\u00e4ten sammeln sich in Textilproduktionsmaschinen schnell Staub, Flusen und Faserabf\u00e4lle an. Eine regelm\u00e4\u00dfige manuelle Reinigung ist unerl\u00e4sslich, um Produktqualit\u00e4t, Produktivit\u00e4t und Maschineneffizienz zu erhalten.<\/p><p data-start=\"606\" data-end=\"881\">Sich auf die teure Druckluftreinigung zu verlassen, ist keine nachhaltige Alternative. Sie verlagert den Abfall nur von einem Ort zum anderen und erh\u00f6ht damit das Kontaminationsrisiko und die Wartungskosten. Die effiziente, sichere und wirtschaftliche L\u00f6sung ist ein zentrales Vakuumsystem von Steinemann CVS.<\/p><p data-start=\"883\" data-end=\"1227\">Arbeiter bei der manuellen Reinigung einer Textilmaschine mit dem Steinemann Zentralstaubsauger zur Entfernung von Fasern und Staub.<br data-start=\"1001\" data-end=\"1004\" \/>Nahaufnahme einer manuellen Reinigungsl\u00f6sung in einer Spinnerei zur Entfernung von Staub und Fasern von Textilmaschinen mit einer Vakuumd\u00fcse.<br data-start=\"1125\" data-end=\"1128\" \/>Steinemann CVS Kehrstellenanlage f\u00fcr die automatische Faser- und Garnabfallentsorgung in Textilfabriken.<\/p>\t\t\t\t\t\t\t\t<\/div>\n\t\t\t\t<div class=\"elementor-element elementor-element-e5d2303 elementor-widget elementor-widget-udesign_widget_imagegallery\" data-id=\"e5d2303\" data-element_type=\"widget\" data-widget_type=\"udesign_widget_imagegallery.default\">\n\t\t\t\t<div class=\"elementor-widget-container\">\n\t\t\t\t\t\r\n<ul class=\"image-gallery use_lightbox row cols-lg-3 cols-md-3 cols-sm-2 cols-2\">\r\n\t<li class=\"\">\t\t<div class=\"image-gallery-item\">\r\n\t\t<a href=\"https:\/\/steinemann-cvs.ch\/wp-content\/uploads\/2025\/09\/Manual_Cleaning.png\" aria-label=\"\u0645\u0639\u0631\u0636 \u0627\u0644\u0635\u0648\u0631\" data-no-translation-aria-label=\"\"><\/a>\t\t<figure class=\"grid-item image-wrap\">\r\n\t\t\t<img fetchpriority=\"high\" decoding=\"async\" width=\"1200\" height=\"1200\" src=\"https:\/\/steinemann-cvs.ch\/wp-content\/uploads\/2025\/09\/Manual_Cleaning.png\" class=\"attachment-full size-full\" alt=\"Arbeiter bei der manuellen Reinigung einer Textilmaschine mit dem Steinemann Zentralstaubsauger zur Entfernung von Fasern und Staub.\" srcset=\"https:\/\/steinemann-cvs.ch\/wp-content\/uploads\/2025\/09\/Manual_Cleaning.png 1200w, https:\/\/steinemann-cvs.ch\/wp-content\/uploads\/2025\/09\/Manual_Cleaning-1024x1024.png 1024w, https:\/\/steinemann-cvs.ch\/wp-content\/uploads\/2025\/09\/Manual_Cleaning-768x768.png 768w\" sizes=\"(max-width: 1200px) 100vw, 1200px\" \/>\t\t<\/figure>\r\n\t\t<\/div>\r\n\t\t<\/li><li class=\"\">\t\t<div class=\"image-gallery-item\">\r\n\t\t<a href=\"https:\/\/steinemann-cvs.ch\/wp-content\/uploads\/2025\/09\/manual_cleaning_solution_in_Spinning.png\" aria-label=\"\u0645\u0639\u0631\u0636 \u0627\u0644\u0635\u0648\u0631\" data-no-translation-aria-label=\"\"><\/a>\t\t<figure class=\"grid-item image-wrap\">\r\n\t\t\t<img decoding=\"async\" width=\"961\" height=\"961\" src=\"https:\/\/steinemann-cvs.ch\/wp-content\/uploads\/2025\/09\/manual_cleaning_solution_in_Spinning.png\" class=\"attachment-full size-full\" alt=\"Nahaufnahme einer manuellen Reinigungsl\u00f6sung in einer Spinnerei zur Entfernung von Staub und Fasern von Textilmaschinen mit einer Vakuumd\u00fcse.\" srcset=\"https:\/\/steinemann-cvs.ch\/wp-content\/uploads\/2025\/09\/manual_cleaning_solution_in_Spinning.png 961w, https:\/\/steinemann-cvs.ch\/wp-content\/uploads\/2025\/09\/manual_cleaning_solution_in_Spinning-768x768.png 768w\" sizes=\"(max-width: 961px) 100vw, 961px\" \/>\t\t<\/figure>\r\n\t\t<\/div>\r\n\t\t<\/li><li class=\"\">\t\t<div class=\"image-gallery-item\">\r\n\t\t<a href=\"https:\/\/steinemann-cvs.ch\/wp-content\/uploads\/2025\/09\/Sweeping-Point.png\" aria-label=\"\u0645\u0639\u0631\u0636 \u0627\u0644\u0635\u0648\u0631\" data-no-translation-aria-label=\"\"><\/a>\t\t<figure class=\"grid-item image-wrap\">\r\n\t\t\t<img decoding=\"async\" width=\"1200\" height=\"1200\" src=\"https:\/\/steinemann-cvs.ch\/wp-content\/uploads\/2025\/09\/Sweeping-Point.png\" class=\"attachment-full size-full\" alt=\"Steinemann CVS Kehrstellenanlage f\u00fcr die automatische Faser- und Garnabfallentsorgung in Textilfabriken.\" srcset=\"https:\/\/steinemann-cvs.ch\/wp-content\/uploads\/2025\/09\/Sweeping-Point.png 1200w, https:\/\/steinemann-cvs.ch\/wp-content\/uploads\/2025\/09\/Sweeping-Point-1024x1024.png 1024w, https:\/\/steinemann-cvs.ch\/wp-content\/uploads\/2025\/09\/Sweeping-Point-768x768.png 768w\" sizes=\"(max-width: 1200px) 100vw, 1200px\" \/>\t\t<\/figure>\r\n\t\t<\/div>\r\n\t\t<\/li><\/ul>\r\n\r\n\t\t\t\t\t<\/div>\n\t\t\t\t<\/div>\n\t\t\t\t<div class=\"elementor-element elementor-element-d4c3ba8 elementor-widget elementor-widget-text-editor\" data-id=\"d4c3ba8\" data-element_type=\"widget\" data-widget_type=\"text-editor.default\">\n\t\t\t\t\t\t\t\t\t<h3 data-start=\"845\" data-end=\"876\">\u00a0<\/h3><h3 data-start=\"845\" data-end=\"876\">Nachgewiesener Kundennutzen:<\/h3><ul data-start=\"877\" data-end=\"1073\"><li data-start=\"877\" data-end=\"910\"><p data-start=\"879\" data-end=\"910\"><strong data-start=\"879\" data-end=\"908\">+3-5% h\u00f6here Produktivit\u00e4t<\/strong><\/p><\/li><li data-start=\"911\" data-end=\"943\"><p data-start=\"913\" data-end=\"943\"><strong data-start=\"913\" data-end=\"941\">Geringerer Energieverbrauch<\/strong><\/p><\/li><li data-start=\"944\" data-end=\"995\"><p data-start=\"946\" data-end=\"995\"><strong data-start=\"946\" data-end=\"993\">Geringere Produktionsausfallzeiten und weniger Wartung<\/strong><\/p><\/li><li data-start=\"996\" data-end=\"1032\"><p data-start=\"998\" data-end=\"1032\"><strong data-start=\"998\" data-end=\"1030\">Verl\u00e4ngerte Lebensdauer der Ersatzteile<\/strong><\/p><\/li><li data-start=\"1033\" data-end=\"1073\"><p data-start=\"1035\" data-end=\"1073\"><strong data-start=\"1035\" data-end=\"1071\">Verbesserte allgemeine Produktqualit\u00e4t<\/strong><\/p><\/li><\/ul><h3 data-start=\"1075\" data-end=\"1099\">\u00a0<\/h3><h3 data-start=\"1075\" data-end=\"1099\">Vorteile des Systems:<\/h3><ul data-start=\"1100\" data-end=\"1376\"><li data-start=\"1100\" data-end=\"1140\"><p data-start=\"1102\" data-end=\"1140\">Einfache Handhabung und zuverl\u00e4ssiger Betrieb<\/p><\/li><li data-start=\"1141\" data-end=\"1185\"><p data-start=\"1143\" data-end=\"1185\">Gro\u00dfe Filterkapazit\u00e4t f\u00fcr den Dauereinsatz<\/p><\/li><li data-start=\"1186\" data-end=\"1212\"><p data-start=\"1188\" data-end=\"1212\">Niedriger Energieverbrauch<\/p><\/li><li data-start=\"1213\" data-end=\"1249\"><p data-start=\"1215\" data-end=\"1249\">Minimale Wartungsanforderungen<\/p><\/li><li data-start=\"1250\" data-end=\"1284\"><p data-start=\"1252\" data-end=\"1284\">Optimierte Reinigungsleistung<\/p><\/li><li data-start=\"1285\" data-end=\"1335\"><p data-start=\"1287\" data-end=\"1335\">Einfacher Einbau in kompakte Rohrleitungsnetze<\/p><\/li><li data-start=\"1336\" data-end=\"1376\"><p data-start=\"1338\" data-end=\"1376\">Jederzeit erweiterbar und anpassbar<\/p><\/li><\/ul><p>Dar\u00fcber hinaus sind die Steinemann CVS Handreinigungssysteme so konzipiert, dass sie auch in anspruchsvollen Produktionsumgebungen eine konstante Leistung erbringen. Die hohe Saugleistung und die robuste Konstruktion erm\u00f6glichen es dem Bediener, Staub und Fasern effektiv von Maschinen, B\u00f6den und schwer zug\u00e4nglichen Stellen zu entfernen, ohne den Produktionsfluss zu unterbrechen. Ergonomisch gestaltete Reinigungswerkzeuge sorgen f\u00fcr Komfort und Effizienz bei langen Arbeitsschichten. Der modulare Aufbau des Systems erm\u00f6glicht eine flexible Erweiterung, ob f\u00fcr einzelne Arbeitspl\u00e4tze oder ganze Produktionshallen. Durch die Reduzierung der in der Luft befindlichen Fasern und Staubansammlungen wird die Luftqualit\u00e4t verbessert, was zu einem ges\u00fcnderen und sichereren Arbeitsplatz beitr\u00e4gt. Weniger Verunreinigungen bedeuten zudem weniger Fehler, sauberere Endprodukte und eine l\u00e4ngere Lebensdauer der empfindlichen Komponenten und Sensoren. Mit Steinemann CVS wird die manuelle Reinigung schneller, sicherer und nachhaltiger - eine kluge Investition in langfristige Produktionseffizienz.<\/p><p data-start=\"1378\" data-end=\"1548\">\ud83d\udc49 <a href=\"https:\/\/steinemann-cvs.ch\/de\/kontaktieren-sie-uns\/\"><strong data-start=\"1381\" data-end=\"1401\">Kontaktieren Sie uns heute<\/strong><\/a> um Ihre Anforderungen zu besprechen. Eine Steinemann CVS-L\u00f6sung kann Ihre Produktion optimieren und Ihr Werk sauber, effizient und kosteng\u00fcnstig halten.<\/p>\t\t\t\t\t\t\t\t<\/div>\n\t\t\t\t<div class=\"elementor-element elementor-element-65f1339 elementor-widget elementor-widget-udesign_widget_button\" data-id=\"65f1339\" data-element_type=\"widget\" data-widget_type=\"udesign_widget_button.default\">\n\t\t\t\t\t<a class=\"btn btn-md btn-primary btn-icon btn-icon-left\" href=\"https:\/\/steinemann-cvs.ch\/de\/produkte\/\" ><i class=\"fas fa-arrow-left\"><\/i><span >Zur\u00fcckgehen<\/span><\/a>\t\t\t\t<\/div>\n\t\t\t\t<div class=\"elementor-element elementor-element-02b5feb elementor-widget elementor-widget-spacer\" data-id=\"02b5feb\" data-element_type=\"widget\" data-widget_type=\"spacer.default\">\n\t\t\t\t\t\t\t<div class=\"elementor-spacer\">\n\t\t\t<div class=\"elementor-spacer-inner\"><\/div>\n\t\t<\/div>\n\t\t\t\t\t\t<\/div>\n\t\t\t\t\t\t<\/div>\r\n\t\t\t\t\r\n\t\t\t<\/div>\r\n\t\t\t\t\t\t<div class=\"elementor-element elementor-element-f400ee2 e-flex e-con-boxed e-con e-parent\" data-id=\"f400ee2\" data-element_type=\"container\">\r\n\t\t\t\t\t\t\t<div class=\"e-con-inner\">\r\n\t\t\t\t\t\t<div class=\"elementor-element elementor-element-016410d elementor-widget elementor-widget-udesign_widget_heading\" data-id=\"016410d\" data-element_type=\"widget\" data-widget_type=\"udesign_widget_heading.default\">\n\t\t\t\t\t<div class=\"title-wrapper  title-center\"><div class=\"title elementor-heading-title\">Haben Sie Fragen?<\/div><\/div>\t\t\t\t<\/div>\n\t\t\t\t<div class=\"elementor-element elementor-element-b65cc68 elementor-widget__width-initial elementor-widget-mobile__width-initial elementor-widget-tablet__width-initial elementor-widget elementor-widget-udesign_widget_heading\" data-id=\"b65cc68\" data-element_type=\"widget\" data-widget_type=\"udesign_widget_heading.default\">\n\t\t\t\t\t<div class=\"title-wrapper  title-center\"><h2 class=\"title elementor-heading-title\">Wir sind hier, um zu helfen!<\/h2><\/div>\t\t\t\t<\/div>\n\t\t\t\t<div class=\"elementor-element elementor-element-2b2a434 elementor-widget elementor-widget-udesign_widget_contact_form\" data-id=\"2b2a434\" data-element_type=\"widget\" data-widget_type=\"udesign_widget_contact_form.default\">\n\t\t\t\t\t\n<div class=\"wpcf7 no-js\" id=\"wpcf7-f282-o1\" lang=\"en-US\" dir=\"ltr\" data-wpcf7-id=\"282\">\n<div class=\"screen-reader-response\"><p role=\"status\" aria-live=\"polite\" aria-atomic=\"true\"><\/p> <ul><\/ul><\/div>\n<form action=\"\/de\/wp-json\/wp\/v2\/pages\/21390#wpcf7-f282-o1\" method=\"post\" class=\"wpcf7-form init\" aria-label=\"Contact form\" novalidate=\"novalidate\" data-status=\"init\" data-trp-original-action=\"\/de\/wp-json\/wp\/v2\/pages\/21390#wpcf7-f282-o1\">\n<fieldset class=\"hidden-fields-container\"><input type=\"hidden\" name=\"_wpcf7\" value=\"282\" \/><input type=\"hidden\" name=\"_wpcf7_version\" value=\"6.1.5\" \/><input type=\"hidden\" name=\"_wpcf7_locale\" value=\"en_US\" \/><input type=\"hidden\" name=\"_wpcf7_unit_tag\" value=\"wpcf7-f282-o1\" \/><input type=\"hidden\" name=\"_wpcf7_container_post\" value=\"0\" \/><input type=\"hidden\" name=\"_wpcf7_posted_data_hash\" value=\"\" \/>\n<\/fieldset>\n<p><span class=\"wpcf7-form-control-wrap\" data-name=\"text-157\"><input size=\"40\" maxlength=\"400\" class=\"wpcf7-form-control wpcf7-text wpcf7-validates-as-required\" aria-required=\"true\" aria-invalid=\"false\" placeholder=\"Ihr Name\" value=\"\" type=\"text\" name=\"text-157\" \/><\/span>\n<\/p>\n<p><span class=\"wpcf7-form-control-wrap\" data-name=\"email-668\"><input size=\"40\" maxlength=\"400\" class=\"wpcf7-form-control wpcf7-email wpcf7-validates-as-required wpcf7-text wpcf7-validates-as-email\" aria-required=\"true\" aria-invalid=\"false\" placeholder=\"Ihre E-Mail Adresse\" value=\"\" type=\"email\" name=\"email-668\" \/><\/span>\n<\/p>\n<p class=\"mb-6\"><span class=\"wpcf7-form-control-wrap\" data-name=\"textarea-883\"><textarea cols=\"40\" rows=\"10\" maxlength=\"2000\" class=\"wpcf7-form-control wpcf7-textarea\" aria-invalid=\"false\" placeholder=\"Ihre Nachricht\" name=\"textarea-883\"><\/textarea><\/span>\n<\/p>\n<p><button type=\"submit\" class=\"btn\">Nachricht senden<i class=\"a-icon-long-arrow-right\"><\/i><\/button>\n<\/p><div class=\"wpcf7-response-output\" aria-hidden=\"true\"><\/div>\n<input type=\"hidden\" name=\"trp-form-language\" value=\"de\"\/><\/form>\n<\/div>\n\t\t\t\t<\/div>\n\t\t\t\t\t\t<\/div>\r\n\t\t\t\t\r\n\t\t\t<\/div>\r\n\t\t\t\t\t\t<div class=\"elementor-element elementor-element-9ef5a6b e-flex e-con-boxed e-con e-parent\" data-id=\"9ef5a6b\" data-element_type=\"container\">\r\n\t\t\t\t\t\t\t<div class=\"e-con-inner\">\r\n\t\t\t\t\t\t\t\t<\/div>\r\n\t\t\t\t\r\n\t\t\t<\/div>\r\n\t\t\t\t\t<\/div>","protected":false},"excerpt":{"rendered":"<p>Why Choose Steinemann CVS Manual cleaning Even with modern air conditioning and additional cleaning units, textile production machines quickly accumulate dust, lint, and fiber waste. Regular manual cleaning is essential to maintain product quality, productivity, and machine efficiency. Relying on expensive compressed air cleaning is not a sustainable alternative. It only shifts the waste from [&hellip;]<\/p>\n","protected":false},"author":1,"featured_media":0,"parent":0,"menu_order":0,"comment_status":"closed","ping_status":"closed","template":"","meta":{"footnotes":""},"class_list":["post-21390","page","type-page","status-publish","hentry"],"yoast_head":"<!-- This site is optimized with the Yoast SEO plugin v27.4 - https:\/\/yoast.com\/product\/yoast-seo-wordpress\/ -->\n<title>Manual Cleaning textile production | Steinemann CVS<\/title>\n<meta name=\"description\" content=\"Steinemann Central Vacuum Systems manual cleaning keeps textile mills efficient - less downtime, lower costs and cleaner production.\" \/>\n<meta name=\"robots\" content=\"index, follow, max-snippet:-1, max-image-preview:large, max-video-preview:-1\" \/>\n<link rel=\"canonical\" href=\"https:\/\/steinemann-cvs.ch\/de\/manuelle-reinigung\/\" \/>\n<meta property=\"og:locale\" content=\"de_DE\" \/>\n<meta property=\"og:type\" content=\"article\" \/>\n<meta property=\"og:title\" content=\"Manual Cleaning textile production | Steinemann CVS\" \/>\n<meta property=\"og:description\" content=\"Steinemann Central Vacuum Systems manual cleaning keeps textile mills efficient - less downtime, lower costs and cleaner production.\" \/>\n<meta property=\"og:url\" content=\"https:\/\/steinemann-cvs.ch\/de\/manuelle-reinigung\/\" \/>\n<meta property=\"og:site_name\" content=\"Steinemann CVS\" \/>\n<meta property=\"article:modified_time\" content=\"2025-11-05T12:44:55+00:00\" \/>\n<meta property=\"og:image\" content=\"https:\/\/steinemann-cvs.ch\/wp-content\/uploads\/2025\/09\/Manual_Cleaning.png\" \/>\n<meta name=\"twitter:card\" content=\"summary_large_image\" \/>\n<meta name=\"twitter:label1\" content=\"Gesch\u00e4tzte Lesezeit\" \/>\n\t<meta name=\"twitter:data1\" content=\"3\u00a0Minuten\" \/>\n<script type=\"application\/ld+json\" class=\"yoast-schema-graph\">{\"@context\":\"https:\\\/\\\/schema.org\",\"@graph\":[{\"@type\":\"WebPage\",\"@id\":\"https:\\\/\\\/steinemann-cvs.ch\\\/manual-cleaning\\\/\",\"url\":\"https:\\\/\\\/steinemann-cvs.ch\\\/manual-cleaning\\\/\",\"name\":\"Manual Cleaning textile production | Steinemann CVS\",\"isPartOf\":{\"@id\":\"https:\\\/\\\/steinemann-cvs.ch\\\/#website\"},\"primaryImageOfPage\":{\"@id\":\"https:\\\/\\\/steinemann-cvs.ch\\\/manual-cleaning\\\/#primaryimage\"},\"image\":{\"@id\":\"https:\\\/\\\/steinemann-cvs.ch\\\/manual-cleaning\\\/#primaryimage\"},\"thumbnailUrl\":\"https:\\\/\\\/steinemann-cvs.ch\\\/wp-content\\\/uploads\\\/2025\\\/09\\\/Manual_Cleaning.png\",\"datePublished\":\"2025-09-22T12:40:54+00:00\",\"dateModified\":\"2025-11-05T12:44:55+00:00\",\"description\":\"Steinemann Central Vacuum Systems manual cleaning keeps textile mills efficient - less downtime, lower costs and cleaner production.\",\"breadcrumb\":{\"@id\":\"https:\\\/\\\/steinemann-cvs.ch\\\/manual-cleaning\\\/#breadcrumb\"},\"inLanguage\":\"de\",\"potentialAction\":[{\"@type\":\"ReadAction\",\"target\":[\"https:\\\/\\\/steinemann-cvs.ch\\\/manual-cleaning\\\/\"]}]},{\"@type\":\"ImageObject\",\"inLanguage\":\"de\",\"@id\":\"https:\\\/\\\/steinemann-cvs.ch\\\/manual-cleaning\\\/#primaryimage\",\"url\":\"https:\\\/\\\/steinemann-cvs.ch\\\/wp-content\\\/uploads\\\/2025\\\/09\\\/Manual_Cleaning.png\",\"contentUrl\":\"https:\\\/\\\/steinemann-cvs.ch\\\/wp-content\\\/uploads\\\/2025\\\/09\\\/Manual_Cleaning.png\"},{\"@type\":\"BreadcrumbList\",\"@id\":\"https:\\\/\\\/steinemann-cvs.ch\\\/manual-cleaning\\\/#breadcrumb\",\"itemListElement\":[{\"@type\":\"ListItem\",\"position\":1,\"name\":\"Home\",\"item\":\"https:\\\/\\\/steinemann-cvs.ch\\\/\"},{\"@type\":\"ListItem\",\"position\":2,\"name\":\"Manual Cleaning\"}]},{\"@type\":\"WebSite\",\"@id\":\"https:\\\/\\\/steinemann-cvs.ch\\\/#website\",\"url\":\"https:\\\/\\\/steinemann-cvs.ch\\\/\",\"name\":\"Steinemann Central Vacuum Systems\",\"description\":\"\",\"publisher\":{\"@id\":\"https:\\\/\\\/steinemann-cvs.ch\\\/#organization\"},\"alternateName\":\"Steinemann CVS\",\"potentialAction\":[{\"@type\":\"SearchAction\",\"target\":{\"@type\":\"EntryPoint\",\"urlTemplate\":\"https:\\\/\\\/steinemann-cvs.ch\\\/?s={search_term_string}\"},\"query-input\":{\"@type\":\"PropertyValueSpecification\",\"valueRequired\":true,\"valueName\":\"search_term_string\"}}],\"inLanguage\":\"de\"},{\"@type\":\"Organization\",\"@id\":\"https:\\\/\\\/steinemann-cvs.ch\\\/#organization\",\"name\":\"Steinemann Central Vacuum Systems\",\"alternateName\":\"Steinemann CVS\",\"url\":\"https:\\\/\\\/steinemann-cvs.ch\\\/\",\"logo\":{\"@type\":\"ImageObject\",\"inLanguage\":\"de\",\"@id\":\"https:\\\/\\\/steinemann-cvs.ch\\\/#\\\/schema\\\/logo\\\/image\\\/\",\"url\":\"https:\\\/\\\/steinemann-cvs.ch\\\/wp-content\\\/uploads\\\/2025\\\/12\\\/CH_Steinemann_CSV_120_CMYK_POS.png\",\"contentUrl\":\"https:\\\/\\\/steinemann-cvs.ch\\\/wp-content\\\/uploads\\\/2025\\\/12\\\/CH_Steinemann_CSV_120_CMYK_POS.png\",\"width\":674,\"height\":114,\"caption\":\"Steinemann Central Vacuum Systems\"},\"image\":{\"@id\":\"https:\\\/\\\/steinemann-cvs.ch\\\/#\\\/schema\\\/logo\\\/image\\\/\"},\"sameAs\":[\"https:\\\/\\\/www.linkedin.com\\\/company\\\/steinemann-central-vacuum-systems-cvs\",\"https:\\\/\\\/www.youtube.com\\\/@steinemanncvs\"]}]}<\/script>\n<!-- \/ Yoast SEO plugin. -->","yoast_head_json":{"title":"Handbuch Reinigung Textilproduktion | Steinemann CVS","description":"Die manuelle Reinigung von Steinemann Central Vacuum Systems sorgt f\u00fcr die Effizienz der Textilfabriken - weniger Ausfallzeiten, geringere Kosten und eine sauberere Produktion.","robots":{"index":"index","follow":"follow","max-snippet":"max-snippet:-1","max-image-preview":"max-image-preview:large","max-video-preview":"max-video-preview:-1"},"canonical":"https:\/\/steinemann-cvs.ch\/de\/manuelle-reinigung\/","og_locale":"de_DE","og_type":"article","og_title":"Manual Cleaning textile production | Steinemann CVS","og_description":"Steinemann Central Vacuum Systems manual cleaning keeps textile mills efficient - less downtime, lower costs and cleaner production.","og_url":"https:\/\/steinemann-cvs.ch\/de\/manuelle-reinigung\/","og_site_name":"Steinemann CVS","article_modified_time":"2025-11-05T12:44:55+00:00","og_image":[{"url":"https:\/\/steinemann-cvs.ch\/wp-content\/uploads\/2025\/09\/Manual_Cleaning.png","type":"","width":"","height":""}],"twitter_card":"summary_large_image","twitter_misc":{"Gesch\u00e4tzte Lesezeit":"3\u00a0Minuten"},"schema":{"@context":"https:\/\/schema.org","@graph":[{"@type":"WebPage","@id":"https:\/\/steinemann-cvs.ch\/manual-cleaning\/","url":"https:\/\/steinemann-cvs.ch\/manual-cleaning\/","name":"Handbuch Reinigung Textilproduktion | Steinemann CVS","isPartOf":{"@id":"https:\/\/steinemann-cvs.ch\/#website"},"primaryImageOfPage":{"@id":"https:\/\/steinemann-cvs.ch\/manual-cleaning\/#primaryimage"},"image":{"@id":"https:\/\/steinemann-cvs.ch\/manual-cleaning\/#primaryimage"},"thumbnailUrl":"https:\/\/steinemann-cvs.ch\/wp-content\/uploads\/2025\/09\/Manual_Cleaning.png","datePublished":"2025-09-22T12:40:54+00:00","dateModified":"2025-11-05T12:44:55+00:00","description":"Die manuelle Reinigung von Steinemann Central Vacuum Systems sorgt f\u00fcr die Effizienz der Textilfabriken - weniger Ausfallzeiten, geringere Kosten und eine sauberere Produktion.","breadcrumb":{"@id":"https:\/\/steinemann-cvs.ch\/manual-cleaning\/#breadcrumb"},"inLanguage":"de","potentialAction":[{"@type":"ReadAction","target":["https:\/\/steinemann-cvs.ch\/manual-cleaning\/"]}]},{"@type":"ImageObject","inLanguage":"de","@id":"https:\/\/steinemann-cvs.ch\/manual-cleaning\/#primaryimage","url":"https:\/\/steinemann-cvs.ch\/wp-content\/uploads\/2025\/09\/Manual_Cleaning.png","contentUrl":"https:\/\/steinemann-cvs.ch\/wp-content\/uploads\/2025\/09\/Manual_Cleaning.png"},{"@type":"BreadcrumbList","@id":"https:\/\/steinemann-cvs.ch\/manual-cleaning\/#breadcrumb","itemListElement":[{"@type":"ListItem","position":1,"name":"Home","item":"https:\/\/steinemann-cvs.ch\/"},{"@type":"ListItem","position":2,"name":"Manual Cleaning"}]},{"@type":"WebSite","@id":"https:\/\/steinemann-cvs.ch\/#website","url":"https:\/\/steinemann-cvs.ch\/","name":"Steinemann Zentrale Vakuumanlagen","description":"","publisher":{"@id":"https:\/\/steinemann-cvs.ch\/#organization"},"alternateName":"Steinemann CVS","potentialAction":[{"@type":"SearchAction","target":{"@type":"EntryPoint","urlTemplate":"https:\/\/steinemann-cvs.ch\/?s={search_term_string}"},"query-input":{"@type":"PropertyValueSpecification","valueRequired":true,"valueName":"search_term_string"}}],"inLanguage":"de"},{"@type":"Organization","@id":"https:\/\/steinemann-cvs.ch\/#organization","name":"Steinemann Zentrale Vakuumanlagen","alternateName":"Steinemann CVS","url":"https:\/\/steinemann-cvs.ch\/","logo":{"@type":"ImageObject","inLanguage":"de","@id":"https:\/\/steinemann-cvs.ch\/#\/schema\/logo\/image\/","url":"https:\/\/steinemann-cvs.ch\/wp-content\/uploads\/2025\/12\/CH_Steinemann_CSV_120_CMYK_POS.png","contentUrl":"https:\/\/steinemann-cvs.ch\/wp-content\/uploads\/2025\/12\/CH_Steinemann_CSV_120_CMYK_POS.png","width":674,"height":114,"caption":"Steinemann Central Vacuum Systems"},"image":{"@id":"https:\/\/steinemann-cvs.ch\/#\/schema\/logo\/image\/"},"sameAs":["https:\/\/www.linkedin.com\/company\/steinemann-central-vacuum-systems-cvs","https:\/\/www.youtube.com\/@steinemanncvs"]}]}},"_links":{"self":[{"href":"https:\/\/steinemann-cvs.ch\/de\/wp-json\/wp\/v2\/pages\/21390","targetHints":{"allow":["GET"]}}],"collection":[{"href":"https:\/\/steinemann-cvs.ch\/de\/wp-json\/wp\/v2\/pages"}],"about":[{"href":"https:\/\/steinemann-cvs.ch\/de\/wp-json\/wp\/v2\/types\/page"}],"author":[{"embeddable":true,"href":"https:\/\/steinemann-cvs.ch\/de\/wp-json\/wp\/v2\/users\/1"}],"replies":[{"embeddable":true,"href":"https:\/\/steinemann-cvs.ch\/de\/wp-json\/wp\/v2\/comments?post=21390"}],"version-history":[{"count":7,"href":"https:\/\/steinemann-cvs.ch\/de\/wp-json\/wp\/v2\/pages\/21390\/revisions"}],"predecessor-version":[{"id":21625,"href":"https:\/\/steinemann-cvs.ch\/de\/wp-json\/wp\/v2\/pages\/21390\/revisions\/21625"}],"wp:attachment":[{"href":"https:\/\/steinemann-cvs.ch\/de\/wp-json\/wp\/v2\/media?parent=21390"}],"curies":[{"name":"wp","href":"https:\/\/api.w.org\/{rel}","templated":true}]}}