{"id":21375,"date":"2025-09-22T12:23:44","date_gmt":"2025-09-22T12:23:44","guid":{"rendered":"https:\/\/steinemann-cvs.ch\/?page_id=21375"},"modified":"2025-11-05T12:56:23","modified_gmt":"2025-11-05T12:56:23","slug":"produkte","status":"publish","type":"page","link":"https:\/\/steinemann-cvs.ch\/de\/products\/","title":{"rendered":"Produkte"},"content":{"rendered":"<div data-elementor-type=\"wp-page\" data-elementor-id=\"21375\" class=\"elementor elementor-21375\">\n\t\t\t\t\t\t\t<div class=\"elementor-element elementor-element-ea9237f e-flex e-con-boxed e-con e-parent\" data-id=\"ea9237f\" data-element_type=\"container\">\r\n\t\t\t\t\t\t\t<div class=\"e-con-inner\">\r\n\t\t\t\t\t\t<div class=\"elementor-element elementor-element-4299853 elementor-widget elementor-widget-udesign_widget_heading\" data-id=\"4299853\" data-element_type=\"widget\" data-widget_type=\"udesign_widget_heading.default\">\n\t\t\t\t\t<div class=\"title-wrapper  title-center\"><div class=\"title elementor-heading-title\">Warum Steinemann CVS w\u00e4hlen?<\/div><\/div>\t\t\t\t<\/div>\n\t\t\t\t<div class=\"elementor-element elementor-element-10930eb elementor-widget__width-initial elementor-widget-mobile__width-initial elementor-widget-tablet__width-initial elementor-widget elementor-widget-udesign_widget_heading\" data-id=\"10930eb\" data-element_type=\"widget\" data-widget_type=\"udesign_widget_heading.default\">\n\t\t\t\t\t<div class=\"title-wrapper  title-center\"><h2 class=\"title elementor-heading-title\">Ma\u00dfgeschneiderte L\u00f6sungen f\u00fcr jede Herausforderung bei Textilabf\u00e4llen<\/h2><\/div>\t\t\t\t<\/div>\n\t\t\t\t<div class=\"elementor-element elementor-element-02b5feb elementor-widget elementor-widget-spacer\" data-id=\"02b5feb\" data-element_type=\"widget\" data-widget_type=\"spacer.default\">\n\t\t\t\t\t\t\t<div class=\"elementor-spacer\">\n\t\t\t<div class=\"elementor-spacer-inner\"><\/div>\n\t\t<\/div>\n\t\t\t\t\t\t<\/div>\n\t\t\t\t\t<div class=\"elementor-element elementor-element-1d4a344 e-grid e-con-full e-con e-child\" data-id=\"1d4a344\" data-element_type=\"container\">\r\n\t\t\t\t\t<div class=\"elementor-element elementor-element-20898c7 elementor-widget elementor-widget-udesign_widget_imagebox\" data-id=\"20898c7\" data-element_type=\"widget\" data-widget_type=\"udesign_widget_imagebox.default\">\n\t\t\t\t\t<div class=\"image-box position-top\"><figure class=\"has-link\"><img fetchpriority=\"high\" decoding=\"async\" width=\"1200\" height=\"1200\" src=\"https:\/\/steinemann-cvs.ch\/wp-content\/uploads\/2025\/09\/Manual_Cleaning.png\" class=\"attachment-full size-full wp-image-21378\" alt=\"Arbeiter bei der manuellen Reinigung einer Textilmaschine mit dem Steinemann Zentralstaubsauger zur Entfernung von Fasern und Staub.\" srcset=\"https:\/\/steinemann-cvs.ch\/wp-content\/uploads\/2025\/09\/Manual_Cleaning.png 1200w, https:\/\/steinemann-cvs.ch\/wp-content\/uploads\/2025\/09\/Manual_Cleaning-1024x1024.png 1024w, https:\/\/steinemann-cvs.ch\/wp-content\/uploads\/2025\/09\/Manual_Cleaning-768x768.png 768w\" sizes=\"(max-width: 1200px) 100vw, 1200px\" \/><a href=\"https:\/\/steinemann-cvs.ch\/de\/manuelle-reinigung\/\" aria-label=\"Imagem\" data-no-translation-aria-label=\"\"><\/a><\/figure><div class=\"image-box-content\"><h3 class=\"title\"><a href=\"https:\/\/steinemann-cvs.ch\/de\/manuelle-reinigung\/\" aria-label=\"Imagem\" data-no-translation-aria-label=\"\">Manuelle Reinigung<\/a><\/h3><p class=\"content\">Einfach, praktisch und effizient: zuverl\u00e4ssige L\u00f6sungen f\u00fcr die manuelle Staub- und Abfallbeseitigung.<\/p><a class=\"btn btn-md btn-primary\" href=\"https:\/\/steinemann-cvs.ch\/de\/manuelle-reinigung\/\" ><span >Mehr lesen<\/span><\/a><\/div><\/div>\t\t\t\t<\/div>\n\t\t\t\t<div class=\"elementor-element elementor-element-282ac5f elementor-widget elementor-widget-udesign_widget_imagebox\" data-id=\"282ac5f\" data-element_type=\"widget\" data-widget_type=\"udesign_widget_imagebox.default\">\n\t\t\t\t\t<div class=\"image-box position-top\"><figure class=\"has-link\"><img decoding=\"async\" width=\"1200\" height=\"1200\" src=\"https:\/\/steinemann-cvs.ch\/wp-content\/uploads\/2025\/09\/Automatic_Disposal.png\" class=\"attachment-full size-full wp-image-21379\" alt=\"In die Textilmaschine integrierte automatische Entsorgungseinheit mit Anschluss an das Steinemann Central Vacuum System.\" srcset=\"https:\/\/steinemann-cvs.ch\/wp-content\/uploads\/2025\/09\/Automatic_Disposal.png 1200w, https:\/\/steinemann-cvs.ch\/wp-content\/uploads\/2025\/09\/Automatic_Disposal-1024x1024.png 1024w, https:\/\/steinemann-cvs.ch\/wp-content\/uploads\/2025\/09\/Automatic_Disposal-768x768.png 768w\" sizes=\"(max-width: 1200px) 100vw, 1200px\" \/><a href=\"https:\/\/steinemann-cvs.ch\/de\/automatische-entsorgung\/\" aria-label=\"Imagem\" data-no-translation-aria-label=\"\"><\/a><\/figure><div class=\"image-box-content\"><h3 class=\"title\"><a href=\"https:\/\/steinemann-cvs.ch\/de\/automatische-entsorgung\/\" aria-label=\"Imagem\" data-no-translation-aria-label=\"\">Automatische Entsorgung<\/a><\/h3><p class=\"content\">Kosteng\u00fcnstig und effizient: vollautomatische Abfalllogistik f\u00fcr die kontinuierliche Produktion.<\/p><a class=\"btn btn-md btn-primary\" href=\"https:\/\/steinemann-cvs.ch\/de\/automatische-entsorgung\/\" ><span >Mehr lesen<\/span><\/a><\/div><\/div>\t\t\t\t<\/div>\n\t\t\t\t<div class=\"elementor-element elementor-element-f24e4ac elementor-widget elementor-widget-udesign_widget_imagebox\" data-id=\"f24e4ac\" data-element_type=\"widget\" data-widget_type=\"udesign_widget_imagebox.default\">\n\t\t\t\t\t<div class=\"image-box position-top\"><figure class=\"has-link\"><img decoding=\"async\" width=\"1200\" height=\"1200\" src=\"https:\/\/steinemann-cvs.ch\/wp-content\/uploads\/2025\/09\/Confection_Solutions.png\" class=\"attachment-full size-full wp-image-21380\" alt=\"Mitarbeiterin beim N\u00e4hen von Textilien mit Unterst\u00fctzung von Steinemann CVS Confection Solutions f\u00fcr eine saubere und effiziente Produktion.\" srcset=\"https:\/\/steinemann-cvs.ch\/wp-content\/uploads\/2025\/09\/Confection_Solutions.png 1200w, https:\/\/steinemann-cvs.ch\/wp-content\/uploads\/2025\/09\/Confection_Solutions-1024x1024.png 1024w, https:\/\/steinemann-cvs.ch\/wp-content\/uploads\/2025\/09\/Confection_Solutions-768x768.png 768w\" sizes=\"(max-width: 1200px) 100vw, 1200px\" \/><a href=\"https:\/\/steinemann-cvs.ch\/de\/konfektionslosungen\/\" aria-label=\"Imagem\" data-no-translation-aria-label=\"\"><\/a><\/figure><div class=\"image-box-content\"><h3 class=\"title\"><a href=\"https:\/\/steinemann-cvs.ch\/de\/konfektionslosungen\/\" aria-label=\"Imagem\" data-no-translation-aria-label=\"\">Konfektionsl\u00f6sungen<\/a><\/h3><p class=\"content\">Steigern Sie Produktivit\u00e4t und Sicherheit mit speziellen CVS-L\u00f6sungen f\u00fcr die Textilveredelung.<\/p><a class=\"btn btn-md btn-primary\" href=\"https:\/\/steinemann-cvs.ch\/de\/konfektionslosungen\/\" ><span >Mehr lesen<\/span><\/a><\/div><\/div>\t\t\t\t<\/div>\n\t\t\r\n\t\t\t<\/div>\r\n\t\t\t\t\t<div class=\"elementor-element elementor-element-91f3d56 elementor-widget elementor-widget-spacer\" data-id=\"91f3d56\" data-element_type=\"widget\" data-widget_type=\"spacer.default\">\n\t\t\t\t\t\t\t<div class=\"elementor-spacer\">\n\t\t\t<div class=\"elementor-spacer-inner\"><\/div>\n\t\t<\/div>\n\t\t\t\t\t\t<\/div>\n\t\t\t\t<div class=\"elementor-element elementor-element-d4c3ba8 elementor-widget elementor-widget-text-editor\" data-id=\"d4c3ba8\" data-element_type=\"widget\" data-widget_type=\"text-editor.default\">\n\t\t\t\t\t\t\t\t\t<p data-start=\"383\" data-end=\"835\">Steinemann CVS bietet massgeschneiderte Zentralstaubsauger, die f\u00fcr jede Herausforderung im Textilabfallmanagement eine L\u00f6sung bieten. Unsere fortschrittlichen Absaugsysteme f\u00fcr die Textilproduktion sorgen f\u00fcr kontinuierliche, saubere und energieeffiziente Prozesse in der Spinnerei, Weberei und Veredelung. Jede Staubsaugerl\u00f6sung f\u00fcr Textilproduktionslinien wird auf die kundenspezifischen Bed\u00fcrfnisse zugeschnitten, um Ausfallzeiten zu reduzieren und die Produktionssicherheit zu erh\u00f6hen.<\/p><p data-start=\"837\" data-end=\"1262\">Die Steinemann Entstaubungsanlage f\u00fcr die Textilindustrie entfernt effizient Flusen, Garnreste und Staub aus Maschinen und Arbeitsbereichen. Von der manuellen Reinigung von Textilmaschinen bis zur vollautomatischen Faserentsorgung bieten wir skalierbare L\u00f6sungen f\u00fcr Betriebe jeder Gr\u00f6\u00dfe. Die Betreiber profitieren von einer verbesserten Arbeitssicherheit bei der Entstaubung in Textilbetrieben, einer reduzierten Reinigungszeit und einer verbesserten Produktqualit\u00e4t.<\/p><p data-start=\"1264\" data-end=\"1700\">Unser energieeffizienter Zentralstaubsauger f\u00fcr Textilfabriken ist auf langfristige Kosteneinsparungen und Umweltfreundlichkeit ausgelegt. Das System saugt - spart Druckluft und ersetzt damit ineffiziente Druckluftreinigungsmethoden. Ob f\u00fcr die Reinigung von Webmaschinen, die Reinigung von Spinnereimaschinen oder die Reinigung von Spannmaschinenfiltern, Steinemann CVS liefert konstante Saugkraft und zuverl\u00e4ssige Leistung.<\/p><p data-start=\"1702\" data-end=\"2057\">Integrierte Module unterst\u00fctzen automatische Flusen- und Faserentfernungssysteme, die Abfallsammlung f\u00fcr Spinnereien und Webereien sowie die automatische Garnentsorgung von Spul- und O\/E-Maschinen. Intelligente Steuerungen erm\u00f6glichen eine pr\u00e4zise Abfalltrennung an Spul- und O\/E-Maschinen, Airjet-Maschinen und Staubabscheidern, wodurch die Produktionsbereiche sauberer und effizienter werden.<\/p><p data-start=\"2059\" data-end=\"2426\">Mit den industriellen Vakuumsystemen von Steinemann f\u00fcr die Garn- und Faserverarbeitung gewinnen Sie nicht nur an Effizienz, sondern auch an Nachhaltigkeit und Sicherheit. Unsere zentralen Absaugsysteme f\u00fcr Textilfabriken und die integrierte Abfallentsorgung f\u00fcr Textilmaschinen helfen, optimale Produktionsbedingungen aufrechtzuerhalten und unterst\u00fctzen saubere, moderne und nachhaltige Textilbetriebe.<\/p>\t\t\t\t\t\t\t\t<\/div>\n\t\t\t\t<div class=\"elementor-element elementor-element-9bd349e elementor-widget elementor-widget-spacer\" data-id=\"9bd349e\" data-element_type=\"widget\" data-widget_type=\"spacer.default\">\n\t\t\t\t\t\t\t<div class=\"elementor-spacer\">\n\t\t\t<div class=\"elementor-spacer-inner\"><\/div>\n\t\t<\/div>\n\t\t\t\t\t\t<\/div>\n\t\t\t\t\t\t<\/div>\r\n\t\t\t\t\r\n\t\t\t<\/div>\r\n\t\t\t\t\t\t<div class=\"elementor-element elementor-element-f400ee2 e-flex e-con-boxed e-con e-parent\" data-id=\"f400ee2\" data-element_type=\"container\">\r\n\t\t\t\t\t\t\t<div class=\"e-con-inner\">\r\n\t\t\t\t\t\t<div class=\"elementor-element elementor-element-016410d elementor-widget elementor-widget-udesign_widget_heading\" data-id=\"016410d\" data-element_type=\"widget\" data-widget_type=\"udesign_widget_heading.default\">\n\t\t\t\t\t<div class=\"title-wrapper  title-center\"><div class=\"title elementor-heading-title\">Haben Sie Fragen?<\/div><\/div>\t\t\t\t<\/div>\n\t\t\t\t<div class=\"elementor-element elementor-element-b65cc68 elementor-widget__width-initial elementor-widget-mobile__width-initial elementor-widget-tablet__width-initial elementor-widget elementor-widget-udesign_widget_heading\" data-id=\"b65cc68\" data-element_type=\"widget\" data-widget_type=\"udesign_widget_heading.default\">\n\t\t\t\t\t<div class=\"title-wrapper  title-center\"><h2 class=\"title elementor-heading-title\">Wir sind hier, um zu helfen!<\/h2><\/div>\t\t\t\t<\/div>\n\t\t\t\t<div class=\"elementor-element elementor-element-2b2a434 elementor-widget elementor-widget-udesign_widget_contact_form\" data-id=\"2b2a434\" data-element_type=\"widget\" data-widget_type=\"udesign_widget_contact_form.default\">\n\t\t\t\t\t\n<div class=\"wpcf7 no-js\" id=\"wpcf7-f282-o1\" lang=\"en-US\" dir=\"ltr\" data-wpcf7-id=\"282\">\n<div class=\"screen-reader-response\"><p role=\"status\" aria-live=\"polite\" aria-atomic=\"true\"><\/p> <ul><\/ul><\/div>\n<form action=\"\/de\/wp-json\/wp\/v2\/pages\/21375#wpcf7-f282-o1\" method=\"post\" class=\"wpcf7-form init\" aria-label=\"Contact form\" novalidate=\"novalidate\" data-status=\"init\" data-trp-original-action=\"\/de\/wp-json\/wp\/v2\/pages\/21375#wpcf7-f282-o1\">\n<fieldset class=\"hidden-fields-container\"><input type=\"hidden\" name=\"_wpcf7\" value=\"282\" \/><input type=\"hidden\" name=\"_wpcf7_version\" value=\"6.1.5\" \/><input type=\"hidden\" name=\"_wpcf7_locale\" value=\"en_US\" \/><input type=\"hidden\" name=\"_wpcf7_unit_tag\" value=\"wpcf7-f282-o1\" \/><input type=\"hidden\" name=\"_wpcf7_container_post\" value=\"0\" \/><input type=\"hidden\" name=\"_wpcf7_posted_data_hash\" value=\"\" \/>\n<\/fieldset>\n<p><span class=\"wpcf7-form-control-wrap\" data-name=\"text-157\"><input size=\"40\" maxlength=\"400\" class=\"wpcf7-form-control wpcf7-text wpcf7-validates-as-required\" aria-required=\"true\" aria-invalid=\"false\" placeholder=\"Ihr Name\" value=\"\" type=\"text\" name=\"text-157\" \/><\/span>\n<\/p>\n<p><span class=\"wpcf7-form-control-wrap\" data-name=\"email-668\"><input size=\"40\" maxlength=\"400\" class=\"wpcf7-form-control wpcf7-email wpcf7-validates-as-required wpcf7-text wpcf7-validates-as-email\" aria-required=\"true\" aria-invalid=\"false\" placeholder=\"Ihre E-Mail Adresse\" value=\"\" type=\"email\" name=\"email-668\" \/><\/span>\n<\/p>\n<p class=\"mb-6\"><span class=\"wpcf7-form-control-wrap\" data-name=\"textarea-883\"><textarea cols=\"40\" rows=\"10\" maxlength=\"2000\" class=\"wpcf7-form-control wpcf7-textarea\" aria-invalid=\"false\" placeholder=\"Ihre Nachricht\" name=\"textarea-883\"><\/textarea><\/span>\n<\/p>\n<p><button type=\"submit\" class=\"btn\">Nachricht senden<i class=\"a-icon-long-arrow-right\"><\/i><\/button>\n<\/p><div class=\"wpcf7-response-output\" aria-hidden=\"true\"><\/div>\n<input type=\"hidden\" name=\"trp-form-language\" value=\"de\"\/><\/form>\n<\/div>\n\t\t\t\t<\/div>\n\t\t\t\t\t\t<\/div>\r\n\t\t\t\t\r\n\t\t\t<\/div>\r\n\t\t\t\t\t<\/div>","protected":false},"excerpt":{"rendered":"<p>Why Choose Steinemann CVS Tailored solutions for every textile waste challenge Manual cleaning Simple, practical, and efficient: reliable solutions for manual dust and waste removal. Read More Automatic disposal Cost-effective and efficient: fully automated waste logistics for continuous production. Read More Confection Solutions Boost productivity and safety with specialized CVS solutions for textile finishing. Read [&hellip;]<\/p>\n","protected":false},"author":1,"featured_media":0,"parent":0,"menu_order":0,"comment_status":"closed","ping_status":"closed","template":"","meta":{"footnotes":""},"class_list":["post-21375","page","type-page","status-publish","hentry"],"yoast_head":"<!-- This site is optimized with the Yoast SEO plugin v27.4 - https:\/\/yoast.com\/product\/yoast-seo-wordpress\/ -->\n<title>Textile Waste Management Solutions \u2013 Steinemann CVS<\/title>\n<meta name=\"description\" content=\"Discover Steinemann CVS textile waste management solutions \u2013 cleaner production, reduced costs, improved efficiency.\" \/>\n<meta name=\"robots\" content=\"index, follow, max-snippet:-1, max-image-preview:large, max-video-preview:-1\" \/>\n<link rel=\"canonical\" href=\"https:\/\/steinemann-cvs.ch\/de\/produkte\/\" \/>\n<meta property=\"og:locale\" content=\"de_DE\" \/>\n<meta property=\"og:type\" content=\"article\" \/>\n<meta property=\"og:title\" content=\"Textile Waste Management Solutions \u2013 Steinemann CVS\" \/>\n<meta property=\"og:description\" content=\"Discover Steinemann CVS textile waste management solutions \u2013 cleaner production, reduced costs, improved efficiency.\" \/>\n<meta property=\"og:url\" content=\"https:\/\/steinemann-cvs.ch\/de\/produkte\/\" \/>\n<meta property=\"og:site_name\" content=\"Steinemann CVS\" \/>\n<meta property=\"article:modified_time\" content=\"2025-11-05T12:56:23+00:00\" \/>\n<meta property=\"og:image\" content=\"https:\/\/steinemann-cvs.ch\/wp-content\/uploads\/2025\/09\/Manual_Cleaning.png\" \/>\n<meta name=\"twitter:card\" content=\"summary_large_image\" \/>\n<meta name=\"twitter:label1\" content=\"Gesch\u00e4tzte Lesezeit\" \/>\n\t<meta name=\"twitter:data1\" content=\"3\u00a0Minuten\" \/>\n<script type=\"application\/ld+json\" class=\"yoast-schema-graph\">{\"@context\":\"https:\\\/\\\/schema.org\",\"@graph\":[{\"@type\":\"WebPage\",\"@id\":\"https:\\\/\\\/steinemann-cvs.ch\\\/products\\\/\",\"url\":\"https:\\\/\\\/steinemann-cvs.ch\\\/products\\\/\",\"name\":\"Textile Waste Management Solutions \u2013 Steinemann CVS\",\"isPartOf\":{\"@id\":\"https:\\\/\\\/steinemann-cvs.ch\\\/#website\"},\"primaryImageOfPage\":{\"@id\":\"https:\\\/\\\/steinemann-cvs.ch\\\/products\\\/#primaryimage\"},\"image\":{\"@id\":\"https:\\\/\\\/steinemann-cvs.ch\\\/products\\\/#primaryimage\"},\"thumbnailUrl\":\"https:\\\/\\\/steinemann-cvs.ch\\\/wp-content\\\/uploads\\\/2025\\\/09\\\/Manual_Cleaning.png\",\"datePublished\":\"2025-09-22T12:23:44+00:00\",\"dateModified\":\"2025-11-05T12:56:23+00:00\",\"description\":\"Discover Steinemann CVS textile waste management solutions \u2013 cleaner production, reduced costs, improved efficiency.\",\"breadcrumb\":{\"@id\":\"https:\\\/\\\/steinemann-cvs.ch\\\/products\\\/#breadcrumb\"},\"inLanguage\":\"de\",\"potentialAction\":[{\"@type\":\"ReadAction\",\"target\":[\"https:\\\/\\\/steinemann-cvs.ch\\\/products\\\/\"]}]},{\"@type\":\"ImageObject\",\"inLanguage\":\"de\",\"@id\":\"https:\\\/\\\/steinemann-cvs.ch\\\/products\\\/#primaryimage\",\"url\":\"https:\\\/\\\/steinemann-cvs.ch\\\/wp-content\\\/uploads\\\/2025\\\/09\\\/Manual_Cleaning.png\",\"contentUrl\":\"https:\\\/\\\/steinemann-cvs.ch\\\/wp-content\\\/uploads\\\/2025\\\/09\\\/Manual_Cleaning.png\"},{\"@type\":\"BreadcrumbList\",\"@id\":\"https:\\\/\\\/steinemann-cvs.ch\\\/products\\\/#breadcrumb\",\"itemListElement\":[{\"@type\":\"ListItem\",\"position\":1,\"name\":\"Home\",\"item\":\"https:\\\/\\\/steinemann-cvs.ch\\\/\"},{\"@type\":\"ListItem\",\"position\":2,\"name\":\"Products\"}]},{\"@type\":\"WebSite\",\"@id\":\"https:\\\/\\\/steinemann-cvs.ch\\\/#website\",\"url\":\"https:\\\/\\\/steinemann-cvs.ch\\\/\",\"name\":\"Steinemann Central Vacuum Systems\",\"description\":\"\",\"publisher\":{\"@id\":\"https:\\\/\\\/steinemann-cvs.ch\\\/#organization\"},\"alternateName\":\"Steinemann CVS\",\"potentialAction\":[{\"@type\":\"SearchAction\",\"target\":{\"@type\":\"EntryPoint\",\"urlTemplate\":\"https:\\\/\\\/steinemann-cvs.ch\\\/?s={search_term_string}\"},\"query-input\":{\"@type\":\"PropertyValueSpecification\",\"valueRequired\":true,\"valueName\":\"search_term_string\"}}],\"inLanguage\":\"de\"},{\"@type\":\"Organization\",\"@id\":\"https:\\\/\\\/steinemann-cvs.ch\\\/#organization\",\"name\":\"Steinemann Central Vacuum Systems\",\"alternateName\":\"Steinemann CVS\",\"url\":\"https:\\\/\\\/steinemann-cvs.ch\\\/\",\"logo\":{\"@type\":\"ImageObject\",\"inLanguage\":\"de\",\"@id\":\"https:\\\/\\\/steinemann-cvs.ch\\\/#\\\/schema\\\/logo\\\/image\\\/\",\"url\":\"https:\\\/\\\/steinemann-cvs.ch\\\/wp-content\\\/uploads\\\/2025\\\/12\\\/CH_Steinemann_CSV_120_CMYK_POS.png\",\"contentUrl\":\"https:\\\/\\\/steinemann-cvs.ch\\\/wp-content\\\/uploads\\\/2025\\\/12\\\/CH_Steinemann_CSV_120_CMYK_POS.png\",\"width\":674,\"height\":114,\"caption\":\"Steinemann Central Vacuum Systems\"},\"image\":{\"@id\":\"https:\\\/\\\/steinemann-cvs.ch\\\/#\\\/schema\\\/logo\\\/image\\\/\"},\"sameAs\":[\"https:\\\/\\\/www.linkedin.com\\\/company\\\/steinemann-central-vacuum-systems-cvs\",\"https:\\\/\\\/www.youtube.com\\\/@steinemanncvs\"]}]}<\/script>\n<!-- \/ Yoast SEO plugin. -->","yoast_head_json":{"title":"L\u00f6sungen f\u00fcr die Entsorgung von Textilabf\u00e4llen - Steinemann CVS","description":"Entdecken Sie die Steinemann CVS L\u00f6sungen f\u00fcr das textile Abfallmanagement - saubere Produktion, reduzierte Kosten, verbesserte Effizienz.","robots":{"index":"index","follow":"follow","max-snippet":"max-snippet:-1","max-image-preview":"max-image-preview:large","max-video-preview":"max-video-preview:-1"},"canonical":"https:\/\/steinemann-cvs.ch\/de\/produkte\/","og_locale":"de_DE","og_type":"article","og_title":"Textile Waste Management Solutions \u2013 Steinemann CVS","og_description":"Discover Steinemann CVS textile waste management solutions \u2013 cleaner production, reduced costs, improved efficiency.","og_url":"https:\/\/steinemann-cvs.ch\/de\/produkte\/","og_site_name":"Steinemann CVS","article_modified_time":"2025-11-05T12:56:23+00:00","og_image":[{"url":"https:\/\/steinemann-cvs.ch\/wp-content\/uploads\/2025\/09\/Manual_Cleaning.png","type":"","width":"","height":""}],"twitter_card":"summary_large_image","twitter_misc":{"Gesch\u00e4tzte Lesezeit":"3\u00a0Minuten"},"schema":{"@context":"https:\/\/schema.org","@graph":[{"@type":"WebPage","@id":"https:\/\/steinemann-cvs.ch\/products\/","url":"https:\/\/steinemann-cvs.ch\/products\/","name":"L\u00f6sungen f\u00fcr die Entsorgung von Textilabf\u00e4llen - Steinemann CVS","isPartOf":{"@id":"https:\/\/steinemann-cvs.ch\/#website"},"primaryImageOfPage":{"@id":"https:\/\/steinemann-cvs.ch\/products\/#primaryimage"},"image":{"@id":"https:\/\/steinemann-cvs.ch\/products\/#primaryimage"},"thumbnailUrl":"https:\/\/steinemann-cvs.ch\/wp-content\/uploads\/2025\/09\/Manual_Cleaning.png","datePublished":"2025-09-22T12:23:44+00:00","dateModified":"2025-11-05T12:56:23+00:00","description":"Entdecken Sie die Steinemann CVS L\u00f6sungen f\u00fcr das textile Abfallmanagement - saubere Produktion, reduzierte Kosten, verbesserte Effizienz.","breadcrumb":{"@id":"https:\/\/steinemann-cvs.ch\/products\/#breadcrumb"},"inLanguage":"de","potentialAction":[{"@type":"ReadAction","target":["https:\/\/steinemann-cvs.ch\/products\/"]}]},{"@type":"ImageObject","inLanguage":"de","@id":"https:\/\/steinemann-cvs.ch\/products\/#primaryimage","url":"https:\/\/steinemann-cvs.ch\/wp-content\/uploads\/2025\/09\/Manual_Cleaning.png","contentUrl":"https:\/\/steinemann-cvs.ch\/wp-content\/uploads\/2025\/09\/Manual_Cleaning.png"},{"@type":"BreadcrumbList","@id":"https:\/\/steinemann-cvs.ch\/products\/#breadcrumb","itemListElement":[{"@type":"ListItem","position":1,"name":"Home","item":"https:\/\/steinemann-cvs.ch\/"},{"@type":"ListItem","position":2,"name":"Products"}]},{"@type":"WebSite","@id":"https:\/\/steinemann-cvs.ch\/#website","url":"https:\/\/steinemann-cvs.ch\/","name":"Steinemann Zentrale Vakuumanlagen","description":"","publisher":{"@id":"https:\/\/steinemann-cvs.ch\/#organization"},"alternateName":"Steinemann CVS","potentialAction":[{"@type":"SearchAction","target":{"@type":"EntryPoint","urlTemplate":"https:\/\/steinemann-cvs.ch\/?s={search_term_string}"},"query-input":{"@type":"PropertyValueSpecification","valueRequired":true,"valueName":"search_term_string"}}],"inLanguage":"de"},{"@type":"Organization","@id":"https:\/\/steinemann-cvs.ch\/#organization","name":"Steinemann Zentrale Vakuumanlagen","alternateName":"Steinemann CVS","url":"https:\/\/steinemann-cvs.ch\/","logo":{"@type":"ImageObject","inLanguage":"de","@id":"https:\/\/steinemann-cvs.ch\/#\/schema\/logo\/image\/","url":"https:\/\/steinemann-cvs.ch\/wp-content\/uploads\/2025\/12\/CH_Steinemann_CSV_120_CMYK_POS.png","contentUrl":"https:\/\/steinemann-cvs.ch\/wp-content\/uploads\/2025\/12\/CH_Steinemann_CSV_120_CMYK_POS.png","width":674,"height":114,"caption":"Steinemann Central Vacuum Systems"},"image":{"@id":"https:\/\/steinemann-cvs.ch\/#\/schema\/logo\/image\/"},"sameAs":["https:\/\/www.linkedin.com\/company\/steinemann-central-vacuum-systems-cvs","https:\/\/www.youtube.com\/@steinemanncvs"]}]}},"_links":{"self":[{"href":"https:\/\/steinemann-cvs.ch\/de\/wp-json\/wp\/v2\/pages\/21375","targetHints":{"allow":["GET"]}}],"collection":[{"href":"https:\/\/steinemann-cvs.ch\/de\/wp-json\/wp\/v2\/pages"}],"about":[{"href":"https:\/\/steinemann-cvs.ch\/de\/wp-json\/wp\/v2\/types\/page"}],"author":[{"embeddable":true,"href":"https:\/\/steinemann-cvs.ch\/de\/wp-json\/wp\/v2\/users\/1"}],"replies":[{"embeddable":true,"href":"https:\/\/steinemann-cvs.ch\/de\/wp-json\/wp\/v2\/comments?post=21375"}],"version-history":[{"count":23,"href":"https:\/\/steinemann-cvs.ch\/de\/wp-json\/wp\/v2\/pages\/21375\/revisions"}],"predecessor-version":[{"id":21629,"href":"https:\/\/steinemann-cvs.ch\/de\/wp-json\/wp\/v2\/pages\/21375\/revisions\/21629"}],"wp:attachment":[{"href":"https:\/\/steinemann-cvs.ch\/de\/wp-json\/wp\/v2\/media?parent=21375"}],"curies":[{"name":"wp","href":"https:\/\/api.w.org\/{rel}","templated":true}]}}