{"id":21244,"date":"2025-09-16T14:19:49","date_gmt":"2025-09-16T14:19:49","guid":{"rendered":"https:\/\/steinemann-cvs.ch\/?page_id=21244"},"modified":"2025-11-05T14:07:02","modified_gmt":"2025-11-05T14:07:02","slug":"referenzen","status":"publish","type":"page","link":"https:\/\/steinemann-cvs.ch\/de\/references\/","title":{"rendered":"Referenzen"},"content":{"rendered":"<h3 class=\"wp-block-heading\">Unter den mehr als 600 Referenzen weltweit haben viele f\u00fchrende Textilunternehmen nicht nur einmal, sondern gleich mehrfach in Steinemann CVS-Systeme investiert!<\/h3>\n\n\n\n<p><br><br><br><strong>Diese Kunden<\/strong> <strong>zwei oder mehr Steinemann Zentralstaubsauger betreiben<\/strong> - ein starkes Zeichen von Vertrauen und Leistung, das Ihnen bei Ihrer Entscheidung helfen kann.<\/p>\n\n\n\n<figure class=\"wp-block-image size-full\"><img fetchpriority=\"high\" decoding=\"async\" width=\"1862\" height=\"549\" src=\"https:\/\/steinemann-cvs.ch\/wp-content\/uploads\/2025\/09\/Referenzen.jpg\" alt=\"\" class=\"wp-image-21245\" srcset=\"https:\/\/steinemann-cvs.ch\/wp-content\/uploads\/2025\/09\/Referenzen.jpg 1862w, https:\/\/steinemann-cvs.ch\/wp-content\/uploads\/2025\/09\/Referenzen-1024x302.jpg 1024w, https:\/\/steinemann-cvs.ch\/wp-content\/uploads\/2025\/09\/Referenzen-768x226.jpg 768w, https:\/\/steinemann-cvs.ch\/wp-content\/uploads\/2025\/09\/Referenzen-1536x453.jpg 1536w\" sizes=\"(max-width: 1862px) 100vw, 1862px\" \/><\/figure>\n\n\n\n<p><\/p>\n\n\n\n<p>Jede Referenz steht f\u00fcr eine L\u00f6sung, die f\u00fcr spezifische Produktionsanforderungen entwickelt wurde. Die Steinemann CVS-Ingenieure konzipieren jedes System so, dass es genau den Anforderungen von Spinnereien, Webereien oder Veredlungsbetrieben entspricht. Das Ergebnis ist eine effiziente Abfallbehandlung, saubere Arbeitspl\u00e4tze und stabile Produktionsbedingungen. Viele Betriebe haben messbare Produktivit\u00e4tssteigerungen und eine gleichbleibende Produktqualit\u00e4t erreicht.<br><\/p>\n\n\n\n<p>Steinemann CVS arbeitet bei der Planung, Installation und Wartung eng mit den Kunden zusammen. Dieser partnerschaftliche Ansatz tr\u00e4gt dazu bei, dass jedes System Jahr f\u00fcr Jahr seine beste Leistung erbringt. Viele Textilproduzenten erweitern ihren Betrieb aufgrund dieser Zuverl\u00e4ssigkeit mit zus\u00e4tzlichen Anlagen. Die Systeme bieten eine lange Lebensdauer, eine einfache Integration und einen geringen Energieverbrauch, was sie zu einer nachhaltigen Investition f\u00fcr moderne Textilbetriebe macht.<br><\/p>\n\n\n\n<p>Zu den weltweiten Referenzen z\u00e4hlen sowohl gro\u00dfe internationale Konzerne als auch mittelst\u00e4ndische Hersteller. Jede Installation tr\u00e4gt zu einer saubereren Produktion, weniger Ausfallzeiten und sichereren Arbeitspl\u00e4tzen bei. Langj\u00e4hrige Kunden sch\u00e4tzen zudem die schnelle technische Unterst\u00fctzung und die kontinuierliche Ersatzteilversorgung durch die Steinemann-Serviceteams.<br><\/p>\n\n\n\n<p>Durch kontinuierliche Weiterentwicklung sind die Steinemann CVS-Systeme mit den neuesten Textiltechnologien kompatibel. Von der automatischen Faserentsorgung bis zur Staubabsaugung in Webereien und Spinnereien bietet jede L\u00f6sung Effizienz, Nachhaltigkeit und einen bew\u00e4hrten Wert im t\u00e4glichen Betrieb. Fortschrittliche \u00dcberwachungsoptionen und intelligente Steuerungssysteme optimieren den Energieverbrauch und gew\u00e4hrleisten eine zuverl\u00e4ssige Leistung und langfristige Umweltvorteile f\u00fcr die Textilproduktion weltweit. <br><\/p>\n\n\n\n<p><\/p>","protected":false},"excerpt":{"rendered":"<p>Among more than 600 references worldwide, many leading textile companies have invested in Steinemann CVS systems not just once, but multiple times! These customers operate two or more Steinemann Central Vacuum Systems &#8211; a strong sign of trust and performance that may help guide your decision. Each reference represents a solution developed for specific production [&hellip;]<\/p>\n","protected":false},"author":1,"featured_media":0,"parent":0,"menu_order":0,"comment_status":"closed","ping_status":"closed","template":"","meta":{"footnotes":""},"class_list":["post-21244","page","type-page","status-publish","hentry"],"yoast_head":"<!-- This site is optimized with the Yoast SEO plugin v27.4 - https:\/\/yoast.com\/product\/yoast-seo-wordpress\/ -->\n<title>Steinemann CVS References | Trusted by Textile Leaders<\/title>\n<meta name=\"description\" content=\"Leading textile companies trust Steinemann CVS \u2013 see references for reliable, sustainable waste management solutions.\" \/>\n<meta name=\"robots\" content=\"index, follow, max-snippet:-1, max-image-preview:large, max-video-preview:-1\" \/>\n<link rel=\"canonical\" href=\"https:\/\/steinemann-cvs.ch\/de\/referenzen\/\" \/>\n<meta property=\"og:locale\" content=\"de_DE\" \/>\n<meta property=\"og:type\" content=\"article\" \/>\n<meta property=\"og:title\" content=\"Steinemann CVS References | Trusted by Textile Leaders\" \/>\n<meta property=\"og:description\" content=\"Leading textile companies trust Steinemann CVS \u2013 see references for reliable, sustainable waste management solutions.\" \/>\n<meta property=\"og:url\" content=\"https:\/\/steinemann-cvs.ch\/de\/referenzen\/\" \/>\n<meta property=\"og:site_name\" content=\"Steinemann CVS\" \/>\n<meta property=\"article:modified_time\" content=\"2025-11-05T14:07:02+00:00\" \/>\n<meta property=\"og:image\" content=\"https:\/\/steinemann-cvs.ch\/wp-content\/uploads\/2025\/09\/Referenzen.jpg\" \/>\n\t<meta property=\"og:image:width\" content=\"1862\" \/>\n\t<meta property=\"og:image:height\" content=\"549\" \/>\n\t<meta property=\"og:image:type\" content=\"image\/jpeg\" \/>\n<meta name=\"twitter:card\" content=\"summary_large_image\" \/>\n<meta name=\"twitter:label1\" content=\"Gesch\u00e4tzte Lesezeit\" \/>\n\t<meta name=\"twitter:data1\" content=\"2\u00a0Minuten\" \/>\n<script type=\"application\/ld+json\" class=\"yoast-schema-graph\">{\"@context\":\"https:\\\/\\\/schema.org\",\"@graph\":[{\"@type\":\"WebPage\",\"@id\":\"https:\\\/\\\/steinemann-cvs.ch\\\/references\\\/\",\"url\":\"https:\\\/\\\/steinemann-cvs.ch\\\/references\\\/\",\"name\":\"Steinemann CVS References | Trusted by Textile Leaders\",\"isPartOf\":{\"@id\":\"https:\\\/\\\/steinemann-cvs.ch\\\/#website\"},\"primaryImageOfPage\":{\"@id\":\"https:\\\/\\\/steinemann-cvs.ch\\\/references\\\/#primaryimage\"},\"image\":{\"@id\":\"https:\\\/\\\/steinemann-cvs.ch\\\/references\\\/#primaryimage\"},\"thumbnailUrl\":\"https:\\\/\\\/steinemann-cvs.ch\\\/wp-content\\\/uploads\\\/2025\\\/09\\\/Referenzen.jpg\",\"datePublished\":\"2025-09-16T14:19:49+00:00\",\"dateModified\":\"2025-11-05T14:07:02+00:00\",\"description\":\"Leading textile companies trust Steinemann CVS \u2013 see references for reliable, sustainable waste management solutions.\",\"breadcrumb\":{\"@id\":\"https:\\\/\\\/steinemann-cvs.ch\\\/references\\\/#breadcrumb\"},\"inLanguage\":\"de\",\"potentialAction\":[{\"@type\":\"ReadAction\",\"target\":[\"https:\\\/\\\/steinemann-cvs.ch\\\/references\\\/\"]}]},{\"@type\":\"ImageObject\",\"inLanguage\":\"de\",\"@id\":\"https:\\\/\\\/steinemann-cvs.ch\\\/references\\\/#primaryimage\",\"url\":\"https:\\\/\\\/steinemann-cvs.ch\\\/wp-content\\\/uploads\\\/2025\\\/09\\\/Referenzen.jpg\",\"contentUrl\":\"https:\\\/\\\/steinemann-cvs.ch\\\/wp-content\\\/uploads\\\/2025\\\/09\\\/Referenzen.jpg\"},{\"@type\":\"BreadcrumbList\",\"@id\":\"https:\\\/\\\/steinemann-cvs.ch\\\/references\\\/#breadcrumb\",\"itemListElement\":[{\"@type\":\"ListItem\",\"position\":1,\"name\":\"Home\",\"item\":\"https:\\\/\\\/steinemann-cvs.ch\\\/\"},{\"@type\":\"ListItem\",\"position\":2,\"name\":\"References\"}]},{\"@type\":\"WebSite\",\"@id\":\"https:\\\/\\\/steinemann-cvs.ch\\\/#website\",\"url\":\"https:\\\/\\\/steinemann-cvs.ch\\\/\",\"name\":\"Steinemann Central Vacuum Systems\",\"description\":\"\",\"publisher\":{\"@id\":\"https:\\\/\\\/steinemann-cvs.ch\\\/#organization\"},\"alternateName\":\"Steinemann CVS\",\"potentialAction\":[{\"@type\":\"SearchAction\",\"target\":{\"@type\":\"EntryPoint\",\"urlTemplate\":\"https:\\\/\\\/steinemann-cvs.ch\\\/?s={search_term_string}\"},\"query-input\":{\"@type\":\"PropertyValueSpecification\",\"valueRequired\":true,\"valueName\":\"search_term_string\"}}],\"inLanguage\":\"de\"},{\"@type\":\"Organization\",\"@id\":\"https:\\\/\\\/steinemann-cvs.ch\\\/#organization\",\"name\":\"Steinemann Central Vacuum Systems\",\"alternateName\":\"Steinemann CVS\",\"url\":\"https:\\\/\\\/steinemann-cvs.ch\\\/\",\"logo\":{\"@type\":\"ImageObject\",\"inLanguage\":\"de\",\"@id\":\"https:\\\/\\\/steinemann-cvs.ch\\\/#\\\/schema\\\/logo\\\/image\\\/\",\"url\":\"https:\\\/\\\/steinemann-cvs.ch\\\/wp-content\\\/uploads\\\/2025\\\/12\\\/CH_Steinemann_CSV_120_CMYK_POS.png\",\"contentUrl\":\"https:\\\/\\\/steinemann-cvs.ch\\\/wp-content\\\/uploads\\\/2025\\\/12\\\/CH_Steinemann_CSV_120_CMYK_POS.png\",\"width\":674,\"height\":114,\"caption\":\"Steinemann Central Vacuum Systems\"},\"image\":{\"@id\":\"https:\\\/\\\/steinemann-cvs.ch\\\/#\\\/schema\\\/logo\\\/image\\\/\"},\"sameAs\":[\"https:\\\/\\\/www.linkedin.com\\\/company\\\/steinemann-central-vacuum-systems-cvs\",\"https:\\\/\\\/www.youtube.com\\\/@steinemanncvs\"]}]}<\/script>\n<!-- \/ Yoast SEO plugin. -->","yoast_head_json":{"title":"Steinemann CVS Referenzen | Vertrauen bei Textilf\u00fchrern","description":"F\u00fchrende Textilunternehmen vertrauen Steinemann CVS - siehe Referenzen f\u00fcr zuverl\u00e4ssige und nachhaltige Entsorgungsl\u00f6sungen.","robots":{"index":"index","follow":"follow","max-snippet":"max-snippet:-1","max-image-preview":"max-image-preview:large","max-video-preview":"max-video-preview:-1"},"canonical":"https:\/\/steinemann-cvs.ch\/de\/referenzen\/","og_locale":"de_DE","og_type":"article","og_title":"Steinemann CVS References | Trusted by Textile Leaders","og_description":"Leading textile companies trust Steinemann CVS \u2013 see references for reliable, sustainable waste management solutions.","og_url":"https:\/\/steinemann-cvs.ch\/de\/referenzen\/","og_site_name":"Steinemann CVS","article_modified_time":"2025-11-05T14:07:02+00:00","og_image":[{"width":1862,"height":549,"url":"https:\/\/steinemann-cvs.ch\/wp-content\/uploads\/2025\/09\/Referenzen.jpg","type":"image\/jpeg"}],"twitter_card":"summary_large_image","twitter_misc":{"Gesch\u00e4tzte Lesezeit":"2\u00a0Minuten"},"schema":{"@context":"https:\/\/schema.org","@graph":[{"@type":"WebPage","@id":"https:\/\/steinemann-cvs.ch\/references\/","url":"https:\/\/steinemann-cvs.ch\/references\/","name":"Steinemann CVS Referenzen | Vertrauen bei Textilf\u00fchrern","isPartOf":{"@id":"https:\/\/steinemann-cvs.ch\/#website"},"primaryImageOfPage":{"@id":"https:\/\/steinemann-cvs.ch\/references\/#primaryimage"},"image":{"@id":"https:\/\/steinemann-cvs.ch\/references\/#primaryimage"},"thumbnailUrl":"https:\/\/steinemann-cvs.ch\/wp-content\/uploads\/2025\/09\/Referenzen.jpg","datePublished":"2025-09-16T14:19:49+00:00","dateModified":"2025-11-05T14:07:02+00:00","description":"F\u00fchrende Textilunternehmen vertrauen Steinemann CVS - siehe Referenzen f\u00fcr zuverl\u00e4ssige und nachhaltige Entsorgungsl\u00f6sungen.","breadcrumb":{"@id":"https:\/\/steinemann-cvs.ch\/references\/#breadcrumb"},"inLanguage":"de","potentialAction":[{"@type":"ReadAction","target":["https:\/\/steinemann-cvs.ch\/references\/"]}]},{"@type":"ImageObject","inLanguage":"de","@id":"https:\/\/steinemann-cvs.ch\/references\/#primaryimage","url":"https:\/\/steinemann-cvs.ch\/wp-content\/uploads\/2025\/09\/Referenzen.jpg","contentUrl":"https:\/\/steinemann-cvs.ch\/wp-content\/uploads\/2025\/09\/Referenzen.jpg"},{"@type":"BreadcrumbList","@id":"https:\/\/steinemann-cvs.ch\/references\/#breadcrumb","itemListElement":[{"@type":"ListItem","position":1,"name":"Home","item":"https:\/\/steinemann-cvs.ch\/"},{"@type":"ListItem","position":2,"name":"References"}]},{"@type":"WebSite","@id":"https:\/\/steinemann-cvs.ch\/#website","url":"https:\/\/steinemann-cvs.ch\/","name":"Steinemann Zentrale Vakuumanlagen","description":"","publisher":{"@id":"https:\/\/steinemann-cvs.ch\/#organization"},"alternateName":"Steinemann CVS","potentialAction":[{"@type":"SearchAction","target":{"@type":"EntryPoint","urlTemplate":"https:\/\/steinemann-cvs.ch\/?s={search_term_string}"},"query-input":{"@type":"PropertyValueSpecification","valueRequired":true,"valueName":"search_term_string"}}],"inLanguage":"de"},{"@type":"Organization","@id":"https:\/\/steinemann-cvs.ch\/#organization","name":"Steinemann Zentrale Vakuumanlagen","alternateName":"Steinemann CVS","url":"https:\/\/steinemann-cvs.ch\/","logo":{"@type":"ImageObject","inLanguage":"de","@id":"https:\/\/steinemann-cvs.ch\/#\/schema\/logo\/image\/","url":"https:\/\/steinemann-cvs.ch\/wp-content\/uploads\/2025\/12\/CH_Steinemann_CSV_120_CMYK_POS.png","contentUrl":"https:\/\/steinemann-cvs.ch\/wp-content\/uploads\/2025\/12\/CH_Steinemann_CSV_120_CMYK_POS.png","width":674,"height":114,"caption":"Steinemann Central Vacuum Systems"},"image":{"@id":"https:\/\/steinemann-cvs.ch\/#\/schema\/logo\/image\/"},"sameAs":["https:\/\/www.linkedin.com\/company\/steinemann-central-vacuum-systems-cvs","https:\/\/www.youtube.com\/@steinemanncvs"]}]}},"_links":{"self":[{"href":"https:\/\/steinemann-cvs.ch\/de\/wp-json\/wp\/v2\/pages\/21244","targetHints":{"allow":["GET"]}}],"collection":[{"href":"https:\/\/steinemann-cvs.ch\/de\/wp-json\/wp\/v2\/pages"}],"about":[{"href":"https:\/\/steinemann-cvs.ch\/de\/wp-json\/wp\/v2\/types\/page"}],"author":[{"embeddable":true,"href":"https:\/\/steinemann-cvs.ch\/de\/wp-json\/wp\/v2\/users\/1"}],"replies":[{"embeddable":true,"href":"https:\/\/steinemann-cvs.ch\/de\/wp-json\/wp\/v2\/comments?post=21244"}],"version-history":[{"count":8,"href":"https:\/\/steinemann-cvs.ch\/de\/wp-json\/wp\/v2\/pages\/21244\/revisions"}],"predecessor-version":[{"id":21634,"href":"https:\/\/steinemann-cvs.ch\/de\/wp-json\/wp\/v2\/pages\/21244\/revisions\/21634"}],"wp:attachment":[{"href":"https:\/\/steinemann-cvs.ch\/de\/wp-json\/wp\/v2\/media?parent=21244"}],"curies":[{"name":"wp","href":"https:\/\/api.w.org\/{rel}","templated":true}]}}